{"id":101,"date":"2015-10-26T17:13:56","date_gmt":"2015-10-26T16:13:56","guid":{"rendered":"http:\/\/sjfu.fr\/?page_id=101"},"modified":"2023-11-30T18:58:32","modified_gmt":"2023-11-30T17:58:32","slug":"les-statuts-du-sjfu","status":"publish","type":"page","link":"https:\/\/sjfu.fr\/index.php\/notre-syndicat\/les-statuts-du-sjfu\/","title":{"rendered":"Les statuts et le r\u00e8glement int\u00e9rieur"},"content":{"rendered":"\n<p><em>L\u2019association professionnelle des magistrats de chambre r\u00e9gionale des comptes (A.P.M. CRC.) a \u00e9t\u00e9 cr\u00e9\u00e9e et ses statuts adopt\u00e9s le 10 avril 1992 \u00e0 Noisiel (Seine et Marne). Son assembl\u00e9e g\u00e9n\u00e9rale extraordinaire, r\u00e9unie le 23 octobre 1997 \u00e0 Limoges et statuant \u00e0 la majorit\u00e9 des deux tiers, a d\u00e9cid\u00e9 de modifier son appellation et ses statuts pour devenir Syndicat des juridictions financi\u00e8res (SJF). Lors de son congr\u00e8s extraordinaire r\u00e9uni le 10 octobre 2013, l\u2019organisation a pris le nom de Syndicat des juridictions financi\u00e8res unifi\u00e9. Il est redevenu le Syndicat des Juridictions Financi\u00e8res (SJF) lors du congr\u00e8s de Paris le 15 novembre 2018.<\/em><\/p>\n\n\n\n<p><strong>Les statuts et le r\u00e8glement int\u00e9rieur qui figurent ci-apr\u00e8s sont ceux adopt\u00e9s par le congr\u00e8s de Metz de novembre 2023 : <a href=\"https:\/\/drive.google.com\/file\/d\/171wpA08oZle0gAGKYb9-L9wYBf-dkB7_\/view?usp=sharing\">statuts du syndicat des juridictions financi\u00e8res et r\u00e8glement int\u00e9rieur<\/a> en vigueur.<br><\/strong><\/p>\n\n\n\n<p>Pour m\u00e9moire, les anciens textes, adopt\u00e9s lors du congr\u00e8s du SJF de Paris en novembre 2018, \u00e9taient les suivants :<\/p>\n\n\n\n<p><a href=\"https:\/\/drive.google.com\/open?id=1PBos64na1zyU-4eFOEZ1U5kezX86LLXC\">Statuts du Syndicat des Juridictions Financi\u00e8res (2018)<\/a><\/p>\n\n\n\n<p><a href=\"https:\/\/drive.google.com\/open?id=1nrUEV0uxdBSR8XnqHrGDMJIfSQAvwdVQ\">R\u00e8glement int\u00e9rieur du Syndicat des Juridictions Financi\u00e8res (2018)<\/a><\/p>\n\n\n\n<p>&nbsp;<\/p>\n","protected":false},"excerpt":{"rendered":"<p class=\"qua-blog-post-description\">L\u2019association professionnelle des magistrats de chambre r\u00e9gionale des comptes (A.P.M. CRC.) a \u00e9t\u00e9 cr\u00e9\u00e9e et ses statuts adopt\u00e9s le 10 avril 1992 \u00e0 Noisiel (Seine et Marne). Son assembl\u00e9e g\u00e9n\u00e9rale extraordinaire, r\u00e9unie le 23 octobre 1997 \u00e0 Limoges et statuant \u00e0 la majorit\u00e9 des deux tiers, a d\u00e9cid\u00e9 de modifier son appellation et ses statuts [&hellip;]<\/p>\n","protected":false},"author":1,"featured_media":0,"parent":43,"menu_order":2,"comment_status":"closed","ping_status":"closed","template":"","meta":{"footnotes":""},"class_list":["post-101","page","type-page","status-publish","hentry"],"_links":{"self":[{"href":"https:\/\/sjfu.fr\/index.php\/wp-json\/wp\/v2\/pages\/101","targetHints":{"allow":["GET"]}}],"collection":[{"href":"https:\/\/sjfu.fr\/index.php\/wp-json\/wp\/v2\/pages"}],"about":[{"href":"https:\/\/sjfu.fr\/index.php\/wp-json\/wp\/v2\/types\/page"}],"author":[{"embeddable":true,"href":"https:\/\/sjfu.fr\/index.php\/wp-json\/wp\/v2\/users\/1"}],"replies":[{"embeddable":true,"href":"https:\/\/sjfu.fr\/index.php\/wp-json\/wp\/v2\/comments?post=101"}],"version-history":[{"count":19,"href":"https:\/\/sjfu.fr\/index.php\/wp-json\/wp\/v2\/pages\/101\/revisions"}],"predecessor-version":[{"id":5857,"href":"https:\/\/sjfu.fr\/index.php\/wp-json\/wp\/v2\/pages\/101\/revisions\/5857"}],"up":[{"embeddable":true,"href":"https:\/\/sjfu.fr\/index.php\/wp-json\/wp\/v2\/pages\/43"}],"wp:attachment":[{"href":"https:\/\/sjfu.fr\/index.php\/wp-json\/wp\/v2\/media?parent=101"}],"curies":[{"name":"wp","href":"https:\/\/api.w.org\/{rel}","templated":true}]}}