{"id":113,"date":"2015-10-26T18:14:27","date_gmt":"2015-10-26T17:14:27","guid":{"rendered":"http:\/\/sjfu.fr\/?page_id=113"},"modified":"2021-12-13T17:03:39","modified_gmt":"2021-12-13T16:03:39","slug":"charte","status":"publish","type":"page","link":"https:\/\/sjfu.fr\/index.php\/notre-syndicat\/charte\/","title":{"rendered":"La charte d\u2019engagements"},"content":{"rendered":"<p>L<strong>es valeurs du Syndicat des juridictions financi\u00e8res sont la solidarit\u00e9, la responsabilit\u00e9, l\u2019impartialit\u00e9, l\u2019int\u00e9grit\u00e9, la loyaut\u00e9, le respect et la confidentialit\u00e9.<\/strong><\/p>\n<p><strong>Chaque membre du conseil national du syndicat (qui b\u00e9n\u00e9ficie d\u2019un mandat \u00e9lectif ou de repr\u00e9sentation) s\u2019engage \u00e0 se les appliquer et \u00e0 les promouvoir aupr\u00e8s des autres membres de l\u2019organisation.<\/strong><\/p>\n<p>&nbsp;<\/p>\n<ol>\n<li><strong>La solidarit\u00e9<\/strong><\/li>\n<\/ol>\n<p>\u00ab Chaque membre du conseil national fait preuve de solidarit\u00e9, a l\u2019obligation morale de ne pas desservir ses coll\u00e8gues, de leur apporter assistance et de faciliter leur int\u00e9gration et leur d\u00e9veloppement professionnel au sein des juridictions financi\u00e8res. Il s\u2019engage \u00e0 les d\u00e9fendre sur la base de crit\u00e8res clairs, objectifs et connus de tous.\u00bb ;<\/p>\n<ol start=\"2\">\n<li><strong>La responsabilit\u00e9<\/strong><\/li>\n<\/ol>\n<p>\u00ab Chaque membre du conseil national s\u2019acquitte de ses responsabilit\u00e9s avec professionnalisme. Il met \u00e0 contribution ses connaissances, ses aptitudes et son exp\u00e9rience syndicale dans l\u2019atteinte des r\u00e9sultats vis\u00e9s. Il est responsable de ses d\u00e9cisions et de ses actes ainsi que de l\u2019utilisation judicieuse des ressources et des informations mises \u00e0 sa disposition. \u00bb ;<\/p>\n<ol start=\"3\">\n<li><strong>L\u2019impartialit\u00e9<\/strong><\/li>\n<\/ol>\n<p>\u00ab Chaque membre du conseil national fait preuve de neutralit\u00e9 et d\u2019objectivit\u00e9. Il prend ses d\u00e9cisions dans le respect des r\u00e8gles applicables et en accordant \u00e0 tous un traitement \u00e9quitable. Il remplit ses fonctions sans consid\u00e9rations politiques partisanes et ind\u00e9pendamment de tout groupe de pression. Il ne met pas en avant son appartenance au syndicat dans le cadre d\u2019activit\u00e9s politiques, philosophiques ou confessionnelles.\u00bb ;<\/p>\n<p>\u00ab Le pr\u00e9sident et les vice-pr\u00e9sidents du syndicat doivent faire preuve de r\u00e9serve dans la manifestation publique de leurs opinions politiques. S\u2019ils pr\u00e9sentent leurs candidatures \u00e0 une charge publique \u00e9lective, ils ne tiennent pas de propos de nature \u00e0 porter atteinte \u00e0 la neutralit\u00e9 politique du syndicat.\u00bb ;<\/p>\n<ol start=\"4\">\n<li><strong>L\u2019int\u00e9grit\u00e9<\/strong><\/li>\n<\/ol>\n<p>\u00ab Chaque membre du conseil national se conduit d\u2019une mani\u00e8re juste et honn\u00eate. Il \u00e9vite de se mettre dans une situation o\u00f9 il se rendrait redevable \u00e0 quiconque pourrait l\u2019influencer ind\u00fbment dans l\u2019exercice de ses fonctions. Il s\u2019engage \u00e0 ne pas utiliser les ressources syndicales mises \u00e0 sa disposition ou son mandat de repr\u00e9sentation afin de favoriser sa situation personnelle. Il s\u2019abstient de participer \u00e0 toute instruction, d\u00e9lib\u00e9ration ou d\u00e9cision portant sur affaire dans laquelle il a un int\u00e9r\u00eat. Il se retire de la s\u00e9ance pour la dur\u00e9e des d\u00e9lib\u00e9rations et du vote sur cette question.\u00bb ;<\/p>\n<p>\u00ab Chaque membre du conseil national a le droit de pr\u00e9senter sa candidature aux dispositifs de promotion selon les r\u00e8gles en vigueur d\u00e8s lors qu\u2019il en remplit les conditions. La r\u00e9ussite \u00e0 une s\u00e9lection n\u2019implique pas que le laur\u00e9at mette un terme \u00e0 son activit\u00e9 syndicale \u00e0 titre permanent.\u00a0\u00bb ;<\/p>\n<ol start=\"5\">\n<li><strong>La loyaut\u00e9<\/strong><\/li>\n<\/ol>\n<p>\u00ab Chaque membre du conseil national est conscient qu\u2019il\u00a0 repr\u00e9sente le syndicat des juridictions financi\u00e8res aupr\u00e8s des coll\u00e8gues et de l\u2019administration. Il exerce ses fonctions dans le respect de la volont\u00e9 d\u00e9mocratique exprim\u00e9e librement par l\u2019ensemble des membres du syndicat au sein de ses diff\u00e9rentes instances : section locale, conseil national, bureau national et congr\u00e8s ordinaire ou extraordinaire, dans le respect des statuts de l\u2019organisation et de la pr\u00e9sente charte. \u00bb ;<\/p>\n<p>\u00ab Les d\u00e9cisions coll\u00e9giales librement d\u00e9lib\u00e9r\u00e9es ne sont pas contest\u00e9es par les membres du conseil\u00a0 national devant les coll\u00e8gues ou l\u2019administration. \u00bb ;<\/p>\n<ol start=\"6\">\n<li><strong>Le respect<\/strong><\/li>\n<\/ol>\n<p>\u00ab Chaque membre du conseil national manifeste de la consid\u00e9ration \u00e0 l\u2019\u00e9gard de toutes les personnes avec qui il interagit dans l\u2019exercice de ses attributions. Il fait preuve de courtoisie, d\u2019\u00e9coute et de discr\u00e9tion \u00e0 l\u2019\u00e9gard des personnes avec lesquelles il entre en relation dans l\u2019exercice de ses fonctions. Il fait \u00e9galement preuve de diligence et \u00e9vite toute forme de discrimination. \u00bb ;<\/p>\n<ol start=\"7\">\n<li><strong>La confidentialit\u00e9<\/strong><\/li>\n<\/ol>\n<p>\u00ab Aucun membre du conseil national ne recherche ou consulte des renseignements personnels \u00e0 des fins autres que celles qui sont li\u00e9es \u00e0 l\u2019exercice de ses fonctions et ne communique ou divulgue de renseignements auxquels il a acc\u00e8s, \u00e0 moins que cette communication ou cette divulgation ne soient autoris\u00e9es par le bureau national. \u00bb ;<\/p>\n<p>\u00ab Le membre du conseil national qui a cess\u00e9 d\u2019exercer ses fonctions ne doit pas divulguer une information confidentielle qu\u2019il a obtenue ni donner \u00e0 quiconque des conseils fond\u00e9s sur de l\u2019information non disponible aux coll\u00e8gues au cours de son mandat. \u00bb.<\/p>\n","protected":false},"excerpt":{"rendered":"<p class=\"qua-blog-post-description\">Les valeurs du Syndicat des juridictions financi\u00e8res sont la solidarit\u00e9, la responsabilit\u00e9, l\u2019impartialit\u00e9, l\u2019int\u00e9grit\u00e9, la loyaut\u00e9, le respect et la confidentialit\u00e9. Chaque membre du conseil national du syndicat (qui b\u00e9n\u00e9ficie d\u2019un mandat \u00e9lectif ou de repr\u00e9sentation) s\u2019engage \u00e0 se les appliquer et \u00e0 les promouvoir aupr\u00e8s des autres membres de l\u2019organisation. &nbsp; La solidarit\u00e9 \u00ab [&hellip;]<\/p>\n","protected":false},"author":1,"featured_media":0,"parent":43,"menu_order":4,"comment_status":"closed","ping_status":"closed","template":"","meta":{"footnotes":""},"class_list":["post-113","page","type-page","status-publish","hentry"],"_links":{"self":[{"href":"https:\/\/sjfu.fr\/index.php\/wp-json\/wp\/v2\/pages\/113","targetHints":{"allow":["GET"]}}],"collection":[{"href":"https:\/\/sjfu.fr\/index.php\/wp-json\/wp\/v2\/pages"}],"about":[{"href":"https:\/\/sjfu.fr\/index.php\/wp-json\/wp\/v2\/types\/page"}],"author":[{"embeddable":true,"href":"https:\/\/sjfu.fr\/index.php\/wp-json\/wp\/v2\/users\/1"}],"replies":[{"embeddable":true,"href":"https:\/\/sjfu.fr\/index.php\/wp-json\/wp\/v2\/comments?post=113"}],"version-history":[{"count":9,"href":"https:\/\/sjfu.fr\/index.php\/wp-json\/wp\/v2\/pages\/113\/revisions"}],"predecessor-version":[{"id":4957,"href":"https:\/\/sjfu.fr\/index.php\/wp-json\/wp\/v2\/pages\/113\/revisions\/4957"}],"up":[{"embeddable":true,"href":"https:\/\/sjfu.fr\/index.php\/wp-json\/wp\/v2\/pages\/43"}],"wp:attachment":[{"href":"https:\/\/sjfu.fr\/index.php\/wp-json\/wp\/v2\/media?parent=113"}],"curies":[{"name":"wp","href":"https:\/\/api.w.org\/{rel}","templated":true}]}}