{"id":1265,"date":"2016-08-14T14:47:40","date_gmt":"2016-08-14T13:47:40","guid":{"rendered":"http:\/\/sjfu.fr\/?page_id=1265"},"modified":"2024-03-12T14:48:23","modified_gmt":"2024-03-12T13:48:23","slug":"galerie-des-presidents","status":"publish","type":"page","link":"https:\/\/sjfu.fr\/index.php\/notre-syndicat\/galerie-des-presidents\/","title":{"rendered":"Galerie des pr\u00e9sidents"},"content":{"rendered":"\n<figure class=\"wp-block-gallery has-nested-images columns-4 is-cropped wp-block-gallery-1 is-layout-flex wp-block-gallery-is-layout-flex\">\n<figure class=\"wp-block-image size-large\"><a href=\"https:\/\/sjfu.fr\/wp-content\/uploads\/2016\/08\/Pierre-Rocca.jpg\"><img loading=\"lazy\" decoding=\"async\" width=\"450\" height=\"391\" data-id=\"1274\" src=\"https:\/\/sjfu.fr\/wp-content\/uploads\/2016\/08\/Pierre-Rocca.jpg\" alt=\"\" class=\"wp-image-1274\" srcset=\"https:\/\/sjfu.fr\/wp-content\/uploads\/2016\/08\/Pierre-Rocca.jpg 450w, https:\/\/sjfu.fr\/wp-content\/uploads\/2016\/08\/Pierre-Rocca-300x261.jpg 300w\" sizes=\"auto, (max-width: 450px) 100vw, 450px\" \/><\/a><figcaption class=\"wp-element-caption\">Pierre Rocca, pr\u00e9sident de 1995 \u00e0 1999<\/figcaption><\/figure>\n\n\n\n<figure class=\"wp-block-image size-large\"><a href=\"https:\/\/sjfu.fr\/wp-content\/uploads\/2016\/08\/Georges-Raquin.jpg\"><img loading=\"lazy\" decoding=\"async\" width=\"652\" height=\"500\" data-id=\"1264\" src=\"https:\/\/sjfu.fr\/wp-content\/uploads\/2016\/08\/Georges-Raquin.jpg\" alt=\"\" class=\"wp-image-1264\" srcset=\"https:\/\/sjfu.fr\/wp-content\/uploads\/2016\/08\/Georges-Raquin.jpg 652w, https:\/\/sjfu.fr\/wp-content\/uploads\/2016\/08\/Georges-Raquin-300x230.jpg 300w, https:\/\/sjfu.fr\/wp-content\/uploads\/2016\/08\/Georges-Raquin-600x460.jpg 600w\" sizes=\"auto, (max-width: 652px) 100vw, 652px\" \/><\/a><figcaption class=\"wp-element-caption\">Georges Raquin, pr\u00e9sident de 1999 \u00e0 2002<\/figcaption><\/figure>\n\n\n\n<figure class=\"wp-block-image size-large\"><a href=\"https:\/\/sjfu.fr\/wp-content\/uploads\/2016\/08\/Marc-Larue-e1471185901660.jpg\"><img loading=\"lazy\" decoding=\"async\" width=\"183\" height=\"190\" data-id=\"1276\" src=\"https:\/\/sjfu.fr\/wp-content\/uploads\/2016\/08\/Marc-Larue-e1471185901660.jpg\" alt=\"\" class=\"wp-image-1276\"\/><\/a><figcaption class=\"wp-element-caption\">Marc Larue, pr\u00e9sident de 2002 \u00e0 2005 <\/figcaption><\/figure>\n\n\n\n<figure class=\"wp-block-image size-large\"><a href=\"https:\/\/sjfu.fr\/wp-content\/uploads\/2016\/08\/Marc-Chabert.jpg\"><img loading=\"lazy\" decoding=\"async\" width=\"100\" height=\"120\" data-id=\"1270\" src=\"https:\/\/sjfu.fr\/wp-content\/uploads\/2016\/08\/Marc-Chabert.jpg\" alt=\"\" class=\"wp-image-1270\"\/><\/a><figcaption class=\"wp-element-caption\">Marc Chabert, pr\u00e9sident du 2005 \u00e0 2009<\/figcaption><\/figure>\n\n\n\n<figure class=\"wp-block-image size-large\"><a href=\"https:\/\/sjfu.fr\/wp-content\/uploads\/2016\/08\/Sylvain-Huet.jpg\"><img loading=\"lazy\" decoding=\"async\" width=\"640\" height=\"640\" data-id=\"1272\" src=\"https:\/\/sjfu.fr\/wp-content\/uploads\/2016\/08\/Sylvain-Huet.jpg\" alt=\"\" class=\"wp-image-1272\" srcset=\"https:\/\/sjfu.fr\/wp-content\/uploads\/2016\/08\/Sylvain-Huet.jpg 640w, https:\/\/sjfu.fr\/wp-content\/uploads\/2016\/08\/Sylvain-Huet-150x150.jpg 150w, https:\/\/sjfu.fr\/wp-content\/uploads\/2016\/08\/Sylvain-Huet-300x300.jpg 300w, https:\/\/sjfu.fr\/wp-content\/uploads\/2016\/08\/Sylvain-Huet-600x600.jpg 600w\" sizes=\"auto, (max-width: 640px) 100vw, 640px\" \/><\/a><figcaption class=\"wp-element-caption\">Sylvain Huet, pr\u00e9sident de 2009 \u00e0 2011<\/figcaption><\/figure>\n\n\n\n<figure class=\"wp-block-image size-large\"><a href=\"https:\/\/sjfu.fr\/wp-content\/uploads\/2016\/08\/Jacques-M\u00e9rot.jpg\"><img loading=\"lazy\" decoding=\"async\" width=\"400\" height=\"300\" data-id=\"1267\" src=\"https:\/\/sjfu.fr\/wp-content\/uploads\/2016\/08\/Jacques-M\u00e9rot.jpg\" alt=\"\" class=\"wp-image-1267\" srcset=\"https:\/\/sjfu.fr\/wp-content\/uploads\/2016\/08\/Jacques-M\u00e9rot.jpg 400w, https:\/\/sjfu.fr\/wp-content\/uploads\/2016\/08\/Jacques-M\u00e9rot-300x225.jpg 300w\" sizes=\"auto, (max-width: 400px) 100vw, 400px\" \/><\/a><figcaption class=\"wp-element-caption\">Jacques M\u00e9rot, pr\u00e9sident de 2011 \u00e0 2013<\/figcaption><\/figure>\n\n\n\n<figure class=\"wp-block-image size-large\"><a href=\"https:\/\/sjfu.fr\/wp-content\/uploads\/2017\/05\/VS-\u00e0-Arras-1.bmp\"><img loading=\"lazy\" decoding=\"async\" width=\"121\" height=\"161\" data-id=\"2930\" src=\"https:\/\/sjfu.fr\/wp-content\/uploads\/2017\/05\/VS-\u00e0-Arras-1.bmp\" alt=\"\" class=\"wp-image-2930\"\/><\/a><figcaption class=\"wp-element-caption\">Vincent Sivr\u00e9, pr\u00e9sident entre 2013 et 2017<\/figcaption><\/figure>\n\n\n\n<figure class=\"wp-block-image size-large\"><a href=\"https:\/\/sjfu.fr\/wp-content\/uploads\/2016\/08\/Photo-Yves.png\"><img loading=\"lazy\" decoding=\"async\" width=\"150\" height=\"160\" data-id=\"3532\" src=\"https:\/\/sjfu.fr\/wp-content\/uploads\/2016\/08\/Photo-Yves.png\" alt=\"\" class=\"wp-image-3532\"\/><\/a><figcaption class=\"wp-element-caption\">Yves Roquelet, pr\u00e9sident entre 2017 et 2021<\/figcaption><\/figure>\n\n\n\n<figure class=\"wp-block-image size-medium\"><a href=\"https:\/\/sjfu.fr\/wp-content\/uploads\/2021\/12\/geneve-pierre.jpg\"><img loading=\"lazy\" decoding=\"async\" width=\"200\" height=\"300\" data-id=\"4938\" src=\"https:\/\/sjfu.fr\/wp-content\/uploads\/2021\/12\/geneve-pierre-200x300.jpg\" alt=\"\" class=\"wp-image-4938\"\/><\/a><figcaption class=\"wp-element-caption\">Pierre Gen\u00e8ve, pr\u00e9sident entre 2021 et 2024<\/figcaption><\/figure>\n\n\n\n<figure class=\"wp-block-image size-large\"><a href=\"https:\/\/sjfu.fr\/wp-content\/uploads\/2024\/03\/Photo-AudreyC-2.jpg\"><img loading=\"lazy\" decoding=\"async\" width=\"768\" height=\"1024\" data-id=\"5656\" src=\"https:\/\/sjfu.fr\/wp-content\/uploads\/2024\/03\/Photo-AudreyC-2-768x1024.jpg\" alt=\"\" class=\"wp-image-5656\" srcset=\"https:\/\/sjfu.fr\/wp-content\/uploads\/2024\/03\/Photo-AudreyC-2-768x1024.jpg 768w, https:\/\/sjfu.fr\/wp-content\/uploads\/2024\/03\/Photo-AudreyC-2-225x300.jpg 225w, https:\/\/sjfu.fr\/wp-content\/uploads\/2024\/03\/Photo-AudreyC-2-1152x1536.jpg 1152w, https:\/\/sjfu.fr\/wp-content\/uploads\/2024\/03\/Photo-AudreyC-2.jpg 1200w\" sizes=\"auto, (max-width: 768px) 100vw, 768px\" \/><\/a><figcaption class=\"wp-element-caption\">Audrey Cavaillier, pr\u00e9sidente depuis 2024<\/figcaption><\/figure>\n<\/figure>\n","protected":false},"excerpt":{"rendered":"","protected":false},"author":1,"featured_media":0,"parent":43,"menu_order":9,"comment_status":"closed","ping_status":"closed","template":"","meta":{"footnotes":""},"class_list":["post-1265","page","type-page","status-publish","hentry"],"_links":{"self":[{"href":"https:\/\/sjfu.fr\/index.php\/wp-json\/wp\/v2\/pages\/1265","targetHints":{"allow":["GET"]}}],"collection":[{"href":"https:\/\/sjfu.fr\/index.php\/wp-json\/wp\/v2\/pages"}],"about":[{"href":"https:\/\/sjfu.fr\/index.php\/wp-json\/wp\/v2\/types\/page"}],"author":[{"embeddable":true,"href":"https:\/\/sjfu.fr\/index.php\/wp-json\/wp\/v2\/users\/1"}],"replies":[{"embeddable":true,"href":"https:\/\/sjfu.fr\/index.php\/wp-json\/wp\/v2\/comments?post=1265"}],"version-history":[{"count":21,"href":"https:\/\/sjfu.fr\/index.php\/wp-json\/wp\/v2\/pages\/1265\/revisions"}],"predecessor-version":[{"id":5657,"href":"https:\/\/sjfu.fr\/index.php\/wp-json\/wp\/v2\/pages\/1265\/revisions\/5657"}],"up":[{"embeddable":true,"href":"https:\/\/sjfu.fr\/index.php\/wp-json\/wp\/v2\/pages\/43"}],"wp:attachment":[{"href":"https:\/\/sjfu.fr\/index.php\/wp-json\/wp\/v2\/media?parent=1265"}],"curies":[{"name":"wp","href":"https:\/\/api.w.org\/{rel}","templated":true}]}}