{"id":1361,"date":"2016-08-22T12:31:01","date_gmt":"2016-08-22T11:31:01","guid":{"rendered":"http:\/\/sjfu.fr\/?page_id=1361"},"modified":"2021-12-13T17:42:25","modified_gmt":"2021-12-13T16:42:25","slug":"quen-pensez-vous","status":"publish","type":"page","link":"https:\/\/sjfu.fr\/index.php\/newsletter\/quen-pensez-vous\/","title":{"rendered":"Qu&rsquo;en pensez vous?"},"content":{"rendered":"<p>Comme tout syndicat, le SJF a besoin de s\u2019appuyer sur des valeurs\u00a0qui sont le fondement de toutes ses activit\u00e9s,\u00a0ces valeurs devant \u00eatre en ad\u00e9quation avec\u00a0sa mission et sa vision. Plus encore que les syndicats de salari\u00e9s, soumis aux r\u00e8gles de\u00a0l\u2019\u00e9conomie de march\u00e9, les organisations syndicales du \u00a0secteur public doivent d\u00e9fendre activement des\u00a0valeurs comme la d\u00e9mocratie, la primaut\u00e9 du\u00a0droit, l\u2019orientation citoyen, la diversit\u00e9 et l\u2019\u00e9galit\u00e9\u00a0entre les hommes et les femmes, le bien-\u00eatre\u00a0au travail, la pr\u00e9vention contre la corruption,\u00a0la responsabilit\u00e9 soci\u00e9tale et la lutte contre les\u00a0discriminations. Ces valeurs agissent \u00e9galement\u00a0en tant qu\u2019exemple pour l\u2019ensemble de la soci\u00e9t\u00e9. Le SJF en fait-il assez? N&rsquo;h\u00e9sitez pas \u00e0 contacter vos d\u00e9l\u00e9gu\u00e9s de section et\/ou les membres du bureau ainsi que vos repr\u00e9sentants au conseil sup\u00e9rieur pour en discuter.<\/p>\n","protected":false},"excerpt":{"rendered":"<p class=\"qua-blog-post-description\">Comme tout syndicat, le SJF a besoin de s\u2019appuyer sur des valeurs\u00a0qui sont le fondement de toutes ses activit\u00e9s,\u00a0ces valeurs devant \u00eatre en ad\u00e9quation avec\u00a0sa mission et sa vision. Plus encore que les syndicats de salari\u00e9s, soumis aux r\u00e8gles de\u00a0l\u2019\u00e9conomie de march\u00e9, les organisations syndicales du \u00a0secteur public doivent d\u00e9fendre activement des\u00a0valeurs comme la d\u00e9mocratie, [&hellip;]<\/p>\n","protected":false},"author":1,"featured_media":0,"parent":675,"menu_order":8,"comment_status":"closed","ping_status":"closed","template":"","meta":{"footnotes":""},"class_list":["post-1361","page","type-page","status-publish","hentry"],"_links":{"self":[{"href":"https:\/\/sjfu.fr\/index.php\/wp-json\/wp\/v2\/pages\/1361","targetHints":{"allow":["GET"]}}],"collection":[{"href":"https:\/\/sjfu.fr\/index.php\/wp-json\/wp\/v2\/pages"}],"about":[{"href":"https:\/\/sjfu.fr\/index.php\/wp-json\/wp\/v2\/types\/page"}],"author":[{"embeddable":true,"href":"https:\/\/sjfu.fr\/index.php\/wp-json\/wp\/v2\/users\/1"}],"replies":[{"embeddable":true,"href":"https:\/\/sjfu.fr\/index.php\/wp-json\/wp\/v2\/comments?post=1361"}],"version-history":[{"count":8,"href":"https:\/\/sjfu.fr\/index.php\/wp-json\/wp\/v2\/pages\/1361\/revisions"}],"predecessor-version":[{"id":4967,"href":"https:\/\/sjfu.fr\/index.php\/wp-json\/wp\/v2\/pages\/1361\/revisions\/4967"}],"up":[{"embeddable":true,"href":"https:\/\/sjfu.fr\/index.php\/wp-json\/wp\/v2\/pages\/675"}],"wp:attachment":[{"href":"https:\/\/sjfu.fr\/index.php\/wp-json\/wp\/v2\/media?parent=1361"}],"curies":[{"name":"wp","href":"https:\/\/api.w.org\/{rel}","templated":true}]}}