{"id":137,"date":"2015-10-28T17:36:00","date_gmt":"2015-10-28T16:36:00","guid":{"rendered":"http:\/\/sjfu.fr\/?page_id=137"},"modified":"2024-11-30T19:33:45","modified_gmt":"2024-11-30T18:33:45","slug":"congres","status":"publish","type":"page","link":"https:\/\/sjfu.fr\/index.php\/notre-syndicat\/congres\/","title":{"rendered":"Le Congr\u00e8s"},"content":{"rendered":"\n<p>Le congr\u00e8s ordinaire se r\u00e9unit chaque ann\u00e9e, sur convocation du pr\u00e9sident. Il d\u00e9finit la politique syndicale, approuve le rapport d\u2019activit\u00e9 et les comptes de l\u2019exercice clos, d\u00e9lib\u00e8re sur les questions inscrites \u00e0 l\u2019ordre du jour.<\/p>\n\n\n\n<p>Le congr\u00e8s ordinaire est pr\u00e9sid\u00e9 par le pr\u00e9sident, ou en cas d\u2019emp\u00eachement par l\u2019un des vice-pr\u00e9sidents, et comprend tous les membres \u00e0 jour de leur cotisation pour l\u2019ann\u00e9e en cours.<\/p>\n\n\n\n<p>La convocation doit \u00eatre envoy\u00e9e deux semaines au moins avant la date fix\u00e9e pour le congr\u00e8s. L\u2019ordre du jour, arr\u00eat\u00e9 par le bureau, y est annex\u00e9 ; il comprend le rapport d\u2019activit\u00e9 du pr\u00e9sident, le rapport financier du tr\u00e9sorier, le rapport du commissaire aux comptes et, le cas \u00e9ch\u00e9ant, l\u2019\u00e9lection des membres du bureau, l\u2019examen des points fix\u00e9s par le bureau et celui des points dont l\u2019inscription a \u00e9t\u00e9 demand\u00e9e par des membres appartenant \u00e0 au moins 3 sections.<\/p>\n\n\n\n<p>L\u2019ordre du jour peut \u00eatre compl\u00e9t\u00e9 par le congr\u00e8s.<\/p>\n\n\n\n<p>Les participants peuvent repr\u00e9senter des membres absents, dans la limite de 5 mandats par participant. Les mandats doivent mentionner les noms du mandant et du mandataire et \u00eatre d\u00e9pos\u00e9s, au d\u00e9but du congr\u00e8s, aupr\u00e8s d\u2019une commission de contr\u00f4le.<\/p>\n\n\n\n<p>Le congr\u00e8s ordinaire ne peut valablement d\u00e9lib\u00e9rer que si le tiers au moins des membres \u00e0 jour de leur cotisation est pr\u00e9sent ou repr\u00e9sent\u00e9. Si le quorum n\u2019est pas atteint, un nouveau congr\u00e8s est convoqu\u00e9 dans les 30 jours. Il peut alors d\u00e9lib\u00e9rer quel que soit le nombre des membres pr\u00e9sents ou r\u00e9guli\u00e8rement repr\u00e9sent\u00e9s. Les d\u00e9cisions sont prises \u00e0 la majorit\u00e9 des membres pr\u00e9sents ou repr\u00e9sent\u00e9s ayant pris part au vote.<\/p>\n\n\n\n<p>Un congr\u00e8s extraordinaire peut \u00eatre r\u00e9uni, sur convocation du pr\u00e9sident, apr\u00e8s d\u00e9cision du bureau ou sur demande du quart des membres actifs. Il est seul comp\u00e9tent pour modifier les statuts ou se prononcer sur la dissolution du syndicat. Il est organis\u00e9 dans les m\u00eames conditions que le congr\u00e8s ordinaire, mais prend ses d\u00e9cisions \u00e0 la majorit\u00e9 des deux tiers.<\/p>\n\n\n\n<p>Retrouvez les informations concernant les derniers congr\u00e8s du SJF :<\/p>\n\n\n\n<ul class=\"wp-block-list\">\n<li><a href=\"https:\/\/sjfu.fr\/index.php\/notre-syndicat\/congres\/congres-2024-du-syndicat-des-juridictions-financieres-novembre-2024-paris\/\">Paris (2024)<\/a><\/li>\n\n\n\n<li><a href=\"https:\/\/sjfu.fr\/index.php\/notre-syndicat\/congres\/congres-2023\/\">Metz (2023)<\/a><\/li>\n\n\n\n<li><a href=\"https:\/\/sjfu.fr\/index.php\/notre-syndicat\/congres\/paris-2022\/\">Paris (2022)<\/a><\/li>\n\n\n\n<li><a href=\"https:\/\/sjfu.fr\/index.php\/notre-syndicat\/congres\/marseille-2021\/\">Marseille (2021)<\/a><\/li>\n\n\n\n<li><a href=\"https:\/\/sjfu.fr\/index.php\/notre-syndicat\/congres\/rennes-2019\/\">Rennes (2019)<\/a><\/li>\n\n\n\n<li><a href=\"https:\/\/sjfu.fr\/index.php\/notre-syndicat\/congres\/paris-2018\/\">Paris (2018)<\/a><\/li>\n\n\n\n<li><a href=\"https:\/\/sjfu.fr\/index.php\/notre-syndicat\/congres\/metz-2017\/\">Metz (2017)<\/a><\/li>\n\n\n\n<li><a href=\"https:\/\/sjfu.fr\/index.php\/notre-syndicat\/congres\/noisiel-2016\/\">Noisiel (2016)<\/a><\/li>\n\n\n\n<li><a href=\"https:\/\/sjfu.fr\/index.php\/notre-syndicat\/congres\/lyon-2015\/\">Lyon (2015)<\/a><\/li>\n<\/ul>\n","protected":false},"excerpt":{"rendered":"<p class=\"qua-blog-post-description\">Le congr\u00e8s ordinaire se r\u00e9unit chaque ann\u00e9e, sur convocation du pr\u00e9sident. Il d\u00e9finit la politique syndicale, approuve le rapport d\u2019activit\u00e9 et les comptes de l\u2019exercice clos, d\u00e9lib\u00e8re sur les questions inscrites \u00e0 l\u2019ordre du jour. Le congr\u00e8s ordinaire est pr\u00e9sid\u00e9 par le pr\u00e9sident, ou en cas d\u2019emp\u00eachement par l\u2019un des vice-pr\u00e9sidents, et comprend tous les [&hellip;]<\/p>\n","protected":false},"author":1,"featured_media":0,"parent":43,"menu_order":5,"comment_status":"closed","ping_status":"closed","template":"","meta":{"footnotes":""},"class_list":["post-137","page","type-page","status-publish","hentry"],"_links":{"self":[{"href":"https:\/\/sjfu.fr\/index.php\/wp-json\/wp\/v2\/pages\/137","targetHints":{"allow":["GET"]}}],"collection":[{"href":"https:\/\/sjfu.fr\/index.php\/wp-json\/wp\/v2\/pages"}],"about":[{"href":"https:\/\/sjfu.fr\/index.php\/wp-json\/wp\/v2\/types\/page"}],"author":[{"embeddable":true,"href":"https:\/\/sjfu.fr\/index.php\/wp-json\/wp\/v2\/users\/1"}],"replies":[{"embeddable":true,"href":"https:\/\/sjfu.fr\/index.php\/wp-json\/wp\/v2\/comments?post=137"}],"version-history":[{"count":13,"href":"https:\/\/sjfu.fr\/index.php\/wp-json\/wp\/v2\/pages\/137\/revisions"}],"predecessor-version":[{"id":5845,"href":"https:\/\/sjfu.fr\/index.php\/wp-json\/wp\/v2\/pages\/137\/revisions\/5845"}],"up":[{"embeddable":true,"href":"https:\/\/sjfu.fr\/index.php\/wp-json\/wp\/v2\/pages\/43"}],"wp:attachment":[{"href":"https:\/\/sjfu.fr\/index.php\/wp-json\/wp\/v2\/media?parent=137"}],"curies":[{"name":"wp","href":"https:\/\/api.w.org\/{rel}","templated":true}]}}