{"id":142,"date":"2015-10-28T17:41:20","date_gmt":"2015-10-28T16:41:20","guid":{"rendered":"http:\/\/sjfu.fr\/?page_id=142"},"modified":"2023-12-04T19:39:25","modified_gmt":"2023-12-04T18:39:25","slug":"lyon-2015","status":"publish","type":"page","link":"https:\/\/sjfu.fr\/index.php\/notre-syndicat\/congres\/lyon-2015\/","title":{"rendered":"Lyon 2015"},"content":{"rendered":"<p>Le congr\u00e8s annuel de notre organisation syndicale s&rsquo;est tenu \u00e0 Lyon, au&nbsp;cercle mixte de la Garnison de Lyon, Quartier&nbsp;G\u00e9n\u00e9ral Fr\u00e8re, 27 avenue Leclerc, les jeudi 3 et vendredi 4 d\u00e9cembre 2015.<\/p>\n<p>Le Syndicat&nbsp;a proc\u00e9d\u00e9 au renouvellement de son bureau national et exprim\u00e9 \u00e0 Didier Migaud, Premier pr\u00e9sident de la Cour des comptes, \u00e0 la fois sa vision et ses ambitions, concernant les missions des magistrats des chambres r\u00e9gionales et territoriales des comptes.&nbsp;Le contexte est celui d\u2019une large r\u00e9organisation de la carte administrative. Cette r\u00e9organisation se traduit bien s\u00fbr par la red\u00e9finition des p\u00e9rim\u00e8tres et des comp\u00e9tences des r\u00e9gions et des ressorts des CRTC, mais aussi par l\u2019extension des intercommunalit\u00e9s, l\u2019\u00e9mergence de m\u00e9tropoles et l\u2019apparition de communes nouvelles.<\/p>\n<p>Cette nouvelle donne territoriale alt\u00e8re profond\u00e9ment les possibilit\u00e9s de mobilit\u00e9s des magistrats financiers, en raison d\u2019un r\u00e9gime d\u2019incompatibilit\u00e9s tr\u00e8s s\u00e9v\u00e8re h\u00e9rit\u00e9 des lois de d\u00e9centralisation de 1983. Plut\u00f4t que l\u2019application sans nuances de dispositions d\u00e9sormais peu adapt\u00e9es, le syndicat souhaiterait que le coll\u00e8ge de d\u00e9ontologie des juridictions financi\u00e8res, soit charg\u00e9 de rechercher un juste \u00e9quilibre entre le d\u00e9veloppement des carri\u00e8res professionnelles et le respect de principes d\u00e9ontologiques forts. Prochainement dot\u00e9 d\u2019une assise l\u00e9gale par le projet de loi \u00ab D\u00e9ontologie, droit et obligations des fonctionnaires \u00bb en cours de discussion au S\u00e9nat, ce coll\u00e8ge de d\u00e9ontologie pourrait voir ses pr\u00e9rogatives renforc\u00e9es.<\/p>\n<p>Un nouveau Bureau national \u00e0 l\u2019image de la diversit\u00e9 du corps&nbsp;:<\/p>\n<p><a href=\"https:\/\/sjfu.fr\/wp-content\/uploads\/2015\/12\/En-t%C3%AAte-Bureau.png\"><img loading=\"lazy\" decoding=\"async\" class=\"alignleft size-medium wp-image-379\" src=\"https:\/\/sjfu.fr\/wp-content\/uploads\/2015\/12\/En-t%C3%AAte-Bureau-300x140.png\" alt=\"En t\u00eate Bureau\" width=\"300\" height=\"140\"><\/a>Le Bureau du SJFu, \u00e9lu le 3 d\u00e9cembre 2015, refl\u00e8te la&nbsp;diversit\u00e9 de profils et de comp\u00e9tences du corps ainsi que la r\u00e9partition g\u00e9ographique des CRTC : Vincent Sivr\u00e9 (Pr\u00e9sident), Philippe Buzzi et Nicolas Sachot (vice-Pr\u00e9sidents), Marie-Christine-Tizon et Gilles Duthil (secr\u00e9taire g\u00e9n\u00e9rale et secr\u00e9taire adjoint), Martine Bourgeois (tr\u00e9sori\u00e8re), Philippe Boeton, Nicolas Billebaud, Patrick Ca\u00efani, Carole Collinet, Etienne Le Rendu, Line Mazuir, Thomas Montbatut, H\u00e9l\u00e8ne Motuel-Fabre, Pierre Perrot, Nicolas Onimus (invit\u00e9 permanent).<\/p>\n<p style=\"text-align: center;\">CONGRES ANNUEL<\/p>\n<p style=\"text-align: center;\">DU SYNDICAT DES JURIDICTIONS FINANCIERES UNIFIES<\/p>\n<p style=\"text-align: center;\">Jeudi 3 et vendredi 4 d\u00e9cembre 2015<\/p>\n<p style=\"text-align: center;\">Ordre du jour<\/p>\n<p style=\"text-align: center;\"><strong>Jeudi 3 d\u00e9cembre 2015<\/strong><\/p>\n<p style=\"text-align: center;\">Matin (9h30 \u2013 12h30)<\/p>\n<ol>\n<li style=\"text-align: left;\">Etats et&nbsp;Rapport financiers 2014&nbsp;;<\/li>\n<li style=\"text-align: left;\">Rapport du r\u00e9viseur aux comptes&nbsp;;<\/li>\n<li style=\"text-align: left;\">Fixation du montant des cotisations 2016 ;<\/li>\n<li style=\"text-align: left;\">Rapport des \u00e9lus au conseil sup\u00e9rieur&nbsp;;<\/li>\n<li style=\"text-align: left;\">Rapport moral du pr\u00e9sident&nbsp;;<\/li>\n<li style=\"text-align: left;\">Pr\u00e9sentation des candidats \u00e0 l\u2019\u00e9lection des membres du bureau et de leurs projets&nbsp;;<\/li>\n<\/ol>\n<p style=\"text-align: center;\">D\u00e9jeuner (12h30-14h00)<\/p>\n<p style=\"text-align: center;\">(Organisation du scrutin pendant le d\u00e9jeuner)<\/p>\n<p style=\"text-align: center;\">Apr\u00e8s-midi (14h00 \u2013 16h30)<\/p>\n<ol>\n<li>D\u00e9pouillement et proclamation des r\u00e9sultats de l\u2019\u00e9lection;<\/li>\n<li>D\u00e9bat relatif \u00e0 la r\u00e9novation du r\u00e9gime indemnitaire;<\/li>\n<\/ol>\n<p style=\"text-align: center;\">&nbsp;D\u00e9but de soir\u00e9e (17h15-19h00)<\/p>\n<ol>\n<li>Visite du Mus\u00e9e des confluences;<\/li>\n<\/ol>\n<p style=\"text-align: center;\">Soir\u00e9e (20h00 &#8211; 22h30)<\/p>\n<p style=\"text-align: center;\">D\u00eener au restaurant Chabert &amp; fils, 11 rue des marronniers, Lyon.<\/p>\n<p style=\"text-align: center;\"><strong>Vendredi 4 d\u00e9cembre 2015<\/strong><\/p>\n<p style=\"text-align: center;\">Matin (9h30 \u2013 12h30)<\/p>\n<ol>\n<li>Interventions de repr\u00e9sentants d\u2019organisations syndicales partenaires ;<\/li>\n<li>Pr\u00e9sentation des r\u00e9sultats de l&rsquo;enqu\u00eate sur la pratique de la coll\u00e9gialit\u00e9 au sein des chambres r\u00e9gionales et territoriales des comptes ;<\/li>\n<\/ol>\n<p style=\"text-align: center;\">11h00<\/p>\n<ol>\n<li>Intervention du Premier pr\u00e9sident&nbsp;(pr\u00e9c\u00e9d\u00e9e d\u2019un&nbsp;discours d\u2019accueil du pr\u00e9sident du SJFu)&nbsp;;<\/li>\n<li>Questions\/r\u00e9ponses entre le Premier pr\u00e9sident et &nbsp;les congressistes.<\/li>\n<\/ol>\n<p style=\"text-align: center;\">D\u00e9jeuner (12h30-14h00)<\/p>\n<p style=\"text-align: center;\">Apr\u00e8s-midi<\/p>\n<ol>\n<li>D\u00e9bats d\u2019orientation strat\u00e9gique.<\/li>\n<\/ol>\n<p><a href=\"https:\/\/sjfu.fr\/index.php\/2015\/12\/04\/le-sjfu-a-renouvele-son-bureau-national-lors-de-son-congres-annuel-a-lyon\/\">Article publi\u00e9<\/a> sur le site internet du SJF.<\/p>\n","protected":false},"excerpt":{"rendered":"<p class=\"qua-blog-post-description\">Le congr\u00e8s annuel de notre organisation syndicale s&rsquo;est tenu \u00e0 Lyon, au&nbsp;cercle mixte de la Garnison de Lyon, Quartier&nbsp;G\u00e9n\u00e9ral Fr\u00e8re, 27 avenue Leclerc, les jeudi 3 et vendredi 4 d\u00e9cembre 2015. Le Syndicat&nbsp;a proc\u00e9d\u00e9 au renouvellement de son bureau national et exprim\u00e9 \u00e0 Didier Migaud, Premier pr\u00e9sident de la Cour des comptes, \u00e0 la fois [&hellip;]<\/p>\n","protected":false},"author":1,"featured_media":0,"parent":137,"menu_order":16,"comment_status":"closed","ping_status":"closed","template":"","meta":{"footnotes":""},"class_list":["post-142","page","type-page","status-publish","hentry"],"_links":{"self":[{"href":"https:\/\/sjfu.fr\/index.php\/wp-json\/wp\/v2\/pages\/142","targetHints":{"allow":["GET"]}}],"collection":[{"href":"https:\/\/sjfu.fr\/index.php\/wp-json\/wp\/v2\/pages"}],"about":[{"href":"https:\/\/sjfu.fr\/index.php\/wp-json\/wp\/v2\/types\/page"}],"author":[{"embeddable":true,"href":"https:\/\/sjfu.fr\/index.php\/wp-json\/wp\/v2\/users\/1"}],"replies":[{"embeddable":true,"href":"https:\/\/sjfu.fr\/index.php\/wp-json\/wp\/v2\/comments?post=142"}],"version-history":[{"count":27,"href":"https:\/\/sjfu.fr\/index.php\/wp-json\/wp\/v2\/pages\/142\/revisions"}],"predecessor-version":[{"id":5145,"href":"https:\/\/sjfu.fr\/index.php\/wp-json\/wp\/v2\/pages\/142\/revisions\/5145"}],"up":[{"embeddable":true,"href":"https:\/\/sjfu.fr\/index.php\/wp-json\/wp\/v2\/pages\/137"}],"wp:attachment":[{"href":"https:\/\/sjfu.fr\/index.php\/wp-json\/wp\/v2\/media?parent=142"}],"curies":[{"name":"wp","href":"https:\/\/api.w.org\/{rel}","templated":true}]}}