{"id":1721,"date":"2016-10-27T14:24:13","date_gmt":"2016-10-27T13:24:13","guid":{"rendered":"http:\/\/sjfu.fr\/?page_id=1721"},"modified":"2021-12-13T16:51:46","modified_gmt":"2021-12-13T15:51:46","slug":"notre-college-de-deontologie","status":"publish","type":"page","link":"https:\/\/sjfu.fr\/index.php\/les-chambres-regionales-des-comptes\/notre-statut\/notre-college-de-deontologie\/","title":{"rendered":"Notre coll\u00e8ge de d\u00e9ontologie"},"content":{"rendered":"<p>Le coll\u00e8ge de d\u00e9ontologie des juridictions financi\u00e8res\u00a0est compos\u00e9, en application de <a href=\"https:\/\/www.legifrance.gouv.fr\/codes\/article_lc\/LEGIARTI000033293527\">l\u2019article L. 120-8 du code des juridictions financi\u00e8res<\/a>:<\/p>\n<p>1\u00b0 D&rsquo;un magistrat de la Cour des comptes, en activit\u00e9 ou honoraire, \u00e9lu par la chambre du conseil en formation pl\u00e9ni\u00e8re ;<\/p>\n<p>2\u00b0 D&rsquo;un magistrat des chambres r\u00e9gionales des comptes, en activit\u00e9 ou honoraire, \u00e9lu par le Conseil sup\u00e9rieur des chambres r\u00e9gionales des comptes ;<\/p>\n<p>3\u00b0 D&rsquo;un magistrat de la Cour des comptes ou des chambres r\u00e9gionales des comptes, en activit\u00e9 ou honoraire, d\u00e9sign\u00e9 par le premier pr\u00e9sident de la Cour des comptes ;<\/p>\n<p>4\u00b0 D&rsquo;une personnalit\u00e9 ext\u00e9rieure d\u00e9sign\u00e9e alternativement par le premier pr\u00e9sident de la Cour de cassation parmi les magistrats en fonction \u00e0 la Cour de cassation ou honoraires et par le vice-pr\u00e9sident du Conseil d&rsquo;Etat parmi les membres en fonction au Conseil d&rsquo;Etat ou honoraires ;<\/p>\n<p>5\u00b0 D&rsquo;une personnalit\u00e9 qualifi\u00e9e nomm\u00e9e par le Pr\u00e9sident de la R\u00e9publique, en dehors des magistrats de la Cour des comptes et des chambres r\u00e9gionales des comptes, sur proposition du premier pr\u00e9sident de la Cour des comptes.<\/p>\n<p>Le pr\u00e9sident du coll\u00e8ge de d\u00e9ontologie est d\u00e9sign\u00e9 par le premier pr\u00e9sident de la Cour des comptes.<\/p>\n<p>La dur\u00e9e du mandat des membres du coll\u00e8ge de d\u00e9ontologie est de trois ans, renouvelable une fois.<\/p>\n<div id=\"body\">\n<div id=\"content\">\n<div id=\"subcontent\">\n<div id=\"content_left\">\n<div class=\"data\">\n<div class=\"article\">\n<div class=\"corpsArt\">\n<p>En application de <a href=\"https:\/\/www.legifrance.gouv.fr\/codes\/article_lc\/LEGIARTI000033262589\">l\u2019article L. 120-9 du code des juridictions financi\u00e8res<\/a>, le coll\u00e8ge de d\u00e9ontologie des juridictions financi\u00e8res est charg\u00e9 :<\/p>\n<p>1\u00b0 De rendre un avis pr\u00e9alable \u00e0 l&rsquo;\u00e9tablissement de la charte de d\u00e9ontologie mentionn\u00e9e \u00e0 l&rsquo;article <a title=\"Code des juridictions financi\u00e8res - art. L120-7 (VT)\" href=\"https:\/\/www.legifrance.gouv.fr\/affichCodeArticle.do?cidTexte=LEGITEXT000006070249&amp;idArticle=LEGIARTI000032436913&amp;dateTexte=&amp;categorieLien=cid\">L. 120-7 <\/a>;<\/p>\n<p>2\u00b0 De rendre des avis sur toute question d\u00e9ontologique concernant personnellement l&rsquo;un des magistrats ou des personnels de la Cour des comptes ou des chambres r\u00e9gionales et territoriales des comptes, sur saisine de la personne concern\u00e9e, du premier pr\u00e9sident de la Cour des comptes, du procureur g\u00e9n\u00e9ral pr\u00e8s la Cour des comptes, d&rsquo;un pr\u00e9sident de chambre \u00e0 la Cour des comptes, du secr\u00e9taire g\u00e9n\u00e9ral de la Cour des comptes ou d&rsquo;un pr\u00e9sident de chambre r\u00e9gionale ou territoriale des comptes ;<\/p>\n<p>3\u00b0 De formuler des recommandations de nature \u00e0 \u00e9clairer les magistrats et les personnels de la Cour des comptes et des chambres r\u00e9gionales et territoriales des comptes sur l&rsquo;application des principes d\u00e9ontologiques et de la charte de d\u00e9ontologie, \u00e0 son initiative ou sur saisine du premier pr\u00e9sident de la Cour des comptes, du procureur g\u00e9n\u00e9ral pr\u00e8s la Cour des comptes, d&rsquo;un pr\u00e9sident de chambre \u00e0 la Cour des comptes, du secr\u00e9taire g\u00e9n\u00e9ral de la Cour des comptes, d&rsquo;un pr\u00e9sident de chambre r\u00e9gionale ou territoriale des comptes ou d&rsquo;une organisation syndicale ou association de magistrats ou de personnels des juridictions financi\u00e8res ;<\/p>\n<p>4\u00b0 De rendre des avis sur les d\u00e9clarations d&rsquo;int\u00e9r\u00eats qui lui sont transmises dans les conditions pr\u00e9vues aux articles <a title=\"Code des juridictions financi\u00e8res - art. L120-10 (V)\" href=\"https:\/\/www.legifrance.gouv.fr\/affichCodeArticle.do?cidTexte=LEGITEXT000006070249&amp;idArticle=LEGIARTI000032436919&amp;dateTexte=&amp;categorieLien=cid\">L. 120-10<\/a> et <a title=\"Code des juridictions financi\u00e8res - art. L220-8 (VT)\" href=\"https:\/\/www.legifrance.gouv.fr\/affichCodeArticle.do?cidTexte=LEGITEXT000006070249&amp;idArticle=LEGIARTI000032437044&amp;dateTexte=&amp;categorieLien=cid\">L. 220-8<\/a>.<\/p>\n<p>Le coll\u00e8ge de d\u00e9ontologie rend publiques ses recommandations et peut rendre publics, sous forme anonyme, ses avis.<\/p>\n<\/div>\n<\/div>\n<\/div>\n<\/div>\n<\/div>\n<\/div>\n<\/div>\n","protected":false},"excerpt":{"rendered":"<p class=\"qua-blog-post-description\">Le coll\u00e8ge de d\u00e9ontologie des juridictions financi\u00e8res\u00a0est compos\u00e9, en application de l\u2019article L. 120-8 du code des juridictions financi\u00e8res: 1\u00b0 D&rsquo;un magistrat de la Cour des comptes, en activit\u00e9 ou honoraire, \u00e9lu par la chambre du conseil en formation pl\u00e9ni\u00e8re ; 2\u00b0 D&rsquo;un magistrat des chambres r\u00e9gionales des comptes, en activit\u00e9 ou honoraire, \u00e9lu par [&hellip;]<\/p>\n","protected":false},"author":1,"featured_media":0,"parent":40,"menu_order":8,"comment_status":"closed","ping_status":"closed","template":"","meta":{"footnotes":""},"class_list":["post-1721","page","type-page","status-publish","hentry"],"_links":{"self":[{"href":"https:\/\/sjfu.fr\/index.php\/wp-json\/wp\/v2\/pages\/1721","targetHints":{"allow":["GET"]}}],"collection":[{"href":"https:\/\/sjfu.fr\/index.php\/wp-json\/wp\/v2\/pages"}],"about":[{"href":"https:\/\/sjfu.fr\/index.php\/wp-json\/wp\/v2\/types\/page"}],"author":[{"embeddable":true,"href":"https:\/\/sjfu.fr\/index.php\/wp-json\/wp\/v2\/users\/1"}],"replies":[{"embeddable":true,"href":"https:\/\/sjfu.fr\/index.php\/wp-json\/wp\/v2\/comments?post=1721"}],"version-history":[{"count":6,"href":"https:\/\/sjfu.fr\/index.php\/wp-json\/wp\/v2\/pages\/1721\/revisions"}],"predecessor-version":[{"id":4953,"href":"https:\/\/sjfu.fr\/index.php\/wp-json\/wp\/v2\/pages\/1721\/revisions\/4953"}],"up":[{"embeddable":true,"href":"https:\/\/sjfu.fr\/index.php\/wp-json\/wp\/v2\/pages\/40"}],"wp:attachment":[{"href":"https:\/\/sjfu.fr\/index.php\/wp-json\/wp\/v2\/media?parent=1721"}],"curies":[{"name":"wp","href":"https:\/\/api.w.org\/{rel}","templated":true}]}}