{"id":1783,"date":"2016-11-20T10:38:57","date_gmt":"2016-11-20T09:38:57","guid":{"rendered":"http:\/\/sjfu.fr\/?page_id=1783"},"modified":"2023-12-04T19:38:48","modified_gmt":"2023-12-04T18:38:48","slug":"metz-2017","status":"publish","type":"page","link":"https:\/\/sjfu.fr\/index.php\/notre-syndicat\/congres\/metz-2017\/","title":{"rendered":"Metz 2017"},"content":{"rendered":"<h2 style=\"text-align: center;\">Congr\u00e8s annuel du Syndicat des juridictions financi\u00e8res<\/h2>\n<p>Le syndicat des juridictions financi\u00e8res tiendra son congr\u00e8s annuel les 12 et 13 octobre prochain \u00e0 Metz. Au cours de ce congr\u00e8s sera notamment organis\u00e9e l\u2019\u00e9lection des membres du bureau national de l\u2019organisation syndicale.\u00a0Par ailleurs, une table ronde\u00a0<strong>\u00a0<\/strong>anim\u00e9e par<strong>\u00a0Alain Piffaretti\u00a0<\/strong>autour du<strong>\u00a0<a href=\"https:\/\/sjfu.fr\/index.php\/2017\/07\/07\/le-sjfu-presente-son-livre-blanc-sur-les-juridictions-financieres\/\">Livre blanc des Juridictions Financi\u00e8res<\/a>\u00a0et de ses propositions,<\/strong>\u00a0r\u00e9unira\u00a0<strong>H\u00e9l\u00e8ne Zannier<\/strong>, d\u00e9put\u00e9e de la Moselle,\u00a0<strong>Patrick Thil<\/strong>, conseiller r\u00e9gional du Grand Est,\u00a0<strong>Mathieu Lh\u00e9riteau<\/strong>, vice-pr\u00e9sident du Syndicat nationale des directeurs g\u00e9n\u00e9raux de collectivit\u00e9s territoriales et directeur g\u00e9n\u00e9ral des service de Noisy-Le-Grand,\u00a0\u00a0<strong>St\u00e9phanie Damarey<\/strong>, professeur agr\u00e9g\u00e9 de droit public, vice-pr\u00e9sidente Universit\u00e9 Lille 2 , et le <strong>pr\u00e9sident nouvellement \u00e9lu du syndicat<\/strong>.<\/p>\n<div style=\"width: 157px\" class=\"wp-caption alignleft\"><img loading=\"lazy\" decoding=\"async\" class=\"size-full\" src=\"https:\/\/www.ccomptes.fr\/sites\/default\/files\/styles\/medium\/public\/2017-06\/facade%20CRC%201.JPG?h=7d9e35d1&amp;itok=fS92ZBMd\" width=\"147\" height=\"220\" \/><p class=\"wp-caption-text\">CRC Grand Est<\/p><\/div>\n<p><strong>Le congr\u00e8s aura lieu \u00e0 la <a href=\"https:\/\/www.ccomptes.fr\/fr\/chambres-regionales-et-territoriales-des-comptes\/crc-grand-est\/contact\">chambre r\u00e9gionale des comptes Grand Est<\/a>,\u00a03-5 rue de la Citadelle \u00e0\u00a057000\u00a0\u00e0 Metz.<\/strong><\/p>\n<p style=\"text-align: left; padding-left: 150px;\"><strong>Seule une proc\u00e9dure d\u2019inscription \u00e9lectronique est mise en oeuvre.<\/strong><\/p>\n<p style=\"padding-left: 150px;\"><strong>S\u2019inscrire au congr\u00e8s du SJFu, les 12 et 13 octobre 2017 \u00e0 Metz<\/strong><\/p>\n<p style=\"padding-left: 150px;\"><strong>Mandater un coll\u00e8gue inscrit<\/strong><\/p>\n<p style=\"padding-left: 150px;\"><strong>Modalit\u00e9s pratiques<\/strong><\/p>\n<p style=\"text-align: center;\"><em><strong>Ordre du jour adopt\u00e9 par le bureau national r\u00e9uni le 12 septembre \u00e0 la Cour des comptes<\/strong><\/em><\/p>\n<p style=\"text-align: center;\"><strong>Jeudi 12 octobre 2017<\/strong><\/p>\n<p style=\"text-align: center;\"><strong>Matin (9h30 \u2013 12h45)<\/strong><\/p>\n<p><strong>Partie statutaire\u00a0(9h30-11h30)<\/strong><\/p>\n<ul>\n<li>Rapport du Tr\u00e9sorier sur les comptes clos le 31 d\u00e9cembre 2016 ;<\/li>\n<li>Rapport du r\u00e9viseur aux comptes ;<\/li>\n<li>Affectation du r\u00e9sultat ;<\/li>\n<li>Fixation du montant des cotisations pour 2018 ;<\/li>\n<li>Rapport des \u00e9lus au conseil sup\u00e9rieur ;<\/li>\n<li>Rapport moral du pr\u00e9sident ;<\/li>\n<\/ul>\n<p><strong>Renouvellement des instances de gouvernance (11h45-13h)<\/strong><\/p>\n<ul>\n<li>Pr\u00e9sentation des candidats \u00e0 l\u2019\u00e9lection des membres du Bureau et de leur d\u00e9claration d\u2019intention ;<\/li>\n<li>Election des nouveaux pr\u00e9sident, vice-pr\u00e9sidents et membres du bureau ;<\/li>\n<li>Election du r\u00e9viseur aux comptes ;<\/li>\n<\/ul>\n<p style=\"text-align: center;\"><strong>D\u00e9jeuner (13h-14h30)<em>\u00a0\u2013 avec la participation des organisations invit\u00e9es par le SJFu<\/em><\/strong><\/p>\n<p style=\"text-align: center;\"><strong><em>Le d\u00e9jeuner a lieu au\u00a0Sofitel La Citadelle,\u00a0<span class=\"hp_address_subtitle jq_tooltip\" data-source=\"top_link\" data-coords=\",\" data-node_tt_id=\"location_score_tooltip\" data-bbox=\"6.11389964818954,49.1001693940946,6.22510671615601,49.1278933062022\" data-width=\"350\">5 Avenue Ney, 57000 Metz, France<\/span><\/em><\/strong><\/p>\n<p style=\"text-align: center;\"><strong>Apr\u00e8s-midi (14h30 \u2013 16h30)<\/strong><\/p>\n<p><strong>Table ronde anim\u00e9e par Alain Piffaretti autour du Livre blanc des Juridictions Financi\u00e8res et de ses propositions,<\/strong>\u00a0avec <strong>H\u00e9l\u00e8ne Zannier<\/strong>, d\u00e9put\u00e9e de la Moselle,\u00a0<strong>Patrick Thil<\/strong>, conseiller r\u00e9gional du Grand Est, <strong>Mathieu Lh\u00e9riteau<\/strong>, vice-pr\u00e9sident du Syndicat national des directeurs g\u00e9n\u00e9raux de collectivit\u00e9s territoriales et directeur g\u00e9n\u00e9ral des service de Noisy-Le-Grand,\u00a0\u00a0<strong>St\u00e9phanie Damarey<\/strong>, professeur agr\u00e9g\u00e9 de droit public, vice-pr\u00e9sidente Universit\u00e9 Lille 2 , et le pr\u00e9sident nouvellement \u00e9lu du syndicat.<\/p>\n<p style=\"text-align: center;\"><strong><em>D\u00e9but de soir\u00e9e (17h-19h)<\/em><\/strong><\/p>\n<p style=\"text-align: center;\"><strong><em>Visite de l\u2019exposition \u00ab\u00a0Fernand L\u00e9ger, le Beau est partout\u00a0\u00bb au Centre Pompidou Metz<\/em><\/strong><\/p>\n<p style=\"text-align: center;\"><strong><em>Soir\u00e9e (19h00 \u2013 22h30) \u2013\u00a0<\/em><\/strong><strong><em>D\u00eener de gala (La Voile Blanche, Centre Pompidou Metz)<\/em><\/strong><\/p>\n<p class=\"wp-caption-text\" style=\"text-align: center;\">\u00a0<\/p>\n<p style=\"text-align: center;\"><strong>Vendredi 13 octobre 2017<\/strong><\/p>\n<p style=\"text-align: center;\"><strong><em>Matin (9h30 \u2013 11h00)<\/em><\/strong><\/p>\n<p><strong>Travaux en atelier (un animateur et un rapporteur par atelier :<\/strong><\/p>\n<p><strong>Travaux en atelier (un animateur et un rapporteur par atelier :<\/strong><\/p>\n<ul>\n<li>Atelier 1 \u00ab\u00a0Quelle \u00e9volution pour le corps et quelle gestion pr\u00e9visionnelle des effectifs et des comp\u00e9tences au regard des missions, actuelles et nouvelles, \u00e0 assumer\u00a0?\u00a0(en lien avec le Livre Blanc des JF)\u00bb<\/li>\n<\/ul>\n<p class=\"align-center\" style=\"text-align: center;\"><strong>R\u00e9pondre \u00e0 un questionnaire en ligne sur la GPEC<\/strong><\/p>\n<ul>\n<li>Atelier 2 \u00ab Quelles priorit\u00e9s en mati\u00e8re de formation initiale et continue des magistrats\u00a0? \u00bb<\/li>\n<\/ul>\n<ul>\n<li>Atelier 3 \u00ab\u00a0Comment faciliter les mobilit\u00e9s professionnelles entre les diff\u00e9rentes administrations et les juridictions financi\u00e8res\u00a0? \u00bb<\/li>\n<\/ul>\n<p class=\"align-center\" style=\"text-align: center;\"><strong>R\u00e9pondre \u00e0 un questionnaire en ligne sur la mobilit\u00e9<\/strong><\/p>\n<ul>\n<li>Atelier 4 \u00ab L\u2019office de magistrat financier\u00a0: statut, d\u00e9ontologie, attributions, pouvoirs de sanction\u00bb<\/li>\n<\/ul>\n<p style=\"text-align: center;\"><strong><em>Fin de matin\u00e9e (11h30-13h)<\/em><\/strong><\/p>\n<ul>\n<li>Restitution en pl\u00e9ni\u00e8re des travaux en atelier ;<\/li>\n<\/ul>\n<p style=\"text-align: center;\"><strong><em>D\u00e9jeuner (13h-14h30)\u00a0<\/em><\/strong><\/p>\n<p style=\"text-align: center;\"><strong><em>Le d\u00e9jeuner a lieu au\u00a0Sofitel La Citadelle,\u00a0<span class=\"hp_address_subtitle jq_tooltip\" data-source=\"top_link\" data-coords=\",\" data-node_tt_id=\"location_score_tooltip\" data-bbox=\"6.11389964818954,49.1001693940946,6.22510671615601,49.1278933062022\" data-width=\"350\">5 Avenue Ney, 57000 Metz, France<\/span><\/em><\/strong><\/p>\n<p style=\"text-align: center;\"><strong><em>Apr\u00e8s-midi (14h30-16h)<\/em><\/strong><\/p>\n<p style=\"text-align: center;\"><strong>D\u00e9bat d\u2019orientation syndicale<\/strong><\/p>\n<h2><strong>Bilan du Congr\u00e8s:<\/strong><\/h2>\n<ul>\n<li>\u00c9lection d&rsquo;un nouveau bureau national du SJF, pr\u00e9sid\u00e9 par Yves Roquelet.<\/li>\n<li>Organisation d&rsquo;ateliers professionnels (GPEC, formation, mobilit\u00e9, statut) et de tables rondes sur le <a href=\"https:\/\/sjfu.fr\/index.php\/notre-syndicat\/orientations-syndicales\/\">livre blanc<\/a> du SJF.<\/li>\n<li>D\u00e9bat d&rsquo;orientations strat\u00e9giques du SJF.<\/li>\n<\/ul>\n<p>Retrouvez le <a href=\"https:\/\/sjfu.fr\/index.php\/2017\/10\/25\/le-sjfu-a-tenu-son-congres-a-metz-les-12-et-13-octobre-2017\/\">compte-rendu du Congr\u00e8s de Metz<\/a>.<\/p>\n\n\n<figure class=\"wp-block-image size-large\"><a href=\"https:\/\/sjfu.fr\/wp-content\/uploads\/2017\/10\/Congressistes-Copie.jpg\"><img loading=\"lazy\" decoding=\"async\" width=\"1024\" height=\"429\" src=\"https:\/\/sjfu.fr\/wp-content\/uploads\/2017\/10\/Congressistes-Copie-1024x429.jpg\" alt=\"\" class=\"wp-image-3592\" srcset=\"https:\/\/sjfu.fr\/wp-content\/uploads\/2017\/10\/Congressistes-Copie-1024x429.jpg 1024w, https:\/\/sjfu.fr\/wp-content\/uploads\/2017\/10\/Congressistes-Copie-300x126.jpg 300w, https:\/\/sjfu.fr\/wp-content\/uploads\/2017\/10\/Congressistes-Copie-768x322.jpg 768w, https:\/\/sjfu.fr\/wp-content\/uploads\/2017\/10\/Congressistes-Copie-600x251.jpg 600w\" sizes=\"auto, (max-width: 1024px) 100vw, 1024px\" \/><\/a><figcaption class=\"wp-element-caption\">Congr\u00e8s de Metz du SJF (2017)<\/figcaption><\/figure>\n","protected":false},"excerpt":{"rendered":"<p class=\"qua-blog-post-description\">Congr\u00e8s annuel du Syndicat des juridictions financi\u00e8res Le syndicat des juridictions financi\u00e8res tiendra son congr\u00e8s annuel les 12 et 13 octobre prochain \u00e0 Metz. Au cours de ce congr\u00e8s sera notamment organis\u00e9e l\u2019\u00e9lection des membres du bureau national de l\u2019organisation syndicale.\u00a0Par ailleurs, une table ronde\u00a0\u00a0anim\u00e9e par\u00a0Alain Piffaretti\u00a0autour du\u00a0Livre blanc des Juridictions Financi\u00e8res\u00a0et de ses propositions,\u00a0r\u00e9unira\u00a0H\u00e9l\u00e8ne [&hellip;]<\/p>\n","protected":false},"author":1,"featured_media":0,"parent":137,"menu_order":14,"comment_status":"closed","ping_status":"closed","template":"","meta":{"footnotes":""},"class_list":["post-1783","page","type-page","status-publish","hentry"],"_links":{"self":[{"href":"https:\/\/sjfu.fr\/index.php\/wp-json\/wp\/v2\/pages\/1783","targetHints":{"allow":["GET"]}}],"collection":[{"href":"https:\/\/sjfu.fr\/index.php\/wp-json\/wp\/v2\/pages"}],"about":[{"href":"https:\/\/sjfu.fr\/index.php\/wp-json\/wp\/v2\/types\/page"}],"author":[{"embeddable":true,"href":"https:\/\/sjfu.fr\/index.php\/wp-json\/wp\/v2\/users\/1"}],"replies":[{"embeddable":true,"href":"https:\/\/sjfu.fr\/index.php\/wp-json\/wp\/v2\/comments?post=1783"}],"version-history":[{"count":72,"href":"https:\/\/sjfu.fr\/index.php\/wp-json\/wp\/v2\/pages\/1783\/revisions"}],"predecessor-version":[{"id":5403,"href":"https:\/\/sjfu.fr\/index.php\/wp-json\/wp\/v2\/pages\/1783\/revisions\/5403"}],"up":[{"embeddable":true,"href":"https:\/\/sjfu.fr\/index.php\/wp-json\/wp\/v2\/pages\/137"}],"wp:attachment":[{"href":"https:\/\/sjfu.fr\/index.php\/wp-json\/wp\/v2\/media?parent=1783"}],"curies":[{"name":"wp","href":"https:\/\/api.w.org\/{rel}","templated":true}]}}