{"id":24,"date":"2015-10-25T16:42:56","date_gmt":"2015-10-25T15:42:56","guid":{"rendered":"http:\/\/sjfu.fr\/?page_id=24"},"modified":"2023-11-30T22:19:09","modified_gmt":"2023-11-30T21:19:09","slug":"le-controle-juridictionnel","status":"publish","type":"page","link":"https:\/\/sjfu.fr\/index.php\/les-chambres-regionales-des-comptes\/notre_metier\/le-controle-juridictionnel\/","title":{"rendered":"Le contr\u00f4le juridictionnel (jusqu&rsquo;en 2022) et la responsabilit\u00e9 financi\u00e8re des gestionnaires publics (depuis 2023)"},"content":{"rendered":"\n<h2 class=\"wp-block-heading\"><strong>1. Le contr\u00f4le juridictionnel jusqu&rsquo;en 2022<\/strong><\/h2>\n\n\n\n<p>Les chambres r\u00e9gionales et territoriales des comptes (CRTC) jugent en premi\u00e8re instance les comptes des organismes de leur ressort. Il s&rsquo;agit des comptes des collectivit\u00e9s locales mais \u00e9galement de l\u2019ensemble des \u00e9tablissements publics locaux. En vertu de d\u00e9l\u00e9gations de comp\u00e9tences donn\u00e9es par la Cour des comptes, les chambres sont \u00e9galement comp\u00e9tentes pour juger les comptes de certains \u00e9tablissements publics nationaux. Les chambres s&rsquo;assurent de la r\u00e9gularit\u00e9 des comptes et du bon accomplissement par les comptables des t\u00e2ches qui leur incombent. Ceux-ci peuvent voir leur responsabilit\u00e9 personnelle et p\u00e9cuniaire mise en jeu par le juge des comptes. Leurs contr\u00f4les aboutissent \u00e0 des jugements qui permettent d&rsquo;obtenir du comptable que soient recouvr\u00e9es des recettes ou revers\u00e9es des sommes pay\u00e9es \u00e0 tort, pour des montants qui peuvent \u00eatre significatifs. En cas de retard dans la production des comptes, la chambre peut \u00e9galement infliger une amende au comptable public. Les CRTC, lorsqu&rsquo;elles constatent que des personnes se sont immisc\u00e9es irr\u00e9guli\u00e8rement dans le maniement de deniers publics, peuvent les d\u00e9clarer comptables de fait et les contraindre \u00e0 produire un compte, qui sera jug\u00e9 dans les m\u00eames conditions qu\u2019un compte \u00e9tabli par un comptable patent.<\/p>\n\n\n\n<p>La loi du 13 d\u00e9cembre 2011 a profond\u00e9ment r\u00e9form\u00e9 le r\u00e9gime de l&rsquo;apurement administratif des comptes, fix\u00e9 \u00e0 l&rsquo;article L.&nbsp;211-2 du code des juridictions financi\u00e8res.<\/p>\n\n\n\n<p>L&rsquo;apurement des <strong>comptes de comptables publics justiciables de la Cour des comptes<\/strong> (\u00c9tat, \u00e9tablissements publics nationaux, notamment) ne peut se faire <strong>que par voie juridictionnelle<\/strong>.<\/p>\n\n\n\n<p>En revanche, s&rsquo;agissant des <strong>comptables publics justiciables des chambres r\u00e9gionales des comptes<\/strong> (collectivit\u00e9s territoriales, \u00e9tablissements publics locaux, notamment), deux voies d&rsquo;apurement existent selon la taille de la collectivit\u00e9 :<\/p>\n\n\n\n<p>&#8211;&nbsp;l&rsquo;apurement juridictionnel pour les collectivit\u00e9s territoriales les plus importantes&nbsp;;<\/p>\n\n\n\n<p>&#8211;&nbsp;l&rsquo;apurement administratif op\u00e9r\u00e9 par les comptables sup\u00e9rieurs pour les autres collectivit\u00e9s, sous le contr\u00f4le des chambres r\u00e9gionales et territoriales des comptes.<\/p>\n\n\n\n<p>Le rel\u00e8vement du seuil de l&rsquo;apurement administratif des comptes&nbsp;a eu pour objectif de <strong>d\u00e9charger les chambres r\u00e9gionales de comptes d&rsquo;un certain nombre de proc\u00e9dures<\/strong>, puisque des comptes qui relevaient de l&rsquo;apurement juridictionnel rel\u00e8vent d\u00e9sormais de l&rsquo;apurement administratif, pour leur permettre de concentrer leur office juridictionnel sur les comptes qui pr\u00e9sentent les enjeux les plus importants.<\/p>\n\n\n\n<p>Selon une enqu\u00eate r\u00e9alis\u00e9e par la Cour des comptes aupr\u00e8s des CRTC, pour 2012, la r\u00e9forme a entra\u00een\u00e9 une r\u00e9duction de 37&nbsp;% du nombre des comptes relevant directement de l&rsquo;apurement juridictionnel des CRTC, et r\u00e9duit de 13&nbsp;% le nombre des liasses produites aux CRTC.&nbsp;Pour 2013, ce dispositif a r\u00e9duit de 67&nbsp;% le nombre des comptes relevant directement de l&rsquo;apurement juridictionnel et de 27&nbsp;% le nombre des liasses produites aux CRTC.<\/p>\n\n\n\n<p>Selon la Cour, malgr\u00e9 le rel\u00e8vement du seuil, les comptes relevant de la comp\u00e9tence des CRTC repr\u00e9sentent plus de 90 % des masses financi\u00e8res de l&rsquo;ensemble des organismes publics locaux qui relevaient pr\u00e9c\u00e9demment de leur comp\u00e9tence. Ces comptes continuent de repr\u00e9senter un peu moins de 85 % de l&rsquo;ensemble des organismes publics locaux. La seule diff\u00e9rence r\u00e9sulte du nombre de comptes contr\u00f4l\u00e9s (80 000 avant le rel\u00e8vement du seuil, 10 000 comptes aujourd&rsquo;hui).<\/p>\n\n\n\n<p>De plus, ce mode d&rsquo;apurement n&#8217;emp\u00eache pas les CRC <strong>d&rsquo;\u00e9voquer le compte d&rsquo;une petite commune soumise \u00e0 l&rsquo;apurement administratif<\/strong>.<\/p>\n\n\n\n<h2 class=\"wp-block-heading\"><strong>2. La responsabilit\u00e9 financi\u00e8re des gestionnaires publics (depuis 2023)<br><\/strong><\/h2>\n\n\n\n<p>Le devenir du contr\u00f4le juridictionnel fait l&rsquo;objet de d\u00e9bats depuis plusieurs ann\u00e9es. Le SJF, tr\u00e8s favorable \u00e0 son renforcement, y a pris part en publiant un <a href=\"https:\/\/sjfu.fr\/index.php\/notre-syndicat\/orientations-syndicales\/\">livre blanc<\/a> en 2017, sur lequel il s&rsquo;est <a href=\"https:\/\/sjfu.fr\/index.php\/2017\/09\/12\/renforcer-le-pouvoir-du-juge-financier\/\">exprim\u00e9 publiquement<\/a>, puis un livre beige en 2018 (\u00ab\u00a0<a href=\"https:\/\/sjfu.fr\/index.php\/2018\/09\/20\/les-cinq-propositions-du-sjfu-pour-le-citoyen-et-la-performance-de-laction-publique\/\">Les cinq propositions du SJF pour le citoyen et la performance de l\u2019action publique\u00a0\u00bb)<\/a>. Il s&rsquo;est f\u00e9licit\u00e9 de <a href=\"https:\/\/sjfu.fr\/index.php\/2018\/02\/16\/oui-a-la-responsabilite-des-gestionnaires-publics-mais-aussi-au-niveau-local\/\">prises de positions <\/a>du Pr\u00e9sident de la R\u00e9publique et du Premier Pr\u00e9sident de la Cour, en 2018, qui allaient dans ce sens.<\/p>\n\n\n\n<p>A la suite du rapport Bass\u00e8res de 2020, le gouvernement et la Cour des comptes ont propos\u00e9, en 2021-2022, une r\u00e9forme du r\u00e9gime de responsabilit\u00e9 unifi\u00e9e du gestionnaire public adopt\u00e9e par une <a href=\"https:\/\/www.vie-publique.fr\/loi\/284550-ordonnance-23-mars-2022-responsabilite-financiere-gestionnaires-publics\">ordonnance du 23 mars 2022<\/a>. Cette r\u00e9forme, qui entrera en vigueur en 2022, pr\u00e9sente, pour le SJF, des risques d&rsquo;affaiblissement des CRTC. Le syndicat a pu s&rsquo;exprimer publiquement sur ce projet:<\/p>\n\n\n\n<ul class=\"wp-block-list\">\n<li><a href=\"https:\/\/drive.google.com\/file\/d\/1qGqbcBk0isELoXvMITZfGsNM1Tt1NmIg\/view?usp=sharing\">communiqu\u00e9 de presse du syndicat du 14 septembre 2021<\/a> : \u00ab\u00a0l\u2019ordonnance annonc\u00e9e va conduire \u00e0 un grave affaiblissement de ces juridictions r\u00e9gionales, implant\u00e9es dans les territoires, au plus pr\u00e8s de l\u2019action publique et des attentes des citoyens\u00a0\u00bb;<\/li>\n\n\n\n<li><a href=\"https:\/\/www.acteurspublics.fr\/articles\/yves-roquelet-laffaiblissement-des-chambres-regionales-des-comptes-est-en-marche\">entretien d&rsquo;Yves Roquelet, pr\u00e9sident du SJF, \u00e0 Acteurs Publics<\/a> (20 septembre 2021) : \u201cl\u2019affaiblissement des chambres r\u00e9gionales des comptes est en marche (&#8230;) Nous revenons aujourd\u2019hui \u00e0 l\u2019an 0 de la d\u00e9centralisation en centralisant le contre-pouvoir, le mode de r\u00e9gulation que l\u2019on avait retir\u00e9 au pr\u00e9fet. Tout cela nous para\u00eet aller \u00e0 rebours de ce qu\u2019expriment nombre d\u2019acteurs aujourd\u2019hui sur la pr\u00e9sence de l\u2019\u00c9tat\u00a0\u00bb;<\/li>\n\n\n\n<li><a href=\"https:\/\/www.mediacites.fr\/interview\/nantes\/2021\/09\/30\/reforme-des-chambres-regionales-des-comptes-la-fin-dun-contre-pouvoir-reel-a-celui-des-elus\/\">entretien de Louis-Damien Fruchaud, d\u00e9l\u00e9gu\u00e9 de la section Pays-de-la-Loire du SJF, \u00e0 M\u00e9diacit\u00e9s<\/a> (30 septembre 2021): \u00ab\u00a0C\u2019est la fin d\u2019une justice de proximit\u00e9 et d\u2019un contrepouvoir r\u00e9el \u00e0 celui des \u00e9lus\u00a0\u00bb;<\/li>\n\n\n\n<li>e<a href=\"https:\/\/www.weka.fr\/actualite\/finances-locales\/article\/interview-pierre-geneve-president-du-sjf-les-juridictions-financieres-ne-doivent-pas-devenir-de-simples-organismes-d-audit-143478\/\">ntretien de Pierre Gen\u00e8ve, pr\u00e9sident du SJF depuis novembre 2021, \u00e0 W\u00e9ka<\/a> (8 d\u00e9cembre 2021) : \u00ab\u00a0En apparence, cette r\u00e9forme est donc positive, et elle rejoint un certain nombre de constats que nous avions effectu\u00e9s de longue date. Mais en l\u2019\u00e9tat actuel de la discussion, il y a des risques significatifs : un champ de justiciables trop restreint puisque les \u00e9lus locaux en sont exclus, un r\u00e9gime des infractions tr\u00e8s limit\u00e9, des sanctions diminu\u00e9es, et la disparition des chambres r\u00e9gionales du paysage contentieux, \u00e0 rebours du mouvement de d\u00e9centralisation. (&#8230;) Le risque \u00e0 long terme, c\u2019est que les juridictions financi\u00e8res aient une activit\u00e9 juridictionnelle tellement r\u00e9siduelle qu\u2019elles soient consid\u00e9r\u00e9es non plus comme des juridictions, mais comme des organismes d\u2019audit\u00a0\u00bb.<\/li>\n\n\n\n<li><a href=\"https:\/\/sjfu.fr\/index.php\/2022\/02\/10\/reforme-du-regime-de-responsabilite-financiere-des-gestionnaires-publics-le-sjf-deplore-laffaiblissement-des-controles-sur-le-bon-emploi-des-fonds-publics-et-regrette-une-reforme-peu-ambitieuse-et\/\">communiqu\u00e9 de presse du syndicat du 10 f\u00e9vrier 2022<\/a> : \u00ab\u00a0le SJF d\u00e9plore l\u2019affaiblissement des contr\u00f4les sur le bon emploi des fonds publics et regrette une r\u00e9forme peu ambitieuse qui s\u2019inscrit \u00e0 rebours de la d\u00e9centralisation\u00a0\u00bb.<\/li>\n<\/ul>\n\n\n\n<p>En mars 2021, le SJF a particip\u00e9 \u00e0 une table ronde sur la responsabilit\u00e9 des acteurs publics organis\u00e9e par le cabinet Landot:<\/p>\n\n\n<p><iframe loading=\"lazy\" title=\"Juridictions financi\u00e8res, responsabilit\u00e9 des acteurs publics : table ronde sur des r\u00e9formes carr\u00e9es\" width=\"500\" height=\"281\" src=\"https:\/\/www.youtube.com\/embed\/enxYLIv5Xr4?feature=oembed\" frameborder=\"0\" allow=\"accelerometer; autoplay; clipboard-write; encrypted-media; gyroscope; picture-in-picture; web-share\" referrerpolicy=\"strict-origin-when-cross-origin\" allowfullscreen><\/iframe><\/p>\n\n\n\n<p>Prenez \u00e9galement connaissance des enjeux de la r\u00e9forme \u00e0 travers ces pr\u00e9sentations du cabinet Landot :<\/p>\n\n\n<p><iframe loading=\"lazy\" title=\"10\u2032 juridiques (4\/4) \u2013 Br\u00e8ves +Comptables&amp;ordonnateurs : fonctions s\u00e9par\u00e9es ; responsabilit\u00e9 unifi\u00e9e\" width=\"500\" height=\"281\" src=\"https:\/\/www.youtube.com\/embed\/WtVkpCzArnI?feature=oembed\" frameborder=\"0\" allow=\"accelerometer; autoplay; clipboard-write; encrypted-media; gyroscope; picture-in-picture; web-share\" referrerpolicy=\"strict-origin-when-cross-origin\" allowfullscreen><\/iframe><\/p>\n\n\n<p><iframe loading=\"lazy\" title=\"La r\u00e9forme de la responsabilit\u00e9 financi\u00e8re des ordonnateurs et des comptables\" width=\"500\" height=\"281\" src=\"https:\/\/www.youtube.com\/embed\/8mKmNrZ0eYs?feature=oembed\" frameborder=\"0\" allow=\"accelerometer; autoplay; clipboard-write; encrypted-media; gyroscope; picture-in-picture; web-share\" referrerpolicy=\"strict-origin-when-cross-origin\" allowfullscreen><\/iframe><\/p>\n\n\n\n<p><span class=\"break-words\"><span dir=\"ltr\">Notre coll\u00e8gue Louis-Damien Fruchaud, secr\u00e9taire g\u00e9n\u00e9ral du SJF, a \u00e9galement particip\u00e9, le 22 juin 2022, au web-d\u00e9bat sur la r\u00e9forme de la responsabilit\u00e9 des gestionnaires publics organis\u00e9 par le <a href=\"https:\/\/www.linkedin.com\/company\/syncass-cfdt\/\" data-attribute-index=\"2\" data-entity-hovercard-id=\"urn:li:fs_miniCompany:10986208\" data-entity-type=\"MINI_COMPANY\">SYNCASS-CFDT<\/a>, qui a r\u00e9uni plus de 300 participants.<br>Retrouvez son intervention dans la vid\u00e9o ci-dessous.<\/span><\/span><\/p>\n\n\n<p><iframe loading=\"lazy\" title=\"Web D\u00e9bat du SYNCASS-CFDT - #2 - R\u00e9forme de la responsabilit\u00e9 financi\u00e8re des gestionnaires publics\" width=\"500\" height=\"281\" src=\"https:\/\/www.youtube.com\/embed\/ZZSeIC0Z-kc?feature=oembed\" frameborder=\"0\" allow=\"accelerometer; autoplay; clipboard-write; encrypted-media; gyroscope; picture-in-picture; web-share\" referrerpolicy=\"strict-origin-when-cross-origin\" allowfullscreen><\/iframe><\/p>\n\n\n\n<h5 class=\"wp-block-heading\"><a name=\"_Toc417977451\"><\/a>Tableau 1. &nbsp; &nbsp; &nbsp; &nbsp; &nbsp;&nbsp;Activit\u00e9 juridictionnelle des chambres r\u00e9gionales et territoriales des comptes<\/h5>\n\n\n\n<figure class=\"wp-block-table\"><table><tbody><tr><td>Exercice<\/td><td>Nombre de r\u00e9quisitoires notifi\u00e9s<\/td><td>Nombre de jugements notifi\u00e9s<\/td><td>Nombre d\u2019ordonnances notifi\u00e9es<\/td><td>Nombre de d\u00e9bets notifi\u00e9s<\/td><td>Montant des d\u00e9bets notifi\u00e9s en \u20ac<\/td><td>Nombre de cas de mise \u00e0&nbsp;charge de sommes irr\u00e9missibles notifi\u00e9es<\/td><\/tr><tr><td>2018<\/td><td>289<\/td><td>343<\/td><td>1404<\/td><td>528<\/td><td>20,4 M\u20ac<\/td><td>93<\/td><\/tr><tr><td>2019<\/td><td>357<\/td><td>339<\/td><td>1253<\/td><td>542<\/td><td>9,75 M\u20ac<\/td><td>108<\/td><\/tr><tr><td>2020<\/td><td>232<\/td><td>279<\/td><td>1113<\/td><td>363<\/td><td>19,86 M\u20ac<\/td><td>85<\/td><\/tr><tr><td>2021<\/td><td>222<\/td><td>298<\/td><td>1217<\/td><td>453<\/td><td>12,97 M\u20ac<\/td><td>133<\/td><\/tr><tr><td>2022&nbsp;<\/td><td>57<\/td><td>219&nbsp;<\/td><td>1171&nbsp;<\/td><td>316<\/td><td>&nbsp;ND*<\/td><td>136&nbsp;<\/td><\/tr><tr><td>&nbsp;<\/td><td>&nbsp;<\/td><td>&nbsp;<\/td><td>&nbsp;<\/td><td>&nbsp;<\/td><td>&nbsp;<\/td><td>&nbsp;<\/td><\/tr><tr><td>&nbsp;<\/td><td>&nbsp;<\/td><td>&nbsp;<\/td><td>&nbsp;<\/td><td>&nbsp;<\/td><td>&nbsp;<\/td><td>&nbsp;<\/td><\/tr><\/tbody><\/table><figcaption class=\"wp-element-caption\">ND* : donn\u00e9e non disponible.<\/figcaption><\/figure>\n\n\n\n<p>Source : Cour des comptes et minist\u00e8re public.<\/p>\n\n\n\n<figure class=\"wp-block-video\"><\/figure>\n\n\n\n<figure class=\"wp-block-video\"><\/figure>\n\n\n\n<figure class=\"wp-block-video\"><\/figure>\n\n\n\n<figure class=\"wp-block-video\"><\/figure>\n","protected":false},"excerpt":{"rendered":"<p class=\"qua-blog-post-description\">1. Le contr\u00f4le juridictionnel jusqu&rsquo;en 2022 Les chambres r\u00e9gionales et territoriales des comptes (CRTC) jugent en premi\u00e8re instance les comptes des organismes de leur ressort. Il s&rsquo;agit des comptes des collectivit\u00e9s locales mais \u00e9galement de l\u2019ensemble des \u00e9tablissements publics locaux. En vertu de d\u00e9l\u00e9gations de comp\u00e9tences donn\u00e9es par la Cour des comptes, les chambres sont [&hellip;]<\/p>\n","protected":false},"author":1,"featured_media":0,"parent":2,"menu_order":3,"comment_status":"closed","ping_status":"closed","template":"","meta":{"footnotes":""},"class_list":["post-24","page","type-page","status-publish","hentry"],"_links":{"self":[{"href":"https:\/\/sjfu.fr\/index.php\/wp-json\/wp\/v2\/pages\/24","targetHints":{"allow":["GET"]}}],"collection":[{"href":"https:\/\/sjfu.fr\/index.php\/wp-json\/wp\/v2\/pages"}],"about":[{"href":"https:\/\/sjfu.fr\/index.php\/wp-json\/wp\/v2\/types\/page"}],"author":[{"embeddable":true,"href":"https:\/\/sjfu.fr\/index.php\/wp-json\/wp\/v2\/users\/1"}],"replies":[{"embeddable":true,"href":"https:\/\/sjfu.fr\/index.php\/wp-json\/wp\/v2\/comments?post=24"}],"version-history":[{"count":32,"href":"https:\/\/sjfu.fr\/index.php\/wp-json\/wp\/v2\/pages\/24\/revisions"}],"predecessor-version":[{"id":5632,"href":"https:\/\/sjfu.fr\/index.php\/wp-json\/wp\/v2\/pages\/24\/revisions\/5632"}],"up":[{"embeddable":true,"href":"https:\/\/sjfu.fr\/index.php\/wp-json\/wp\/v2\/pages\/2"}],"wp:attachment":[{"href":"https:\/\/sjfu.fr\/index.php\/wp-json\/wp\/v2\/media?parent=24"}],"curies":[{"name":"wp","href":"https:\/\/api.w.org\/{rel}","templated":true}]}}