{"id":2497,"date":"2017-03-15T09:58:31","date_gmt":"2017-03-15T08:58:31","guid":{"rendered":"http:\/\/sjfu.fr\/?page_id=2497"},"modified":"2023-01-26T15:51:40","modified_gmt":"2023-01-26T14:51:40","slug":"mention-legale","status":"publish","type":"page","link":"https:\/\/sjfu.fr\/index.php\/newsletter\/mention-legale\/","title":{"rendered":"Mention l\u00e9gale"},"content":{"rendered":"<div class=\"col-xs-12\">\n<h1>INFORMATIONS LEGALES<\/h1>\n<\/div>\n<div class=\"col-xs-12\">\n<div class=\"text\">\n<p>Le site www.sjfu.fr est \u00e9dit\u00e9 par le Syndicat des juridictions financi\u00e8res (SJF), dont le si\u00e8ge social est situ\u00e9 au lieu de r\u00e9sidence administrative de son pr\u00e9sident (17 rue de Pom\u00e8gues, 13295 \u2013 MARSEILLE Cedex 08).<\/p>\n<p>Le directeur de\u00a0la publication du\u00a0site est Monsieur Pierre GENEVE, pr\u00e9sident.<\/p>\n<h2 class=\"p1\"><span class=\"s1\">RESPONSABILITE<\/span><\/h2>\n<p><img loading=\"lazy\" decoding=\"async\" class=\"alignright\" src=\"http:\/\/www.dessinemoiunsite.com\/wp-content\/uploads\/2015\/03\/Fuilles-et-trombonne-mentionsl%C3%A9gales.png\" width=\"217\" height=\"83\" \/>Le SJF s\u2019engage \u00e0 faire ses meilleurs efforts pour assurer aux utilisateurs une accessibilit\u00e9 du\u00a0site \u00e0 tout moment. Toutefois, il ne\u00a0pourra \u00eatre tenu responsable en\u00a0cas d\u2019indisponibilit\u00e9 du\u00a0site, pour quelque cause que ce\u00a0soit.<\/p>\n<p>L\u2019utilisateur du\u00a0site reconna\u00eet avoir pris connaissance de\u00a0la pr\u00e9sente notice l\u00e9gale et\u00a0s\u2019engage \u00e0 la\u00a0respecter.<\/p>\n<p>L\u2019utilisateur reconna\u00eet disposer de\u00a0la comp\u00e9tence et\u00a0des moyens n\u00e9cessaires pour acc\u00e9der au\u00a0site et\u00a0l\u2019utiliser, et\u00a0reconna\u00eet avoir v\u00e9rifi\u00e9 que la\u00a0configuration informatique utilis\u00e9e ne\u00a0contient aucun virus et\u00a0qu\u2019elle est en\u00a0parfait \u00e9tat de\u00a0fonctionnement.<\/p>\n<p>Le SJF\u00a0 ne\u00a0peut garantir l\u2019exactitude et\u00a0la compl\u00e9tude des informations diffus\u00e9es sur son site ni\u00a0la permanence de\u00a0son bon fonctionnement ou\u00a0sa totale s\u00e9curit\u00e9 informatique.<\/p>\n<p>Le SJF\u00a0 met tout en\u00a0\u0153uvre pour offrir aux utilisateurs des informations et\u00a0des outils disponibles et\u00a0v\u00e9rifi\u00e9s, mais ne\u00a0saurait \u00eatre tenue responsable des erreurs, d\u2019une absence de\u00a0disponibilit\u00e9 des informations et\/ou de\u00a0la pr\u00e9sence de\u00a0virus ou\u00a0autres infections logiques sur son site.<\/p>\n<p>Les informations fournies par le SJF le\u00a0sont \u00e0 titre indicatif. Le SJF ne saurait garantir l\u2019exactitude, la\u00a0compl\u00e9tude, l\u2019actualit\u00e9 des informations diffus\u00e9es sur le\u00a0site.<\/p>\n<p>L\u2019utilisateur reconna\u00eet utiliser les informations et\u00a0outils disponibles sur le\u00a0site sous sa\u00a0responsabilit\u00e9 exclusive.<\/p>\n<h2 class=\"p1\"><span class=\"s1\">PROTECTION DES DONNEES A\u00a0CARACTERE PERSONNEL<br \/>\n<\/span><\/h2>\n<p>Les traitements de\u00a0donn\u00e9es \u00e0 caract\u00e8re personnel mis en\u00a0\u0153uvre dans le\u00a0cadre du\u00a0site www.sjfu.fr\u00a0sont int\u00e9gr\u00e9s dans la\u00a0liste des traitements du correspondant informatique et\u00a0libert\u00e9s du\u00a0SJF .<\/p>\n<p>Conform\u00e9ment \u00e0 l\u2019article 32\u00a0de la\u00a0loi n\u00b078-17 relative \u00e0 l\u2019informatique, aux fichiers et\u00a0aux libert\u00e9s du\u00a06 janvier 1978 modifi\u00e9e, le SJF\u00a0 responsable de\u00a0traitement, informe l\u2019utilisateur qu\u2019il met en\u00a0\u0153uvre un\u00a0traitement de\u00a0donn\u00e9es \u00e0 caract\u00e8re personnel le\u00a0concernant. Les informations communiqu\u00e9es par l\u2019utilisateur par le\u00a0biais des formulaires disponibles le\u00a0cas \u00e9ch\u00e9ant sur le\u00a0site ou\u00a0par courrier \u00e9lectronique aux adresses indiqu\u00e9es sur le\u00a0site sont destin\u00e9es aux adh\u00e9rents\u00a0habilit\u00e9s du\u00a0SJF, \u00e0 des fins de\u00a0gestion administrative et syndicale.<\/p>\n<p>L\u2019utilisateur dispose d\u2019un droit d\u2019acc\u00e8s, d\u2019interrogation, de\u00a0modification, de\u00a0rectification et\u00a0de suppression des donn\u00e9es \u00e0 caract\u00e8re personnel le\u00a0concernant.<\/p>\n<p>L\u2019utilisateur dispose \u00e9galement d\u2019un droit d\u2019opposition au\u00a0traitement de\u00a0ses donn\u00e9es \u00e0 caract\u00e8re personnel pour des motifs l\u00e9gitimes, ainsi que d\u2019un droit d\u2019opposition \u00e0 ce\u00a0que ces donn\u00e9es soient utilis\u00e9es \u00e0 des fins de\u00a0prospection syndicale.<\/p>\n<p>Pour exercer ses droits, l\u2019utilisateur doit adresser un courrier au SJF\u00a0 accompagn\u00e9 d\u2019une copie d\u2019un titre d\u2019identit\u00e9 sign\u00e9 \u00e0 l\u2019adresse suivante : Syndicat des juridictions financi\u00e8res, 17 rue de Pom\u00e8gues, 13295 \u2013 MARSEILLE Cedex 08.<\/p>\n<p>L\u2019utilisateur du\u00a0site est tenu de\u00a0respecter les dispositions de\u00a0la loi n\u00b078-17 relative \u00e0 l\u2019informatique, aux fichiers et\u00a0aux libert\u00e9s du\u00a06 janvier 1978 modifi\u00e9e, dont la\u00a0violation est passible de\u00a0sanctions p\u00e9nales. Notamment, il\u00a0doit s\u2019abstenir de\u00a0toute collecte, de\u00a0toute utilisation d\u00e9tourn\u00e9e et, d\u2019une mani\u00e8re g\u00e9n\u00e9rale, de\u00a0tout acte susceptible de\u00a0porter atteinte \u00e0 la\u00a0vie priv\u00e9e ou\u00a0\u00e0 la\u00a0r\u00e9putation des personnes.<\/p>\n<h2 class=\"p1\"><span class=\"s1\">PROPRIETE INTELLECTUELLE<br \/>\n<\/span><\/h2>\n<p>Le\u00a0site www.sjfu.fr\u00a0pris dans sa\u00a0globalit\u00e9, ainsi que chacun des \u00e9l\u00e9ments qui le\u00a0compose pris ind\u00e9pendamment, notamment les programmes et\u00a0d\u00e9veloppements sp\u00e9cifiques et\u00a0les contenus incluant des donn\u00e9es, textes, images fixes ou\u00a0anim\u00e9es, logotypes, sons, graphiques, fichiers, sont la\u00a0propri\u00e9t\u00e9 exclusive du SJF ou\u00a0de tiers qui lui ont conc\u00e9d\u00e9 une licence. Toute repr\u00e9sentation totale ou\u00a0partielle du\u00a0site ou\u00a0d\u2019un des \u00e9l\u00e9ments qui le\u00a0composent sans l\u2019autorisation expresse du SJF est interdite et\u00a0constituerait une contrefa\u00e7on sanctionn\u00e9e par les articles L.335-2 et\u00a0suivants du code de\u00a0la propri\u00e9t\u00e9 intellectuelle.<\/p>\n<p>Les bases de\u00a0donn\u00e9es figurant sur le\u00a0site sont prot\u00e9g\u00e9es par les articles L.341-1 et\u00a0suivants du code de\u00a0la propri\u00e9t\u00e9 intellectuelle et\u00a0est sanctionn\u00e9e toute extraction ou\u00a0r\u00e9utilisation qualitativement ou\u00a0quantitativement substantielle du\u00a0contenu des bases de\u00a0donn\u00e9es.<\/p>\n<p>Les marques et\u00a0les logotypes figurant sur le\u00a0site sont des marques d\u00e9pos\u00e9es par le SJF ou\u00a0par des tiers. Toute reproduction, imitation ou\u00a0usage, total ou\u00a0partiel, de\u00a0ces signes distinctifs sans l\u2019autorisation expresse et\u00a0en violation des interdictions pr\u00e9vues aux articles L.713-2 et\u00a0suivants du code de\u00a0la propri\u00e9t\u00e9 intellectuelle engage la\u00a0responsabilit\u00e9 de\u00a0leur auteur.<\/p>\n<p>Les autres signes distinctifs, notamment les d\u00e9nominations sociales, sigle, noms de\u00a0domaine reproduits sur le\u00a0site sont la\u00a0propri\u00e9t\u00e9 du SJFu ou\u00a0des tiers et\u00a0toute reproduction sans autorisation expresse est susceptible de\u00a0constituer une usurpation engageant la\u00a0responsabilit\u00e9 de\u00a0son auteur sur le\u00a0fondement de\u00a0l\u2019article 1382 du\u00a0Code civil.<\/p>\n<h2 class=\"p1\"><span class=\"s1\">LIENS<\/span><\/h2>\n<p>Les liens propos\u00e9s vers des sites tiers ne\u00a0sauraient engager la\u00a0responsabilit\u00e9 du SJF quant \u00e0 leurs conditions d\u2019acc\u00e8s et\u00a0\u00e0 leur contenu.<\/p>\n<h2 class=\"p1\"><span class=\"s1\">LOI APPLICABLE<br \/>\n<\/span><\/h2>\n<p>Le\u00a0pr\u00e9sent site est r\u00e9gi par les lois fran\u00e7aises.<\/p>\n<h2 class=\"p1\"><span class=\"s1\">MODIFICATION<\/span><\/h2>\n<p>Le SJF se\u00a0r\u00e9serve le\u00a0droit de\u00a0modifier le\u00a0contenu de\u00a0la pr\u00e9sente notice l\u00e9gale \u00e0 tout moment et\u00a0sans pr\u00e9avis.<\/p>\n<p>L\u2019utilisateur est donc invit\u00e9 \u00e0 la\u00a0consulter r\u00e9guli\u00e8rement.<\/p>\n<\/div>\n<\/div>\n","protected":false},"excerpt":{"rendered":"<p class=\"qua-blog-post-description\">INFORMATIONS LEGALES Le site www.sjfu.fr est \u00e9dit\u00e9 par le Syndicat des juridictions financi\u00e8res (SJF), dont le si\u00e8ge social est situ\u00e9 au lieu de r\u00e9sidence administrative de son pr\u00e9sident (17 rue de Pom\u00e8gues, 13295 \u2013 MARSEILLE Cedex 08). Le directeur de\u00a0la publication du\u00a0site est Monsieur Pierre GENEVE, pr\u00e9sident. RESPONSABILITE Le SJF s\u2019engage \u00e0 faire ses meilleurs [&hellip;]<\/p>\n","protected":false},"author":1,"featured_media":0,"parent":675,"menu_order":2,"comment_status":"closed","ping_status":"closed","template":"","meta":{"footnotes":""},"class_list":["post-2497","page","type-page","status-publish","hentry"],"_links":{"self":[{"href":"https:\/\/sjfu.fr\/index.php\/wp-json\/wp\/v2\/pages\/2497","targetHints":{"allow":["GET"]}}],"collection":[{"href":"https:\/\/sjfu.fr\/index.php\/wp-json\/wp\/v2\/pages"}],"about":[{"href":"https:\/\/sjfu.fr\/index.php\/wp-json\/wp\/v2\/types\/page"}],"author":[{"embeddable":true,"href":"https:\/\/sjfu.fr\/index.php\/wp-json\/wp\/v2\/users\/1"}],"replies":[{"embeddable":true,"href":"https:\/\/sjfu.fr\/index.php\/wp-json\/wp\/v2\/comments?post=2497"}],"version-history":[{"count":16,"href":"https:\/\/sjfu.fr\/index.php\/wp-json\/wp\/v2\/pages\/2497\/revisions"}],"predecessor-version":[{"id":5419,"href":"https:\/\/sjfu.fr\/index.php\/wp-json\/wp\/v2\/pages\/2497\/revisions\/5419"}],"up":[{"embeddable":true,"href":"https:\/\/sjfu.fr\/index.php\/wp-json\/wp\/v2\/pages\/675"}],"wp:attachment":[{"href":"https:\/\/sjfu.fr\/index.php\/wp-json\/wp\/v2\/media?parent=2497"}],"curies":[{"name":"wp","href":"https:\/\/api.w.org\/{rel}","templated":true}]}}