{"id":2512,"date":"2017-03-17T13:43:32","date_gmt":"2017-03-17T12:43:32","guid":{"rendered":"http:\/\/sjfu.fr\/?page_id=2512"},"modified":"2023-07-13T19:14:25","modified_gmt":"2023-07-13T18:14:25","slug":"la-certification-des-comptes-des-collectivites-territoriales","status":"publish","type":"page","link":"https:\/\/sjfu.fr\/index.php\/les-chambres-regionales-des-comptes\/notre_metier\/la-certification-des-comptes-des-collectivites-territoriales\/","title":{"rendered":"La certification des comptes des collectivit\u00e9s territoriales"},"content":{"rendered":"\n<p>La <a class=\"ext\" title=\"\u00ab loi du 7 ao\u00fbt 2015 \u00bb, dans une nouvelle fen\u00eatre\" href=\"https:\/\/www.legifrance.gouv.fr\/eli\/loi\/2015\/8\/7\/RDFX1412429L\/jo\/texte\" target=\"_blank\" rel=\"noopener\">loi du 7 ao\u00fbt 2015<\/a> portant nouvelle organisation territoriale de la R\u00e9publique a pr\u00e9vu, en son article 110, \u00ab\u00a0<em>une <strong>exp\u00e9rimentation <\/strong>de dispositifs destin\u00e9s \u00e0 <strong>assurer la r\u00e9gularit\u00e9, la sinc\u00e9rit\u00e9 et la fid\u00e9lit\u00e9 des comptes des collectivit\u00e9s territoriales et de leurs groupements<\/strong>. Cette exp\u00e9rimentation doit permettre d\u2019\u00e9tablir les conditions pr\u00e9alables et n\u00e9cessaires \u00e0 la certification des comptes du secteur public local\u00a0\u00bb.<\/em><\/p>\n\n\n\n<p>Au printemps 2016, <strong>50 collectivit\u00e9s ont d\u00e9pos\u00e9 leur candidature pour participer \u00e0 l\u2019exp\u00e9rimentation<\/strong>, parmi lesquelles <strong>un panel de 25 a \u00e9t\u00e9 retenu<\/strong> par le ministre de l&rsquo;Economie et des finances, le ministre de l\u2019Am\u00e9nagement du territoire, de la ruralit\u00e9 et des collectivit\u00e9s territoriales et le ministre de l&rsquo;Int\u00e9rieur, sur avis du Premier pr\u00e9sident de la Cour des comptes. L&rsquo;<a class=\"ext\" title=\"\u00ab arr\u00eat\u00e9 interminist\u00e9riel \u00bb, dans une nouvelle fen\u00eatre\" href=\"http:\/\/www.legifrance.gouv.fr\/eli\/arrete\/2016\/11\/10\/ARCX1628452A\/jo\/texte\" target=\"_blank\" rel=\"noopener\">arr\u00eat\u00e9 interminist\u00e9riel<\/a> fixant la liste des collectivit\u00e9s et groupements admis \u00e0 int\u00e9grer le dispositif a \u00e9t\u00e9 publi\u00e9 au Journal Officiel du 17 novembre 2016.<\/p>\n\n\n\n<p>Les travaux ont d\u00e9but\u00e9 en\u00a02017, <strong>le premier exercice de certification \u00e9tant fix\u00e9 \u00e0 2020<\/strong>.<\/p>\n\n\n\n<p>La Cour des comptes a publi\u00e9 un <strong><a href=\"https:\/\/www.ccomptes.fr\/fr\/publications\/bilan-final-de-lexperimentation-de-la-certification-des-comptes-locaux\">rapport<\/a> sur le bilan final de l&rsquo;exp\u00e9rimentation de la certification des comptes locaux en janvier 2023<\/strong>.<\/p>\n\n\n\n<p><strong>Pour en savoir davantage:<\/strong><\/p>\n\n\n\n<p><blockquote class=\"wp-embedded-content\" data-secret=\"xmy9WQk32g\"><a href=\"https:\/\/sjfu.fr\/index.php\/2016\/03\/02\/lexperimentation-de-la-certification-des-comptes-au-sein-du-secteur-public-local-est-lancee\/\">L&rsquo;exp\u00e9rimentation de la certification des comptes au sein du secteur public local est lanc\u00e9e<\/a><\/blockquote><iframe loading=\"lazy\" class=\"wp-embedded-content\" sandbox=\"allow-scripts\" security=\"restricted\" style=\"position: absolute; clip: rect(1px, 1px, 1px, 1px);\" title=\"\u00ab\u00a0L&rsquo;exp\u00e9rimentation de la certification des comptes au sein du secteur public local est lanc\u00e9e\u00a0\u00bb &#8212; Syndicat des Juridictions Financi\u00e8res\" src=\"https:\/\/sjfu.fr\/index.php\/2016\/03\/02\/lexperimentation-de-la-certification-des-comptes-au-sein-du-secteur-public-local-est-lancee\/embed\/#?secret=iaAsoPzbLC#?secret=xmy9WQk32g\" data-secret=\"xmy9WQk32g\" width=\"500\" height=\"282\" frameborder=\"0\" marginwidth=\"0\" marginheight=\"0\" scrolling=\"no\"><\/iframe><\/p>\n","protected":false},"excerpt":{"rendered":"<p class=\"qua-blog-post-description\">La loi du 7 ao\u00fbt 2015 portant nouvelle organisation territoriale de la R\u00e9publique a pr\u00e9vu, en son article 110, \u00ab\u00a0une exp\u00e9rimentation de dispositifs destin\u00e9s \u00e0 assurer la r\u00e9gularit\u00e9, la sinc\u00e9rit\u00e9 et la fid\u00e9lit\u00e9 des comptes des collectivit\u00e9s territoriales et de leurs groupements. Cette exp\u00e9rimentation doit permettre d\u2019\u00e9tablir les conditions pr\u00e9alables et n\u00e9cessaires \u00e0 la certification [&hellip;]<\/p>\n","protected":false},"author":1,"featured_media":0,"parent":2,"menu_order":6,"comment_status":"closed","ping_status":"closed","template":"","meta":{"footnotes":""},"class_list":["post-2512","page","type-page","status-publish","hentry"],"_links":{"self":[{"href":"https:\/\/sjfu.fr\/index.php\/wp-json\/wp\/v2\/pages\/2512","targetHints":{"allow":["GET"]}}],"collection":[{"href":"https:\/\/sjfu.fr\/index.php\/wp-json\/wp\/v2\/pages"}],"about":[{"href":"https:\/\/sjfu.fr\/index.php\/wp-json\/wp\/v2\/types\/page"}],"author":[{"embeddable":true,"href":"https:\/\/sjfu.fr\/index.php\/wp-json\/wp\/v2\/users\/1"}],"replies":[{"embeddable":true,"href":"https:\/\/sjfu.fr\/index.php\/wp-json\/wp\/v2\/comments?post=2512"}],"version-history":[{"count":7,"href":"https:\/\/sjfu.fr\/index.php\/wp-json\/wp\/v2\/pages\/2512\/revisions"}],"predecessor-version":[{"id":5477,"href":"https:\/\/sjfu.fr\/index.php\/wp-json\/wp\/v2\/pages\/2512\/revisions\/5477"}],"up":[{"embeddable":true,"href":"https:\/\/sjfu.fr\/index.php\/wp-json\/wp\/v2\/pages\/2"}],"wp:attachment":[{"href":"https:\/\/sjfu.fr\/index.php\/wp-json\/wp\/v2\/media?parent=2512"}],"curies":[{"name":"wp","href":"https:\/\/api.w.org\/{rel}","templated":true}]}}