{"id":2522,"date":"2017-03-17T14:22:09","date_gmt":"2017-03-17T13:22:09","guid":{"rendered":"http:\/\/sjfu.fr\/?page_id=2522"},"modified":"2019-06-27T15:04:34","modified_gmt":"2019-06-27T14:04:34","slug":"2522-2","status":"publish","type":"page","link":"https:\/\/sjfu.fr\/index.php\/les-chambres-regionales-des-comptes\/notre-statut\/2522-2\/","title":{"rendered":"Notre d\u00e9claration d&rsquo;int\u00e9r\u00eat"},"content":{"rendered":"<p>Le <a href=\"https:\/\/www.legifrance.gouv.fr\/eli\/decret\/2016\/12\/28\/PRMX1633147D\/jo\/texte\">d\u00e9cret n\u00b0 2016-1921 du 28 d\u00e9cembre 2016 relatif \u00e0 l\u2019obligation de transmission de la d\u00e9claration d\u2019int\u00e9r\u00eats mentionn\u00e9e aux articles L. 120-9 et L. 220-6 du code des juridictions financi\u00e8res<\/a>\u00a0d\u00e9finit les modalit\u00e9s de remise des d\u00e9clarations d\u2019int\u00e9r\u00eats des membres de la Cour des comptes et des magistrats des chambres r\u00e9gionales et territoriales des comptes. Il en fixe le contenu. Le d\u00e9cret pr\u00e9cise les modalit\u00e9s de transmission, de mise \u00e0 jour, de consultation, de conservation au dossier individuel des int\u00e9ress\u00e9s, et de destruction des d\u00e9clarations d\u2019int\u00e9r\u00eats.<\/p>\n<p>La d\u00e9claration d\u2019int\u00e9r\u00eats des magistrats et des rapporteurs comporte les \u00e9l\u00e9ments suivants :<\/p>\n<p>\u00ab 1\u00b0 L\u2019identification du d\u00e9clarant :<\/p>\n<p>\u00ab a) Le nom, le pr\u00e9nom et la date de naissance du d\u00e9clarant ;<\/p>\n<p>\u00ab b) L\u2019adresse postale, l\u2019adresse \u00e9lectronique et les coordonn\u00e9es t\u00e9l\u00e9phoniques du d\u00e9clarant ;<\/p>\n<p>\u00ab c) Les fonctions au titre desquelles le d\u00e9clarant effectue la d\u00e9claration ainsi que la date de nomination dans ces fonctions ;<\/p>\n<p>\u00ab 2\u00b0 Les activit\u00e9s professionnelles donnant lieu \u00e0 r\u00e9mun\u00e9ration ou gratification exerc\u00e9es \u00e0 la date de la nomination ou au cours des cinq derni\u00e8res ann\u00e9es pr\u00e9c\u00e9dant la d\u00e9claration :<\/p>\n<p>\u00ab a) L\u2019identification de l\u2019employeur ;<\/p>\n<p>\u00ab b) La description de l\u2019activit\u00e9 professionnelle exerc\u00e9e ;<\/p>\n<p>\u00ab c) La p\u00e9riode d\u2019exercice de l\u2019activit\u00e9 professionnelle ;<\/p>\n<p>\u00ab d) La r\u00e9mun\u00e9ration ou la gratification per\u00e7ue annuellement pour chaque activit\u00e9 ;<\/p>\n<p>\u00ab 3\u00b0 Les activit\u00e9s de consultant exerc\u00e9es \u00e0 la date de la nomination ou au cours des cinq ann\u00e9es pr\u00e9c\u00e9dant la date de la d\u00e9claration :<\/p>\n<p>\u00ab a) L\u2019identification de l\u2019employeur ;<\/p>\n<p>\u00ab b) La description de l\u2019activit\u00e9 professionnelle exerc\u00e9e ;<\/p>\n<p>\u00ab c) La p\u00e9riode d\u2019exercice de l\u2019activit\u00e9 professionnelle ;<\/p>\n<p>\u00ab d) La r\u00e9mun\u00e9ration ou la gratification per\u00e7ue annuellement pour chaque activit\u00e9 ;<\/p>\n<p>\u00ab 4\u00b0 La participation aux organes dirigeants d\u2019un organisme public ou priv\u00e9 ou d\u2019une soci\u00e9t\u00e9 \u00e0 la date de la nomination et au cours des cinq ann\u00e9es pr\u00e9c\u00e9dant la date de la d\u00e9claration :<\/p>\n<p>\u00ab a) La d\u00e9nomination de l\u2019organisme ou la soci\u00e9t\u00e9 ;<\/p>\n<p>\u00ab b) La description de l\u2019activit\u00e9 exerc\u00e9e au sein des organes dirigeants ;<\/p>\n<p>\u00ab c) La p\u00e9riode pendant laquelle le d\u00e9clarant a particip\u00e9 \u00e0 des organes dirigeants ;<\/p>\n<p>\u00ab d) La r\u00e9mun\u00e9ration ou la gratification per\u00e7ue annuellement pour chaque participation ;<\/p>\n<p>\u00ab 5\u00b0 Les participations financi\u00e8res directes dans le capital d\u2019une soci\u00e9t\u00e9 \u00e0 la date de la nomination :<\/p>\n<p>\u00ab a) La d\u00e9nomination de la soci\u00e9t\u00e9 ;<\/p>\n<p>\u00ab b) Le nombre de part d\u00e9tenues dans la soci\u00e9t\u00e9 et, lorsqu\u2019il est connu, le pourcentage du capital social d\u00e9tenu ;<\/p>\n<p>\u00ab c) L\u2019\u00e9valuation de la participation financi\u00e8re ;<\/p>\n<p>\u00ab d) La r\u00e9mun\u00e9ration ou la gratification per\u00e7ue pendant l\u2019ann\u00e9e pr\u00e9c\u00e9dant l\u2019\u00e9lection ou la nomination ;<\/p>\n<p>\u00ab 6\u00b0 Les activit\u00e9s professionnelles exerc\u00e9es \u00e0 la date de la nomination par le conjoint, le partenaire li\u00e9 par un pacte civil de solidarit\u00e9 ou le concubin :<\/p>\n<p>\u00ab a) L\u2019identification de l\u2019employeur ;<\/p>\n<p>\u00ab b) La description de l\u2019activit\u00e9 professionnelle exerc\u00e9e ;<\/p>\n<p>\u00ab 7\u00b0 Les fonctions b\u00e9n\u00e9voles susceptibles de faire na\u00eetre un conflit d\u2019int\u00e9r\u00eats, au sens de l\u2019article L. 220-6, exerc\u00e9es \u00e0 la date de la nomination par le d\u00e9clarant et par le conjoint, le partenaire li\u00e9 par un pacte civil de solidarit\u00e9 ou le concubin :<\/p>\n<p>\u00ab a) Le nom et l\u2019objet social de la structure ou de la personne morale dans laquelle les fonctions sont exerc\u00e9es ;<\/p>\n<p>\u00ab b) La description des activit\u00e9s et des responsabilit\u00e9s exerc\u00e9es ;<\/p>\n<p>\u00ab 8\u00b0 Les fonctions et mandats \u00e9lectifs exerc\u00e9s \u00e0 la date de la nomination par le d\u00e9clarant et par le conjoint, le partenaire li\u00e9 par un pacte civil de solidarit\u00e9 ou le concubin :<\/p>\n<p>\u00ab a) La nature des fonctions et des mandats exerc\u00e9s ;<\/p>\n<p>\u00ab b) La date de d\u00e9but et de fin de fonction ou de mandat ;<\/p>\n<p>\u00ab c) Les r\u00e9mun\u00e9rations, indemnit\u00e9s ou gratifications per\u00e7ues annuellement pour chaque fonction ou mandat.<\/p>\n<p>\u00ab Toute modification substantielle des int\u00e9r\u00eats fait l\u2019objet d\u2019une d\u00e9claration compl\u00e9mentaire actualisant la d\u00e9claration mentionn\u00e9e au premier alin\u00e9a et indiquant la nature et la date de l\u2019\u00e9v\u00e8nement ayant conduit \u00e0 la modification.<\/p>\n","protected":false},"excerpt":{"rendered":"<p class=\"qua-blog-post-description\">Le d\u00e9cret n\u00b0 2016-1921 du 28 d\u00e9cembre 2016 relatif \u00e0 l\u2019obligation de transmission de la d\u00e9claration d\u2019int\u00e9r\u00eats mentionn\u00e9e aux articles L. 120-9 et L. 220-6 du code des juridictions financi\u00e8res\u00a0d\u00e9finit les modalit\u00e9s de remise des d\u00e9clarations d\u2019int\u00e9r\u00eats des membres de la Cour des comptes et des magistrats des chambres r\u00e9gionales et territoriales des comptes. Il [&hellip;]<\/p>\n","protected":false},"author":1,"featured_media":0,"parent":40,"menu_order":6,"comment_status":"closed","ping_status":"closed","template":"","meta":{"footnotes":""},"class_list":["post-2522","page","type-page","status-publish","hentry"],"_links":{"self":[{"href":"https:\/\/sjfu.fr\/index.php\/wp-json\/wp\/v2\/pages\/2522","targetHints":{"allow":["GET"]}}],"collection":[{"href":"https:\/\/sjfu.fr\/index.php\/wp-json\/wp\/v2\/pages"}],"about":[{"href":"https:\/\/sjfu.fr\/index.php\/wp-json\/wp\/v2\/types\/page"}],"author":[{"embeddable":true,"href":"https:\/\/sjfu.fr\/index.php\/wp-json\/wp\/v2\/users\/1"}],"replies":[{"embeddable":true,"href":"https:\/\/sjfu.fr\/index.php\/wp-json\/wp\/v2\/comments?post=2522"}],"version-history":[{"count":3,"href":"https:\/\/sjfu.fr\/index.php\/wp-json\/wp\/v2\/pages\/2522\/revisions"}],"predecessor-version":[{"id":4830,"href":"https:\/\/sjfu.fr\/index.php\/wp-json\/wp\/v2\/pages\/2522\/revisions\/4830"}],"up":[{"embeddable":true,"href":"https:\/\/sjfu.fr\/index.php\/wp-json\/wp\/v2\/pages\/40"}],"wp:attachment":[{"href":"https:\/\/sjfu.fr\/index.php\/wp-json\/wp\/v2\/media?parent=2522"}],"curies":[{"name":"wp","href":"https:\/\/api.w.org\/{rel}","templated":true}]}}