{"id":26,"date":"2015-10-25T16:44:44","date_gmt":"2015-10-25T15:44:44","guid":{"rendered":"http:\/\/sjfu.fr\/?page_id=26"},"modified":"2021-12-13T15:54:48","modified_gmt":"2021-12-13T14:54:48","slug":"le-controle-de-la-gestion","status":"publish","type":"page","link":"https:\/\/sjfu.fr\/index.php\/les-chambres-regionales-des-comptes\/notre_metier\/le-controle-de-la-gestion\/","title":{"rendered":"Le contr\u00f4le des comptes et de la gestion"},"content":{"rendered":"<p>Les CRTC examinent la gestion des collectivit\u00e9s publiques de leur ressort (collectivit\u00e9s territoriales et \u00e9tablissements publics). Elles peuvent \u00e9galement v\u00e9rifier la gestion de leurs satellites de droit priv\u00e9. Conform\u00e9ment au code des juridictions financi\u00e8res, l\u2019examen de la gestion porte sur la r\u00e9gularit\u00e9 des actes de gestion, sur l\u2019\u00e9conomie des moyens mis en \u0153uvre et sur l\u2019\u00e9valuation des r\u00e9sultats atteints par rapport aux objectifs fix\u00e9s par l\u2019assembl\u00e9e ou l\u2019organe d\u00e9lib\u00e9rants. Les CRTC n&rsquo;ont en aucun cas \u00e0 appr\u00e9cier l&rsquo;opportunit\u00e9 des choix politiques des \u00e9lus, mais elles se prononcent sur la fiabilit\u00e9 des comptes, l&rsquo;\u00e9quilibre financier des op\u00e9rations et des gestions, la r\u00e9gularit\u00e9 et l&rsquo;\u00e9conomie des moyens mis en \u0153uvre et leur efficacit\u00e9, c&rsquo;est-\u00e0-dire la comparaison des moyens avec les r\u00e9sultats obtenus. Dans ce cadre, elles peuvent \u00e9galement \u00eatre conduites \u00e0 proc\u00e9der \u00e0 une \u00e9valuation des politiques publiques locales.<\/p>\n<p>Les observations r\u00e9sultant de cet examen font l&rsquo;objet de rapports d&rsquo;observations provisoires puis d\u00e9finitives, qui sont port\u00e9s \u00e0 la connaissance des assembl\u00e9es d\u00e9lib\u00e9rantes et ensuite rendus publics. Les rapports d\u00e9finitifs sont notamment mis en ligne sur le site internet des juridictions financi\u00e8res, d\u00e8s qu\u2019ils deviennent communicables (voir <a href=\"https:\/\/www.ccomptes.fr\/Nos-activites\/Chambres-regionales-des-comptes-CRC\" target=\"_blank\" rel=\"noopener\">www.ccomptes.fr<\/a>). Ils sont aussi accessibles \u00e0 partir d&rsquo;une <a href=\"http:\/\/www.data.gouv.fr\/fr\/reuses\/rapports-dobservations-definitives-des-chambres-regionales-et-territoriales-des-comptes\/\">base de donn\u00e9es g\u00e9olocalis\u00e9e<\/a>. Les rapports d&rsquo;observations alimentent r\u00e9guli\u00e8rement le d\u00e9bat public local. La presse r\u00e9gionale, voire nationale, leur donne un certain \u00e9cho.<\/p>\n<p>En outre, le rapport public annuel de la Cour des comptes publie les contr\u00f4les et observations les plus embl\u00e9matiques des CRTC et les suites qui leur ont \u00e9t\u00e9 donn\u00e9es. Les chambres peuvent saisir la Cour de discipline budg\u00e9taire et financi\u00e8re des irr\u00e9gularit\u00e9s commises en mati\u00e8re de finances publiques par les ordonnateurs et gestionnaires publics et transmettre au procureur de la R\u00e9publique toutes observations relatives \u00e0 des faits pouvant relever d\u2019une qualification p\u00e9nale.<\/p>\n","protected":false},"excerpt":{"rendered":"<p class=\"qua-blog-post-description\">Les CRTC examinent la gestion des collectivit\u00e9s publiques de leur ressort (collectivit\u00e9s territoriales et \u00e9tablissements publics). Elles peuvent \u00e9galement v\u00e9rifier la gestion de leurs satellites de droit priv\u00e9. Conform\u00e9ment au code des juridictions financi\u00e8res, l\u2019examen de la gestion porte sur la r\u00e9gularit\u00e9 des actes de gestion, sur l\u2019\u00e9conomie des moyens mis en \u0153uvre et sur [&hellip;]<\/p>\n","protected":false},"author":1,"featured_media":0,"parent":2,"menu_order":2,"comment_status":"closed","ping_status":"closed","template":"","meta":{"footnotes":""},"class_list":["post-26","page","type-page","status-publish","hentry"],"_links":{"self":[{"href":"https:\/\/sjfu.fr\/index.php\/wp-json\/wp\/v2\/pages\/26","targetHints":{"allow":["GET"]}}],"collection":[{"href":"https:\/\/sjfu.fr\/index.php\/wp-json\/wp\/v2\/pages"}],"about":[{"href":"https:\/\/sjfu.fr\/index.php\/wp-json\/wp\/v2\/types\/page"}],"author":[{"embeddable":true,"href":"https:\/\/sjfu.fr\/index.php\/wp-json\/wp\/v2\/users\/1"}],"replies":[{"embeddable":true,"href":"https:\/\/sjfu.fr\/index.php\/wp-json\/wp\/v2\/comments?post=26"}],"version-history":[{"count":24,"href":"https:\/\/sjfu.fr\/index.php\/wp-json\/wp\/v2\/pages\/26\/revisions"}],"predecessor-version":[{"id":4941,"href":"https:\/\/sjfu.fr\/index.php\/wp-json\/wp\/v2\/pages\/26\/revisions\/4941"}],"up":[{"embeddable":true,"href":"https:\/\/sjfu.fr\/index.php\/wp-json\/wp\/v2\/pages\/2"}],"wp:attachment":[{"href":"https:\/\/sjfu.fr\/index.php\/wp-json\/wp\/v2\/media?parent=26"}],"curies":[{"name":"wp","href":"https:\/\/api.w.org\/{rel}","templated":true}]}}