{"id":31,"date":"2015-10-25T16:48:03","date_gmt":"2015-10-25T15:48:03","guid":{"rendered":"http:\/\/sjfu.fr\/?page_id=31"},"modified":"2022-12-07T12:48:44","modified_gmt":"2022-12-07T11:48:44","slug":"le-controle-budgetaire","status":"publish","type":"page","link":"https:\/\/sjfu.fr\/index.php\/les-chambres-regionales-des-comptes\/notre_metier\/le-controle-budgetaire\/","title":{"rendered":"Le contr\u00f4le budg\u00e9taire"},"content":{"rendered":"\n<p>Sur saisine du pr\u00e9fet, les CRTC participent aux proc\u00e9dures de contr\u00f4le budg\u00e9taire. Elles lui proposent des solutions lorsqu\u2019un budget n\u2019est pas vot\u00e9 dans les d\u00e9lais prescrits par la loi ou lorsqu\u2019il est vot\u00e9 en d\u00e9s\u00e9quilibre, en l\u2019absence d\u2019inscription au budget d\u2019une d\u00e9pense obligatoire ou encore lorsqu\u2019un compte administratif est rejet\u00e9 ou fortement d\u00e9ficitaire. Le pr\u00e9fet ne peut alors r\u00e9gler le budget de la collectivit\u00e9 ou de l&rsquo;\u00e9tablissement qu&rsquo;apr\u00e8s avoir pris l&rsquo;avis de la chambre r\u00e9gionale. Les chambres, dans ce cadre, ne sont plus des censeurs mais des conseils dont l&rsquo;expertise financi\u00e8re et l&rsquo;ind\u00e9pendance sont reconnues.<\/p>\n\n\n\n<figure class=\"wp-block-embed is-type-video is-provider-youtube wp-block-embed-youtube wp-embed-aspect-16-9 wp-has-aspect-ratio\"><div class=\"wp-block-embed__wrapper\">\n<iframe loading=\"lazy\" title=\"Le contro\u0302le budge\u0301taire\" width=\"500\" height=\"281\" src=\"https:\/\/www.youtube.com\/embed\/ZdHXhSFLSXs?start=11&#038;feature=oembed\" frameborder=\"0\" allow=\"accelerometer; autoplay; clipboard-write; encrypted-media; gyroscope; picture-in-picture; web-share\" referrerpolicy=\"strict-origin-when-cross-origin\" allowfullscreen><\/iframe>\n<\/div><\/figure>\n","protected":false},"excerpt":{"rendered":"<p class=\"qua-blog-post-description\">Sur saisine du pr\u00e9fet, les CRTC participent aux proc\u00e9dures de contr\u00f4le budg\u00e9taire. Elles lui proposent des solutions lorsqu\u2019un budget n\u2019est pas vot\u00e9 dans les d\u00e9lais prescrits par la loi ou lorsqu\u2019il est vot\u00e9 en d\u00e9s\u00e9quilibre, en l\u2019absence d\u2019inscription au budget d\u2019une d\u00e9pense obligatoire ou encore lorsqu\u2019un compte administratif est rejet\u00e9 ou fortement d\u00e9ficitaire. Le pr\u00e9fet [&hellip;]<\/p>\n","protected":false},"author":1,"featured_media":0,"parent":2,"menu_order":3,"comment_status":"closed","ping_status":"closed","template":"","meta":{"footnotes":""},"class_list":["post-31","page","type-page","status-publish","hentry"],"_links":{"self":[{"href":"https:\/\/sjfu.fr\/index.php\/wp-json\/wp\/v2\/pages\/31","targetHints":{"allow":["GET"]}}],"collection":[{"href":"https:\/\/sjfu.fr\/index.php\/wp-json\/wp\/v2\/pages"}],"about":[{"href":"https:\/\/sjfu.fr\/index.php\/wp-json\/wp\/v2\/types\/page"}],"author":[{"embeddable":true,"href":"https:\/\/sjfu.fr\/index.php\/wp-json\/wp\/v2\/users\/1"}],"replies":[{"embeddable":true,"href":"https:\/\/sjfu.fr\/index.php\/wp-json\/wp\/v2\/comments?post=31"}],"version-history":[{"count":3,"href":"https:\/\/sjfu.fr\/index.php\/wp-json\/wp\/v2\/pages\/31\/revisions"}],"predecessor-version":[{"id":5381,"href":"https:\/\/sjfu.fr\/index.php\/wp-json\/wp\/v2\/pages\/31\/revisions\/5381"}],"up":[{"embeddable":true,"href":"https:\/\/sjfu.fr\/index.php\/wp-json\/wp\/v2\/pages\/2"}],"wp:attachment":[{"href":"https:\/\/sjfu.fr\/index.php\/wp-json\/wp\/v2\/media?parent=31"}],"curies":[{"name":"wp","href":"https:\/\/api.w.org\/{rel}","templated":true}]}}