{"id":320,"date":"2015-11-22T15:16:12","date_gmt":"2015-11-22T14:16:12","guid":{"rendered":"http:\/\/sjfu.fr\/?page_id=320"},"modified":"2021-12-13T16:41:08","modified_gmt":"2021-12-13T15:41:08","slug":"nos-normes-professionnelles","status":"publish","type":"page","link":"https:\/\/sjfu.fr\/index.php\/les-chambres-regionales-des-comptes\/notre-statut\/nos-normes-professionnelles\/","title":{"rendered":"Nos normes professionnelles"},"content":{"rendered":"<p>En application de la loi du 13 d\u00e9cembre 2011, les membres de la Cour et des chambres r\u00e9gionales et territoriales des comptes sont tenus de se conformer, dans l\u2019exercice de leurs attributions, \u00e0 des <a href=\"https:\/\/www.ccomptes.fr\/fr\/nous-decouvrir\/normes-professionnelles\">normes professionnelles<\/a> fix\u00e9es par le Premier pr\u00e9sident apr\u00e8s avis, respectivement, du conseil sup\u00e9rieur de la Cour et de celui des chambres r\u00e9gionales des comptes. Pr\u00e9vue par le l\u00e9gislateur, cette \u00e9volution est aussi une n\u00e9cessit\u00e9 pour les juridictions financi\u00e8res dans le p\u00e9rim\u00e8tre international des institutions sup\u00e9rieures de contr\u00f4le, r\u00e9unies notamment au sein de l\u2019Intosai.<\/p>\n<p>Ces normes, formalisation de \u00ab bonnes pratiques \u00bb publi\u00e9es et opposables, ont \u00e9t\u00e9 adopt\u00e9es en d\u00e9cembre 2014 et font l&rsquo;objet d&rsquo;une actualisation. Elles exposent et d\u00e9clinent les principes propres \u00e0 garantir un exercice efficace et efficient de nos missions, sans se substituer pour autant aux dispositions de droit, en particulier \u00e0 celles du code des juridictions financi\u00e8res.<\/p>\n<p>La mise en \u0153uvre de ces normes professionnelles participe de notre volont\u00e9 d\u2019\u00eatre toujours mieux compris des \u00e9lus, des citoyens, des organismes contr\u00f4l\u00e9s et de nos partenaires \u00e9trangers. Elle contribue \u00e0 la qualit\u00e9 des travaux des juridictions financi\u00e8res et au respect de leurs principes fondateurs : ind\u00e9pendance, coll\u00e9gialit\u00e9, contradiction.<\/p>\n<p>Elles ont une triple utilit\u00e9 : harmoniser les approches, clarifier les exigences et prot\u00e9ger les diff\u00e9rents acteurs, qu\u2019il s\u2019agisse notamment des rapporteurs ou des contr\u00f4l\u00e9s.<\/p>\n<p>Elles comprennent des d\u00e9veloppements transversaux sur la programmation, les ressources humaines et la qualit\u00e9 des travaux, ainsi que des dispositions sp\u00e9cifiques \u00e0 chacune des grandes missions de la Cour et des chambres r\u00e9gionales et territoriales des comptes : juger, contr\u00f4ler, \u00e9valuer, certifier.<\/p>\n","protected":false},"excerpt":{"rendered":"<p class=\"qua-blog-post-description\">En application de la loi du 13 d\u00e9cembre 2011, les membres de la Cour et des chambres r\u00e9gionales et territoriales des comptes sont tenus de se conformer, dans l\u2019exercice de leurs attributions, \u00e0 des normes professionnelles fix\u00e9es par le Premier pr\u00e9sident apr\u00e8s avis, respectivement, du conseil sup\u00e9rieur de la Cour et de celui des chambres [&hellip;]<\/p>\n","protected":false},"author":1,"featured_media":0,"parent":40,"menu_order":6,"comment_status":"closed","ping_status":"closed","template":"","meta":{"footnotes":""},"class_list":["post-320","page","type-page","status-publish","hentry"],"_links":{"self":[{"href":"https:\/\/sjfu.fr\/index.php\/wp-json\/wp\/v2\/pages\/320","targetHints":{"allow":["GET"]}}],"collection":[{"href":"https:\/\/sjfu.fr\/index.php\/wp-json\/wp\/v2\/pages"}],"about":[{"href":"https:\/\/sjfu.fr\/index.php\/wp-json\/wp\/v2\/types\/page"}],"author":[{"embeddable":true,"href":"https:\/\/sjfu.fr\/index.php\/wp-json\/wp\/v2\/users\/1"}],"replies":[{"embeddable":true,"href":"https:\/\/sjfu.fr\/index.php\/wp-json\/wp\/v2\/comments?post=320"}],"version-history":[{"count":6,"href":"https:\/\/sjfu.fr\/index.php\/wp-json\/wp\/v2\/pages\/320\/revisions"}],"predecessor-version":[{"id":4950,"href":"https:\/\/sjfu.fr\/index.php\/wp-json\/wp\/v2\/pages\/320\/revisions\/4950"}],"up":[{"embeddable":true,"href":"https:\/\/sjfu.fr\/index.php\/wp-json\/wp\/v2\/pages\/40"}],"wp:attachment":[{"href":"https:\/\/sjfu.fr\/index.php\/wp-json\/wp\/v2\/media?parent=320"}],"curies":[{"name":"wp","href":"https:\/\/api.w.org\/{rel}","templated":true}]}}