{"id":323,"date":"2015-11-22T15:23:37","date_gmt":"2015-11-22T14:23:37","guid":{"rendered":"http:\/\/sjfu.fr\/?page_id=323"},"modified":"2021-12-13T16:33:11","modified_gmt":"2021-12-13T15:33:11","slug":"notre-independance","status":"publish","type":"page","link":"https:\/\/sjfu.fr\/index.php\/les-chambres-regionales-des-comptes\/notre-statut\/notre-independance\/","title":{"rendered":"Notre ind\u00e9pendance"},"content":{"rendered":"<p>Les magistrats des chambres r\u00e9gionales et territoriales des comptes ont le statut de magistrat. Ils sont inamovibles mais r\u00e9gis par le statut de la fonction publique d&rsquo;\u00c9tat et non celui de la magistrature\u00a0dans l&rsquo;exercice de leurs fonctions.<\/p>\n<p><span id=\"page18R_mcid13\" class=\"markedContent\"><span dir=\"ltr\" role=\"presentation\">L\u2019ind\u00e9pendance des juridictions financi\u00e8res\u00a0<\/span><\/span><span id=\"page18R_mcid14\" class=\"markedContent\"><span dir=\"ltr\" role=\"presentation\">se <\/span><span dir=\"ltr\" role=\"presentation\">traduit, <\/span><span dir=\"ltr\" role=\"presentation\">outre <\/span><span dir=\"ltr\" role=\"presentation\">par\u00a0<\/span><\/span><span id=\"page18R_mcid15\" class=\"markedContent\"><span dir=\"ltr\" role=\"presentation\">l\u2019inamovibilit\u00e9 statutaire des magistrats<\/span><\/span><span id=\"page18R_mcid16\" class=\"markedContent\"><span dir=\"ltr\" role=\"presentation\">, par une triple libert\u00e9<\/span><\/span><span id=\"page18R_mcid17\" class=\"markedContent\"> <\/span><span id=\"page18R_mcid18\" class=\"markedContent\"><span dir=\"ltr\" role=\"presentation\">: libert\u00e9\u00a0<\/span><\/span><span id=\"page18R_mcid19\" class=\"markedContent\"><span dir=\"ltr\" role=\"presentation\">de programmation de leurs travaux et du choix de leurs contr\u00f4les\u00a0<\/span><\/span><span id=\"page18R_mcid20\" class=\"markedContent\"><span dir=\"ltr\" role=\"presentation\">et de leurs enqu\u00eate<\/span><\/span><span id=\"page18R_mcid21\" class=\"markedContent\"><span dir=\"ltr\" role=\"presentation\">s ; libert\u00e9 pour l\u2019adoption de leurs observations\u00a0<\/span><\/span><span id=\"page18R_mcid22\" class=\"markedContent\"><span dir=\"ltr\" role=\"presentation\">et recommandations<\/span><\/span><span id=\"page18R_mcid23\" class=\"markedContent\"> <\/span><span id=\"page18R_mcid24\" class=\"markedContent\"><span dir=\"ltr\" role=\"presentation\">; libert\u00e9 \u00e9ditoriale dans leurs publications.\u00a0<\/span><\/span><span id=\"page18R_mcid27\" class=\"markedContent\"><span dir=\"ltr\" role=\"presentation\">Le programme des travaux de chaque juridiction financi\u00e8re\u00a0<\/span><\/span><span id=\"page18R_mcid28\" class=\"markedContent\"><span dir=\"ltr\" role=\"presentation\">est arr\u00eat\u00e9 chaque ann\u00e9e par son pr\u00e9sident, apr\u00e8s avis du parquet.\u00a0<\/span><\/span><span id=\"page18R_mcid29\" class=\"markedContent\"><span dir=\"ltr\" role=\"presentation\">Il repose sur des<\/span><\/span><span id=\"page18R_mcid30\" class=\"markedContent\"> <\/span><span id=\"page18R_mcid31\" class=\"markedContent\"><span dir=\"ltr\" role=\"presentation\">priorit\u00e9s strat\u00e9giques librement d\u00e9termin\u00e9es par la\u00a0<\/span><\/span><span id=\"page18R_mcid32\" class=\"markedContent\"><span dir=\"ltr\" role=\"presentation\">juridiction, en fonction des risques et des enjeux qu\u2019elle a identifi\u00e9s<\/span><\/span><span id=\"page18R_mcid33\" class=\"markedContent\"> <\/span><span id=\"page18R_mcid34\" class=\"markedContent\"><span dir=\"ltr\" role=\"presentation\">:\u00a0<\/span><\/span><span id=\"page18R_mcid35\" class=\"markedContent\"><span dir=\"ltr\" role=\"presentation\">ma\u00eetrise des risques d\u2019atteinte \u00e0 la r\u00e9gularit\u00e9 et \u00e0 la probit\u00e9<\/span><\/span><span id=\"page18R_mcid36\" class=\"markedContent\"> <\/span><span id=\"page18R_mcid37\" class=\"markedContent\"><span dir=\"ltr\" role=\"presentation\">;\u00a0<\/span><\/span><span id=\"page18R_mcid38\" class=\"markedContent\"><span dir=\"ltr\" role=\"presentation\">modernisation et performance de la gestion publique<\/span><\/span><span id=\"page18R_mcid39\" class=\"markedContent\"> <\/span><span id=\"page18R_mcid40\" class=\"markedContent\"><span dir=\"ltr\" role=\"presentation\">; efficienc<\/span><\/span><span id=\"page18R_mcid41\" class=\"markedContent\"><span dir=\"ltr\" role=\"presentation\">e\u00a0<\/span><\/span><span id=\"page18R_mcid42\" class=\"markedContent\"><span dir=\"ltr\" role=\"presentation\">des politiques publiques.<\/span><\/span><span id=\"page18R_mcid43\" class=\"markedContent\"><\/span><\/p>\n","protected":false},"excerpt":{"rendered":"<p class=\"qua-blog-post-description\">Les magistrats des chambres r\u00e9gionales et territoriales des comptes ont le statut de magistrat. Ils sont inamovibles mais r\u00e9gis par le statut de la fonction publique d&rsquo;\u00c9tat et non celui de la magistrature\u00a0dans l&rsquo;exercice de leurs fonctions. L\u2019ind\u00e9pendance des juridictions financi\u00e8res\u00a0se traduit, outre par\u00a0l\u2019inamovibilit\u00e9 statutaire des magistrats, par une triple libert\u00e9 : libert\u00e9\u00a0de programmation de [&hellip;]<\/p>\n","protected":false},"author":1,"featured_media":0,"parent":40,"menu_order":4,"comment_status":"closed","ping_status":"closed","template":"","meta":{"footnotes":""},"class_list":["post-323","page","type-page","status-publish","hentry"],"_links":{"self":[{"href":"https:\/\/sjfu.fr\/index.php\/wp-json\/wp\/v2\/pages\/323","targetHints":{"allow":["GET"]}}],"collection":[{"href":"https:\/\/sjfu.fr\/index.php\/wp-json\/wp\/v2\/pages"}],"about":[{"href":"https:\/\/sjfu.fr\/index.php\/wp-json\/wp\/v2\/types\/page"}],"author":[{"embeddable":true,"href":"https:\/\/sjfu.fr\/index.php\/wp-json\/wp\/v2\/users\/1"}],"replies":[{"embeddable":true,"href":"https:\/\/sjfu.fr\/index.php\/wp-json\/wp\/v2\/comments?post=323"}],"version-history":[{"count":7,"href":"https:\/\/sjfu.fr\/index.php\/wp-json\/wp\/v2\/pages\/323\/revisions"}],"predecessor-version":[{"id":4947,"href":"https:\/\/sjfu.fr\/index.php\/wp-json\/wp\/v2\/pages\/323\/revisions\/4947"}],"up":[{"embeddable":true,"href":"https:\/\/sjfu.fr\/index.php\/wp-json\/wp\/v2\/pages\/40"}],"wp:attachment":[{"href":"https:\/\/sjfu.fr\/index.php\/wp-json\/wp\/v2\/media?parent=323"}],"curies":[{"name":"wp","href":"https:\/\/api.w.org\/{rel}","templated":true}]}}