{"id":327,"date":"2015-11-22T15:29:59","date_gmt":"2015-11-22T14:29:59","guid":{"rendered":"http:\/\/sjfu.fr\/?page_id=327"},"modified":"2021-12-13T16:47:11","modified_gmt":"2021-12-13T15:47:11","slug":"notre-charte-de-deontologie","status":"publish","type":"page","link":"https:\/\/sjfu.fr\/index.php\/les-chambres-regionales-des-comptes\/notre-statut\/notre-charte-de-deontologie\/","title":{"rendered":"Notre charte de d\u00e9ontologie"},"content":{"rendered":"<div class=\"layout-container\">\n<div id=\"content-wrapper\" class=\"layout-content\">\n<div id=\"content\">\n<div class=\"region region-content\">\n<div id=\"block-cdc-bv-content\" class=\"block block-system block-system-main-block\">\n<div class=\"bloc-inner-wrapper\">\n<div class=\"bloc-inner\">\n<article class=\"node node--type-news-medium node--view-mode-full\" role=\"article\" data-history-node-id=\"1389\">\n<div class=\"node__content\">\n<div class=\"clearfix text-formatted field field--name-body field--type-text-with-summary field--label-hidden field__item\">\n<p>En 2006, les juridictions financi\u00e8res se sont dot\u00e9es, \u00e0 leur initiative, d\u2019une charte de d\u00e9ontologie, ainsi que d\u2019un coll\u00e8ge de d\u00e9ontologie. Les dispositions de la loi du 20 avril 2016 relative \u00e0 la d\u00e9ontologie et aux droits et obligations des fonctionnaires, traduite par l\u2019article L120-7 du CJF, consolident ce dispositif\u00a0 en pr\u00e9voyant l&rsquo;\u00e9tablissement d\u2019un tel document commun aux juridictions financi\u00e8res, prenant un caract\u00e8re r\u00e9glementaire,\u00a0 et l&rsquo;existence d&rsquo;un coll\u00e8ge de d\u00e9ontologie.<\/p>\n<p>La charte de 2006 n\u2019avait jusqu&rsquo;alors pas \u00e9t\u00e9 modifi\u00e9e, sauf pour \u00e9largir, en 2014, la composition du coll\u00e8ge. Cependant, depuis 2010, d\u2019importances r\u00e9flexions et consultations ont \u00e9t\u00e9 conduites en interne pour la faire \u00e9voluer et le Premier pr\u00e9sident avait demand\u00e9 au coll\u00e8ge, fin 2014, de pr\u00e9parer des propositions. La publication de la loi et de ses d\u00e9crets d&rsquo;application et les r\u00e9centes modifications du CJF ont permis l&rsquo;aboutissement de ce processus. Le texte renouvel\u00e9, et actualis\u00e9 depuis, \u00e9nonce des principes et des valeurs des juridictions financi\u00e8res ainsi que les pratiques et les comportements \u00e0\u00a0 rechercher.<\/p>\n<p>Court et synth\u00e9tique, il tient compte des \u00e9volutions r\u00e9glementaires (en particulier issues de la loi d\u2019avril 2016) qui, notamment, consacrent les principes de la\u00efcit\u00e9, de dignit\u00e9 et d\u2019int\u00e9grit\u00e9. Des dispositions sont consacr\u00e9es par exemple \u00e0 l\u2019expression publique en r\u00e9ponse aux dispositions introduites dans le CJF (article L120-5) sur le devoir de r\u00e9serve qui s\u2019impose aux membres des juridictions financi\u00e8res.<\/p>\n<p>La charte de d\u00e9ontologie des juridictions financi\u00e8res a re\u00e7u un avis favorable des conseils sup\u00e9rieurs de la Cour des comptes et des chambres r\u00e9gionales des comptes. Sa derni\u00e8re version est disponible sur le <a href=\"https:\/\/www.ccomptes.fr\/fr\/nous-decouvrir\/deontologie#1\">site internet de la Cour des comptes<\/a>.<\/p>\n<\/div>\n<\/div>\n<\/article>\n<\/div>\n<\/div>\n<\/div>\n<\/div>\n<\/div>\n<\/div>\n<\/div>\n","protected":false},"excerpt":{"rendered":"<p class=\"qua-blog-post-description\">En 2006, les juridictions financi\u00e8res se sont dot\u00e9es, \u00e0 leur initiative, d\u2019une charte de d\u00e9ontologie, ainsi que d\u2019un coll\u00e8ge de d\u00e9ontologie. Les dispositions de la loi du 20 avril 2016 relative \u00e0 la d\u00e9ontologie et aux droits et obligations des fonctionnaires, traduite par l\u2019article L120-7 du CJF, consolident ce dispositif\u00a0 en pr\u00e9voyant l&rsquo;\u00e9tablissement d\u2019un tel [&hellip;]<\/p>\n","protected":false},"author":1,"featured_media":0,"parent":40,"menu_order":7,"comment_status":"closed","ping_status":"closed","template":"","meta":{"footnotes":""},"class_list":["post-327","page","type-page","status-publish","hentry"],"_links":{"self":[{"href":"https:\/\/sjfu.fr\/index.php\/wp-json\/wp\/v2\/pages\/327","targetHints":{"allow":["GET"]}}],"collection":[{"href":"https:\/\/sjfu.fr\/index.php\/wp-json\/wp\/v2\/pages"}],"about":[{"href":"https:\/\/sjfu.fr\/index.php\/wp-json\/wp\/v2\/types\/page"}],"author":[{"embeddable":true,"href":"https:\/\/sjfu.fr\/index.php\/wp-json\/wp\/v2\/users\/1"}],"replies":[{"embeddable":true,"href":"https:\/\/sjfu.fr\/index.php\/wp-json\/wp\/v2\/comments?post=327"}],"version-history":[{"count":15,"href":"https:\/\/sjfu.fr\/index.php\/wp-json\/wp\/v2\/pages\/327\/revisions"}],"predecessor-version":[{"id":4952,"href":"https:\/\/sjfu.fr\/index.php\/wp-json\/wp\/v2\/pages\/327\/revisions\/4952"}],"up":[{"embeddable":true,"href":"https:\/\/sjfu.fr\/index.php\/wp-json\/wp\/v2\/pages\/40"}],"wp:attachment":[{"href":"https:\/\/sjfu.fr\/index.php\/wp-json\/wp\/v2\/media?parent=327"}],"curies":[{"name":"wp","href":"https:\/\/api.w.org\/{rel}","templated":true}]}}