{"id":3536,"date":"2017-10-20T12:53:44","date_gmt":"2017-10-20T11:53:44","guid":{"rendered":"http:\/\/sjfu.fr\/?page_id=3536"},"modified":"2026-01-13T18:28:36","modified_gmt":"2026-01-13T17:28:36","slug":"le-bureau","status":"publish","type":"page","link":"https:\/\/sjfu.fr\/index.php\/notre-syndicat\/le-bureau\/","title":{"rendered":"Le bureau et le conseil national"},"content":{"rendered":"\n<p>Le bureau dirige le syndicat, en application de ses statuts. Il est compos\u00e9, outre son pr\u00e9sident, de quatorze membres titulaires \u00e9lus pour trois ans par le congr\u00e8s (depuis le congr\u00e8s de Metz de 2023 ; deux ans auparavant). Le bureau attribue, par \u00e9lection en son sein, des fonctions ex\u00e9cutives \u00e0 ses membres, en particulier deux postes de vice-pr\u00e9sident.<\/p>\n\n\n\n<p>Lors du Congr\u00e8s de Paris fin 2024, la pr\u00e9sidente Audrey CAVAILLIER a \u00e9t\u00e9 r\u00e9\u00e9lue, accompagn\u00e9e de quatre nouveaux membres au sein du bureau : Sabra BENNASR-MASSON, J\u00e9r\u00e9my HEBERT, Vincent TOISIER et Yann GUERRIER-ROUCH. <\/p>\n\n\n\n<p>Lors du Congr\u00e8s d&rsquo;Arras fin 2025, Juliette BERTRAND et Laurent GEORGES ont \u00e9t\u00e9 \u00e9lus, en remplacement de Caroline DUPUIS-VERBEKE et d&rsquo;Arnaud PIERRAT (devenu SGA).<\/p>\n\n\n\n<p>Ainsi, le bureau en fonction est compos\u00e9 de la fa\u00e7on suivante :<\/p>\n\n\n\n<figure class=\"wp-block-table\"><table><tbody><tr><td><strong><em>Pr\u00e9sidente<\/em><\/strong><\/td><td>Audrey CAVAILLIER<\/td><\/tr><tr><td><strong><em>Vice-pr\u00e9sident<br><\/em><\/strong><\/td><td>Laurent CATINAUD<\/td><\/tr><tr><td><strong><em>Vice-pr\u00e9sident<\/em><\/strong><\/td><td>Marc SIMON<\/td><\/tr><tr><td><strong><em>Secr\u00e9taire g\u00e9n\u00e9ral<br><\/em><\/strong><\/td><td>Vincent BERIDOT<\/td><\/tr><tr><td><em><strong>Secr\u00e9taire g\u00e9n\u00e9ral adjoint<br><\/strong><\/em><\/td><td>Arnaud PIERRAT<\/td><\/tr><tr><td><em><strong>Tr\u00e9sorier<\/strong><\/em><\/td><td>Antoine GOBIN<\/td><\/tr><tr><td>Membre<\/td><td>Sabra BENNASR-MASSON<\/td><\/tr><tr><td>Membre<\/td><td>Juliette BERTRAND<\/td><\/tr><tr><td>Membre<\/td><td>Laurence CHENKIER<\/td><\/tr><tr><td>Membre<\/td><td>Pierre GEN\u00c8VE <\/td><\/tr><tr><td>Membre<\/td><td>Laurent GEORGES<\/td><\/tr><tr><td>Membre<\/td><td>Yann GUERRIER-ROUCH  <\/td><\/tr><tr><td>Membre<\/td><td>J\u00e9r\u00e9my HEBERT<\/td><\/tr><tr><td>Membre<\/td><td>Vincent TOISIER<\/td><\/tr><tr><td>Membre<\/td><td>Sylvie WUSTEFELD<\/td><\/tr><\/tbody><\/table><\/figure>\n\n\n\n<p>Le SJF disposait \u00e9galement d&rsquo;une r\u00e9viseure aux comptes, dont la fonction \u00e9tait assur\u00e9e par Axelle TOUPET, malheureusement d\u00e9c\u00e9d\u00e9e. Les membres du bureau et l&rsquo;ensemble de ses coll\u00e8gues soulignent son d\u00e9vouement et saluent affectueusement sa m\u00e9moire. Le nouveau r\u00e9viseur \u00e9lu est Julien MILLET.<\/p>\n\n\n\n<p>En vertu des statuts, le conseil national peut \u00eatre r\u00e9uni ; celui-ci comprend les membres du bureau et les d\u00e9l\u00e9gu\u00e9s de section. Le conseil national est r\u00e9uni pour prendre position sur des sujets d&rsquo;importance strat\u00e9gique qui requi\u00e8rent une large approbation.<\/p>\n","protected":false},"excerpt":{"rendered":"<p class=\"qua-blog-post-description\">Le bureau dirige le syndicat, en application de ses statuts. Il est compos\u00e9, outre son pr\u00e9sident, de quatorze membres titulaires \u00e9lus pour trois ans par le congr\u00e8s (depuis le congr\u00e8s de Metz de 2023 ; deux ans auparavant). Le bureau attribue, par \u00e9lection en son sein, des fonctions ex\u00e9cutives \u00e0 ses membres, en particulier deux [&hellip;]<\/p>\n","protected":false},"author":1,"featured_media":0,"parent":43,"menu_order":1,"comment_status":"closed","ping_status":"closed","template":"","meta":{"footnotes":""},"class_list":["post-3536","page","type-page","status-publish","hentry"],"_links":{"self":[{"href":"https:\/\/sjfu.fr\/index.php\/wp-json\/wp\/v2\/pages\/3536","targetHints":{"allow":["GET"]}}],"collection":[{"href":"https:\/\/sjfu.fr\/index.php\/wp-json\/wp\/v2\/pages"}],"about":[{"href":"https:\/\/sjfu.fr\/index.php\/wp-json\/wp\/v2\/types\/page"}],"author":[{"embeddable":true,"href":"https:\/\/sjfu.fr\/index.php\/wp-json\/wp\/v2\/users\/1"}],"replies":[{"embeddable":true,"href":"https:\/\/sjfu.fr\/index.php\/wp-json\/wp\/v2\/comments?post=3536"}],"version-history":[{"count":41,"href":"https:\/\/sjfu.fr\/index.php\/wp-json\/wp\/v2\/pages\/3536\/revisions"}],"predecessor-version":[{"id":5961,"href":"https:\/\/sjfu.fr\/index.php\/wp-json\/wp\/v2\/pages\/3536\/revisions\/5961"}],"up":[{"embeddable":true,"href":"https:\/\/sjfu.fr\/index.php\/wp-json\/wp\/v2\/pages\/43"}],"wp:attachment":[{"href":"https:\/\/sjfu.fr\/index.php\/wp-json\/wp\/v2\/media?parent=3536"}],"curies":[{"name":"wp","href":"https:\/\/api.w.org\/{rel}","templated":true}]}}