{"id":3657,"date":"2017-11-18T21:39:13","date_gmt":"2017-11-18T20:39:13","guid":{"rendered":"http:\/\/sjfu.fr\/?page_id=3657"},"modified":"2025-11-06T15:05:50","modified_gmt":"2025-11-06T14:05:50","slug":"les-chambres-regionales-des-comptes","status":"publish","type":"page","link":"https:\/\/sjfu.fr\/index.php\/les-chambres-regionales-des-comptes\/","title":{"rendered":"Les chambres r\u00e9gionales des comptes"},"content":{"rendered":"\n<p>Le syndicat des juridictions financi\u00e8res (SJF) est le seul syndicat repr\u00e9sentatif des magistrats des chambres r\u00e9gionales et territoriales&nbsp;des comptes.<\/p>\n\n\n\n<p>Les chambres r\u00e9gionales et territoriales des comptes ont \u00e9t\u00e9 cr\u00e9\u00e9es en 1982. Chaque r\u00e9gion de m\u00e9tropole et chaque r\u00e9gion ou territoire d&rsquo;outre mer dispose d&rsquo;une chambre.<\/p>\n\n\n\n<p>Elles sont des juridictions ind\u00e9pendantes qui contr\u00f4lent les comptes et la gestion des collectivit\u00e9s territoriales et de leurs satellites, jugent leurs comptes tenus par les comptables publics agents de l&rsquo;Etat, et examinent leurs actes budg\u00e9taires et comptables.<\/p>\n\n\n\n<p>Leur organisation, leur fonctionnement et leurs missions sont r\u00e9gis par le <a href=\"https:\/\/www.legifrance.gouv.fr\/affichCode.do?cidTexte=LEGITEXT000006070249\">code des juridictions financi\u00e8res<\/a>.<\/p>\n\n\n\n<p>Vous pouvez \u00e9galement suivre l&rsquo;actualit\u00e9 du SJF sur les r\u00e9seaux sociaux : <a href=\"https:\/\/www.linkedin.com\/in\/sjf-syndicat-des-juridictions-financi%C3%A8res-a85565193\/\">Linkedin<\/a> et <a href=\"https:\/\/twitter.com\/syndicatjf\">X (Twitter)<\/a>.<\/p>\n","protected":false},"excerpt":{"rendered":"<p class=\"qua-blog-post-description\">Le syndicat des juridictions financi\u00e8res (SJF) est le seul syndicat repr\u00e9sentatif des magistrats des chambres r\u00e9gionales et territoriales&nbsp;des comptes. Les chambres r\u00e9gionales et territoriales des comptes ont \u00e9t\u00e9 cr\u00e9\u00e9es en 1982. Chaque r\u00e9gion de m\u00e9tropole et chaque r\u00e9gion ou territoire d&rsquo;outre mer dispose d&rsquo;une chambre. Elles sont des juridictions ind\u00e9pendantes qui contr\u00f4lent les comptes et [&hellip;]<\/p>\n","protected":false},"author":1,"featured_media":0,"parent":0,"menu_order":0,"comment_status":"closed","ping_status":"closed","template":"","meta":{"footnotes":""},"class_list":["post-3657","page","type-page","status-publish","hentry"],"_links":{"self":[{"href":"https:\/\/sjfu.fr\/index.php\/wp-json\/wp\/v2\/pages\/3657","targetHints":{"allow":["GET"]}}],"collection":[{"href":"https:\/\/sjfu.fr\/index.php\/wp-json\/wp\/v2\/pages"}],"about":[{"href":"https:\/\/sjfu.fr\/index.php\/wp-json\/wp\/v2\/types\/page"}],"author":[{"embeddable":true,"href":"https:\/\/sjfu.fr\/index.php\/wp-json\/wp\/v2\/users\/1"}],"replies":[{"embeddable":true,"href":"https:\/\/sjfu.fr\/index.php\/wp-json\/wp\/v2\/comments?post=3657"}],"version-history":[{"count":7,"href":"https:\/\/sjfu.fr\/index.php\/wp-json\/wp\/v2\/pages\/3657\/revisions"}],"predecessor-version":[{"id":5943,"href":"https:\/\/sjfu.fr\/index.php\/wp-json\/wp\/v2\/pages\/3657\/revisions\/5943"}],"wp:attachment":[{"href":"https:\/\/sjfu.fr\/index.php\/wp-json\/wp\/v2\/media?parent=3657"}],"curies":[{"name":"wp","href":"https:\/\/api.w.org\/{rel}","templated":true}]}}