{"id":40,"date":"2015-10-25T17:15:19","date_gmt":"2015-10-25T16:15:19","guid":{"rendered":"http:\/\/sjfu.fr\/?page_id=40"},"modified":"2023-11-30T22:26:20","modified_gmt":"2023-11-30T21:26:20","slug":"notre-statut","status":"publish","type":"page","link":"https:\/\/sjfu.fr\/index.php\/les-chambres-regionales-des-comptes\/notre-statut\/","title":{"rendered":"Notre corps et nos valeurs"},"content":{"rendered":"\n<figure class=\"wp-block-image\"><a href=\"https:\/\/sjfu.fr\/wp-content\/uploads\/2015\/10\/Magistrats-en-col\u00e8re.jpg\"><img loading=\"lazy\" decoding=\"async\" width=\"285\" height=\"141\" src=\"https:\/\/sjfu.fr\/wp-content\/uploads\/2015\/10\/Magistrats-en-col\u00e8re.jpg\" alt=\"\" class=\"wp-image-39\"\/><\/a><\/figure>\n\n\n\n<p><strong>Un statut de magistrat <\/strong><\/p>\n\n\n\n<p>Les membres des chambres r\u00e9gionales des comptes sont des magistrats. Au m\u00eame titre que les magistrats de l\u2019ordre judiciaire ou des magistrats administratifs (qui exercent leurs fonctions dans les tribunaux administratifs et les cours administratives d\u2019appel), les magistrats des juridictions financi\u00e8res b\u00e9n\u00e9ficient d\u2019un <a href=\"https:\/\/www.legifrance.gouv.fr\/affichCode.do;jsessionid=F985FBBCF5BDAB351FE3757890411FEC.tpdjo05v_3?idSectionTA=LEGISCTA000006164118&amp;cidTexte=LEGITEXT000006070249&amp;dateTexte=20130709\">statut<\/a> qui leur garantit une grande ind\u00e9pendance, l\u2019inamovibilit\u00e9 et leur conf\u00e8re d\u2019importants pouvoirs d\u2019investigation.<\/p>\n\n\n\n<p><strong>Le d\u00e9roulement de carri\u00e8re <\/strong><\/p>\n\n\n\n<p>Comme tous les fonctionnaires, les magistrats des juridictions financi\u00e8res appartiennent \u00e0 un corps et b\u00e9n\u00e9ficient d\u2019un d\u00e9roulement de carri\u00e8re fix\u00e9 par un statut : ce statut fixe notamment les conditions de promotion \u00e0 l\u2019int\u00e9rieur de ce corps ainsi que la grille indiciaire. Aussi les magistrats des juridictions financi\u00e8res font-ils partie des emplois sup\u00e9rieurs de l\u2019\u00c9tat (cat\u00e9gorie dite \u00ab A+ \u00bb). Ce statut de cat\u00e9gorie A+ leur permet d\u2019acc\u00e9der, au cours de leur carri\u00e8re, \u00e0 des postes \u00e0 responsabilit\u00e9 \u00e9lev\u00e9e (dans les juridictions financi\u00e8res ou par voie de d\u00e9tachement) dans l\u2019ensemble des trois fonctions publiques (fonction publique d\u2019\u00c9tat, fonction publique territoriale, fonction publique hospitali\u00e8re) et de b\u00e9n\u00e9ficier d\u2019une r\u00e9mun\u00e9ration d\u00e9di\u00e9e. Jusqu&rsquo;\u00e0 la <a href=\"https:\/\/www.legifrance.gouv.fr\/jorf\/id\/JORFTEXT000048430512\">loi n\u00b0 2023-1059 du 20 novembre 2023 d&rsquo;orientation et de programmation du minist\u00e8re de la justice 2023-2027<\/a>, le corps des conseillers de chambre r\u00e9gionale des comptes comportait trois grades : conseiller, premier conseiller, pr\u00e9sident de section. Depuis, les trois grades sont conseiller, premier conseiller et conseiller-pr\u00e9sident, l&#8217;emploi de pr\u00e9sident de section ayant vocation \u00e0 \u00eatre fonctionnalis\u00e9. \u00c0 chaque grade correspond une grille indiciaire comportant des \u00e9chelons et des indices permettant de fixer le traitement brut annuel, hors primes, ainsi que des conditions de promotion d\u2019un grade \u00e0 l\u2019autre.<\/p>\n\n\n\n<p><strong>R\u00e9mun\u00e9ration <\/strong><\/p>\n\n\n\n<p>Traditionnellement recrut\u00e9s par la voie de l&rsquo;ENA (aujourd&rsquo;hui INSP), les conseillers b\u00e9n\u00e9ficient, depuis 2011, d&rsquo;un recrutement compl\u00e9mentaire (dit \u00ab\u00a0concours direct\u00a0\u00bb).<\/p>\n\n\n\n<p><strong>Effectifs des personnels de la Cour et des chambres r\u00e9gionales et territoriales des comptes<\/strong><\/p>\n\n\n\n<figure class=\"wp-block-table\"><table><tbody><tr><td><em>&nbsp;<\/em><\/td><td><strong>2016<\/strong><\/td><td><strong>2017<\/strong><\/td><td><strong>2018<\/strong><\/td><td><strong>2019<\/strong><\/td><td><strong>2020<\/strong><\/td><td><strong>2021<\/strong><\/td><td><strong>2022<\/strong><\/td><\/tr><tr><td><em>Premier pr\u00e9sident, procureur g\u00e9n\u00e9ral et pr\u00e9sidents de chambre<\/em><\/td><td>10<\/td><td>9<\/td><td>9<\/td><td>9<\/td><td>9<\/td><td>9<\/td><td>10<\/td><\/tr><tr><td><em>Secr\u00e9taires g\u00e9n\u00e9raux et avocats g\u00e9n\u00e9raux<\/em><\/td><td>8<\/td><td>8<\/td><td>8<\/td><td>9<\/td><td>9<\/td><td>9<\/td><td>8<\/td><\/tr><tr><td><em>Autres magistrats et personnels de contr\u00f4le<\/em><\/td><td>408<\/td><td>438<\/td><td>435<\/td><td>449<\/td><td>434<\/td><td>450<\/td><td>476<\/td><\/tr><tr><td><em>Personnel administratif<\/em><\/td><td>286<\/td><td>291<\/td><td>307<\/td><td>315<\/td><td>319<\/td><td>330<\/td><td>313<\/td><\/tr><tr><td><strong><em>Total Cour <\/em><\/strong><\/td><td><strong>712<\/strong><\/td><td><strong>746<\/strong><\/td><td><strong>759<\/strong><\/td><td><strong>782<\/strong><\/td><td><strong>771<\/strong><\/td><td><strong>798<\/strong><\/td><td><strong>807<\/strong><\/td><\/tr><tr><td><em>Pr\u00e9sidents, vice-pr\u00e9sidents, pr\u00e9sidents de section et autres magistrats et personnels de contr\u00f4le<\/em><\/td><td>729<\/td><td>743<\/td><td>746<\/td><td>739<\/td><td>746<\/td><td>747<\/td><td>743<\/td><\/tr><tr><td><em>Personnel administratif<\/em><\/td><td>288<\/td><td>288<\/td><td>278<\/td><td>277<\/td><td>269<\/td><td>265<\/td><td>262<\/td><\/tr><tr><td><strong><em>Total CRTC <\/em><\/strong><\/td><td><strong>1017<\/strong><\/td><td><strong>1031<\/strong><\/td><td><strong>1024<\/strong><\/td><td><strong>1016<\/strong><\/td><td><strong>1015<\/strong><\/td><td><strong>1012<\/strong><\/td><td><strong>1005<\/strong><\/td><\/tr><tr><td>\n<p style=\"text-align: left;\"><strong><em>Total Cour et&nbsp;<\/em><\/strong><strong><em>CRTC <\/em><\/strong><\/p>\n<\/td><td><strong>1729<\/strong><\/td><td><strong>1777<\/strong><\/td><td><strong>1783<\/strong><\/td><td><strong>1798<\/strong><\/td><td><strong>1786<\/strong><\/td><td><strong>1810<\/strong><\/td><td><strong>1812<\/strong><\/td><\/tr><\/tbody><\/table><\/figure>\n\n\n\n<p>Source : Cour des comptes (rapports publics annuels) et minist\u00e8re public.<\/p>\n\n\n\n<p><a href=\"https:\/\/www.legifrance.gouv.fr\/jorf\/id\/JORFTEXT000047902123\">L&rsquo;arr\u00eat\u00e9 du 13 juillet 202<\/a>3 fixant les effectifs de magistrats (hors vices-pr\u00e9sidents et pr\u00e9sidents) et le nombre de procureurs financiers dans les chambres r\u00e9gionales des comptes indique un nombre de 369 postes de magistrats, dont 25 procureurs financiers.<\/p>\n","protected":false},"excerpt":{"rendered":"<p class=\"qua-blog-post-description\">Un statut de magistrat Les membres des chambres r\u00e9gionales des comptes sont des magistrats. Au m\u00eame titre que les magistrats de l\u2019ordre judiciaire ou des magistrats administratifs (qui exercent leurs fonctions dans les tribunaux administratifs et les cours administratives d\u2019appel), les magistrats des juridictions financi\u00e8res b\u00e9n\u00e9ficient d\u2019un statut qui leur garantit une grande ind\u00e9pendance, l\u2019inamovibilit\u00e9 [&hellip;]<\/p>\n","protected":false},"author":1,"featured_media":0,"parent":3657,"menu_order":3,"comment_status":"closed","ping_status":"closed","template":"","meta":{"footnotes":""},"class_list":["post-40","page","type-page","status-publish","hentry"],"_links":{"self":[{"href":"https:\/\/sjfu.fr\/index.php\/wp-json\/wp\/v2\/pages\/40","targetHints":{"allow":["GET"]}}],"collection":[{"href":"https:\/\/sjfu.fr\/index.php\/wp-json\/wp\/v2\/pages"}],"about":[{"href":"https:\/\/sjfu.fr\/index.php\/wp-json\/wp\/v2\/types\/page"}],"author":[{"embeddable":true,"href":"https:\/\/sjfu.fr\/index.php\/wp-json\/wp\/v2\/users\/1"}],"replies":[{"embeddable":true,"href":"https:\/\/sjfu.fr\/index.php\/wp-json\/wp\/v2\/comments?post=40"}],"version-history":[{"count":18,"href":"https:\/\/sjfu.fr\/index.php\/wp-json\/wp\/v2\/pages\/40\/revisions"}],"predecessor-version":[{"id":5634,"href":"https:\/\/sjfu.fr\/index.php\/wp-json\/wp\/v2\/pages\/40\/revisions\/5634"}],"up":[{"embeddable":true,"href":"https:\/\/sjfu.fr\/index.php\/wp-json\/wp\/v2\/pages\/3657"}],"wp:attachment":[{"href":"https:\/\/sjfu.fr\/index.php\/wp-json\/wp\/v2\/media?parent=40"}],"curies":[{"name":"wp","href":"https:\/\/api.w.org\/{rel}","templated":true}]}}