{"id":43,"date":"2015-10-25T17:17:50","date_gmt":"2015-10-25T16:17:50","guid":{"rendered":"http:\/\/sjfu.fr\/?page_id=43"},"modified":"2022-12-04T20:17:50","modified_gmt":"2022-12-04T19:17:50","slug":"notre-syndicat","status":"publish","type":"page","link":"https:\/\/sjfu.fr\/index.php\/notre-syndicat\/","title":{"rendered":"Notre syndicat"},"content":{"rendered":"\n<p>Le SJF est un&nbsp;<b>syndicat professionnel<\/b> de droit&nbsp;priv\u00e9 qui a pour but d&rsquo;<span class=\"citation\">\u00ab&nbsp;assurer la d\u00e9fense des int\u00e9r\u00eats mat\u00e9riels et moraux de ses membres&nbsp;\u00bb<\/span>.<\/p>\n\n\n<div class=\"wp-block-image\">\n<figure class=\"alignleft\"><a href=\"https:\/\/sjfu.fr\/wp-content\/uploads\/2015\/10\/IMG_1179.jpg\"><img loading=\"lazy\" decoding=\"async\" width=\"300\" height=\"225\" src=\"https:\/\/sjfu.fr\/wp-content\/uploads\/2015\/10\/IMG_1179-300x225.jpg\" alt=\"Didier Migaud et Vincent Sivr\u00e9 lors du congr\u00e8s du SJFu en d\u00e9cembre 2015, \u00e0 Lyon\" class=\"wp-image-504\" srcset=\"https:\/\/sjfu.fr\/wp-content\/uploads\/2015\/10\/IMG_1179-300x225.jpg 300w, https:\/\/sjfu.fr\/wp-content\/uploads\/2015\/10\/IMG_1179-1024x768.jpg 1024w\" sizes=\"auto, (max-width: 300px) 100vw, 300px\" \/><\/a><figcaption class=\"wp-element-caption\">Didier Migaud, Premier pr\u00e9sident de la Cour des comptes, \u00e0 l&rsquo;\u00e9coute des magistrats de CRTC r\u00e9unis en congr\u00e8s<\/figcaption><\/figure>\n<\/div>\n\n\n<p>Outre le <a href=\"https:\/\/sjfu.fr\/index.php\/notre-syndicat\/congres\/\"><strong>congr\u00e8s<\/strong><\/a>, ordinaire ou extraordinaire, les instances du syndicat se composent du conseil national, du bureau national et des sections&nbsp;territoriales.<\/p>\n\n\n\n<p><strong>Le <a href=\"https:\/\/sjfu.fr\/index.php\/notre-syndicat\/le-bureau\/\">conseil national<\/a><\/strong><\/p>\n\n\n\n<p>Le conseil national du Syndicat regroupe les membres du bureau national et les secr\u00e9taires de section.&nbsp;Les membres \u00e9lus au Conseil sup\u00e9rieur assistent au conseil national sans voix d\u00e9lib\u00e9rative.<\/p>\n\n\n\n<p>Les membres du conseil national s\u2019obligent au respect d\u2019une charte d\u2019engagements, pr\u00e9cis\u00e9e en annexe au r\u00e8glement int\u00e9rieur.<\/p>\n\n\n\n<p><strong>Le <a href=\"https:\/\/sjfu.fr\/index.php\/notre-syndicat\/le-bureau\/\">bureau national<\/a><\/strong><\/p>\n\n\n\n<p>Le syndicat est dirig\u00e9 par un bureau comprenant 12 membres titulaires, \u00e9lus par le congr\u00e8s. II comprend un <a href=\"https:\/\/sjfu.fr\/index.php\/notre-syndicat\/galerie-des-presidents\/\"><strong>pr\u00e9sident<\/strong><\/a>, deux vice-pr\u00e9sidents, un secr\u00e9taire g\u00e9n\u00e9ral, un secr\u00e9taire g\u00e9n\u00e9ral adjoint et un tr\u00e9sorier. En pratique, les membres suppl\u00e9ants du bureau et les coll\u00e8gues \u00e9lus au Conseil sup\u00e9rieur assistent \u00e9galement au bureau national, sans voix d\u00e9lib\u00e9rative, afin de respecter les statuts.<\/p>\n\n\n\n<p>Les d\u00e9cisions sont prises par consensus, sauf si un membre demande un vote formel.<\/p>\n\n\n\n<p><strong>Les sections territoriales<\/strong><\/p>\n\n\n\n<p>Dans chaque juridiction, une section regroupe les membres syndiqu\u00e9s de la juridiction.<\/p>\n\n\n<div class=\"wp-block-image\">\n<figure class=\"alignleft\"><a href=\"https:\/\/sjfu.fr\/wp-content\/uploads\/2017\/08\/Carte-des-JF.jpg\"><img loading=\"lazy\" decoding=\"async\" width=\"1083\" height=\"1171\" src=\"https:\/\/sjfu.fr\/wp-content\/uploads\/2017\/08\/Carte-des-JF.jpg\" alt=\"\" class=\"wp-image-3216\" srcset=\"https:\/\/sjfu.fr\/wp-content\/uploads\/2017\/08\/Carte-des-JF.jpg 1083w, https:\/\/sjfu.fr\/wp-content\/uploads\/2017\/08\/Carte-des-JF-277x300.jpg 277w, https:\/\/sjfu.fr\/wp-content\/uploads\/2017\/08\/Carte-des-JF-768x830.jpg 768w, https:\/\/sjfu.fr\/wp-content\/uploads\/2017\/08\/Carte-des-JF-947x1024.jpg 947w, https:\/\/sjfu.fr\/wp-content\/uploads\/2017\/08\/Carte-des-JF-600x649.jpg 600w, https:\/\/sjfu.fr\/wp-content\/uploads\/2017\/08\/Carte-des-JF-300x324.jpg 300w\" sizes=\"auto, (max-width: 1083px) 100vw, 1083px\" \/><\/a><figcaption class=\"wp-element-caption\">Sections syndicales du SJF<\/figcaption><\/figure>\n<\/div>\n\n\n<p>Deux autres sections regroupent, d&rsquo;une part, les membres en service d\u00e9tach\u00e9 ou en disponibilit\u00e9 et, d&rsquo;autre part, les membres honoraires, toujours tr\u00e8s actifs.<\/p>\n\n\n\n<p>Chaque section \u00e9lit un d\u00e9l\u00e9gu\u00e9&nbsp;et un ou plusieurs d\u00e9l\u00e9gu\u00e9s&nbsp;adjoints. Le d\u00e9l\u00e9gu\u00e9&nbsp;de section est le correspondant du bureau. A ce titre, il est, notamment, charg\u00e9 de la diffusion des informations et documents transmis par le bureau, du recouvrement des cotisations et de la transmission au bureau de toute information ou de tout document d\u2019int\u00e9r\u00eat professionnel susceptible de l\u2019int\u00e9resser. Il repr\u00e9sente les membres aupr\u00e8s du pr\u00e9sident de la juridiction.<\/p>\n","protected":false},"excerpt":{"rendered":"<p class=\"qua-blog-post-description\">Le SJF est un&nbsp;syndicat professionnel de droit&nbsp;priv\u00e9 qui a pour but d&rsquo;\u00ab&nbsp;assurer la d\u00e9fense des int\u00e9r\u00eats mat\u00e9riels et moraux de ses membres&nbsp;\u00bb. Outre le congr\u00e8s, ordinaire ou extraordinaire, les instances du syndicat se composent du conseil national, du bureau national et des sections&nbsp;territoriales. Le conseil national Le conseil national du Syndicat regroupe les membres du [&hellip;]<\/p>\n","protected":false},"author":1,"featured_media":0,"parent":0,"menu_order":1,"comment_status":"closed","ping_status":"closed","template":"","meta":{"footnotes":""},"class_list":["post-43","page","type-page","status-publish","hentry"],"_links":{"self":[{"href":"https:\/\/sjfu.fr\/index.php\/wp-json\/wp\/v2\/pages\/43","targetHints":{"allow":["GET"]}}],"collection":[{"href":"https:\/\/sjfu.fr\/index.php\/wp-json\/wp\/v2\/pages"}],"about":[{"href":"https:\/\/sjfu.fr\/index.php\/wp-json\/wp\/v2\/types\/page"}],"author":[{"embeddable":true,"href":"https:\/\/sjfu.fr\/index.php\/wp-json\/wp\/v2\/users\/1"}],"replies":[{"embeddable":true,"href":"https:\/\/sjfu.fr\/index.php\/wp-json\/wp\/v2\/comments?post=43"}],"version-history":[{"count":17,"href":"https:\/\/sjfu.fr\/index.php\/wp-json\/wp\/v2\/pages\/43\/revisions"}],"predecessor-version":[{"id":5359,"href":"https:\/\/sjfu.fr\/index.php\/wp-json\/wp\/v2\/pages\/43\/revisions\/5359"}],"wp:attachment":[{"href":"https:\/\/sjfu.fr\/index.php\/wp-json\/wp\/v2\/media?parent=43"}],"curies":[{"name":"wp","href":"https:\/\/api.w.org\/{rel}","templated":true}]}}