{"id":4586,"date":"2019-03-19T11:35:35","date_gmt":"2019-03-19T10:35:35","guid":{"rendered":"http:\/\/sjfu.fr\/?page_id=4586"},"modified":"2023-02-14T13:45:26","modified_gmt":"2023-02-14T12:45:26","slug":"communication-syndicale-pourquoi-adherer","status":"publish","type":"page","link":"https:\/\/sjfu.fr\/index.php\/nos-adherents\/communication-syndicale-pourquoi-adherer\/","title":{"rendered":"Pourquoi adh\u00e9rer ?"},"content":{"rendered":"\n<p>Le SJF est mandat\u00e9&nbsp;par ses adh\u00e9rents pour porter leurs revendications aupr\u00e8s de l&rsquo;administration et g\u00e8re avec eux, au quotidien, les relations individuelles et collectives avec l&rsquo;administration de la Cour des comptes et les pr\u00e9sidents de leurs CRTC respectives. Par ailleurs, les repr\u00e9sentants des magistrats au Conseil sup\u00e9rieur ont \u00e9t\u00e9 \u00e9lus sur la liste du syndicat et s&rsquo;expriment pour l&rsquo;ensemble du corps.&nbsp;Il leur incombe donc d&rsquo;informer tous les coll\u00e8gues des positions qu&rsquo;ils prennent et des actions qu&rsquo;ils m\u00e8nent pour la d\u00e9fense de leurs int\u00e9r\u00eats mat\u00e9riels et moraux.<\/p>\n\n\n\n<p><strong>D\u00e8s lors, le SJF diffuse<\/strong><strong>&nbsp;\u00e0 l&rsquo;ensemble des magistrats de CRTC<\/strong>&nbsp;:<\/p>\n\n\n\n<ul class=\"wp-block-list\">\n<li>le compte-rendu du Conseil sup\u00e9rieur r\u00e9dig\u00e9 par les repr\u00e9sentants \u00e9lus.<\/li>\n\n\n\n<li>toute information utile sur l&rsquo;actualit\u00e9 touchant le syndicat et les juridictions financi\u00e8res.<\/li>\n<\/ul>\n\n\n\n<p><strong>Adh\u00e9rer au SJF permet d&rsquo;acc\u00e9der \u00e0 une information plus riche, plus r\u00e9guli\u00e8re et plus d\u00e9taill\u00e9e surtout en ce qui concerne les sujets cat\u00e9goriels (carri\u00e8re, r\u00e9mun\u00e9ration, vie des juridictions financi\u00e8res, etc.). <\/strong>Nos adh\u00e9rents b\u00e9n\u00e9ficient donc d&rsquo;informations exclusives sur :<\/p>\n\n\n\n<ul class=\"wp-block-list\">\n<li>Les travaux, actions et propositions syndicales, soit en exclusivit\u00e9 soit en avant-premi\u00e8re.<\/li>\n\n\n\n<li>Les textes qui r\u00e9gissent notre corps (statut,&nbsp;r\u00e9gime indemnitaire, \u00e9valuation, etc.), leurs \u00e9volutions et&nbsp;des informations sur leur application.<\/li>\n\n\n\n<li>Les analyses et dossiers d\u00e9pos\u00e9s aupr\u00e8s de l&rsquo;administration pour d\u00e9fendre les int\u00e9r\u00eats du corps et am\u00e9liorer le d\u00e9roulement de carri\u00e8re des magistrats (analyse prospective pluriannuelle des candidatures \u00e0 l&rsquo;int\u00e9gration, bilan d\u00e9taill\u00e9 du r\u00e9gime indemnitaire, proposition de refonte de la grille indiciaire, all\u00e8gement des incompatibilit\u00e9s, etc.).<\/li>\n\n\n\n<li>Les dossiers et comptes rendus des r\u00e9unions de dialogue social avec l&rsquo;administration.<\/li>\n\n\n\n<li>L&rsquo;agenda d\u00e9taill\u00e9&nbsp;des conseils sup\u00e9rieurs, des r\u00e9unions de dialogue social et des rencontres institutionnelles.<\/li>\n\n\n\n<li>Le fonctionnement interne du syndicat (organisation\u00a0du\u00a0congr\u00e8s, renouvellement du bureau et des d\u00e9l\u00e9gu\u00e9s de section,\u00a0exercice du droit syndical).<\/li>\n<\/ul>\n\n\n\n<p>Par ailleurs, le SJF diffuse r\u00e9guli\u00e8rement, au fil de l&rsquo;eau, des informations et des documents\u00a0<strong>aux d\u00e9l\u00e9gu\u00e9s de section<\/strong>, pour diffusion aux adh\u00e9rents. De m\u00eame, les <strong>sections locales<\/strong> sont des lieux d&rsquo;\u00e9changes d&rsquo;informations et de d\u00e9bats sur les sujets d&rsquo;actualit\u00e9 touchant le syndicat et les juridictions financi\u00e8res.<\/p>\n\n\n\n<p>Enfin,\u00a0<strong>les membres du bureau national<\/strong>\u00a0sont toujours \u00e0 votre disposition, pour \u00e9voquer tout probl\u00e8me individuel ou collectif.<\/p>\n\n\n\n<p>Pour adh\u00e9rer ou renouveler votre adh\u00e9sion, <a href=\"https:\/\/sjfu.fr\/index.php\/nos-adherents\/\">cliquez ici<\/a>.<\/p>\n","protected":false},"excerpt":{"rendered":"<p class=\"qua-blog-post-description\">Le SJF est mandat\u00e9&nbsp;par ses adh\u00e9rents pour porter leurs revendications aupr\u00e8s de l&rsquo;administration et g\u00e8re avec eux, au quotidien, les relations individuelles et collectives avec l&rsquo;administration de la Cour des comptes et les pr\u00e9sidents de leurs CRTC respectives. Par ailleurs, les repr\u00e9sentants des magistrats au Conseil sup\u00e9rieur ont \u00e9t\u00e9 \u00e9lus sur la liste du syndicat [&hellip;]<\/p>\n","protected":false},"author":1,"featured_media":0,"parent":46,"menu_order":0,"comment_status":"closed","ping_status":"closed","template":"","meta":{"footnotes":""},"class_list":["post-4586","page","type-page","status-publish","hentry"],"_links":{"self":[{"href":"https:\/\/sjfu.fr\/index.php\/wp-json\/wp\/v2\/pages\/4586","targetHints":{"allow":["GET"]}}],"collection":[{"href":"https:\/\/sjfu.fr\/index.php\/wp-json\/wp\/v2\/pages"}],"about":[{"href":"https:\/\/sjfu.fr\/index.php\/wp-json\/wp\/v2\/types\/page"}],"author":[{"embeddable":true,"href":"https:\/\/sjfu.fr\/index.php\/wp-json\/wp\/v2\/users\/1"}],"replies":[{"embeddable":true,"href":"https:\/\/sjfu.fr\/index.php\/wp-json\/wp\/v2\/comments?post=4586"}],"version-history":[{"count":9,"href":"https:\/\/sjfu.fr\/index.php\/wp-json\/wp\/v2\/pages\/4586\/revisions"}],"predecessor-version":[{"id":5445,"href":"https:\/\/sjfu.fr\/index.php\/wp-json\/wp\/v2\/pages\/4586\/revisions\/5445"}],"up":[{"embeddable":true,"href":"https:\/\/sjfu.fr\/index.php\/wp-json\/wp\/v2\/pages\/46"}],"wp:attachment":[{"href":"https:\/\/sjfu.fr\/index.php\/wp-json\/wp\/v2\/media?parent=4586"}],"curies":[{"name":"wp","href":"https:\/\/api.w.org\/{rel}","templated":true}]}}