{"id":4599,"date":"2019-07-03T14:28:59","date_gmt":"2019-07-03T13:28:59","guid":{"rendered":"http:\/\/sjfu.fr\/?page_id=4599"},"modified":"2023-12-04T19:38:13","modified_gmt":"2023-12-04T18:38:13","slug":"rennes-2019","status":"publish","type":"page","link":"https:\/\/sjfu.fr\/index.php\/notre-syndicat\/congres\/rennes-2019\/","title":{"rendered":"Rennes 2019"},"content":{"rendered":"<h2>\u00a0<\/h2>\n<p>\u00a0<\/p>\n<h2 style=\"text-align: center;\">Congr\u00e8s 2019 du Syndicat des juridictions financi\u00e8res<\/h2>\n<h4 style=\"text-align: center;\"><strong>Le syndicat des juridictions financi\u00e8res tiendra son congr\u00e8s annuel les jeudi 10 et vendredi 11 octobre 2019 \u00e0 RENNES<\/strong>.<\/h4>\n<h4 style=\"text-align: center;\"><strong>L&rsquo;\u00e9v\u00e9nement\u00a0aura lieu \u00e0 <a href=\"https:\/\/www.ccomptes.fr\/fr\/crc-bretagne\">la Chambre r\u00e9gionale des comptes de Bretagne<\/a><\/strong><\/h4>\n<p style=\"text-align: center;\">3 rue Robert d&rsquo;Arbrissel<\/p>\n<p><img loading=\"lazy\" decoding=\"async\" class=\"wp-image-4605 aligncenter\" src=\"https:\/\/sjfu.fr\/wp-content\/uploads\/2019\/06\/IMG_3664.jpg\" alt=\"\" width=\"587\" height=\"440\" srcset=\"https:\/\/sjfu.fr\/wp-content\/uploads\/2019\/06\/IMG_3664.jpg 3264w, https:\/\/sjfu.fr\/wp-content\/uploads\/2019\/06\/IMG_3664-300x225.jpg 300w, https:\/\/sjfu.fr\/wp-content\/uploads\/2019\/06\/IMG_3664-768x576.jpg 768w, https:\/\/sjfu.fr\/wp-content\/uploads\/2019\/06\/IMG_3664-1024x768.jpg 1024w, https:\/\/sjfu.fr\/wp-content\/uploads\/2019\/06\/IMG_3664-600x450.jpg 600w, https:\/\/sjfu.fr\/wp-content\/uploads\/2019\/06\/IMG_3664-1320x990.jpg 1320w\" sizes=\"auto, (max-width: 587px) 100vw, 587px\" \/><\/p>\n<h3 style=\"text-align: center;\"><strong>PROGRAMME<\/strong><\/h3>\n<p><strong>JEUDI 10 OCTOBRE<\/strong><\/p>\n<ul>\n<li>D\u00e9jeuner libre<\/li>\n<li><strong>A partir de 13h : <\/strong>accueil des participants, vote pour l&rsquo;\u00e9lection du pr\u00e9sident et du bureau national &#8230; et caf\u00e9 gourmand !<\/li>\n<li><strong>14h<\/strong> : mot d&rsquo;accueil du pr\u00e9sident du SJF et de la pr\u00e9sidente de la CRC Bretagne.<\/li>\n<li><strong>14h15<\/strong>\u00a0: pr\u00e9sentation et d\u00e9bat sur les rapports statutaires (rapport moral du pr\u00e9sident, rapports du tr\u00e9sorier et du r\u00e9viseur aux comptes, rapport d&rsquo;activit\u00e9 du Conseil sup\u00e9rieur).<\/li>\n<li><strong>15h30<\/strong> : proclamation des r\u00e9sultats de l&rsquo;\u00e9lection du pr\u00e9sident et du bureau national.<\/li>\n<li><strong>16h<\/strong>\u00a0: <strong>d\u00e9bat sur le rapprochement de la Cour et des chambres r\u00e9gionales des comptes <\/strong>(pour approbation de la position syndicale le lendemain, apr\u00e8s prise en compte des amendements)<strong>.<\/strong><\/li>\n<li><strong>20h<\/strong>\u00a0: d\u00eener de gala.<\/li>\n<\/ul>\n<p><strong>VENDREDI 11 OCTOBRE<\/strong><\/p>\n<ul>\n<li><strong>A partir de 9h30<\/strong> : petit-d\u00e9jeuner d&rsquo;accueil.<\/li>\n<li><strong>10h<\/strong> :<strong> dix ans apr\u00e8s le projet S\u00e9guin, approbation de la position du SJF pour achever la convergence de la Cour et des chambres r\u00e9gionales des comptes.<\/strong><\/li>\n<li><strong>11h30<\/strong> : accueil du Premier pr\u00e9sident de la Cour des comptes et intervention du pr\u00e9sident du SJF.<\/li>\n<li><strong>12h<\/strong> <strong>: intervention du Premier pr\u00e9sident de la Cour des comptes.<\/strong><\/li>\n<li><strong>12h45<\/strong> : buffet d\u00e9jeunatoire.<\/li>\n<li><strong>14h : d\u00e9bat d&rsquo;orientation syndicale.<\/strong><\/li>\n<li><strong>16h<\/strong> : cl\u00f4ture par le pr\u00e9sident du SJF.<\/li>\n<\/ul>\n<p style=\"text-align: center;\"><a href=\"https:\/\/drive.google.com\/open?id=1kIOaWeCDeq9KcME7LulXMEi7ryBMShYi\"><strong>Consulter la plaquette d\u00e9taill\u00e9e<\/strong> <\/a><\/p>\n<p style=\"text-align: center;\">L&rsquo;inscription s&rsquo;effectue exclusivement par voie \u00e9lectronique, sur le site internet du syndicat :<\/p>\n<p style=\"text-align: center;\"><strong>S\u2019inscrire au congr\u00e8s du SJF<\/strong><\/p>\n<p>Le Congr\u00e8s 2019 proc\u00e9dera \u00e0 l&rsquo;\u00e9lection du pr\u00e9sident et des membres du bureau national du SJF. Si vous souhaitez pr\u00e9senter votre candidature, vous devez renseigner le formulaire en cliquant sur le lien ci-dessous.\u00a0<strong>Les candidatures seront closes le 25 septembre 2019.\u00a0<\/strong>Les candidatures, les professions de foi et les bulletins de vote seront diffus\u00e9s dans la foul\u00e9e \u00e0 l&rsquo;ensemble des adh\u00e9rents, lesquels voteront au moment de leur arriv\u00e9e au Congr\u00e8s le jeudi 10 octobre. Le scrutin sera ouvert de 13h \u00e0 14h30.<\/p>\n<p class=\"align-center\" style=\"text-align: center;\"><strong>Candidater \u00e0 la pr\u00e9sidence ou au bureau national du SJF<\/strong><\/p>\n<p style=\"text-align: left;\"><strong>Le congr\u00e8s est ouvert \u00e0 tout adh\u00e9rent \u00e0 jour de cotisation.<\/strong>\u00a0Un dossier complet sera communiqu\u00e9 aux adh\u00e9rents. En cas d&rsquo;absence, mandat peut \u00eatre donn\u00e9 \u00e0 un coll\u00e8gue.<\/p>\n<p style=\"text-align: center;\"><strong>Mandater un coll\u00e8gue inscrit\u00a0<\/strong><\/p>\n<p><strong>L&rsquo;administration accorde traditionnellement deux journ\u00e9es d&rsquo;autorisation exceptionnelle d&rsquo;absence pour la participation au congr\u00e8s<\/strong>. Votre d\u00e9l\u00e9gu\u00e9 de section les sollicitera en communiquant la liste des participants au pr\u00e9sident de votre CRC.<\/p>\n<p>Le d\u00e9jeuner du jeudi midi est libre. Lors de votre inscription, vous pouvez vous inscrire au d\u00eener de gala du jeudi soir et au buffet d\u00e9jeunatoire du vendredi midi (participations individuelles demand\u00e9es).\u00a0<strong>Le syndicat prend en charge votre acheminement (tarif SNCF 2\u00e8me classe), votre h\u00e9bergement dans la limite du forfait administratif (90 \u20ac \/ nuit\u00e9e) et la visite culturelle<\/strong>.<\/p>\n<h2><strong>Bilan du Congr\u00e8s:<\/strong><\/h2>\n<ul>\n<li>Renouvellement du bureau national du SJF.<\/li>\n<li>\u00c9changes sur le sujet de la convergence entre la Cour et les CRC, en pr\u00e9sence du Premier Pr\u00e9sident de la Cour.<\/li>\n<\/ul>\n<p>Les rapports et documents du Congr\u00e8s sont disponibles pour les adh\u00e9rents du SJF dans son intranet.<\/p>\n\n\n<figure class=\"wp-block-image size-large\"><a href=\"https:\/\/sjfu.fr\/wp-content\/uploads\/2019\/11\/SJF-2019-14.jpeg\"><img loading=\"lazy\" decoding=\"async\" width=\"1024\" height=\"502\" src=\"https:\/\/sjfu.fr\/wp-content\/uploads\/2019\/11\/SJF-2019-14-1024x502.jpeg\" alt=\"\" class=\"wp-image-4870\" srcset=\"https:\/\/sjfu.fr\/wp-content\/uploads\/2019\/11\/SJF-2019-14-1024x502.jpeg 1024w, https:\/\/sjfu.fr\/wp-content\/uploads\/2019\/11\/SJF-2019-14-300x147.jpeg 300w, https:\/\/sjfu.fr\/wp-content\/uploads\/2019\/11\/SJF-2019-14-768x376.jpeg 768w, https:\/\/sjfu.fr\/wp-content\/uploads\/2019\/11\/SJF-2019-14-600x294.jpeg 600w, https:\/\/sjfu.fr\/wp-content\/uploads\/2019\/11\/SJF-2019-14-1320x647.jpeg 1320w\" sizes=\"auto, (max-width: 1024px) 100vw, 1024px\" \/><\/a><figcaption class=\"wp-element-caption\">Congr\u00e8s de Rennes du SJF (2019)<\/figcaption><\/figure>\n","protected":false},"excerpt":{"rendered":"<p class=\"qua-blog-post-description\">\u00a0 \u00a0 Congr\u00e8s 2019 du Syndicat des juridictions financi\u00e8res Le syndicat des juridictions financi\u00e8res tiendra son congr\u00e8s annuel les jeudi 10 et vendredi 11 octobre 2019 \u00e0 RENNES. L&rsquo;\u00e9v\u00e9nement\u00a0aura lieu \u00e0 la Chambre r\u00e9gionale des comptes de Bretagne 3 rue Robert d&rsquo;Arbrissel PROGRAMME JEUDI 10 OCTOBRE D\u00e9jeuner libre A partir de 13h : accueil des [&hellip;]<\/p>\n","protected":false},"author":1,"featured_media":0,"parent":137,"menu_order":12,"comment_status":"closed","ping_status":"closed","template":"","meta":{"footnotes":""},"class_list":["post-4599","page","type-page","status-publish","hentry"],"_links":{"self":[{"href":"https:\/\/sjfu.fr\/index.php\/wp-json\/wp\/v2\/pages\/4599","targetHints":{"allow":["GET"]}}],"collection":[{"href":"https:\/\/sjfu.fr\/index.php\/wp-json\/wp\/v2\/pages"}],"about":[{"href":"https:\/\/sjfu.fr\/index.php\/wp-json\/wp\/v2\/types\/page"}],"author":[{"embeddable":true,"href":"https:\/\/sjfu.fr\/index.php\/wp-json\/wp\/v2\/users\/1"}],"replies":[{"embeddable":true,"href":"https:\/\/sjfu.fr\/index.php\/wp-json\/wp\/v2\/comments?post=4599"}],"version-history":[{"count":32,"href":"https:\/\/sjfu.fr\/index.php\/wp-json\/wp\/v2\/pages\/4599\/revisions"}],"predecessor-version":[{"id":5415,"href":"https:\/\/sjfu.fr\/index.php\/wp-json\/wp\/v2\/pages\/4599\/revisions\/5415"}],"up":[{"embeddable":true,"href":"https:\/\/sjfu.fr\/index.php\/wp-json\/wp\/v2\/pages\/137"}],"wp:attachment":[{"href":"https:\/\/sjfu.fr\/index.php\/wp-json\/wp\/v2\/media?parent=4599"}],"curies":[{"name":"wp","href":"https:\/\/api.w.org\/{rel}","templated":true}]}}