{"id":46,"date":"2015-10-25T17:18:27","date_gmt":"2015-10-25T16:18:27","guid":{"rendered":"http:\/\/sjfu.fr\/?page_id=46"},"modified":"2026-03-03T19:04:20","modified_gmt":"2026-03-03T18:04:20","slug":"nos-adherents","status":"publish","type":"page","link":"https:\/\/sjfu.fr\/index.php\/nos-adherents\/","title":{"rendered":"Adh\u00e9sions"},"content":{"rendered":"\n<h1 class=\"wp-block-heading has-vivid-red-color has-text-color\">Les adh\u00e9sions 2026 sont ouvertes !<\/h1>\n\n\n\n<p class=\"has-medium-font-size\">Dans le cadre de notre outil de gestion int\u00e9gr\u00e9e \u00ab&nbsp;<em>MaCotisation<\/em>&nbsp;\u00bb, les op\u00e9rations d&rsquo;adh\u00e9sion se d\u00e9roulent en <strong>deux \u00e9tapes cons\u00e9cutives &#8211; d&rsquo;abord l&rsquo;adh\u00e9sion puis le paiement &#8211; <\/strong>\u00e0 partir de cette <a href=\"http:\/\/boutique.macotisation.fr\/formulaire\/Syndicat-des-Juridictions-Financieres\/ADHESION-2026\/8J737BJE\">page s\u00e9curis\u00e9e<\/a><strong>.<\/strong><\/p>\n\n\n\n<p class=\"has-black-color has-text-color\"><strong>Attention ! Pour des raisons de s\u00e9curit\u00e9, nous vous recommandons, pour proc\u00e9der aux op\u00e9rations d&rsquo;adh\u00e9sion, de ne pas utiliser vos acc\u00e8s internet de bureau ni en mode \u00ab\u00a0VPN\u00a0\u00bb (il vaut mieux se servir d&rsquo;un autre ordinateur ou de votre PC professionnel \u00e0 domicile sans le VPN).<\/strong><\/p>\n\n\n<div class=\"wp-block-image\">\n<figure class=\"alignright\"><a href=\"https:\/\/drive.google.com\/file\/d\/0BwRWtKE4DOnAaE1tU3NjSlNxdU0\/view?usp=sharing\" rel=\"noopener\"><img loading=\"lazy\" decoding=\"async\" width=\"242\" height=\"300\" src=\"https:\/\/sjfu.fr\/wp-content\/uploads\/2015\/11\/Saint-Cyr-ENA-242x300.png\" alt=\"Engagez-vous!\" class=\"wp-image-158\" srcset=\"https:\/\/sjfu.fr\/wp-content\/uploads\/2015\/11\/Saint-Cyr-ENA-242x300.png 242w, https:\/\/sjfu.fr\/wp-content\/uploads\/2015\/11\/Saint-Cyr-ENA-300x372.png 300w, https:\/\/sjfu.fr\/wp-content\/uploads\/2015\/11\/Saint-Cyr-ENA.png 584w\" sizes=\"auto, (max-width: 242px) 100vw, 242px\" \/><\/a><figcaption class=\"wp-element-caption\">Engagez-vous!<\/figcaption><\/figure>\n<\/div>\n\n\n<p>Par votre adh\u00e9sion, vous soutenez et renforcez la l\u00e9gitimit\u00e9 du seul syndicat repr\u00e9sentatif de magistrats au sein des juridictions financi\u00e8res, et appuyez ses actions en faveur de l&rsquo;attractivit\u00e9 du corps et des missions des magistrats de CRTC. Vous pesez de tout votre poids sur les orientations adopt\u00e9es lors de ses congr\u00e8s ainsi que sur ses positions arr\u00eat\u00e9es au sein du Conseil sup\u00e9rieur des CRTC.<\/p>\n\n\n\n<p><strong>Historique des cotisations :<\/strong><\/p>\n\n\n\n<p>Pour 2022, les montants des cotisations au SJF avaient \u00e9t\u00e9 fix\u00e9s \u00e0 115 \u20ac pour les conseillers et les auditeurs, 180 \u20ac pour les premiers conseillers et les conseillers r\u00e9f\u00e9rendaires, et 210 \u20ac pour les pr\u00e9sidents de section et les conseillers ma\u00eetres. Il a \u00e9t\u00e9 d\u00e9cid\u00e9 de diminuer ces montants pour 2023 : 90 \u20ac pour les conseillers et les auditeurs, 145 \u20ac pour les premiers conseillers et les conseillers r\u00e9f\u00e9rendaires, et 170 \u20ac pour les pr\u00e9sidents de section et les conseillers ma\u00eetres.<\/p>\n\n\n\n<p>Lors du congr\u00e8s de Metz de 2023, il a \u00e9t\u00e9 d\u00e9cid\u00e9 de diminuer, \u00e0 nouveau, les montants des cotisations au SJF pour l&rsquo;ann\u00e9e 2024 : 80 \u20ac pour les conseillers et les auditeurs, 135 \u20ac pour les premiers conseillers et les conseillers r\u00e9f\u00e9rendaires, et 155 \u20ac pour les conseillers pr\u00e9sidents et les conseillers ma\u00eetres.<\/p>\n\n\n\n<p>Lors du congr\u00e8s de Paris fin 2024, une nouvelle r\u00e9duction a \u00e9t\u00e9 d\u00e9cid\u00e9e : 40 \u20ac pour les conseillers et les auditeurs, 67,5 \u20ac pour les premiers conseillers et les conseillers r\u00e9f\u00e9rendaires, et 77,5 \u20ac pour les premiers conseillers et les conseillers r\u00e9f\u00e9rendaires.<\/p>\n\n\n\n<p><strong>Lors du congr\u00e8s d&rsquo;Arras fin 2025, l&rsquo;abattement de 50 % a \u00e9t\u00e9 reconduit : <\/strong><\/p>\n\n\n\n<p><strong>40 \u20ac pour les conseillers et les auditeurs<\/strong> ;<\/p>\n\n\n\n<p><strong>67.5 \u20ac pour les premiers conseillers et les conseillers r\u00e9f\u00e9rendaires<\/strong> ;<\/p>\n\n\n\n<p><strong>77,5 \u20ac pour les <\/strong><strong>conseillers pr\u00e9sidents et les conseillers ma\u00eetres.<\/strong><\/p>\n\n\n\n<p>La cotisation est r\u00e9duite de moiti\u00e9 pour les <strong>coll\u00e8gues retrait\u00e9s ou \u00ab\u00a0honoraires\u00a0\u00bb<\/strong> et pour les <strong>conseillers lors de leur premi\u00e8re adh\u00e9sion<\/strong>. Elle est \u00e9galement r\u00e9duite de moiti\u00e9 pour les <strong>coll\u00e8gues en situation de d\u00e9tachement qui acquittent une cotisation syndicale dans leur corps de d&rsquo;origine<\/strong>. La m\u00eame r\u00e9duction est accord\u00e9e aux <strong>coll\u00e8gues magistrats en d\u00e9tachement \u00e0 l&rsquo;ext\u00e9rieur du corps et qui acquittent une cotisation syndicale dans leur corps d&rsquo;affectation<\/strong>. Dans ces deux derniers cas, le b\u00e9n\u00e9fice du demi-tarif est conditionn\u00e9 par la production d&rsquo;un justificatif de la cotisation syndicale acquitt\u00e9e dans le corps d&rsquo;origine ou d&rsquo;accueil (\u00e0 transmettre au tr\u00e9sorier).<\/p>\n\n\n\n<p><\/p>\n\n\n\n<p>Vous pouvez vous rapprocher de vos d\u00e9l\u00e9gu\u00e9s (section locale du SJF) pour tout compl\u00e9ment utile.<\/p>\n\n\n\n<p><strong>Vous pouvez \u00e9galement cotiser par ch\u00e8que<\/strong> en adressant votre r\u00e8glement&nbsp;\u00e9tabli \u00e0 l\u2019ordre du Syndicat des juridictions financi\u00e8res, par l\u2019interm\u00e9diaire du secr\u00e9taire de section de votre chambre,&nbsp;\u00e0 l&rsquo;attention du Tr\u00e9sorier du Syndicat des juridictions financi\u00e8res.<\/p>\n\n\n\n<p class=\"has-text-align-center\"><\/p>\n\n\n\n<p class=\"has-text-align-center\"><\/p>\n\n\n\n<hr class=\"wp-block-separator has-alpha-channel-opacity\"\/>\n\n\n\n<p class=\"has-text-align-center\"><strong>En adh\u00e9rant au SJF, vous&nbsp;b\u00e9n\u00e9ficiez d\u2019une r\u00e9duction d\u2019imp\u00f4t.<\/strong><\/p>\n\n\n\n<p>En effet, le cr\u00e9dit d&rsquo;imp\u00f4t, codifi\u00e9 \u00e0 l&rsquo;article 199 quater C du code g\u00e9n\u00e9ral des imp\u00f4ts (CGI), est accord\u00e9 aux contribuables qui adh\u00e8rent \u00e0 une organisation syndicale repr\u00e9sentative de salari\u00e9s ou de fonctionnaires au sens de l&rsquo;article L. 2121-1 du code du travail. La r\u00e9duction d\u2019imp\u00f4t s\u2019applique aux fonctionnaires mais \u00e9galement aux retrait\u00e9s, si ces derniers continuent d\u2019adh\u00e9rer au syndicat. En revanche, elle ne s\u2019appliquera pas si vous avez d\u00e9j\u00e0 d\u00e9duit les cotisations que vous versez, en cas d\u2019option pour la d\u00e9duction de vos frais r\u00e9els.<\/p>\n","protected":false},"excerpt":{"rendered":"<p class=\"qua-blog-post-description\">Les adh\u00e9sions 2026 sont ouvertes ! Dans le cadre de notre outil de gestion int\u00e9gr\u00e9e \u00ab&nbsp;MaCotisation&nbsp;\u00bb, les op\u00e9rations d&rsquo;adh\u00e9sion se d\u00e9roulent en deux \u00e9tapes cons\u00e9cutives &#8211; d&rsquo;abord l&rsquo;adh\u00e9sion puis le paiement &#8211; \u00e0 partir de cette page s\u00e9curis\u00e9e. Attention ! Pour des raisons de s\u00e9curit\u00e9, nous vous recommandons, pour proc\u00e9der aux op\u00e9rations d&rsquo;adh\u00e9sion, de ne [&hellip;]<\/p>\n","protected":false},"author":1,"featured_media":0,"parent":0,"menu_order":4,"comment_status":"closed","ping_status":"closed","template":"","meta":{"footnotes":""},"class_list":["post-46","page","type-page","status-publish","hentry"],"_links":{"self":[{"href":"https:\/\/sjfu.fr\/index.php\/wp-json\/wp\/v2\/pages\/46","targetHints":{"allow":["GET"]}}],"collection":[{"href":"https:\/\/sjfu.fr\/index.php\/wp-json\/wp\/v2\/pages"}],"about":[{"href":"https:\/\/sjfu.fr\/index.php\/wp-json\/wp\/v2\/types\/page"}],"author":[{"embeddable":true,"href":"https:\/\/sjfu.fr\/index.php\/wp-json\/wp\/v2\/users\/1"}],"replies":[{"embeddable":true,"href":"https:\/\/sjfu.fr\/index.php\/wp-json\/wp\/v2\/comments?post=46"}],"version-history":[{"count":84,"href":"https:\/\/sjfu.fr\/index.php\/wp-json\/wp\/v2\/pages\/46\/revisions"}],"predecessor-version":[{"id":5982,"href":"https:\/\/sjfu.fr\/index.php\/wp-json\/wp\/v2\/pages\/46\/revisions\/5982"}],"wp:attachment":[{"href":"https:\/\/sjfu.fr\/index.php\/wp-json\/wp\/v2\/media?parent=46"}],"curies":[{"name":"wp","href":"https:\/\/api.w.org\/{rel}","templated":true}]}}