{"id":4895,"date":"2021-10-01T08:12:47","date_gmt":"2021-10-01T07:12:47","guid":{"rendered":"http:\/\/sjfu.fr\/?page_id=4895"},"modified":"2023-12-04T19:37:53","modified_gmt":"2023-12-04T18:37:53","slug":"marseille-2021","status":"publish","type":"page","link":"https:\/\/sjfu.fr\/index.php\/notre-syndicat\/congres\/marseille-2021\/","title":{"rendered":"Marseille 2021"},"content":{"rendered":"\n<h2 class=\"wp-block-heading\">Congr\u00e8s 2021 du Syndicat des juridictions financi\u00e8res<\/h2>\n\n\n\n<h2 class=\"wp-block-heading\"><em><strong>La redevabilit\u00e9 des gestionnaires de l&rsquo;argent public au XXI\u00e8me si\u00e8cle<\/strong><\/em><\/h2>\n\n\n\n<h4 class=\"wp-block-heading\"><strong>Le syndicat des juridictions financi\u00e8res tiendra son congr\u00e8s annuel les jeudi 18 et vendredi 19 novembre 2021 \u00e0 MARSEILLE.<\/strong><\/h4>\n\n\n\n<h4 class=\"wp-block-heading\"><strong>L&rsquo;\u00e9v\u00e9nement&nbsp;aura lieu au <a href=\"https:\/\/cercle-mess-marseille.fr\/\">Fort Ganteaume<\/a>, sur le vieux port.<\/strong><\/h4>\n\n\n<div class=\"wp-block-image\">\n<figure class=\"aligncenter\"><a href=\"https:\/\/sjfu.fr\/wp-content\/uploads\/2021\/10\/fort-ganteaume-les-etoiles-du-fort-rooftop-la-terrasse-saint-jean-marseille-25.jpg\"><img loading=\"lazy\" decoding=\"async\" width=\"1000\" height=\"728\" src=\"https:\/\/sjfu.fr\/wp-content\/uploads\/2021\/10\/fort-ganteaume-les-etoiles-du-fort-rooftop-la-terrasse-saint-jean-marseille-25.jpg\" alt=\"\" class=\"wp-image-4896\" srcset=\"https:\/\/sjfu.fr\/wp-content\/uploads\/2021\/10\/fort-ganteaume-les-etoiles-du-fort-rooftop-la-terrasse-saint-jean-marseille-25.jpg 1000w, https:\/\/sjfu.fr\/wp-content\/uploads\/2021\/10\/fort-ganteaume-les-etoiles-du-fort-rooftop-la-terrasse-saint-jean-marseille-25-300x218.jpg 300w, https:\/\/sjfu.fr\/wp-content\/uploads\/2021\/10\/fort-ganteaume-les-etoiles-du-fort-rooftop-la-terrasse-saint-jean-marseille-25-768x559.jpg 768w, https:\/\/sjfu.fr\/wp-content\/uploads\/2021\/10\/fort-ganteaume-les-etoiles-du-fort-rooftop-la-terrasse-saint-jean-marseille-25-600x437.jpg 600w\" sizes=\"auto, (max-width: 1000px) 100vw, 1000px\" \/><\/a><\/figure>\n<\/div>\n\n\n<h3 class=\"wp-block-heading\"><strong>PROGRAMME<\/strong><\/h3>\n\n\n\n<p><strong>JEUDI 18 NOVEMBRE<\/strong><\/p>\n\n\n\n<ul class=\"wp-block-list\">\n<li>D\u00e9jeuner libre<\/li>\n\n\n\n<li><strong>A partir de 13h : <\/strong>accueil des participants et caf\u00e9 gourmand.<\/li>\n\n\n\n<li><strong>14h<\/strong> : mot d&rsquo;accueil du pr\u00e9sident du SJF.<\/li>\n\n\n\n<li><strong>14h30 :<\/strong> intervention du Premier pr\u00e9sident de la Cour des comptes ; questions-r\u00e9ponses avec les magistrats.<\/li>\n\n\n\n<li><strong>15h30<\/strong> : pause caf\u00e9.<\/li>\n\n\n\n<li><strong>16h : <\/strong>intervention du Directeur g\u00e9n\u00e9ral des finances publiques ; questions-r\u00e9ponses avec les magistrats.<em><br><\/em><\/li>\n\n\n\n<li><strong>17h30<\/strong> :intervention du maire de Marseille (ou de son repr\u00e9sentant).<\/li>\n\n\n\n<li><strong>19h30 :<\/strong> ap\u00e9ritif convivial et buffet d\u00eenatoire (salle panoramique et terrasse du fort Ganteaume).<\/li>\n<\/ul>\n\n\n\n<p><strong>VENDREDI 19 NOVEMBRE<br><\/strong><\/p>\n\n\n\n<ul class=\"wp-block-list\">\n<li><strong>A partir de 9h<\/strong> : petit-d\u00e9jeuner d&rsquo;accueil.<\/li>\n\n\n\n<li><strong>10h<\/strong> : assembl\u00e9e g\u00e9n\u00e9rale ordinaire (rapport moral, rapport financier, rapport du r\u00e9viseur aux comptes, rapport des \u00e9lus au Conseil sup\u00e9rieur).<em><br><\/em><\/li>\n\n\n\n<li><strong>11h30 :<\/strong> proclamation des r\u00e9sultats de l&rsquo;\u00e9lection du Pr\u00e9sident et du Bureau national (scrutin \u00e9lectronique les 17 et 18\/11).<\/li>\n\n\n\n<li><strong>12h<\/strong> : d\u00e9jeuner.<\/li>\n\n\n\n<li><strong>14h : <\/strong>d\u00e9bat d&rsquo;orientation syndicale.<\/li>\n\n\n\n<li><strong>16h<\/strong> : cl\u00f4ture par le pr\u00e9sident du SJF.<\/li>\n<\/ul>\n\n\n\n<p>Vous trouverez la plaquette compl\u00e8te du congr\u00e8s <a href=\"https:\/\/drive.google.com\/file\/d\/16bkCENchUDxd5_BaPW42R2wiS80N3sqp\/view?usp=sharing\">sous ce lien<\/a>.<\/p>\n\n\n\n<p>Le dossier participant contenant toutes les informations pratiques a \u00e9t\u00e9 communiqu\u00e9 aux adh\u00e9rents.<\/p>\n\n\n\n<p>L&rsquo;inscription s&rsquo;effectue exclusivement par voie \u00e9lectronique, sur le site internet du syndicat :<\/p>\n\n\n\n<p><strong>S\u2019inscrire au congr\u00e8s du SJF<\/strong><\/p>\n\n\n\n<p>Le Congr\u00e8s 2021 proc\u00e9dera \u00e0 l&rsquo;\u00e9lection du pr\u00e9sident et des membres du bureau national du SJF. Les candidatures, les professions de foi et les bulletins de vote seront diffus\u00e9s dans la foul\u00e9e \u00e0 l&rsquo;ensemble des adh\u00e9rents, lesquels proc\u00e8deront \u00e0 un vote \u00e9lectronique.<\/p>\n\n\n\n<p><strong>Le congr\u00e8s est ouvert \u00e0 tout adh\u00e9rent \u00e0 jour de cotisation.<\/strong>&nbsp;Un dossier complet sera communiqu\u00e9 aux adh\u00e9rents. En cas d&rsquo;absence, mandat peut \u00eatre donn\u00e9 \u00e0 un coll\u00e8gue.<\/p>\n\n\n\n<p><strong>Mandater un coll\u00e8gue inscrit&nbsp;<\/strong><\/p>\n\n\n\n<p><strong>L&rsquo;administration accorde traditionnellement deux journ\u00e9es d&rsquo;autorisation exceptionnelle d&rsquo;absence pour la participation au congr\u00e8s<\/strong>. Votre d\u00e9l\u00e9gu\u00e9 de section les sollicitera en communiquant la liste des participants au pr\u00e9sident de votre CRC.<\/p>\n\n\n\n<p>Le d\u00e9jeuner du jeudi midi est libre. Lors de votre inscription, vous pouvez vous inscrire au buffet d\u00eenatoire du jeudi soir et au d\u00e9jeuner du vendredi midi (participations individuelles demand\u00e9es).&nbsp;<strong>Le syndicat prend en charge votre acheminement (tarif SNCF 2\u00e8me classe), votre h\u00e9bergement dans la limite du forfait administratif (90 \u20ac \/ nuit\u00e9e) et la visite culturelle<\/strong>.<\/p>\n\n\n\n<h2 class=\"wp-block-heading\"><strong>Bilan du Congr\u00e8s:<\/strong><\/h2>\n\n\n\n<ul class=\"wp-block-list\">\n<li>Un nouveau bureau national du SJF, pr\u00e9sid\u00e9 par Pierre Gen\u00e8ve, a \u00e9t\u00e9 \u00e9lu pour 2 ans.<\/li>\n<\/ul>\n\n\n<div class=\"wp-block-image\">\n<figure class=\"alignleft\"><a href=\"https:\/\/sjfu.fr\/wp-content\/uploads\/2022\/02\/20211119_120921-SJF-Marseille2021-1-scaled.jpg\"><img loading=\"lazy\" decoding=\"async\" width=\"2560\" height=\"1440\" src=\"https:\/\/sjfu.fr\/wp-content\/uploads\/2022\/02\/20211119_120921-SJF-Marseille2021-1-scaled.jpg\" alt=\"\" class=\"wp-image-5099\" srcset=\"https:\/\/sjfu.fr\/wp-content\/uploads\/2022\/02\/20211119_120921-SJF-Marseille2021-1-scaled.jpg 2560w, https:\/\/sjfu.fr\/wp-content\/uploads\/2022\/02\/20211119_120921-SJF-Marseille2021-1-300x169.jpg 300w, https:\/\/sjfu.fr\/wp-content\/uploads\/2022\/02\/20211119_120921-SJF-Marseille2021-1-1024x576.jpg 1024w, https:\/\/sjfu.fr\/wp-content\/uploads\/2022\/02\/20211119_120921-SJF-Marseille2021-1-768x432.jpg 768w, https:\/\/sjfu.fr\/wp-content\/uploads\/2022\/02\/20211119_120921-SJF-Marseille2021-1-600x338.jpg 600w, https:\/\/sjfu.fr\/wp-content\/uploads\/2022\/02\/20211119_120921-SJF-Marseille2021-1-1536x864.jpg 1536w, https:\/\/sjfu.fr\/wp-content\/uploads\/2022\/02\/20211119_120921-SJF-Marseille2021-1-2048x1152.jpg 2048w, https:\/\/sjfu.fr\/wp-content\/uploads\/2022\/02\/20211119_120921-SJF-Marseille2021-1-1320x743.jpg 1320w\" sizes=\"auto, (max-width: 2560px) 100vw, 2560px\" \/><\/a><figcaption class=\"wp-element-caption\">Bureau du SJF \u00e9lu au Congr\u00e8s de Marseille (2021)<\/figcaption><\/figure>\n<\/div>\n\n\n<ul class=\"wp-block-list\">\n<li>La r\u00e9forme du r\u00e9gime de responsabilit\u00e9 des gestionnaires publics a fait l&rsquo;objet de nombreux d\u00e9bats, en pr\u00e9sence, notamment, du Premier pr\u00e9sident de la Cour des comptes et du directeur g\u00e9n\u00e9ral des finances publiques.<\/li>\n<\/ul>\n\n\n\n<div class=\"mceTemp\">&nbsp;<\/div>\n\n\n<div class=\"wp-block-image\">\n<figure class=\"alignleft\"><a href=\"https:\/\/sjfu.fr\/wp-content\/uploads\/2022\/02\/20211119_120921-SJF-Marseille2021-4-PP-2-scaled.jpg\"><img loading=\"lazy\" decoding=\"async\" width=\"2560\" height=\"1440\" src=\"https:\/\/sjfu.fr\/wp-content\/uploads\/2022\/02\/20211119_120921-SJF-Marseille2021-4-PP-2-scaled.jpg\" alt=\"\" class=\"wp-image-5106\" srcset=\"https:\/\/sjfu.fr\/wp-content\/uploads\/2022\/02\/20211119_120921-SJF-Marseille2021-4-PP-2-scaled.jpg 2560w, https:\/\/sjfu.fr\/wp-content\/uploads\/2022\/02\/20211119_120921-SJF-Marseille2021-4-PP-2-300x169.jpg 300w, https:\/\/sjfu.fr\/wp-content\/uploads\/2022\/02\/20211119_120921-SJF-Marseille2021-4-PP-2-1024x576.jpg 1024w, https:\/\/sjfu.fr\/wp-content\/uploads\/2022\/02\/20211119_120921-SJF-Marseille2021-4-PP-2-768x432.jpg 768w, https:\/\/sjfu.fr\/wp-content\/uploads\/2022\/02\/20211119_120921-SJF-Marseille2021-4-PP-2-600x338.jpg 600w, https:\/\/sjfu.fr\/wp-content\/uploads\/2022\/02\/20211119_120921-SJF-Marseille2021-4-PP-2-1536x864.jpg 1536w, https:\/\/sjfu.fr\/wp-content\/uploads\/2022\/02\/20211119_120921-SJF-Marseille2021-4-PP-2-2048x1152.jpg 2048w, https:\/\/sjfu.fr\/wp-content\/uploads\/2022\/02\/20211119_120921-SJF-Marseille2021-4-PP-2-1320x743.jpg 1320w\" sizes=\"auto, (max-width: 2560px) 100vw, 2560px\" \/><\/a><figcaption class=\"wp-element-caption\">Intervention du Premier pr\u00e9sident de la Cour des comptes au Congr\u00e8s du SJF de Marseille (2021)<\/figcaption><\/figure>\n<\/div>\n\n\n<ul class=\"wp-block-list\">\n<li>Par la suite, ce projet de r\u00e9forme a donn\u00e9 lieu \u00e0 des <a href=\"https:\/\/sjfu.fr\/index.php\/les-chambres-regionales-des-comptes\/notre_metier\/le-controle-juridictionnel\/\">prises de position du syndicat<\/a>.<\/li>\n<\/ul>\n\n\n\n<p>Les rapports et documents du Congr\u00e8s sont disponibles pour les adh\u00e9rents du SJF dans son intranet.<\/p>\n\n\n\n<figure class=\"wp-block-image size-full is-style-rounded\"><a href=\"https:\/\/sjfu.fr\/wp-content\/uploads\/2022\/02\/Congres-marseille-ED.jpg\"><img loading=\"lazy\" decoding=\"async\" width=\"640\" height=\"479\" src=\"https:\/\/sjfu.fr\/wp-content\/uploads\/2022\/02\/Congres-marseille-ED.jpg\" alt=\"\" class=\"wp-image-5048\" srcset=\"https:\/\/sjfu.fr\/wp-content\/uploads\/2022\/02\/Congres-marseille-ED.jpg 640w, https:\/\/sjfu.fr\/wp-content\/uploads\/2022\/02\/Congres-marseille-ED-300x225.jpg 300w, https:\/\/sjfu.fr\/wp-content\/uploads\/2022\/02\/Congres-marseille-ED-600x449.jpg 600w\" sizes=\"auto, (max-width: 640px) 100vw, 640px\" \/><\/a><figcaption class=\"wp-element-caption\">Congr\u00e8s du SJF de Marseille (novembre 2021)<\/figcaption><\/figure>\n","protected":false},"excerpt":{"rendered":"<p class=\"qua-blog-post-description\">Congr\u00e8s 2021 du Syndicat des juridictions financi\u00e8res La redevabilit\u00e9 des gestionnaires de l&rsquo;argent public au XXI\u00e8me si\u00e8cle Le syndicat des juridictions financi\u00e8res tiendra son congr\u00e8s annuel les jeudi 18 et vendredi 19 novembre 2021 \u00e0 MARSEILLE. L&rsquo;\u00e9v\u00e9nement&nbsp;aura lieu au Fort Ganteaume, sur le vieux port. PROGRAMME JEUDI 18 NOVEMBRE VENDREDI 19 NOVEMBRE Vous trouverez la [&hellip;]<\/p>\n","protected":false},"author":1,"featured_media":0,"parent":137,"menu_order":11,"comment_status":"closed","ping_status":"closed","template":"","meta":{"footnotes":""},"class_list":["post-4895","page","type-page","status-publish","hentry"],"_links":{"self":[{"href":"https:\/\/sjfu.fr\/index.php\/wp-json\/wp\/v2\/pages\/4895","targetHints":{"allow":["GET"]}}],"collection":[{"href":"https:\/\/sjfu.fr\/index.php\/wp-json\/wp\/v2\/pages"}],"about":[{"href":"https:\/\/sjfu.fr\/index.php\/wp-json\/wp\/v2\/types\/page"}],"author":[{"embeddable":true,"href":"https:\/\/sjfu.fr\/index.php\/wp-json\/wp\/v2\/users\/1"}],"replies":[{"embeddable":true,"href":"https:\/\/sjfu.fr\/index.php\/wp-json\/wp\/v2\/comments?post=4895"}],"version-history":[{"count":20,"href":"https:\/\/sjfu.fr\/index.php\/wp-json\/wp\/v2\/pages\/4895\/revisions"}],"predecessor-version":[{"id":5436,"href":"https:\/\/sjfu.fr\/index.php\/wp-json\/wp\/v2\/pages\/4895\/revisions\/5436"}],"up":[{"embeddable":true,"href":"https:\/\/sjfu.fr\/index.php\/wp-json\/wp\/v2\/pages\/137"}],"wp:attachment":[{"href":"https:\/\/sjfu.fr\/index.php\/wp-json\/wp\/v2\/media?parent=4895"}],"curies":[{"name":"wp","href":"https:\/\/api.w.org\/{rel}","templated":true}]}}