{"id":4907,"date":"2021-10-19T16:27:46","date_gmt":"2021-10-19T15:27:46","guid":{"rendered":"http:\/\/sjfu.fr\/?page_id=4907"},"modified":"2023-01-26T09:02:38","modified_gmt":"2023-01-26T08:02:38","slug":"donner-mandat-a-un-collegue","status":"publish","type":"page","link":"https:\/\/sjfu.fr\/index.php\/notre-syndicat\/congres\/marseille-2021\/donner-mandat-a-un-collegue\/","title":{"rendered":"Donner mandat \u00e0 un coll\u00e8gue"},"content":{"rendered":"\n<h2 class=\"wp-block-heading\"><strong>Donner mandat \u00e0&nbsp;un coll\u00e8gue <\/strong><\/h2>\n\n\n\n<h2 class=\"wp-block-heading\"><strong>Congr\u00e8s du SJF &#8211; 18 &amp; 19 novembre 2021 \u00e0 Marseille<\/strong><\/h2>\n\n\n\n<p>Les inscriptions sont closes.<\/p>\n","protected":false},"excerpt":{"rendered":"<p class=\"qua-blog-post-description\">Donner mandat \u00e0&nbsp;un coll\u00e8gue Congr\u00e8s du SJF &#8211; 18 &amp; 19 novembre 2021 \u00e0 Marseille Les inscriptions sont closes.<\/p>\n","protected":false},"author":1,"featured_media":0,"parent":4895,"menu_order":1,"comment_status":"closed","ping_status":"closed","template":"","meta":{"footnotes":""},"class_list":["post-4907","page","type-page","status-publish","hentry"],"_links":{"self":[{"href":"https:\/\/sjfu.fr\/index.php\/wp-json\/wp\/v2\/pages\/4907","targetHints":{"allow":["GET"]}}],"collection":[{"href":"https:\/\/sjfu.fr\/index.php\/wp-json\/wp\/v2\/pages"}],"about":[{"href":"https:\/\/sjfu.fr\/index.php\/wp-json\/wp\/v2\/types\/page"}],"author":[{"embeddable":true,"href":"https:\/\/sjfu.fr\/index.php\/wp-json\/wp\/v2\/users\/1"}],"replies":[{"embeddable":true,"href":"https:\/\/sjfu.fr\/index.php\/wp-json\/wp\/v2\/comments?post=4907"}],"version-history":[{"count":2,"href":"https:\/\/sjfu.fr\/index.php\/wp-json\/wp\/v2\/pages\/4907\/revisions"}],"predecessor-version":[{"id":5396,"href":"https:\/\/sjfu.fr\/index.php\/wp-json\/wp\/v2\/pages\/4907\/revisions\/5396"}],"up":[{"embeddable":true,"href":"https:\/\/sjfu.fr\/index.php\/wp-json\/wp\/v2\/pages\/4895"}],"wp:attachment":[{"href":"https:\/\/sjfu.fr\/index.php\/wp-json\/wp\/v2\/media?parent=4907"}],"curies":[{"name":"wp","href":"https:\/\/api.w.org\/{rel}","templated":true}]}}