{"id":5148,"date":"2022-10-05T22:17:01","date_gmt":"2022-10-05T21:17:01","guid":{"rendered":"http:\/\/sjfu.fr\/?page_id=5148"},"modified":"2023-12-04T19:37:22","modified_gmt":"2023-12-04T18:37:22","slug":"paris-2022","status":"publish","type":"page","link":"https:\/\/sjfu.fr\/index.php\/notre-syndicat\/congres\/paris-2022\/","title":{"rendered":"PARIS 2022"},"content":{"rendered":"<h1 style=\"text-align: center;\">Congr\u00e8s 2022 du Syndicat des Juridictions Financi\u00e8res<\/h1>\n<p>\u00a0<\/p>\n<p><strong>Le syndicat des juridictions financi\u00e8res a tenu son 25\u00e8me congr\u00e8s les jeudi 24 et vendredi 25 novembre 2022 \u00e0 Paris, sur le th\u00e8me : \u00ab\u00a0\u00catre magistrat financier en 2022\u00a0\u00bb.<\/strong><\/p>\n<p>Le congr\u00e8s s&rsquo;est d\u00e9roul\u00e9 dans le quartier de l&rsquo;\u00c9cole Militaire, dans les locaux de l&rsquo;<strong>ASIEM (6 rue Albert de Lapparent &#8211; 75007 Paris).<\/strong><\/p>\n<p><a href=\"https:\/\/sjfu.fr\/wp-content\/uploads\/2022\/10\/Invalides2.jpg\"><img loading=\"lazy\" decoding=\"async\" class=\"alignleft size-full wp-image-5216\" src=\"https:\/\/sjfu.fr\/wp-content\/uploads\/2022\/10\/Invalides2.jpg\" alt=\"\" width=\"2016\" height=\"1512\" srcset=\"https:\/\/sjfu.fr\/wp-content\/uploads\/2022\/10\/Invalides2.jpg 2016w, https:\/\/sjfu.fr\/wp-content\/uploads\/2022\/10\/Invalides2-300x225.jpg 300w, https:\/\/sjfu.fr\/wp-content\/uploads\/2022\/10\/Invalides2-1024x768.jpg 1024w, https:\/\/sjfu.fr\/wp-content\/uploads\/2022\/10\/Invalides2-768x576.jpg 768w, https:\/\/sjfu.fr\/wp-content\/uploads\/2022\/10\/Invalides2-600x450.jpg 600w, https:\/\/sjfu.fr\/wp-content\/uploads\/2022\/10\/Invalides2-1536x1152.jpg 1536w, https:\/\/sjfu.fr\/wp-content\/uploads\/2022\/10\/Invalides2-1320x990.jpg 1320w\" sizes=\"auto, (max-width: 2016px) 100vw, 2016px\" \/><\/a><\/p>\n<h2>\u00a0<\/h2>\n<p>Le congr\u00e8s \u00e9tait ouvert \u00e0 tout adh\u00e9rent \u00e0 jour de cotisation. Pour adh\u00e9rer ou r\u00e9-adh\u00e9rer : <a href=\"https:\/\/sjfu.fr\/index.php\/nos-adherents\/\"><strong> r\u00e9-adh\u00e9rer<\/strong>.<\/a><\/p>\n<p>Les inscriptions ont \u00e9t\u00e9 ouvertes ici : <a href=\"https:\/\/sjfu.fr\/index.php\/notre-syndicat\/congres\/paris-2022\/inscription-au-congres-2022\/\"><strong>s&rsquo;inscrire au congr\u00e8s SJF 2022<\/strong>.<\/a><\/p>\n<p>En cas d\u2019absence, mandat pouvait \u00eatre donn\u00e9 \u00e0 un coll\u00e8gue inscrit au congr\u00e8s : <a href=\"https:\/\/sjfu.fr\/index.php\/notre-syndicat\/congres\/paris-2022\/donner-mandat-a-un-collegue\/\"><strong>mandater un coll\u00e8gue inscrit.<\/strong><\/a><\/p>\n<p>Un <strong>dossier complet<\/strong> a \u00e9t\u00e9 communiqu\u00e9 aux adh\u00e9rents et mis en ligne sur l&rsquo;intranet du SJF.<\/p>\n<p>Deux journ\u00e9es d\u2019autorisation exceptionnelle d\u2019absence pour la participation au congr\u00e8s ont \u00e9t\u00e9 accord\u00e9s par l&rsquo;administration (d\u00e9p\u00f4t de la demande d&rsquo;ASA sur RenoiRH pour les coll\u00e8gues en poste dans les juridictions financi\u00e8res, avec information des d\u00e9l\u00e9gu\u00e9s de section).<\/p>\n<p>Le syndicat a pris en charge l&rsquo;acheminement des adh\u00e9rents (tarif SNCF 2\u00e8me classe) et l&rsquo;h\u00e9bergement (nuit\u00e9e du jeudi au vendredi) dans la limite du forfait administratif.<\/p>\n<p>Le d\u00e9jeuner du jeudi 24 novembre midi \u00e9tait libre.<\/p>\n<p><strong>Le programme du congr\u00e8s (<a href=\"https:\/\/drive.google.com\/file\/d\/1qwQRuROzKhoMCDjTo_AB8NPFWckX4Rs-\/view?usp=sharing\">t\u00e9l\u00e9chargeable ici<\/a>) \u00e9tait le suivant :<\/strong><\/p>\n<ul>\n<li>\n<p><strong>Jeudi 24 novembre apr\u00e8s-midi :<br \/><\/strong><\/p>\n<ul>\n<li>\n<p>Accueil\/caf\u00e9 (13h30)<\/p>\n<\/li>\n<li>\n<p>Ouverture du congr\u00e8s (14h)<\/p>\n<\/li>\n<\/ul>\n<\/li>\n<\/ul>\n<p><a href=\"https:\/\/sjfu.fr\/wp-content\/uploads\/2022\/11\/Congres-Paris-5.jpg\"><img loading=\"lazy\" decoding=\"async\" class=\"size-full wp-image-5256\" src=\"https:\/\/sjfu.fr\/wp-content\/uploads\/2022\/11\/Congres-Paris-5.jpg\" alt=\"\" width=\"1280\" height=\"960\" srcset=\"https:\/\/sjfu.fr\/wp-content\/uploads\/2022\/11\/Congres-Paris-5.jpg 1280w, https:\/\/sjfu.fr\/wp-content\/uploads\/2022\/11\/Congres-Paris-5-300x225.jpg 300w, https:\/\/sjfu.fr\/wp-content\/uploads\/2022\/11\/Congres-Paris-5-1024x768.jpg 1024w, https:\/\/sjfu.fr\/wp-content\/uploads\/2022\/11\/Congres-Paris-5-768x576.jpg 768w, https:\/\/sjfu.fr\/wp-content\/uploads\/2022\/11\/Congres-Paris-5-600x450.jpg 600w\" sizes=\"auto, (max-width: 1280px) 100vw, 1280px\" \/><\/a><\/p>\n<ul>\n<li style=\"list-style-type: none;\">\n<ul>\n<li>\n<p>Table ronde n\u00b01 (14h15) : \u00ab\u00a0La place des corps juridictionnels dans la haute fonction publique\u00a0\u00bb<\/p>\n<\/li>\n<\/ul>\n<\/li>\n<li style=\"list-style-type: none;\">\n<p><a href=\"https:\/\/sjfu.fr\/wp-content\/uploads\/2022\/11\/Congres-Paris-7.jpg\"><img loading=\"lazy\" decoding=\"async\" class=\"size-full wp-image-5258\" src=\"https:\/\/sjfu.fr\/wp-content\/uploads\/2022\/11\/Congres-Paris-7.jpg\" alt=\"\" width=\"1280\" height=\"960\" srcset=\"https:\/\/sjfu.fr\/wp-content\/uploads\/2022\/11\/Congres-Paris-7.jpg 1280w, https:\/\/sjfu.fr\/wp-content\/uploads\/2022\/11\/Congres-Paris-7-300x225.jpg 300w, https:\/\/sjfu.fr\/wp-content\/uploads\/2022\/11\/Congres-Paris-7-1024x768.jpg 1024w, https:\/\/sjfu.fr\/wp-content\/uploads\/2022\/11\/Congres-Paris-7-768x576.jpg 768w, https:\/\/sjfu.fr\/wp-content\/uploads\/2022\/11\/Congres-Paris-7-600x450.jpg 600w\" sizes=\"auto, (max-width: 1280px) 100vw, 1280px\" \/><\/a><\/p>\n<ul>\n<li>\n<p>Pause caf\u00e9 (15h15)<\/p>\n<\/li>\n<li>\n<p>Table ronde n\u00b02 (15h30) : \u00ab\u00a0La gouvernance et le pilotage de la Cour et des chambres r\u00e9gionales et territoriales des comptes apr\u00e8s les r\u00e9formes r\u00e9centes\u00a0\u00bb<\/p>\n<\/li>\n<\/ul>\n<\/li>\n<li style=\"list-style-type: none;\"><a href=\"https:\/\/sjfu.fr\/wp-content\/uploads\/2022\/11\/Congres-Paris-9.jpg\"><img loading=\"lazy\" decoding=\"async\" class=\"alignleft size-full wp-image-5260\" src=\"https:\/\/sjfu.fr\/wp-content\/uploads\/2022\/11\/Congres-Paris-9.jpg\" alt=\"\" width=\"1280\" height=\"960\" srcset=\"https:\/\/sjfu.fr\/wp-content\/uploads\/2022\/11\/Congres-Paris-9.jpg 1280w, https:\/\/sjfu.fr\/wp-content\/uploads\/2022\/11\/Congres-Paris-9-300x225.jpg 300w, https:\/\/sjfu.fr\/wp-content\/uploads\/2022\/11\/Congres-Paris-9-1024x768.jpg 1024w, https:\/\/sjfu.fr\/wp-content\/uploads\/2022\/11\/Congres-Paris-9-768x576.jpg 768w, https:\/\/sjfu.fr\/wp-content\/uploads\/2022\/11\/Congres-Paris-9-600x450.jpg 600w\" sizes=\"auto, (max-width: 1280px) 100vw, 1280px\" \/><\/a>\n<ul>\n<li>\n<p>Intervention du pr\u00e9sident de la 7\u00e8me chambre de la Cour des comptes (16h30)<\/p>\n<\/li>\n<\/ul>\n<\/li>\n<li style=\"list-style-type: none;\"><a href=\"https:\/\/sjfu.fr\/wp-content\/uploads\/2022\/11\/Congres-Paris-14.jpg\"><img loading=\"lazy\" decoding=\"async\" class=\"alignleft size-full wp-image-5265\" src=\"https:\/\/sjfu.fr\/wp-content\/uploads\/2022\/11\/Congres-Paris-14.jpg\" alt=\"\" width=\"1600\" height=\"1200\" srcset=\"https:\/\/sjfu.fr\/wp-content\/uploads\/2022\/11\/Congres-Paris-14.jpg 1600w, https:\/\/sjfu.fr\/wp-content\/uploads\/2022\/11\/Congres-Paris-14-300x225.jpg 300w, https:\/\/sjfu.fr\/wp-content\/uploads\/2022\/11\/Congres-Paris-14-1024x768.jpg 1024w, https:\/\/sjfu.fr\/wp-content\/uploads\/2022\/11\/Congres-Paris-14-768x576.jpg 768w, https:\/\/sjfu.fr\/wp-content\/uploads\/2022\/11\/Congres-Paris-14-600x450.jpg 600w, https:\/\/sjfu.fr\/wp-content\/uploads\/2022\/11\/Congres-Paris-14-1536x1152.jpg 1536w, https:\/\/sjfu.fr\/wp-content\/uploads\/2022\/11\/Congres-Paris-14-1320x990.jpg 1320w\" sizes=\"auto, (max-width: 1600px) 100vw, 1600px\" \/><\/a>\n<ul>\n<li>\n<p>Intervention du Procureur g\u00e9n\u00e9ral pr\u00e8s la Cour des comptes (17h30)<\/p>\n<\/li>\n<\/ul>\n<\/li>\n<li style=\"list-style-type: none;\"><a href=\"https:\/\/sjfu.fr\/wp-content\/uploads\/2022\/11\/Congres-Paris-12.jpg\"><img loading=\"lazy\" decoding=\"async\" class=\"alignleft size-full wp-image-5263\" src=\"https:\/\/sjfu.fr\/wp-content\/uploads\/2022\/11\/Congres-Paris-12.jpg\" alt=\"\" width=\"1200\" height=\"1600\" srcset=\"https:\/\/sjfu.fr\/wp-content\/uploads\/2022\/11\/Congres-Paris-12.jpg 1200w, https:\/\/sjfu.fr\/wp-content\/uploads\/2022\/11\/Congres-Paris-12-225x300.jpg 225w, https:\/\/sjfu.fr\/wp-content\/uploads\/2022\/11\/Congres-Paris-12-768x1024.jpg 768w, https:\/\/sjfu.fr\/wp-content\/uploads\/2022\/11\/Congres-Paris-12-600x800.jpg 600w, https:\/\/sjfu.fr\/wp-content\/uploads\/2022\/11\/Congres-Paris-12-1152x1536.jpg 1152w, https:\/\/sjfu.fr\/wp-content\/uploads\/2022\/11\/Congres-Paris-12-300x400.jpg 300w\" sizes=\"auto, (max-width: 1200px) 100vw, 1200px\" \/><\/a>\n<ul>\n<li>\n<p>Temps libre (18h)<\/p>\n<\/li>\n<li>\n<p>D\u00eener sur r\u00e9servation, avec participation (19h30, dans un restaurant, place du Ch\u00e2telet)<\/p>\n<\/li>\n<\/ul>\n<\/li>\n<\/ul>\n<p><!--more--><\/p>\n<ul>\n<li>\n<p><strong>Vendredi 25 novembre :<\/strong><\/p>\n<ul>\n<li>\n<p>Accueil\/caf\u00e9 (8h)<\/p>\n<\/li>\n<li>\n<p>Assembl\u00e9e G\u00e9n\u00e9rale ordinaire du SJF (9h) : rapport moral du pr\u00e9sident, rapport financier du tr\u00e9sorier, rapport du r\u00e9viseur aux comptes, rapport des \u00e9lus au Conseil Sup\u00e9rieur des CRTC<\/p>\n<\/li>\n<\/ul>\n<\/li>\n<\/ul>\n<p><a href=\"https:\/\/sjfu.fr\/wp-content\/uploads\/2022\/11\/Congres-Paris-25.jpg\"><img loading=\"lazy\" decoding=\"async\" class=\"alignleft size-full wp-image-5278\" src=\"https:\/\/sjfu.fr\/wp-content\/uploads\/2022\/11\/Congres-Paris-25.jpg\" alt=\"\" width=\"1600\" height=\"1200\" srcset=\"https:\/\/sjfu.fr\/wp-content\/uploads\/2022\/11\/Congres-Paris-25.jpg 1600w, https:\/\/sjfu.fr\/wp-content\/uploads\/2022\/11\/Congres-Paris-25-300x225.jpg 300w, https:\/\/sjfu.fr\/wp-content\/uploads\/2022\/11\/Congres-Paris-25-1024x768.jpg 1024w, https:\/\/sjfu.fr\/wp-content\/uploads\/2022\/11\/Congres-Paris-25-768x576.jpg 768w, https:\/\/sjfu.fr\/wp-content\/uploads\/2022\/11\/Congres-Paris-25-600x450.jpg 600w, https:\/\/sjfu.fr\/wp-content\/uploads\/2022\/11\/Congres-Paris-25-1536x1152.jpg 1536w, https:\/\/sjfu.fr\/wp-content\/uploads\/2022\/11\/Congres-Paris-25-1320x990.jpg 1320w\" sizes=\"auto, (max-width: 1600px) 100vw, 1600px\" \/><\/a>\u00a0<\/p>\n<ul>\n<li style=\"list-style-type: none;\">\n<ul>\n<li>\n<p>\u00c9lection partielle du bureau national (10h30) : scrutin et proclamation des r\u00e9sultats<\/p>\n<\/li>\n<\/ul>\n<\/li>\n<\/ul>\n<p><a href=\"https:\/\/sjfu.fr\/wp-content\/uploads\/2022\/11\/Congres-Paris-16.jpg\"><img loading=\"lazy\" decoding=\"async\" class=\"alignleft size-full wp-image-5267\" src=\"https:\/\/sjfu.fr\/wp-content\/uploads\/2022\/11\/Congres-Paris-16.jpg\" alt=\"\" width=\"1600\" height=\"1200\" srcset=\"https:\/\/sjfu.fr\/wp-content\/uploads\/2022\/11\/Congres-Paris-16.jpg 1600w, https:\/\/sjfu.fr\/wp-content\/uploads\/2022\/11\/Congres-Paris-16-300x225.jpg 300w, https:\/\/sjfu.fr\/wp-content\/uploads\/2022\/11\/Congres-Paris-16-1024x768.jpg 1024w, https:\/\/sjfu.fr\/wp-content\/uploads\/2022\/11\/Congres-Paris-16-768x576.jpg 768w, https:\/\/sjfu.fr\/wp-content\/uploads\/2022\/11\/Congres-Paris-16-600x450.jpg 600w, https:\/\/sjfu.fr\/wp-content\/uploads\/2022\/11\/Congres-Paris-16-1536x1152.jpg 1536w, https:\/\/sjfu.fr\/wp-content\/uploads\/2022\/11\/Congres-Paris-16-1320x990.jpg 1320w\" sizes=\"auto, (max-width: 1600px) 100vw, 1600px\" \/><\/a>\u00a0<\/p>\n<ul>\n<li style=\"list-style-type: none;\">\n<ul>\n<li>\n<p>Intervention du Premier pr\u00e9sident de la Cour des comptes (11h)<\/p>\n<\/li>\n<\/ul>\n<\/li>\n<\/ul>\n<p><a href=\"https:\/\/sjfu.fr\/wp-content\/uploads\/2022\/11\/Congres-Paris-18.jpg\"><img loading=\"lazy\" decoding=\"async\" class=\"alignleft size-full wp-image-5271\" src=\"https:\/\/sjfu.fr\/wp-content\/uploads\/2022\/11\/Congres-Paris-18.jpg\" alt=\"\" width=\"1200\" height=\"1600\" srcset=\"https:\/\/sjfu.fr\/wp-content\/uploads\/2022\/11\/Congres-Paris-18.jpg 1200w, https:\/\/sjfu.fr\/wp-content\/uploads\/2022\/11\/Congres-Paris-18-225x300.jpg 225w, https:\/\/sjfu.fr\/wp-content\/uploads\/2022\/11\/Congres-Paris-18-768x1024.jpg 768w, https:\/\/sjfu.fr\/wp-content\/uploads\/2022\/11\/Congres-Paris-18-600x800.jpg 600w, https:\/\/sjfu.fr\/wp-content\/uploads\/2022\/11\/Congres-Paris-18-1152x1536.jpg 1152w, https:\/\/sjfu.fr\/wp-content\/uploads\/2022\/11\/Congres-Paris-18-300x400.jpg 300w\" sizes=\"auto, (max-width: 1200px) 100vw, 1200px\" \/><\/a><\/p>\n<ul>\n<li style=\"list-style-type: none;\">\n<ul>\n<li>\n<p>Cocktail d\u00e9jeunatoire sur r\u00e9servation, avec participation (12h)<\/p>\n<\/li>\n<li>\n<p>D\u00e9bat d&rsquo;orientation syndicale (14h)<\/p>\n<\/li>\n<li>\n<p>Cl\u00f4ture du congr\u00e8s (16h)<\/p>\n<\/li>\n<\/ul>\n<\/li>\n<\/ul>\n\n\n<p><\/p>\n\n\n\n<p><\/p>\n","protected":false},"excerpt":{"rendered":"<p class=\"qua-blog-post-description\">Congr\u00e8s 2022 du Syndicat des Juridictions Financi\u00e8res \u00a0 Le syndicat des juridictions financi\u00e8res a tenu son 25\u00e8me congr\u00e8s les jeudi 24 et vendredi 25 novembre 2022 \u00e0 Paris, sur le th\u00e8me : \u00ab\u00a0\u00catre magistrat financier en 2022\u00a0\u00bb. Le congr\u00e8s s&rsquo;est d\u00e9roul\u00e9 dans le quartier de l&rsquo;\u00c9cole Militaire, dans les locaux de l&rsquo;ASIEM (6 rue Albert [&hellip;]<\/p>\n","protected":false},"author":1,"featured_media":0,"parent":137,"menu_order":10,"comment_status":"closed","ping_status":"closed","template":"","meta":{"footnotes":""},"class_list":["post-5148","page","type-page","status-publish","hentry"],"_links":{"self":[{"href":"https:\/\/sjfu.fr\/index.php\/wp-json\/wp\/v2\/pages\/5148","targetHints":{"allow":["GET"]}}],"collection":[{"href":"https:\/\/sjfu.fr\/index.php\/wp-json\/wp\/v2\/pages"}],"about":[{"href":"https:\/\/sjfu.fr\/index.php\/wp-json\/wp\/v2\/types\/page"}],"author":[{"embeddable":true,"href":"https:\/\/sjfu.fr\/index.php\/wp-json\/wp\/v2\/users\/1"}],"replies":[{"embeddable":true,"href":"https:\/\/sjfu.fr\/index.php\/wp-json\/wp\/v2\/comments?post=5148"}],"version-history":[{"count":32,"href":"https:\/\/sjfu.fr\/index.php\/wp-json\/wp\/v2\/pages\/5148\/revisions"}],"predecessor-version":[{"id":5335,"href":"https:\/\/sjfu.fr\/index.php\/wp-json\/wp\/v2\/pages\/5148\/revisions\/5335"}],"up":[{"embeddable":true,"href":"https:\/\/sjfu.fr\/index.php\/wp-json\/wp\/v2\/pages\/137"}],"wp:attachment":[{"href":"https:\/\/sjfu.fr\/index.php\/wp-json\/wp\/v2\/media?parent=5148"}],"curies":[{"name":"wp","href":"https:\/\/api.w.org\/{rel}","templated":true}]}}