{"id":5157,"date":"2022-10-05T22:35:26","date_gmt":"2022-10-05T21:35:26","guid":{"rendered":"http:\/\/sjfu.fr\/?page_id=5157"},"modified":"2023-09-21T21:33:08","modified_gmt":"2023-09-21T20:33:08","slug":"donner-mandat-a-un-collegue","status":"publish","type":"page","link":"https:\/\/sjfu.fr\/index.php\/notre-syndicat\/congres\/paris-2022\/donner-mandat-a-un-collegue\/","title":{"rendered":"Donner mandat \u00e0 un coll\u00e8gue"},"content":{"rendered":"<h2>Donner mandat \u00e0 un coll\u00e8gue inscrit au Congr\u00e8s du SJF de Paris, les 24 et 25 novembre 2022<\/h2>\n<p>Les inscriptions sont d\u00e9sormais closes.<\/p>\n","protected":false},"excerpt":{"rendered":"<p class=\"qua-blog-post-description\">Donner mandat \u00e0 un coll\u00e8gue inscrit au Congr\u00e8s du SJF de Paris, les 24 et 25 novembre 2022 Les inscriptions sont d\u00e9sormais closes.<\/p>\n","protected":false},"author":1,"featured_media":0,"parent":5148,"menu_order":2,"comment_status":"closed","ping_status":"closed","template":"","meta":{"footnotes":""},"class_list":["post-5157","page","type-page","status-publish","hentry"],"_links":{"self":[{"href":"https:\/\/sjfu.fr\/index.php\/wp-json\/wp\/v2\/pages\/5157","targetHints":{"allow":["GET"]}}],"collection":[{"href":"https:\/\/sjfu.fr\/index.php\/wp-json\/wp\/v2\/pages"}],"about":[{"href":"https:\/\/sjfu.fr\/index.php\/wp-json\/wp\/v2\/types\/page"}],"author":[{"embeddable":true,"href":"https:\/\/sjfu.fr\/index.php\/wp-json\/wp\/v2\/users\/1"}],"replies":[{"embeddable":true,"href":"https:\/\/sjfu.fr\/index.php\/wp-json\/wp\/v2\/comments?post=5157"}],"version-history":[{"count":12,"href":"https:\/\/sjfu.fr\/index.php\/wp-json\/wp\/v2\/pages\/5157\/revisions"}],"predecessor-version":[{"id":5512,"href":"https:\/\/sjfu.fr\/index.php\/wp-json\/wp\/v2\/pages\/5157\/revisions\/5512"}],"up":[{"embeddable":true,"href":"https:\/\/sjfu.fr\/index.php\/wp-json\/wp\/v2\/pages\/5148"}],"wp:attachment":[{"href":"https:\/\/sjfu.fr\/index.php\/wp-json\/wp\/v2\/media?parent=5157"}],"curies":[{"name":"wp","href":"https:\/\/api.w.org\/{rel}","templated":true}]}}