{"id":5456,"date":"2023-04-13T14:24:16","date_gmt":"2023-04-13T13:24:16","guid":{"rendered":"https:\/\/sjfu.fr\/?page_id=5456"},"modified":"2023-12-04T19:39:51","modified_gmt":"2023-12-04T18:39:51","slug":"congres-2023","status":"publish","type":"page","link":"https:\/\/sjfu.fr\/index.php\/notre-syndicat\/congres\/congres-2023\/","title":{"rendered":"Congr\u00e8s Metz 2023"},"content":{"rendered":"\n<h1 class=\"wp-block-heading\">Congr\u00e8s 2023 du Syndicat des Juridictions Financi\u00e8res (16 et 17 novembre 2023, Metz)<\/h1>\n\n\n\n<figure class=\"wp-block-image size-large\"><a href=\"https:\/\/sjfu.fr\/wp-content\/uploads\/2023\/09\/photo-Metz-congres-scaled.jpg\"><img loading=\"lazy\" decoding=\"async\" width=\"1024\" height=\"768\" src=\"https:\/\/sjfu.fr\/wp-content\/uploads\/2023\/09\/photo-Metz-congres-1024x768.jpg\" alt=\"\" class=\"wp-image-5525\" srcset=\"https:\/\/sjfu.fr\/wp-content\/uploads\/2023\/09\/photo-Metz-congres-1024x768.jpg 1024w, https:\/\/sjfu.fr\/wp-content\/uploads\/2023\/09\/photo-Metz-congres-300x225.jpg 300w, https:\/\/sjfu.fr\/wp-content\/uploads\/2023\/09\/photo-Metz-congres-768x576.jpg 768w, https:\/\/sjfu.fr\/wp-content\/uploads\/2023\/09\/photo-Metz-congres-1536x1152.jpg 1536w, https:\/\/sjfu.fr\/wp-content\/uploads\/2023\/09\/photo-Metz-congres-2048x1536.jpg 2048w\" sizes=\"auto, (max-width: 1024px) 100vw, 1024px\" \/><\/a><\/figure>\n\n\n\n<p><\/p>\n\n\n\n<p><strong>Le syndicat des juridictions financi\u00e8res a tenu son 26\u00e8me congr\u00e8s <\/strong>les 16 et 17 novembre 2023 \u00e0 Metz (Grand Est), \u00e0 <strong>l&rsquo;Arsenal-Cit\u00e9 musicale<\/strong> (3 avenue Ney, 57000 Metz).<\/p>\n\n\n\n<p>Le congr\u00e8s \u00e9tait ouvert \u00e0 tout adh\u00e9rent \u00e0 jour de cotisation. Pour adh\u00e9rer ou r\u00e9-adh\u00e9rer : <a href=\"https:\/\/sjfu.fr\/index.php\/nos-adherents\/\"><strong>r\u00e9-adh\u00e9rer<\/strong>.<\/a><\/p>\n\n\n\n<p>Les inscriptions ont \u00e9t\u00e9 ouvertes ici : <strong><a href=\"https:\/\/sjfu.fr\/index.php\/notre-syndicat\/congres\/congres-2023\/inscription-au-congres-2023\/\">s&rsquo;inscrire au congr\u00e8s.<\/a><\/strong><\/p>\n\n\n\n<p>En cas d\u2019absence, mandat pouvait \u00eatre donn\u00e9 \u00e0 un coll\u00e8gue inscrit au congr\u00e8s : <strong><a href=\"https:\/\/sjfu.fr\/index.php\/notre-syndicat\/congres\/congres-2023\/donner-mandat-a-un-collegue\/\">mandater un coll\u00e8gue inscrit.<\/a><\/strong><\/p>\n\n\n\n<p>Un <strong>dossier complet<\/strong> a \u00e9t\u00e9 communiqu\u00e9 aux adh\u00e9rents et mis en ligne sur l&rsquo;intranet du SJF.<\/p>\n\n\n\n<p>Deux journ\u00e9es d\u2019autorisation exceptionnelle d\u2019absence pour la participation au congr\u00e8s ont \u00e9t\u00e9 accord\u00e9es par l\u2019administration (d\u00e9p\u00f4t de la demande d\u2019ASA sur RenoiRH pour les coll\u00e8gues en poste dans les juridictions financi\u00e8res, avec information des d\u00e9l\u00e9gu\u00e9s de section).<\/p>\n\n\n\n<p>Le syndicat a pris en charge (par remboursement sur justificatifs \u00e0 transmettre au tr\u00e9sorier du SJF avant le 15 d\u00e9cembre) l\u2019acheminement des adh\u00e9rents (tarif SNCF 2\u00e8me classe) et l\u2019h\u00e9bergement (nuit\u00e9e du jeudi au vendredi) dans la limite du forfait administratif.<\/p>\n\n\n\n<p>La participation au congr\u00e8s a valu autorisation des droits \u00e0 l&rsquo;image accord\u00e9 au SJF. Toutefois, lors de l&rsquo;inscription, la personne pouvait refuser cette autorisation et doit, dans ce cas, cocher la case de refus (cf. <a href=\"https:\/\/sjfu.fr\/index.php\/notre-syndicat\/congres\/congres-2023\/congres-2023-metz-droits-a-limage\/\"><strong>d\u00e9tail des modalit\u00e9s<\/strong><\/a>).<\/p>\n\n\n\n<p>Le <strong><a href=\"https:\/\/drive.google.com\/file\/d\/1G6Kg_fkvbJnpjS0WTo41ZY2ExiU24glh\/view?usp=sharing\">programme du congr\u00e8s<\/a><\/strong> \u00e9tait le suivant :<\/p>\n\n\n\n<ul class=\"wp-block-list\">\n<li><strong>Jeudi 16 novembre :<\/strong>\n<ul class=\"wp-block-list\">\n<li>13h30 : accueil des participants<\/li>\n\n\n\n<li>14h : ouverture du congr\u00e8s<\/li>\n<\/ul>\n<\/li>\n<\/ul>\n\n\n\n<figure class=\"wp-block-image size-large\"><a href=\"https:\/\/sjfu.fr\/wp-content\/uploads\/2023\/11\/IMG_7233-scaled.jpg\"><img loading=\"lazy\" decoding=\"async\" width=\"1024\" height=\"768\" src=\"https:\/\/sjfu.fr\/wp-content\/uploads\/2023\/11\/IMG_7233-1024x768.jpg\" alt=\"Ouverture du 26\u00e8me congr\u00e8s du SJF par le pr\u00e9sident de la CRC Grand Est, Christophe Strassel\" class=\"wp-image-5581\" srcset=\"https:\/\/sjfu.fr\/wp-content\/uploads\/2023\/11\/IMG_7233-1024x768.jpg 1024w, https:\/\/sjfu.fr\/wp-content\/uploads\/2023\/11\/IMG_7233-300x225.jpg 300w, https:\/\/sjfu.fr\/wp-content\/uploads\/2023\/11\/IMG_7233-768x576.jpg 768w, https:\/\/sjfu.fr\/wp-content\/uploads\/2023\/11\/IMG_7233-1536x1152.jpg 1536w, https:\/\/sjfu.fr\/wp-content\/uploads\/2023\/11\/IMG_7233-2048x1536.jpg 2048w\" sizes=\"auto, (max-width: 1024px) 100vw, 1024px\" \/><\/a><\/figure>\n\n\n\n<p>Ouverture du 26\u00e8me congr\u00e8s du SJF par le pr\u00e9sident de la CRC Grand Est, Christophe Strassel<\/p>\n\n\n\n<figure class=\"wp-block-image size-large\"><a href=\"https:\/\/sjfu.fr\/wp-content\/uploads\/2023\/11\/IMG_7238-scaled.jpg\"><img loading=\"lazy\" decoding=\"async\" width=\"768\" height=\"1024\" src=\"https:\/\/sjfu.fr\/wp-content\/uploads\/2023\/11\/IMG_7238-768x1024.jpg\" alt=\"Ouverture du 26\u00e8me congr\u00e8s du SJF par le pr\u00e9sident du SJF, Pierre Gen\u00e8ve\" class=\"wp-image-5582\" srcset=\"https:\/\/sjfu.fr\/wp-content\/uploads\/2023\/11\/IMG_7238-768x1024.jpg 768w, https:\/\/sjfu.fr\/wp-content\/uploads\/2023\/11\/IMG_7238-225x300.jpg 225w, https:\/\/sjfu.fr\/wp-content\/uploads\/2023\/11\/IMG_7238-1152x1536.jpg 1152w, https:\/\/sjfu.fr\/wp-content\/uploads\/2023\/11\/IMG_7238-1536x2048.jpg 1536w, https:\/\/sjfu.fr\/wp-content\/uploads\/2023\/11\/IMG_7238-scaled.jpg 1920w\" sizes=\"auto, (max-width: 768px) 100vw, 768px\" \/><\/a><\/figure>\n\n\n\n<p>Ouverture du 26\u00e8me congr\u00e8s du SJF par le pr\u00e9sident du SJF, Pierre Gen\u00e8ve<\/p>\n\n\n\n<ul class=\"wp-block-list\">\n<li>14h15 : congr\u00e8s extraordinaire (r\u00e9vision des statuts et du r\u00e8glement int\u00e9rieur du SJF)<\/li>\n<\/ul>\n\n\n\n<figure class=\"wp-block-image size-large\"><a href=\"https:\/\/sjfu.fr\/wp-content\/uploads\/2023\/11\/IMG_7242-scaled.jpg\"><img loading=\"lazy\" decoding=\"async\" width=\"768\" height=\"1024\" src=\"https:\/\/sjfu.fr\/wp-content\/uploads\/2023\/11\/IMG_7242-768x1024.jpg\" alt=\"Congr\u00e8s extraordinaire du SJF - r\u00e9vision des statuts et du r\u00e8glement int\u00e9rieur du SJF, anim\u00e9e par le SG du SJF Louis-Damien Fruchaud, et la SG adjointe du SJF, Audrey Cavaillier\" class=\"wp-image-5583\" srcset=\"https:\/\/sjfu.fr\/wp-content\/uploads\/2023\/11\/IMG_7242-768x1024.jpg 768w, https:\/\/sjfu.fr\/wp-content\/uploads\/2023\/11\/IMG_7242-225x300.jpg 225w, https:\/\/sjfu.fr\/wp-content\/uploads\/2023\/11\/IMG_7242-1152x1536.jpg 1152w, https:\/\/sjfu.fr\/wp-content\/uploads\/2023\/11\/IMG_7242-1536x2048.jpg 1536w, https:\/\/sjfu.fr\/wp-content\/uploads\/2023\/11\/IMG_7242-scaled.jpg 1920w\" sizes=\"auto, (max-width: 768px) 100vw, 768px\" \/><\/a><\/figure>\n\n\n\n<p>Congr\u00e8s extraordinaire du SJF &#8211; r\u00e9vision des statuts et du r\u00e8glement int\u00e9rieur du SJF, s\u00e9ance anim\u00e9e par le SG du SJF Louis-Damien Fruchaud, et la SG adjointe du SJF, Audrey Cavaillier<\/p>\n\n\n\n<ul class=\"wp-block-list\">\n<li>15h45 : pause<\/li>\n\n\n\n<li>16h : congr\u00e8s ordinaire &#8211; assembl\u00e9e g\u00e9n\u00e9rale du SJF (approbation des rapports syndicaux)<\/li>\n\n\n\n<li>17h30 : proclamation des r\u00e9sultats de l&rsquo;\u00e9lection du nouveau bureau national du SJF<\/li>\n<\/ul>\n\n\n\n<figure class=\"wp-block-image size-large\"><a href=\"https:\/\/sjfu.fr\/wp-content\/uploads\/2023\/11\/Bureau5.jpg\"><img loading=\"lazy\" decoding=\"async\" width=\"1024\" height=\"768\" src=\"https:\/\/sjfu.fr\/wp-content\/uploads\/2023\/11\/Bureau5-1024x768.jpg\" alt=\"\u00c9lection du nouveau bureau du SJF.\" class=\"wp-image-5590\" srcset=\"https:\/\/sjfu.fr\/wp-content\/uploads\/2023\/11\/Bureau5-1024x768.jpg 1024w, https:\/\/sjfu.fr\/wp-content\/uploads\/2023\/11\/Bureau5-300x225.jpg 300w, https:\/\/sjfu.fr\/wp-content\/uploads\/2023\/11\/Bureau5-768x576.jpg 768w, https:\/\/sjfu.fr\/wp-content\/uploads\/2023\/11\/Bureau5-1536x1152.jpg 1536w, https:\/\/sjfu.fr\/wp-content\/uploads\/2023\/11\/Bureau5.jpg 2016w\" sizes=\"auto, (max-width: 1024px) 100vw, 1024px\" \/><\/a><\/figure>\n\n\n\n<p>\u00c9lection du nouveau bureau du SJF. Pierre Gen\u00e8ve a \u00e9t\u00e9 r\u00e9\u00e9lu pr\u00e9sident du SJF pour un nouveau mandat !<\/p>\n\n\n\n<ul class=\"wp-block-list\">\n<li>18h : temps libre<\/li>\n\n\n\n<li>19h30 : d\u00eener (sur inscription et r\u00e8glement)<\/li>\n<\/ul>\n\n\n\n<ul class=\"wp-block-list\">\n<li><strong>Vendredi 17 novembre :<\/strong>\n<ul class=\"wp-block-list\">\n<li>8h30 : accueil<\/li>\n\n\n\n<li>9h : restitution du groupe de travail \u00ab\u00a0Rifseep\u00a0\u00bb du SJF<\/li>\n<\/ul>\n<\/li>\n<\/ul>\n\n\n\n<figure class=\"wp-block-image size-large\"><a href=\"https:\/\/sjfu.fr\/wp-content\/uploads\/2023\/11\/Rifseep.jpg\"><img loading=\"lazy\" decoding=\"async\" width=\"1024\" height=\"768\" src=\"https:\/\/sjfu.fr\/wp-content\/uploads\/2023\/11\/Rifseep-1024x768.jpg\" alt=\"\" class=\"wp-image-5594\" srcset=\"https:\/\/sjfu.fr\/wp-content\/uploads\/2023\/11\/Rifseep-1024x768.jpg 1024w, https:\/\/sjfu.fr\/wp-content\/uploads\/2023\/11\/Rifseep-300x225.jpg 300w, https:\/\/sjfu.fr\/wp-content\/uploads\/2023\/11\/Rifseep-768x576.jpg 768w, https:\/\/sjfu.fr\/wp-content\/uploads\/2023\/11\/Rifseep-1536x1152.jpg 1536w, https:\/\/sjfu.fr\/wp-content\/uploads\/2023\/11\/Rifseep.jpg 2016w\" sizes=\"auto, (max-width: 1024px) 100vw, 1024px\" \/><\/a><\/figure>\n\n\n\n<figure class=\"wp-block-image size-large\"><a href=\"https:\/\/sjfu.fr\/wp-content\/uploads\/2023\/11\/PPC-rotated.jpg\"><img loading=\"lazy\" decoding=\"async\" width=\"768\" height=\"1024\" src=\"https:\/\/sjfu.fr\/wp-content\/uploads\/2023\/11\/PPC-768x1024.jpg\" alt=\"\" class=\"wp-image-5608\" srcset=\"https:\/\/sjfu.fr\/wp-content\/uploads\/2023\/11\/PPC-768x1024.jpg 768w, https:\/\/sjfu.fr\/wp-content\/uploads\/2023\/11\/PPC-225x300.jpg 225w, https:\/\/sjfu.fr\/wp-content\/uploads\/2023\/11\/PPC-1152x1536.jpg 1152w, https:\/\/sjfu.fr\/wp-content\/uploads\/2023\/11\/PPC-rotated.jpg 1512w\" sizes=\"auto, (max-width: 768px) 100vw, 768px\" \/><\/a><\/figure>\n\n\n\n<figure class=\"wp-block-image size-large\"><a href=\"https:\/\/sjfu.fr\/wp-content\/uploads\/2023\/11\/IMG_7259-scaled.jpg\"><img loading=\"lazy\" decoding=\"async\" width=\"768\" height=\"1024\" src=\"https:\/\/sjfu.fr\/wp-content\/uploads\/2023\/11\/IMG_7259-768x1024.jpg\" alt=\"\" class=\"wp-image-5595\" srcset=\"https:\/\/sjfu.fr\/wp-content\/uploads\/2023\/11\/IMG_7259-768x1024.jpg 768w, https:\/\/sjfu.fr\/wp-content\/uploads\/2023\/11\/IMG_7259-225x300.jpg 225w, https:\/\/sjfu.fr\/wp-content\/uploads\/2023\/11\/IMG_7259-1152x1536.jpg 1152w, https:\/\/sjfu.fr\/wp-content\/uploads\/2023\/11\/IMG_7259-1536x2048.jpg 1536w, https:\/\/sjfu.fr\/wp-content\/uploads\/2023\/11\/IMG_7259-scaled.jpg 1920w\" sizes=\"auto, (max-width: 768px) 100vw, 768px\" \/><\/a><\/figure>\n\n\n\n<p>\u00c9changes sur le Rifseep avec Sylvain Huet, pr\u00e9sident de section \u00e0 la CRC Hauts-de-France, pr\u00e9sident d&rsquo;honneur du SJF, et Marc Simon, magistrat financier \u00e0 la chambre du contentieux, et les repr\u00e9sentants des partenaires su SJF : Anne-Sophie Picque, pr\u00e9sidente de l&rsquo;Union syndicale des magistrats administratifs (USMA), Julien Henninger, pr\u00e9sident du syndicat de la juridiction administrative (SJA), David Melison, d\u00e9l\u00e9gu\u00e9 r\u00e9gional de l&rsquo;Union syndicale des magistrats (USM), et Philippe-Pierre Cabourdin, pr\u00e9sident de l&rsquo;association des magistrats de la Cour des comptes.<\/p>\n\n\n\n<ul class=\"wp-block-list\">\n<li>10h30 : table ronde sur les CRC face au d\u00e9fi des nouvelles missions<\/li>\n<\/ul>\n\n\n\n<figure class=\"wp-block-image size-large\"><a href=\"https:\/\/sjfu.fr\/wp-content\/uploads\/2023\/11\/IMG_7264-scaled.jpg\"><img loading=\"lazy\" decoding=\"async\" width=\"1024\" height=\"768\" src=\"https:\/\/sjfu.fr\/wp-content\/uploads\/2023\/11\/IMG_7264-1024x768.jpg\" alt=\"\" class=\"wp-image-5597\" srcset=\"https:\/\/sjfu.fr\/wp-content\/uploads\/2023\/11\/IMG_7264-1024x768.jpg 1024w, https:\/\/sjfu.fr\/wp-content\/uploads\/2023\/11\/IMG_7264-300x225.jpg 300w, https:\/\/sjfu.fr\/wp-content\/uploads\/2023\/11\/IMG_7264-768x576.jpg 768w, https:\/\/sjfu.fr\/wp-content\/uploads\/2023\/11\/IMG_7264-1536x1152.jpg 1536w, https:\/\/sjfu.fr\/wp-content\/uploads\/2023\/11\/IMG_7264-2048x1536.jpg 2048w\" sizes=\"auto, (max-width: 1024px) 100vw, 1024px\" \/><\/a><\/figure>\n\n\n\n<p>Table ronde anim\u00e9e par Charlotte Devaux, magistrate financi\u00e8re \u00e0 la CRC Auvergne-Rh\u00f4ne-Alpes, en pr\u00e9sence de Serge Barichard, premier avocat g\u00e9n\u00e9ral pr\u00e8s la Cour des comptes, Ma\u00efa Wirgin, secr\u00e9taire g\u00e9n\u00e9ral de la Cour des comptes, Pierre Gen\u00e8ve, pr\u00e9sident du SJF, Christophe Strassel, pr\u00e9sident de la CRC Grand Est, Christian Babusiaux, ancien pr\u00e9sident de chambre de la Cour des comptes, ancien pr\u00e9sident du coll\u00e8ge de d\u00e9ontologie, pr\u00e9sident du cercle de la r\u00e9forme de l\u2019\u00c9tat.<\/p>\n\n\n\n<ul class=\"wp-block-list\">\n<li>12h : buffet d\u00e9jeunatoire (sur inscription et r\u00e8glement)<\/li>\n\n\n\n<li>14h : d\u00e9bats d&rsquo;orientation syndicale<\/li>\n<\/ul>\n\n\n\n<figure class=\"wp-block-image size-full\"><a href=\"https:\/\/sjfu.fr\/wp-content\/uploads\/2023\/11\/Debat2.jpg\"><img loading=\"lazy\" decoding=\"async\" width=\"640\" height=\"480\" src=\"https:\/\/sjfu.fr\/wp-content\/uploads\/2023\/11\/Debat2.jpg\" alt=\"\" class=\"wp-image-5609\" srcset=\"https:\/\/sjfu.fr\/wp-content\/uploads\/2023\/11\/Debat2.jpg 640w, https:\/\/sjfu.fr\/wp-content\/uploads\/2023\/11\/Debat2-300x225.jpg 300w\" sizes=\"auto, (max-width: 640px) 100vw, 640px\" \/><\/a><\/figure>\n\n\n\n<figure class=\"wp-block-image size-full\"><a href=\"https:\/\/sjfu.fr\/wp-content\/uploads\/2023\/11\/Debat4.jpg\"><img loading=\"lazy\" decoding=\"async\" width=\"640\" height=\"480\" src=\"https:\/\/sjfu.fr\/wp-content\/uploads\/2023\/11\/Debat4.jpg\" alt=\"\" class=\"wp-image-5598\" srcset=\"https:\/\/sjfu.fr\/wp-content\/uploads\/2023\/11\/Debat4.jpg 640w, https:\/\/sjfu.fr\/wp-content\/uploads\/2023\/11\/Debat4-300x225.jpg 300w\" sizes=\"auto, (max-width: 640px) 100vw, 640px\" \/><\/a><\/figure>\n\n\n\n<ul class=\"wp-block-list\">\n<li>16h : cl\u00f4ture du congr\u00e8s<\/li>\n<\/ul>\n\n\n\n<p><\/p>\n\n\n\n<p><\/p>\n","protected":false},"excerpt":{"rendered":"<p class=\"qua-blog-post-description\">Congr\u00e8s 2023 du Syndicat des Juridictions Financi\u00e8res (16 et 17 novembre 2023, Metz) Le syndicat des juridictions financi\u00e8res a tenu son 26\u00e8me congr\u00e8s les 16 et 17 novembre 2023 \u00e0 Metz (Grand Est), \u00e0 l&rsquo;Arsenal-Cit\u00e9 musicale (3 avenue Ney, 57000 Metz). Le congr\u00e8s \u00e9tait ouvert \u00e0 tout adh\u00e9rent \u00e0 jour de cotisation. Pour adh\u00e9rer ou [&hellip;]<\/p>\n","protected":false},"author":1,"featured_media":0,"parent":137,"menu_order":9,"comment_status":"closed","ping_status":"closed","template":"","meta":{"footnotes":""},"class_list":["post-5456","page","type-page","status-publish","hentry"],"_links":{"self":[{"href":"https:\/\/sjfu.fr\/index.php\/wp-json\/wp\/v2\/pages\/5456","targetHints":{"allow":["GET"]}}],"collection":[{"href":"https:\/\/sjfu.fr\/index.php\/wp-json\/wp\/v2\/pages"}],"about":[{"href":"https:\/\/sjfu.fr\/index.php\/wp-json\/wp\/v2\/types\/page"}],"author":[{"embeddable":true,"href":"https:\/\/sjfu.fr\/index.php\/wp-json\/wp\/v2\/users\/1"}],"replies":[{"embeddable":true,"href":"https:\/\/sjfu.fr\/index.php\/wp-json\/wp\/v2\/comments?post=5456"}],"version-history":[{"count":23,"href":"https:\/\/sjfu.fr\/index.php\/wp-json\/wp\/v2\/pages\/5456\/revisions"}],"predecessor-version":[{"id":5612,"href":"https:\/\/sjfu.fr\/index.php\/wp-json\/wp\/v2\/pages\/5456\/revisions\/5612"}],"up":[{"embeddable":true,"href":"https:\/\/sjfu.fr\/index.php\/wp-json\/wp\/v2\/pages\/137"}],"wp:attachment":[{"href":"https:\/\/sjfu.fr\/index.php\/wp-json\/wp\/v2\/media?parent=5456"}],"curies":[{"name":"wp","href":"https:\/\/api.w.org\/{rel}","templated":true}]}}