{"id":5459,"date":"2023-04-13T14:27:41","date_gmt":"2023-04-13T13:27:41","guid":{"rendered":"https:\/\/sjfu.fr\/?page_id=5459"},"modified":"2023-11-17T23:41:11","modified_gmt":"2023-11-17T22:41:11","slug":"inscription-au-congres-2023","status":"publish","type":"page","link":"https:\/\/sjfu.fr\/index.php\/notre-syndicat\/congres\/congres-2023\/inscription-au-congres-2023\/","title":{"rendered":"Inscription au Congr\u00e8s 2023"},"content":{"rendered":"\n<h1 class=\"wp-block-heading\">Inscription au Congr\u00e8s du SJF des 16 et 17 novembre 2023 \u00e0 Metz<\/h1>\n\n\n\n<p><\/p>\n\n\n\n<p>Le congr\u00e8s \u00e9tait ouvert \u00e0 tout adh\u00e9rent \u00e0 jour de cotisation 2023. Pour adh\u00e9rer ou r\u00e9-adh\u00e9rer : <a href=\"https:\/\/sjfu.fr\/index.php\/nos-adherents\/\"><strong>r\u00e9-adh\u00e9rer<\/strong>.<\/a><\/p>\n\n\n\n<p>Les inscriptions sont d\u00e9sormais closes.<\/p>\n","protected":false},"excerpt":{"rendered":"<p class=\"qua-blog-post-description\">Inscription au Congr\u00e8s du SJF des 16 et 17 novembre 2023 \u00e0 Metz Le congr\u00e8s \u00e9tait ouvert \u00e0 tout adh\u00e9rent \u00e0 jour de cotisation 2023. Pour adh\u00e9rer ou r\u00e9-adh\u00e9rer : r\u00e9-adh\u00e9rer. Les inscriptions sont d\u00e9sormais closes.<\/p>\n","protected":false},"author":1,"featured_media":0,"parent":5456,"menu_order":1,"comment_status":"closed","ping_status":"closed","template":"","meta":{"footnotes":""},"class_list":["post-5459","page","type-page","status-publish","hentry"],"_links":{"self":[{"href":"https:\/\/sjfu.fr\/index.php\/wp-json\/wp\/v2\/pages\/5459","targetHints":{"allow":["GET"]}}],"collection":[{"href":"https:\/\/sjfu.fr\/index.php\/wp-json\/wp\/v2\/pages"}],"about":[{"href":"https:\/\/sjfu.fr\/index.php\/wp-json\/wp\/v2\/types\/page"}],"author":[{"embeddable":true,"href":"https:\/\/sjfu.fr\/index.php\/wp-json\/wp\/v2\/users\/1"}],"replies":[{"embeddable":true,"href":"https:\/\/sjfu.fr\/index.php\/wp-json\/wp\/v2\/comments?post=5459"}],"version-history":[{"count":24,"href":"https:\/\/sjfu.fr\/index.php\/wp-json\/wp\/v2\/pages\/5459\/revisions"}],"predecessor-version":[{"id":5604,"href":"https:\/\/sjfu.fr\/index.php\/wp-json\/wp\/v2\/pages\/5459\/revisions\/5604"}],"up":[{"embeddable":true,"href":"https:\/\/sjfu.fr\/index.php\/wp-json\/wp\/v2\/pages\/5456"}],"wp:attachment":[{"href":"https:\/\/sjfu.fr\/index.php\/wp-json\/wp\/v2\/media?parent=5459"}],"curies":[{"name":"wp","href":"https:\/\/api.w.org\/{rel}","templated":true}]}}