{"id":5461,"date":"2023-04-13T14:29:50","date_gmt":"2023-04-13T13:29:50","guid":{"rendered":"https:\/\/sjfu.fr\/?page_id=5461"},"modified":"2023-11-17T23:42:18","modified_gmt":"2023-11-17T22:42:18","slug":"donner-mandat-a-un-collegue","status":"publish","type":"page","link":"https:\/\/sjfu.fr\/index.php\/notre-syndicat\/congres\/congres-2023\/donner-mandat-a-un-collegue\/","title":{"rendered":"Donner mandat \u00e0 un coll\u00e8gue"},"content":{"rendered":"\n<h2 class=\"wp-block-heading\">Donner mandat \u00e0 un coll\u00e8gue inscrit au Congr\u00e8s du SJF des 16 et 17 novembre 2023 \u00e0 Metz<\/h2>\n\n\n\n<p><\/p>\n\n\n\n<p>Le congr\u00e8s \u00e9tait ouvert \u00e0 tout adh\u00e9rent \u00e0 jour de cotisation. Pour adh\u00e9rer ou r\u00e9-adh\u00e9rer : <a href=\"https:\/\/sjfu.fr\/index.php\/nos-adherents\/\"><strong>r\u00e9-adh\u00e9rer<\/strong>.<\/a><\/p>\n\n\n\n<p>Les inscriptions sont d\u00e9sormais closes.<\/p>\n","protected":false},"excerpt":{"rendered":"<p class=\"qua-blog-post-description\">Donner mandat \u00e0 un coll\u00e8gue inscrit au Congr\u00e8s du SJF des 16 et 17 novembre 2023 \u00e0 Metz Le congr\u00e8s \u00e9tait ouvert \u00e0 tout adh\u00e9rent \u00e0 jour de cotisation. Pour adh\u00e9rer ou r\u00e9-adh\u00e9rer : r\u00e9-adh\u00e9rer. Les inscriptions sont d\u00e9sormais closes.<\/p>\n","protected":false},"author":1,"featured_media":0,"parent":5456,"menu_order":2,"comment_status":"closed","ping_status":"closed","template":"","meta":{"footnotes":""},"class_list":["post-5461","page","type-page","status-publish","hentry"],"_links":{"self":[{"href":"https:\/\/sjfu.fr\/index.php\/wp-json\/wp\/v2\/pages\/5461","targetHints":{"allow":["GET"]}}],"collection":[{"href":"https:\/\/sjfu.fr\/index.php\/wp-json\/wp\/v2\/pages"}],"about":[{"href":"https:\/\/sjfu.fr\/index.php\/wp-json\/wp\/v2\/types\/page"}],"author":[{"embeddable":true,"href":"https:\/\/sjfu.fr\/index.php\/wp-json\/wp\/v2\/users\/1"}],"replies":[{"embeddable":true,"href":"https:\/\/sjfu.fr\/index.php\/wp-json\/wp\/v2\/comments?post=5461"}],"version-history":[{"count":13,"href":"https:\/\/sjfu.fr\/index.php\/wp-json\/wp\/v2\/pages\/5461\/revisions"}],"predecessor-version":[{"id":5605,"href":"https:\/\/sjfu.fr\/index.php\/wp-json\/wp\/v2\/pages\/5461\/revisions\/5605"}],"up":[{"embeddable":true,"href":"https:\/\/sjfu.fr\/index.php\/wp-json\/wp\/v2\/pages\/5456"}],"wp:attachment":[{"href":"https:\/\/sjfu.fr\/index.php\/wp-json\/wp\/v2\/media?parent=5461"}],"curies":[{"name":"wp","href":"https:\/\/api.w.org\/{rel}","templated":true}]}}