{"id":5519,"date":"2023-09-21T22:26:20","date_gmt":"2023-09-21T21:26:20","guid":{"rendered":"https:\/\/sjfu.fr\/?page_id=5519"},"modified":"2023-09-21T22:26:20","modified_gmt":"2023-09-21T21:26:20","slug":"congres-2023-metz-droits-a-limage","status":"publish","type":"page","link":"https:\/\/sjfu.fr\/index.php\/notre-syndicat\/congres\/congres-2023\/congres-2023-metz-droits-a-limage\/","title":{"rendered":"Congr\u00e8s 2023 Metz &#8211; droits \u00e0 l&rsquo;image"},"content":{"rendered":"\n<p>En s&rsquo;inscrivant au congr\u00e8s du SJF qui se tient \u00e0 Metz les 16 et 17 novembre 2023, le\/la congressiste autorise le syndicat \u00e0 r\u00e9aliser des prises de vue photographiques, des vid\u00e9os ou des captations num\u00e9riques.<\/p>\n\n\n\n<p>En cons\u00e9quence de quoi et conform\u00e9ment aux dispositions relatives au droit \u00e0 l\u2019image, le\/la congressiste autorise le SJF \u00e0 fixer, reproduire et communiquer au public les photographies, vid\u00e9os ou captations num\u00e9riques prises dans le cadre associatif.<\/p>\n\n\n\n<p>Les images pourront \u00eatre exploit\u00e9es et utilis\u00e9es directement par l\u2019association sous toute forme et tous supports connus et inconnus \u00e0 ce jour, pour un territoire illimit\u00e9, sans limitation de dur\u00e9e, int\u00e9gralement ou par extraits et notamment&nbsp;: presse, livre, supports d\u2019enregistrement num\u00e9rique, exposition, publicit\u00e9, projection publique, concours, site internet, r\u00e9seaux sociaux.<\/p>\n\n\n\n<p>Le b\u00e9n\u00e9ficiaire de l\u2019autorisation s\u2019interdit express\u00e9ment de proc\u00e9der \u00e0 une exploitation des photographies susceptible de porter atteinte \u00e0 la vie priv\u00e9e ou \u00e0 la r\u00e9putation, et d\u2019utiliser les photographies, vid\u00e9os ou captations num\u00e9riques de la pr\u00e9sente, dans tout support ou toute exploitation pr\u00e9judiciable.<\/p>\n\n\n\n<p>Le\/la congressiste se reconnait \u00eatre enti\u00e8rement rempli(e) de ses droits et ne pourra pr\u00e9tendre \u00e0 aucune r\u00e9mun\u00e9ration pour l\u2019exploitation des droits vis\u00e9s aux pr\u00e9sentes. Le congressiste garantit n\u2019\u00eatre li\u00e9(e) par aucun contrat exclusif relatif \u00e0 l\u2019utilisation de son image ou de son nom.<\/p>\n\n\n\n<p>Pour autant, lors de l&rsquo;inscription au congr\u00e8s via le formulaire, le\/la congressiste a la possibilit\u00e9 de refuser de donner son autorisation de droits \u00e0 l&rsquo;image. Le\/la congressiste doit, pour cela, cocher la case pr\u00e9sente dans le formulaire \u00ab\u00a0Je refuse\u00a0\u00bb. Si le\/la congressiste ne coche pas la case, autorisation implicite est donn\u00e9e. Le\/la congressiste a n\u00e9anmoins possibilit\u00e9 de revenir sur son choix en envoyant, avant la tenue du congr\u00e8s, un courriel au secr\u00e9tariat g\u00e9n\u00e9ral du SJF.<\/p>\n\n\n\n<p>Pour tout litige n\u00e9 de l\u2019interpr\u00e9tation ou de l\u2019ex\u00e9cution des pr\u00e9sentes, il est fait attribution expresse de juridiction aux tribunaux fran\u00e7ais.<\/p>\n","protected":false},"excerpt":{"rendered":"<p class=\"qua-blog-post-description\">En s&rsquo;inscrivant au congr\u00e8s du SJF qui se tient \u00e0 Metz les 16 et 17 novembre 2023, le\/la congressiste autorise le syndicat \u00e0 r\u00e9aliser des prises de vue photographiques, des vid\u00e9os ou des captations num\u00e9riques. En cons\u00e9quence de quoi et conform\u00e9ment aux dispositions relatives au droit \u00e0 l\u2019image, le\/la congressiste autorise le SJF \u00e0 fixer, [&hellip;]<\/p>\n","protected":false},"author":1,"featured_media":0,"parent":5456,"menu_order":3,"comment_status":"closed","ping_status":"closed","template":"","meta":{"footnotes":""},"class_list":["post-5519","page","type-page","status-publish","hentry"],"_links":{"self":[{"href":"https:\/\/sjfu.fr\/index.php\/wp-json\/wp\/v2\/pages\/5519","targetHints":{"allow":["GET"]}}],"collection":[{"href":"https:\/\/sjfu.fr\/index.php\/wp-json\/wp\/v2\/pages"}],"about":[{"href":"https:\/\/sjfu.fr\/index.php\/wp-json\/wp\/v2\/types\/page"}],"author":[{"embeddable":true,"href":"https:\/\/sjfu.fr\/index.php\/wp-json\/wp\/v2\/users\/1"}],"replies":[{"embeddable":true,"href":"https:\/\/sjfu.fr\/index.php\/wp-json\/wp\/v2\/comments?post=5519"}],"version-history":[{"count":1,"href":"https:\/\/sjfu.fr\/index.php\/wp-json\/wp\/v2\/pages\/5519\/revisions"}],"predecessor-version":[{"id":5520,"href":"https:\/\/sjfu.fr\/index.php\/wp-json\/wp\/v2\/pages\/5519\/revisions\/5520"}],"up":[{"embeddable":true,"href":"https:\/\/sjfu.fr\/index.php\/wp-json\/wp\/v2\/pages\/5456"}],"wp:attachment":[{"href":"https:\/\/sjfu.fr\/index.php\/wp-json\/wp\/v2\/media?parent=5519"}],"curies":[{"name":"wp","href":"https:\/\/api.w.org\/{rel}","templated":true}]}}