{"id":83,"date":"2015-10-25T21:38:09","date_gmt":"2015-10-25T20:38:09","guid":{"rendered":"http:\/\/sjfu.fr\/?page_id=83"},"modified":"2022-12-04T20:22:05","modified_gmt":"2022-12-04T19:22:05","slug":"intranet","status":"publish","type":"page","link":"https:\/\/sjfu.fr\/index.php\/intranet\/","title":{"rendered":"Intranet"},"content":{"rendered":"<h3>Pour acc\u00e9der \u00e0 l&rsquo;Intranet du SJF, votre cotisation annuelle doit \u00eatre \u00e0 jour :<\/h3>\n<h3><strong><a href=\"https:\/\/sjfu.fr\/index.php\/nos-adherents\/\">R\u00c9-ADH\u00c9RER<\/a><\/strong><\/h3>\n<h3>Pour rejoindre le site Intranet du SJF, veuillez cliquer sur l&rsquo;ic\u00f4ne suivante:<\/h3>\n<p><a href=\"https:\/\/sjfu.fr\/intranet\/login\/?redirect_to=http%3A%2F%2Fsjfu.fr%2Fintranet%2F\" target=\"_blank\" rel=\"noopener\"><img loading=\"lazy\" decoding=\"async\" class=\"alignnone size-medium wp-image-134\" src=\"https:\/\/sjfu.fr\/wp-content\/uploads\/2015\/10\/Intranet-300x99.png\" alt=\"Intranet\" width=\"300\" height=\"99\" srcset=\"https:\/\/sjfu.fr\/wp-content\/uploads\/2015\/10\/Intranet-300x99.png 300w, https:\/\/sjfu.fr\/wp-content\/uploads\/2015\/10\/Intranet.png 796w\" sizes=\"auto, (max-width: 300px) 100vw, 300px\" \/><\/a><\/p>\n<p>Conform\u00e9ment \u00e0 la loi \u00ab\u00a0informatique et libert\u00e9\u00a0\u00bb du 6 janvier 1978, vous b\u00e9n\u00e9ficiez d&rsquo;un droit d&rsquo;acc\u00e8s et de rectification aux informations qui vous concernent. Si vous voulez exercer ce droit et obtenir communication des informations, veuillez vous adresser au :<\/p>\n<p>Syndicat des juridictions financi\u00e8res (pr\u00e9sident)<\/p>\n<p>17 rue de Pom\u00e8gues, 13295 \u2013 MARSEILLE Cedex 08<\/p>\n<p><strong>Vous pouvez \u00e9galement suivre l&rsquo;actualit\u00e9 du SJF sur les r\u00e9seaux sociaux : <a href=\"https:\/\/www.linkedin.com\/in\/sjf-syndicat-des-juridictions-financi%C3%A8res-a85565193\/\">Linkedin<\/a> et <a href=\"https:\/\/twitter.com\/syndicatjf\">Twitter<\/a>.<\/strong><\/p>\n<div class=\"line\"><\/div>\n","protected":false},"excerpt":{"rendered":"<p class=\"qua-blog-post-description\">Pour acc\u00e9der \u00e0 l&rsquo;Intranet du SJF, votre cotisation annuelle doit \u00eatre \u00e0 jour : R\u00c9-ADH\u00c9RER Pour rejoindre le site Intranet du SJF, veuillez cliquer sur l&rsquo;ic\u00f4ne suivante: Conform\u00e9ment \u00e0 la loi \u00ab\u00a0informatique et libert\u00e9\u00a0\u00bb du 6 janvier 1978, vous b\u00e9n\u00e9ficiez d&rsquo;un droit d&rsquo;acc\u00e8s et de rectification aux informations qui vous concernent. Si vous voulez exercer [&hellip;]<\/p>\n","protected":false},"author":1,"featured_media":0,"parent":0,"menu_order":6,"comment_status":"closed","ping_status":"closed","template":"","meta":{"footnotes":""},"class_list":["post-83","page","type-page","status-publish","hentry"],"_links":{"self":[{"href":"https:\/\/sjfu.fr\/index.php\/wp-json\/wp\/v2\/pages\/83","targetHints":{"allow":["GET"]}}],"collection":[{"href":"https:\/\/sjfu.fr\/index.php\/wp-json\/wp\/v2\/pages"}],"about":[{"href":"https:\/\/sjfu.fr\/index.php\/wp-json\/wp\/v2\/types\/page"}],"author":[{"embeddable":true,"href":"https:\/\/sjfu.fr\/index.php\/wp-json\/wp\/v2\/users\/1"}],"replies":[{"embeddable":true,"href":"https:\/\/sjfu.fr\/index.php\/wp-json\/wp\/v2\/comments?post=83"}],"version-history":[{"count":24,"href":"https:\/\/sjfu.fr\/index.php\/wp-json\/wp\/v2\/pages\/83\/revisions"}],"predecessor-version":[{"id":5361,"href":"https:\/\/sjfu.fr\/index.php\/wp-json\/wp\/v2\/pages\/83\/revisions\/5361"}],"wp:attachment":[{"href":"https:\/\/sjfu.fr\/index.php\/wp-json\/wp\/v2\/media?parent=83"}],"curies":[{"name":"wp","href":"https:\/\/api.w.org\/{rel}","templated":true}]}}