{"id":100,"date":"2015-10-30T19:40:07","date_gmt":"2015-10-30T18:40:07","guid":{"rendered":"http:\/\/sjfu.fr\/intranet\/?page_id=100"},"modified":"2022-10-02T17:45:01","modified_gmt":"2022-10-02T16:45:01","slug":"services","status":"publish","type":"page","link":"https:\/\/sjfu.fr\/intranet\/services\/","title":{"rendered":"Appui aux coll\u00e8gues"},"content":{"rendered":"<p>Informations sur les droits, r\u00e9mun\u00e9rations et avantages sociaux, recherches de mobilit\u00e9, difficult\u00e9s de sant\u00e9, troubles psycho-organisationnels, conseils en orientation de carri\u00e8re : le SJF ne dispose pas de toutes les solutions mais peut mettre en relation des comp\u00e9tences et les r\u00e9seaux pour trouver une solution sur mesure \u00e0 chacun. N&rsquo;h\u00e9sitez pas \u00e0 contacter vos coll\u00e8gues du syndicat dans votre chambre et\/ou les membres du bureau, ainsi que vos repr\u00e9sentants au Conseil sup\u00e9rieur des CRTC.<\/p>\n<p>Nos principales rubriques:<\/p>\n<ul>\n<li><a href=\"https:\/\/sjfu.fr\/intranet\/services\/droit-syndical\/\">droit syndical<\/a><\/li>\n<li><a href=\"https:\/\/sjfu.fr\/intranet\/services\/gestion-previsionnelle-des-effectifs\/\">gestion pr\u00e9visionnelle des effectifs et perspectives d\u2019int\u00e9gration des d\u00e9tach\u00e9s<\/a><\/li>\n<li><a href=\"https:\/\/sjfu.fr\/intranet\/services\/mobilites\/\">mobilit\u00e9s<\/a><\/li>\n<li><a href=\"https:\/\/sjfu.fr\/intranet\/services\/action-sociale\/\">action sociale<\/a><\/li>\n<li><a href=\"https:\/\/sjfu.fr\/intranet\/services\/contentieux-lies-au-deroulement-de-carriere-recueil-de-jurisprudence\/\">contentieux<\/a><\/li>\n<li><a href=\"https:\/\/sjfu.fr\/intranet\/services\/ressources-documentaires\/\">ressources documentaires<\/a><\/li>\n<li><a href=\"https:\/\/sjfu.fr\/intranet\/services\/protection-fonctionnelle\/\">protection fonctionnelle<\/a><\/li>\n<\/ul>\n","protected":false},"excerpt":{"rendered":"<p>Informations sur les droits, r\u00e9mun\u00e9rations et avantages sociaux, recherches de mobilit\u00e9, difficult\u00e9s de sant\u00e9, troubles psycho-organisationnels, conseils en orientation de carri\u00e8re : le SJF ne dispose pas de toutes les solutions mais peut mettre en relation des comp\u00e9tences et les r\u00e9seaux pour trouver une solution sur mesure \u00e0 chacun. N&rsquo;h\u00e9sitez<a href=\"https:\/\/sjfu.fr\/intranet\/services\/\" class=\"read-more\">Read the Rest&#8230;<\/a><\/p>\n","protected":false},"author":2,"featured_media":0,"parent":0,"menu_order":2,"comment_status":"closed","ping_status":"closed","template":"","meta":{"footnotes":""},"class_list":["post-100","page","type-page","status-publish","hentry"],"_links":{"self":[{"href":"https:\/\/sjfu.fr\/intranet\/wp-json\/wp\/v2\/pages\/100","targetHints":{"allow":["GET"]}}],"collection":[{"href":"https:\/\/sjfu.fr\/intranet\/wp-json\/wp\/v2\/pages"}],"about":[{"href":"https:\/\/sjfu.fr\/intranet\/wp-json\/wp\/v2\/types\/page"}],"author":[{"embeddable":true,"href":"https:\/\/sjfu.fr\/intranet\/wp-json\/wp\/v2\/users\/2"}],"replies":[{"embeddable":true,"href":"https:\/\/sjfu.fr\/intranet\/wp-json\/wp\/v2\/comments?post=100"}],"version-history":[{"count":34,"href":"https:\/\/sjfu.fr\/intranet\/wp-json\/wp\/v2\/pages\/100\/revisions"}],"predecessor-version":[{"id":3446,"href":"https:\/\/sjfu.fr\/intranet\/wp-json\/wp\/v2\/pages\/100\/revisions\/3446"}],"wp:attachment":[{"href":"https:\/\/sjfu.fr\/intranet\/wp-json\/wp\/v2\/media?parent=100"}],"curies":[{"name":"wp","href":"https:\/\/api.w.org\/{rel}","templated":true}]}}