{"id":1179,"date":"2016-09-20T14:18:23","date_gmt":"2016-09-20T13:18:23","guid":{"rendered":"http:\/\/sjfu.fr\/intranet\/?page_id=1179"},"modified":"2022-02-07T22:04:36","modified_gmt":"2022-02-07T21:04:36","slug":"bilans-sociaux","status":"publish","type":"page","link":"https:\/\/sjfu.fr\/intranet\/services\/ressources-documentaires\/bilans-sociaux\/","title":{"rendered":"Bilans sociaux"},"content":{"rendered":"<p><img loading=\"lazy\" decoding=\"async\" class=\"alignleft \" src=\"http:\/\/www.cdg35.fr\/beacdf17e90166e1ba64332030865eexy\/iedit\/1016\/72660_84676_Visuel_BS_2015_2_large.gif\" alt=\"\" width=\"206\" height=\"134\" \/>L&rsquo;<a href=\"https:\/\/www.legifrance.gouv.fr\/affichTexte.do?cidTexte=JORFTEXT000028388107&amp;categorieLien=id\">arr\u00eat\u00e9 du 23 d\u00e9cembre 2013<\/a> fixe la liste des indicateurs contenus dans le bilan social pr\u00e9vu par l&rsquo;article 37 du d\u00e9cret n\u00b0 2011-184 du 15 f\u00e9vrier 2011 relatif aux comit\u00e9s techniques dans les administrations et les \u00e9tablissements publics de l&rsquo;Etat.<\/p>\n<h4><a href=\"https:\/\/drive.google.com\/file\/d\/1NfNIjJIZJj4lKNQOsNeAIDBN3mMTgYD_\/view?usp=sharing\">Bilan social 2020<\/a><\/h4>\n<h4><a href=\"https:\/\/drive.google.com\/file\/d\/1Uwpt8FCqVNoEK8bKOSZXRIypuc6hRYtL\/view?usp=sharing\">Bilan social 2019<\/a><\/h4>\n<p><a href=\"https:\/\/drive.google.com\/file\/d\/1l1YweCDPcdRkIYnct2ldsgxb9Zi6CxAb\/view?usp=sharing\">Bilan social 2018<\/a><\/p>\n<p><a href=\"https:\/\/drive.google.com\/file\/d\/19Wjwd-F8BjSEljdMRBdxv-3FivUj1Tq2\/view?usp=sharing\">Bilan social 2017<\/a><\/p>\n<p><a href=\"https:\/\/drive.google.com\/file\/d\/16l9l_JMfrl87Hq_l7tRM0rI1N5Qyju6W\/view?usp=sharing\">Bilan social 2016<\/a><\/p>\n<p><a href=\"https:\/\/drive.google.com\/file\/d\/0BwRWtKE4DOnAWHJfOXJEa25sQjA\/view?usp=sharing\">Bilan social 2015<\/a><\/p>\n<p><a href=\"https:\/\/drive.google.com\/file\/d\/0BwRWtKE4DOnARmstcjBfbmJMQms\/view?usp=sharing\">Bilan social 2014<\/a><\/p>\n<p><a href=\"https:\/\/drive.google.com\/file\/d\/0BwRWtKE4DOnAZkRHWVY4akxKLTQ\/view?usp=sharing\">Bilan social 2013<\/a><\/p>\n<p><a href=\"https:\/\/drive.google.com\/file\/d\/0BwRWtKE4DOnANkw3eFUyQklHZ2c\/view?usp=sharing\">Bilan social 2012<\/a><\/p>\n<p><a href=\"https:\/\/drive.google.com\/file\/d\/0BwRWtKE4DOnATURxWmNEZFE5ZVk\/view?usp=sharing\">Bilan social 2011<\/a><\/p>\n<p><a href=\"https:\/\/drive.google.com\/file\/d\/0BwRWtKE4DOnAbTRFMUl2dnYtM1U\/view?usp=sharing\">Bilan social 2010<\/a><\/p>\n<p><a href=\"https:\/\/drive.google.com\/file\/d\/0BwRWtKE4DOnAYmJkUldfQTc0T2M\/view?usp=sharing\">Bilan social 2009<\/a><\/p>\n","protected":false},"excerpt":{"rendered":"<p>L&rsquo;arr\u00eat\u00e9 du 23 d\u00e9cembre 2013 fixe la liste des indicateurs contenus dans le bilan social pr\u00e9vu par l&rsquo;article 37 du d\u00e9cret n\u00b0 2011-184 du 15 f\u00e9vrier 2011 relatif aux comit\u00e9s techniques dans les administrations et les \u00e9tablissements publics de l&rsquo;Etat. Bilan social 2020 Bilan social 2019 Bilan social 2018 Bilan<a href=\"https:\/\/sjfu.fr\/intranet\/services\/ressources-documentaires\/bilans-sociaux\/\" class=\"read-more\">Read the Rest&#8230;<\/a><\/p>\n","protected":false},"author":2,"featured_media":0,"parent":214,"menu_order":4,"comment_status":"closed","ping_status":"closed","template":"","meta":{"footnotes":""},"class_list":["post-1179","page","type-page","status-publish","hentry"],"_links":{"self":[{"href":"https:\/\/sjfu.fr\/intranet\/wp-json\/wp\/v2\/pages\/1179","targetHints":{"allow":["GET"]}}],"collection":[{"href":"https:\/\/sjfu.fr\/intranet\/wp-json\/wp\/v2\/pages"}],"about":[{"href":"https:\/\/sjfu.fr\/intranet\/wp-json\/wp\/v2\/types\/page"}],"author":[{"embeddable":true,"href":"https:\/\/sjfu.fr\/intranet\/wp-json\/wp\/v2\/users\/2"}],"replies":[{"embeddable":true,"href":"https:\/\/sjfu.fr\/intranet\/wp-json\/wp\/v2\/comments?post=1179"}],"version-history":[{"count":19,"href":"https:\/\/sjfu.fr\/intranet\/wp-json\/wp\/v2\/pages\/1179\/revisions"}],"predecessor-version":[{"id":3285,"href":"https:\/\/sjfu.fr\/intranet\/wp-json\/wp\/v2\/pages\/1179\/revisions\/3285"}],"up":[{"embeddable":true,"href":"https:\/\/sjfu.fr\/intranet\/wp-json\/wp\/v2\/pages\/214"}],"wp:attachment":[{"href":"https:\/\/sjfu.fr\/intranet\/wp-json\/wp\/v2\/media?parent=1179"}],"curies":[{"name":"wp","href":"https:\/\/api.w.org\/{rel}","templated":true}]}}