{"id":119,"date":"2015-11-08T10:53:58","date_gmt":"2015-11-08T09:53:58","guid":{"rendered":"http:\/\/sjfu.fr\/intranet\/?page_id=119"},"modified":"2022-09-09T16:32:53","modified_gmt":"2022-09-09T15:32:53","slug":"mobilites","status":"publish","type":"page","link":"https:\/\/sjfu.fr\/intranet\/services\/mobilites\/","title":{"rendered":"Mobilit\u00e9s"},"content":{"rendered":"<div class=\"views-field views-field-field-accroche-partenaire\">\n<div class=\"field-content\"><a href=\"https:\/\/sjfu.fr\/intranet\/wp-content\/uploads\/2015\/11\/Mignon-Auto-Stop.png\"><img loading=\"lazy\" decoding=\"async\" class=\"alignleft size-medium wp-image-123\" src=\"https:\/\/sjfu.fr\/intranet\/wp-content\/uploads\/2015\/11\/Mignon-Auto-Stop-300x188.png\" alt=\"Mignon Auto-Stop\" width=\"300\" height=\"188\" srcset=\"https:\/\/sjfu.fr\/intranet\/wp-content\/uploads\/2015\/11\/Mignon-Auto-Stop-300x188.png 300w, https:\/\/sjfu.fr\/intranet\/wp-content\/uploads\/2015\/11\/Mignon-Auto-Stop.png 350w\" sizes=\"auto, (max-width: 300px) 100vw, 300px\" \/><\/a>La \u00ab\u00a0<a href=\"https:\/\/place-emploi-public.gouv.fr\/\">Place de l&rsquo;Emploi Public<\/a>\u00a0\u00bb (disponible \u00e9galement en application sur smartphone) publie r\u00e9guli\u00e8rement des offres d&#8217;emploi dans les trois versants de la fonction publique. Il arrive \u00e9galement \u00e0 la Cour des comptes et au SJF (pour ses adh\u00e9rents) de transmettre des annonces par courriel.<\/div>\n<\/div>\n<div>Attention, pour rappel, les magistrats du corps sont soumis \u00e0 des conditions et \u00e0 un <a href=\"http:\/\/sjfu.fr\/index.php\/les-chambres-regionales-des-comptes\/notre-statut\/notre-regime-dincompatibilites\/\">r\u00e9gime d&rsquo;incompatibilit\u00e9s<\/a> en termes de mobilit\u00e9, rappel\u00e9s, en partie, dans les <a href=\"https:\/\/sjfu.fr\/intranet\/actions-syndicales\/lignes-directrices-de-gestion\/\">lignes directrices de gestion relatives aux magistrats de CRTC<\/a>. Le SJF milite en faveur de leur assouplissement dans une perspective d&rsquo;am\u00e9lioration des carri\u00e8res et des mobilit\u00e9s (cf. <a href=\"https:\/\/sjfu.fr\/intranet\/actions-syndicales\/statut-et-remuneration\/\">page d\u00e9di\u00e9e<\/a>).<\/div>\n<div class=\"views-field views-field-field-accroche-partenaire\">\n<div>&nbsp;<\/div>\n<\/div>\n<div class=\"views-field views-field-field-lien-offres-partenaire\">\n<div class=\"field-content\">Un changement de r\u00e9sidence administrative (lieu d&rsquo;affectation de l&rsquo;agent) peut entra\u00eener un changement de domicile. L&rsquo;agent b\u00e9n\u00e9ficie, sous certaines conditions, d&rsquo;<a href=\"https:\/\/www.service-public.fr\/particuliers\/vosdroits\/F13896\">une prise en charge de ses frais de d\u00e9m\u00e9nagement<\/a>.<\/div>\n<div class=\"field-content\">&nbsp;<\/div>\n<\/div>\n<div class=\"field-content\">&nbsp;<\/div>\n<div class=\"field-content\">&nbsp;<\/div>\n<div class=\"field-content\">&nbsp;<\/div>\n<div class=\"field-content\">&nbsp;<\/div>\n<div class=\"field-content\">&nbsp;<\/div>\n<div class=\"field-content\">&nbsp;<\/div>\n<div class=\"field-content\">&nbsp;<\/div>\n<div class=\"field-content\">&nbsp;<\/div>\n<div class=\"field-content\">&nbsp;<\/div>\n<div class=\"field-content\">&nbsp;<\/div>\n<div class=\"field-content\">&nbsp;<\/div>\n","protected":false},"excerpt":{"rendered":"<p>La \u00ab\u00a0Place de l&rsquo;Emploi Public\u00a0\u00bb (disponible \u00e9galement en application sur smartphone) publie r\u00e9guli\u00e8rement des offres d&#8217;emploi dans les trois versants de la fonction publique. Il arrive \u00e9galement \u00e0 la Cour des comptes et au SJF (pour ses adh\u00e9rents) de transmettre des annonces par courriel. Attention, pour rappel, les magistrats du<a href=\"https:\/\/sjfu.fr\/intranet\/services\/mobilites\/\" class=\"read-more\">Read the Rest&#8230;<\/a><\/p>\n","protected":false},"author":1,"featured_media":0,"parent":100,"menu_order":2,"comment_status":"closed","ping_status":"closed","template":"","meta":{"footnotes":""},"class_list":["post-119","page","type-page","status-publish","hentry"],"_links":{"self":[{"href":"https:\/\/sjfu.fr\/intranet\/wp-json\/wp\/v2\/pages\/119","targetHints":{"allow":["GET"]}}],"collection":[{"href":"https:\/\/sjfu.fr\/intranet\/wp-json\/wp\/v2\/pages"}],"about":[{"href":"https:\/\/sjfu.fr\/intranet\/wp-json\/wp\/v2\/types\/page"}],"author":[{"embeddable":true,"href":"https:\/\/sjfu.fr\/intranet\/wp-json\/wp\/v2\/users\/1"}],"replies":[{"embeddable":true,"href":"https:\/\/sjfu.fr\/intranet\/wp-json\/wp\/v2\/comments?post=119"}],"version-history":[{"count":24,"href":"https:\/\/sjfu.fr\/intranet\/wp-json\/wp\/v2\/pages\/119\/revisions"}],"predecessor-version":[{"id":3417,"href":"https:\/\/sjfu.fr\/intranet\/wp-json\/wp\/v2\/pages\/119\/revisions\/3417"}],"up":[{"embeddable":true,"href":"https:\/\/sjfu.fr\/intranet\/wp-json\/wp\/v2\/pages\/100"}],"wp:attachment":[{"href":"https:\/\/sjfu.fr\/intranet\/wp-json\/wp\/v2\/media?parent=119"}],"curies":[{"name":"wp","href":"https:\/\/api.w.org\/{rel}","templated":true}]}}