{"id":1291,"date":"2016-10-27T10:31:52","date_gmt":"2016-10-27T09:31:52","guid":{"rendered":"http:\/\/sjfu.fr\/intranet\/?page_id=1291"},"modified":"2022-02-03T14:22:10","modified_gmt":"2022-02-03T13:22:10","slug":"les-obligations-comptable-dun-syndicat","status":"publish","type":"page","link":"https:\/\/sjfu.fr\/intranet\/services\/droit-syndical\/les-obligations-comptable-dun-syndicat\/","title":{"rendered":"Les obligations comptables d&rsquo;un syndicat"},"content":{"rendered":"<div class=\"intro\">\n<p><img loading=\"lazy\" decoding=\"async\" class=\"alignleft size-medium\" src=\"http:\/\/www.afigec.com\/data\/fr\/article\/image\/osp--les-obligations-comptables.jpg\" alt=\"\" width=\"300\" height=\"225\" \/>L\u2019obligation de transparence financi\u00e8re issue de la r\u00e9forme de 2008 se d\u00e9cline en quatre volets :<\/p>\n<ul>\n<li>Obligation d\u2019\u00e9tablir une comptabilit\u00e9<\/li>\n<li>Obligation de faire approuver les comptes<\/li>\n<li>Obligation de faire certifier les comptes par un commissaire aux comptes pour les syndicats d\u2019une certaine taille<\/li>\n<li>Obligation de publier les comptes de l\u2019organisation syndicale.<\/li>\n<\/ul>\n<\/div>\n<div class=\"image pull-left\"><\/div>\n<div class=\"text\">\n<div id=\"article_intro\">\n<h2>ENSEMBLE DES OBLIGATIONS COMPTABLES DU SYNDICAT<\/h2>\n<p>Le contenu et l\u2019\u00e9tendue de ces obligations d\u00e9pendent du niveau des ressources des organisations syndicales. Le total de ces ressources est d\u00e9fini par le Code du travail (art. D. 2135-9). Il est calcul\u00e9 ainsi :<\/p>\n<\/div>\n<div id=\"article_corps\">\n<ul>\n<li>Additionner (+) : le montant des subventions, des produits de toute nature li\u00e9s \u00e0 l\u2019activit\u00e9 courante, des produits financiers ainsi que des cotisations ;<\/li>\n<li>D\u00e9duire (-) : les cotisations \u00e9ventuellement revers\u00e9es, en vertu de conventions ou des statuts, \u00e0 des syndicats professionnels de salari\u00e9s ou d\u2019employeurs, \u00e0 leurs unions ou \u00e0 des associations de salari\u00e9s ou d\u2019employeurs mentionn\u00e9s \u00e0 l\u2019article L. 2135-1 du code du travail.<\/li>\n<\/ul>\n<p>Ainsi, le format des comptes annuels, d\u00e9fini par les articles D. 2135-2, 2135-3 et 2135-4 du Code du Travail, varie selon le montant des ressources annuelles de l\u2019organisation concern\u00e9e \u00e0 la cl\u00f4ture d\u2019un exercice.<\/p>\n<table class=\"renderedtable\" border=\"none\" cellspacing=\"0\" cellpadding=\"2\">\n<tbody>\n<tr>\n<td valign=\"top\" width=\"172\">\n<p><strong>Montant des ressources annuelles<\/strong><\/td>\n<td valign=\"top\" width=\"177\">\n<p><strong>Obligations Comptables<\/strong><\/td>\n<\/tr>\n<tr>\n<td valign=\"top\" width=\"172\">\n<p><strong>Sup\u00e9rieures \u00e0 230.000 \u20ac c. trav. Art. D.2135-2<\/strong><\/td>\n<td valign=\"top\" width=\"177\">\n<p>Bilan, compte de r\u00e9sultat et annexe<\/td>\n<\/tr>\n<tr>\n<td valign=\"top\" width=\"172\">\n<p><strong>Entre 2.000\u20ac et 230.000\u20ac c. trav. Art. D.2135-3<\/strong><\/td>\n<td valign=\"top\" width=\"177\">\n<p>Bilan, compte de r\u00e9sultat et annexes simplifi\u00e9s<\/td>\n<\/tr>\n<tr>\n<td valign=\"top\" width=\"172\">\n<p><strong>Inf\u00e9rieures \u00e0 2.000\u20ac<\/strong><\/p>\n<p><strong>c. trav. Art. D.2135-4<\/strong><\/td>\n<td valign=\"top\" width=\"177\">\n<p>Total des ressources et des d\u00e9penses<\/td>\n<\/tr>\n<\/tbody>\n<\/table>\n<p><a id=\"eztoc5915_1\" name=\"eztoc5915_1\"><\/a><\/p>\n<h2>1- ETABLISSEMENT DES COMPTES ANNUELS<\/h2>\n<p>A compter de l\u2019exercice comptable de 2009, toutes les organisations syndicales ou professionnelles, qu\u2019il s\u2019agisse des syndicats relevant de la loi de 1884 ou d\u2019associations de salari\u00e9s ou d\u2019employeurs constitu\u00e9es sous la loi de 1901, doivent \u00e9tablir des comptes annuels (article L. 2135-1 du Code du Travail).<\/p>\n<p>Les organisations syndicales et professionnelles dont les ressources sont inf\u00e9rieures \u00e0 2.000 euros \u00e0 la cl\u00f4ture d\u2019un exercice b\u00e9n\u00e9ficient de simplifications importantes, car seul un total de ressources et des d\u00e9penses devra \u00eatre \u00e9tabli.<\/p>\n<p><em>La responsabilit\u00e9 de l\u2019\u00e9tablissement des comptes annuels incombe \u00e0 l\u2019organe charg\u00e9 de la direction ou \u00e0 celui ou ceux d\u00e9sign\u00e9s par les statuts.<\/em><\/p>\n<p>Pour l\u2019\u00e9tablissement des comptes annuels, l\u2019article D.2135-5 du code du travail pr\u00e9cise qu\u2019ils comprennent un bilan, un compte de r\u00e9sultat et une annexe \u00e9tablis selon des modalit\u00e9s d\u00e9finies par r\u00e8glement de l\u2019Autorit\u00e9 des normes comptables (ANC).<\/p>\n<p>De par leur objet l\u00e9gal, les organisations syndicales sont des structures \u00e0 but non lucratif. A ce titre, les dispositions du r\u00e8glement n\u00b099-01 du comit\u00e9 de la r\u00e8glementation comptable (CRC) relatif aux modalit\u00e9s d\u2019\u00e9tablissement des comptes annuels des associations et des fondations leur sont applicables.<\/p>\n<p>Le r\u00e8glement n\u00b02009-10 du CRC est donc d\u2019application obligatoire pour l\u2019ensemble des organisations syndicales nonobstant leur forme juridique.<\/p>\n<p>La comptabilit\u00e9 doit \u00eatre conforme aux r\u00e8gles et proc\u00e9dures en vigueur qui doivent \u00eatre appliqu\u00e9es avec sinc\u00e9rit\u00e9 afin de traduire la connaissance que les responsables de l\u2019\u00e9tablissement des comptes ont de la r\u00e9alit\u00e9 et de l\u2019importance relative des \u00e9v\u00e8nements enregistr\u00e9s (art. 120-2 du PCG).<\/p>\n<p>Le bilan, le compte de r\u00e9sultat et l\u2019annexe forment un tout indissociable. Ils sont \u00e9tablis \u00e0 la cl\u00f4ture de l\u2019exercice au vu des enregistrements comptables et de l\u2019inventaire. Les op\u00e9rations d\u2019inventaire consistent \u00e0 faire un recensement exhaustif des \u00e9l\u00e9ments actifs et de passifs (art. 410-8 du PCG).<\/p>\n<p>En outre, les organisations syndicales (dont les ressources sont inf\u00e9rieures \u00e0 230.000\u20ac) peuvent n\u2019enregistrer leurs cr\u00e9ances et leurs dettes qu\u2019\u00e0 la cl\u00f4ture de l\u2019exercice. Cette mesure de simplification n\u2019est plus applicable lorsque la condition de ressources n\u2019est pas remplie pendant deux exercices successifs (c. trav. Art. D. 2135-3).<\/p>\n<p><a id=\"eztoc5915_2\" name=\"eztoc5915_2\"><\/a><\/p>\n<h2><strong>2- ARR\u00caT\u00c9 ET APPROBATION DES COMPTES<\/strong><\/h2>\n<p>A compter de l\u2019exercice comptable 2012, toutes les organisations syndicales sont tenues d\u2019arr\u00eater et approuver leurs comptes.<\/p>\n<p><strong>Selon l\u2019article L. 2135-4 du code du travail :<\/strong><\/p>\n<p>\u00ab\u00a0<em>Les comptes sont arr\u00eat\u00e9s par l&rsquo;organe charg\u00e9 de la direction de l\u2019organisation syndicale et approuv\u00e9s par l&rsquo;assembl\u00e9e g\u00e9n\u00e9rale des adh\u00e9rents ou par un organe coll\u00e9gial de contr\u00f4le d\u00e9sign\u00e9 par les statuts, que les comptes soient annuels, consolid\u00e9s ou combin\u00e9s<\/em>\u00a0\u00bb.<\/p>\n<p>Apr\u00e8s leur \u00e9tablissement, les comptes doivent \u00eatre arr\u00eat\u00e9s avant d\u2019\u00eatre pr\u00e9sent\u00e9s \u00e0 l\u2019instance charg\u00e9e de les approuver.<\/p>\n<p>Aucun d\u00e9lai n\u2019est pr\u00e9vu pour l\u2019arr\u00eat\u00e9 des comptes dans les textes applicables aux organisations syndicales. Cependant, celles qui rel\u00e8vent de l\u2019article L.612-1 (<em>Personnes morales de droit priv\u00e9 non commer\u00e7antes ayant une activit\u00e9 \u00e9conomique qui d\u00e9passent \u00e0 la cl\u00f4ture de l\u2019exercice deux des 3 seuils suivants : 50 salari\u00e9s, 3.1M\u20ac ressources et 1.55 M\u20ac total bilan<\/em>) doivent arr\u00eater leurs comptes au moins 45 jours avant l\u2019assembl\u00e9e g\u00e9n\u00e9rale.<\/p>\n<p>Si l\u2019entit\u00e9 est dot\u00e9e d\u2019un commissaire aux comptes,<strong>\u00a0<\/strong><strong>l\u2019article L. 823-17 du Code de Commerce<\/strong>\u00a0pr\u00e9voit que :<\/p>\n<p>\u00ab\u00a0<em>Les commissaires aux comptes sont convoqu\u00e9s \u00e0 toutes les r\u00e9unions du conseil d\u2019administration ou du directoire et du conseil de surveillance, ou de l\u2019organe coll\u00e9gial d\u2019administration ou de direction et de l\u2019organe de surveillance qui examinent ou arr\u00eatent des comptes annuels ou interm\u00e9diaires\u2026<\/em>\u00a0\u00bb.<\/p>\n<p>Si les comptes doivent \u00eatre modifi\u00e9s, suite \u00e0 leur arr\u00eat\u00e9 initial, il sera n\u00e9cessaire de proc\u00e9der \u00e0 un nouvel arr\u00eat\u00e9.<\/p>\n<p><a id=\"eztoc5915_3\" name=\"eztoc5915_3\"><\/a><\/p>\n<h2><strong>3- CERTIFICATION, CONSOLIDATION, COMBINAISON<\/strong><\/h2>\n<ul>\n<li><strong>Certification :<\/strong>\u00a0L\u2019article D.2135-9 du Code du travail impose la d\u00e9signation d\u2019un commissaire aux comptes titulaire et d\u2019un suppl\u00e9ant lorsque les ressources d\u00e9passent \u00e0 la cl\u00f4ture d\u2019un exercice 230.000 euros.L\u2019obligation de nomination intervient au cours de l\u2019exercice suivant celui qui d\u00e9passe pour la premi\u00e8re fois le seuil de 230.000\u20ac. L\u2019exercice N+1 constitue le premier exercice soumis au contr\u00f4le du commissaire aux comptes.<\/li>\n<li><strong>Consolidation :<\/strong><strong>\u00a0<\/strong>Les organisations syndicales et professionnelles qui contr\u00f4lent une ou plusieurs personnes morales au sens de l\u2019article L.233-16 du Code de commerce, sans entretenir avec elle de lien d\u2019adh\u00e9sion ou d\u2019affiliation, sont tenues, d\u2019\u00e9tablir des comptes consolid\u00e9s.<\/li>\n<\/ul>\n<p>Aucun seuil n\u2019est pr\u00e9vu pour l\u2019\u00e9tablissement des comptes consolid\u00e9s.<\/p>\n<p>Il existe le choix entre deux modes de consolidation possibles :<\/p>\n<p>o M\u00e9thode A \u2013 Dispositions pr\u00e9vues au r\u00e8glement CRC n\u00b099-02 ;<\/p>\n<p>o M\u00e9thode B \u2013 dite de \u00ab l\u2019agrafage \u00bb.<\/p>\n<ul>\n<li><strong>Combinaison :<\/strong><strong>\u00a0<\/strong>Les organisations syndicales et professionnelles lorsque leurs statuts le pr\u00e9voient, peuvent \u00e9tablir des comptes combin\u00e9s int\u00e9grant les entit\u00e9s et les personnes morales avec lesquelles elles ont des liens d\u2019adh\u00e9sion.<\/li>\n<\/ul>\n<p><a id=\"eztoc5915_4\" name=\"eztoc5915_4\"><\/a><\/p>\n<h2>4- PUBLICIT\u00c9 DES COMPTES ANNUELS<\/h2>\n<p>L\u2019\u00e9valuation des ressources syndicales telle qu\u2019elle est pr\u00e9cis\u00e9e par l\u2019article D. 2135-9 du Code du travail d\u00e9finit \u00e9galement les conditions dans lesquelles les organisations syndicales devront assurer la publicit\u00e9 de leurs comptes.<\/p>\n<p>Les organisations dont les ressources sont sup\u00e9rieures ou \u00e9gales \u00e0 230.000\u20ac transmettent les comptes annuels par voie \u00e9lectronique \u00e0 la Direction des Journaux officiels.<\/p>\n<\/div>\n<\/div>\n","protected":false},"excerpt":{"rendered":"<p>L\u2019obligation de transparence financi\u00e8re issue de la r\u00e9forme de 2008 se d\u00e9cline en quatre volets : Obligation d\u2019\u00e9tablir une comptabilit\u00e9 Obligation de faire approuver les comptes Obligation de faire certifier les comptes par un commissaire aux comptes pour les syndicats d\u2019une certaine taille Obligation de publier les comptes de l\u2019organisation<a href=\"https:\/\/sjfu.fr\/intranet\/services\/droit-syndical\/les-obligations-comptable-dun-syndicat\/\" class=\"read-more\">Read the Rest&#8230;<\/a><\/p>\n","protected":false},"author":1,"featured_media":0,"parent":198,"menu_order":2,"comment_status":"closed","ping_status":"closed","template":"","meta":{"footnotes":""},"class_list":["post-1291","page","type-page","status-publish","hentry"],"_links":{"self":[{"href":"https:\/\/sjfu.fr\/intranet\/wp-json\/wp\/v2\/pages\/1291","targetHints":{"allow":["GET"]}}],"collection":[{"href":"https:\/\/sjfu.fr\/intranet\/wp-json\/wp\/v2\/pages"}],"about":[{"href":"https:\/\/sjfu.fr\/intranet\/wp-json\/wp\/v2\/types\/page"}],"author":[{"embeddable":true,"href":"https:\/\/sjfu.fr\/intranet\/wp-json\/wp\/v2\/users\/1"}],"replies":[{"embeddable":true,"href":"https:\/\/sjfu.fr\/intranet\/wp-json\/wp\/v2\/comments?post=1291"}],"version-history":[{"count":5,"href":"https:\/\/sjfu.fr\/intranet\/wp-json\/wp\/v2\/pages\/1291\/revisions"}],"predecessor-version":[{"id":3258,"href":"https:\/\/sjfu.fr\/intranet\/wp-json\/wp\/v2\/pages\/1291\/revisions\/3258"}],"up":[{"embeddable":true,"href":"https:\/\/sjfu.fr\/intranet\/wp-json\/wp\/v2\/pages\/198"}],"wp:attachment":[{"href":"https:\/\/sjfu.fr\/intranet\/wp-json\/wp\/v2\/media?parent=1291"}],"curies":[{"name":"wp","href":"https:\/\/api.w.org\/{rel}","templated":true}]}}