{"id":172,"date":"2015-11-14T14:14:58","date_gmt":"2015-11-14T13:14:58","guid":{"rendered":"http:\/\/sjfu.fr\/intranet\/?page_id=172"},"modified":"2015-11-14T14:14:58","modified_gmt":"2015-11-14T13:14:58","slug":"charte-de-moderation","status":"publish","type":"page","link":"https:\/\/sjfu.fr\/intranet\/charte-de-moderation\/","title":{"rendered":"Charte de mod\u00e9ration"},"content":{"rendered":"<h2>Principes de mod\u00e9ration<\/h2>\n<p>En formulant des commentaires ou des r\u00e9actions \u00e9crites sur les diff\u00e9rents articles ou sur les commentaires des autres internautes, chacun apporte sa contribution au dialogue que souhaite engager le syndicat avec ses adh\u00e9rents.<\/p>\n<p>Garant de la bonne tenue du site internet, le mod\u00e9rateur <strong>veille au respect des th\u00e8mes abord\u00e9s<\/strong> et se r\u00e9serve le cas \u00e9ch\u00e9ant <strong>le droit de ne pas publier un commentaire<\/strong>.<br \/>\nLes propos doivent se tenir dans la courtoisie et le respect mutuel.<br \/>\n<strong>Les mod\u00e9rations sont r\u00e9alis\u00e9es a posteriori<\/strong>.<\/p>\n<p>Afin de maintenir la pertinence du site, le mod\u00e9rateur se r\u00e9serve la possibilit\u00e9 de supprimer les messages jug\u00e9s sans relation avec les th\u00e8mes abord\u00e9s.<\/p>\n<p>Le mod\u00e9rateur pourra \u00eatre amen\u00e9 \u00e0 ne pas valider\/publier un commentaire qui :<\/p>\n<ul>\n<li>ne respecte pas le sujet de l\u2019article;<\/li>\n<li>constitue un d\u00e9tournement du site \u00e0 des fins \u00e9trang\u00e8res \u00e0 l&rsquo;objet social du syndicat;<\/li>\n<li>comporte ou rapporte des propos injurieux ou diffamatoires;<\/li>\n<li>comporte des attaques ou insinuations fond\u00e9es sur les races, les croyances religieuses ou politiques, les origines ethniques;<\/li>\n<li>s\u2019apparente \u00e0 de la d\u00e9lation;<\/li>\n<li>comporte un message \u00e0 caract\u00e8re pornographique;<\/li>\n<li>comporte de la publicit\u00e9 non sollicit\u00e9e ou un message personnel.<\/li>\n<\/ul>\n<h2>R\u00e8gles \u00e0 respecter<\/h2>\n<p>Il est demand\u00e9 aux adh\u00e9rents\u00a0de ne pas communiquer de coordonn\u00e9es personnelles postales ou t\u00e9l\u00e9phoniques dans leurs messages.<\/p>\n<p>Par ailleurs, le contenu des messages ne doit pas comporter, ou donner acc\u00e8s, notamment par des liens hypertextes,\u00a0 \u00e0 des informations ou services contraires aux dispositions l\u00e9gales et\/ou r\u00e9glementaires, ni aux usages et au code de bonne conduite en vigueur sur Internet.<\/p>\n<p>Les adh\u00e9rents s\u2019engagent ainsi \u00e0 ce que le contenu de leurs messages ne rel\u00e8ve pas de :<\/p>\n<ul>\n<li>l\u2019atteinte \u00e0 la vie priv\u00e9e d\u2019autrui;<\/li>\n<li>la diffamation et l\u2019injure;<\/li>\n<li>la provocation de mineurs \u00e0 commettre des actes illicites ou dangereux;<\/li>\n<li>le fait de favoriser la corruption d\u2019un mineur, l\u2019exploitation \u00e0 caract\u00e8re pornographique;<\/li>\n<li>l\u2019image d\u2019un mineur, la diffusion de messages \u00e0 caract\u00e8re violent ou pornographique susceptibles d\u2019\u00eatre per\u00e7us par un mineur, l\u2019apologie des crimes et d\u00e9lits;<\/li>\n<li>l\u2019incitation \u00e0 la haine, \u00e0 la violence, au suicide, au racisme, \u00e0 l\u2019antis\u00e9mitisme, \u00e0 la x\u00e9nophobie, \u00e0 l\u2019homophobie;<\/li>\n<li>l\u2019apologie des crimes de guerre ou des crimes contre l\u2019humanit\u00e9;<\/li>\n<li>l\u2019incitation \u00e0 la discrimination d\u2019une personne ou d\u2019un groupe de personnes en raison de son appartenance \u00e0 une ethnie, \u00e0 une religion, ou du fait de son orientation sexuelle;<\/li>\n<li>l\u2019incitation et\/ou l\u2019aide \u00e0 se procurer des logiciels pirat\u00e9s ou des num\u00e9ros de s\u00e9rie de logiciels ou tout logiciel pouvant nuire ou porter atteinte, de quelque mani\u00e8re que ce soit, aux droits ou aux biens des tiers.<\/li>\n<\/ul>\n","protected":false},"excerpt":{"rendered":"<p>Principes de mod\u00e9ration En formulant des commentaires ou des r\u00e9actions \u00e9crites sur les diff\u00e9rents articles ou sur les commentaires des autres internautes, chacun apporte sa contribution au dialogue que souhaite engager le syndicat avec ses adh\u00e9rents. Garant de la bonne tenue du site internet, le mod\u00e9rateur veille au respect des<a href=\"https:\/\/sjfu.fr\/intranet\/charte-de-moderation\/\" class=\"read-more\">Read the Rest&#8230;<\/a><\/p>\n","protected":false},"author":2,"featured_media":0,"parent":0,"menu_order":1,"comment_status":"closed","ping_status":"closed","template":"","meta":{"footnotes":""},"class_list":["post-172","page","type-page","status-publish","hentry"],"_links":{"self":[{"href":"https:\/\/sjfu.fr\/intranet\/wp-json\/wp\/v2\/pages\/172","targetHints":{"allow":["GET"]}}],"collection":[{"href":"https:\/\/sjfu.fr\/intranet\/wp-json\/wp\/v2\/pages"}],"about":[{"href":"https:\/\/sjfu.fr\/intranet\/wp-json\/wp\/v2\/types\/page"}],"author":[{"embeddable":true,"href":"https:\/\/sjfu.fr\/intranet\/wp-json\/wp\/v2\/users\/2"}],"replies":[{"embeddable":true,"href":"https:\/\/sjfu.fr\/intranet\/wp-json\/wp\/v2\/comments?post=172"}],"version-history":[{"count":1,"href":"https:\/\/sjfu.fr\/intranet\/wp-json\/wp\/v2\/pages\/172\/revisions"}],"predecessor-version":[{"id":173,"href":"https:\/\/sjfu.fr\/intranet\/wp-json\/wp\/v2\/pages\/172\/revisions\/173"}],"wp:attachment":[{"href":"https:\/\/sjfu.fr\/intranet\/wp-json\/wp\/v2\/media?parent=172"}],"curies":[{"name":"wp","href":"https:\/\/api.w.org\/{rel}","templated":true}]}}