{"id":181,"date":"2015-11-14T15:12:30","date_gmt":"2015-11-14T14:12:30","guid":{"rendered":"http:\/\/sjfu.fr\/intranet\/?page_id=181"},"modified":"2024-06-03T10:30:53","modified_gmt":"2024-06-03T09:30:53","slug":"prises-de-position-des-representants-elus","status":"publish","type":"page","link":"https:\/\/sjfu.fr\/intranet\/fonctionnement-des-instances\/conseil-superieur\/prises-de-position-des-representants-elus\/","title":{"rendered":"Comptes rendus &#8211; Prises de position de vos \u00e9lus"},"content":{"rendered":"\n<p><a href=\"https:\/\/drive.google.com\/file\/d\/1KfCXIuHuxToW5PXDfWSET_PWl11boMJu\/view?usp=sharing\">Compte-rendu &#8211; Conseil sup\u00e9rieur du 30 mai 2024<\/a><\/p>\n\n\n\n<p><a href=\"https:\/\/drive.google.com\/file\/d\/1qA3QshToEfqpRyRwPhZ39fmjx84SnDGr\/view?usp=sharing\">Compte-rendu &#8211; Conseil sup\u00e9rieur du 22 avril 2024<\/a><\/p>\n\n\n\n<p><a href=\"https:\/\/drive.google.com\/file\/d\/1eMWWKr3FnnO_aopdbcKtOTQ_eg8zX8QV\/view?usp=sharing\">Compte-rendu &#8211; Conseil sup\u00e9rieur du 13 mars 2024<\/a><\/p>\n\n\n\n<p><a href=\"https:\/\/drive.google.com\/file\/d\/13Hk38zWvD_37u_BiV6UA4MaP0QkL-LY-\/view?usp=sharing\">Compte-rendu &#8211; Conseil sup\u00e9rieur du 31 janvier 2024<\/a><\/p>\n\n\n\n<p><a href=\"https:\/\/drive.google.com\/file\/d\/1txcO9K70dfU5uwkHzzCjL6Ml3olfHIl4\/view?usp=sharing\">Compte-rendu &#8211; Conseil sup\u00e9rieur du 18 d\u00e9cembre 2023<\/a> (en visioconf\u00e9rence)<\/p>\n\n\n\n<p><a href=\"https:\/\/drive.google.com\/file\/d\/1nyWTngBYD9Fx80Dswdqd6E1zCol0JuaB\/view?usp=sharing\">Compte-rendu &#8211; Conseil sup\u00e9rieur du 7 d\u00e9cembre 2023<\/a><\/p>\n\n\n\n<p><a href=\"https:\/\/drive.google.com\/file\/d\/1-J8vWL4r4QDEIINMaZQu04MyZPFHSu7j\/view?usp=sharing\">Compte-rendu &#8211; Conseil sup\u00e9rieur du 14 novembre 2023<\/a><\/p>\n\n\n\n<p><a href=\"https:\/\/drive.google.com\/file\/d\/12jHTZgIGKeTyoMNXCK1yj9vYwQ9MYj3y\/view?usp=sharing\">Compte-rendu &#8211; Conseil sup\u00e9rieur du 5 octobre 2023<\/a><\/p>\n\n\n\n<p><a href=\"https:\/\/drive.google.com\/file\/d\/19BwyWIk_zYEhlG5Ux7cawKFW93fExt15\/view?usp=sharing\">Compte-rendu &#8211; Conseil sup\u00e9rieur du 6 juillet 2023<\/a> (dont informations sur le plan d&rsquo;actions \u00ab\u00a0qualit\u00e9 de vie au travail\u00a0\u00bb (QVT), et sur le bilan de la labellisation AFNOR et l&rsquo;actualisation du plan \u00ab\u00a0\u00e9galit\u00e9 professionnelle\u00a0\u00bb, et sur le bilan de la campagne indemnitaire 2022 et sur le calendrier 2023) <\/p>\n\n\n\n<p><a href=\"https:\/\/drive.google.com\/file\/d\/1F8D2y0ZAzBEZlThUv4f3D0lrSgw8oKPy\/view?usp=sharing\">Compte-rendu &#8211; Conseil sup\u00e9rieur du 19 juin 2023<\/a> (avis sur les projets de d\u00e9crets relatifs \u00e0 l\u2019\u00e9chelonnement indiciaire ainsi qu\u2019au reclassement et au statut des magistrats de la Cour des comptes et des chambres r\u00e9gionales des comptes)<\/p>\n\n\n\n<p><a href=\"https:\/\/drive.google.com\/file\/d\/1QokebNz1OjPLbxyw6Rts20ObcRhBS-5d\/view?usp=sharing\">Compte-rendu &#8211; Conseil sup\u00e9rieur du 24 mai 2023<\/a><\/p>\n\n\n\n<p><a href=\"https:\/\/drive.google.com\/file\/d\/1fBocuIGmbRcu3WKcjEJsHo0A0wKbpK2k\/view?usp=sharing\">Compte-rendu &#8211; Conseil sup\u00e9rieur du 26 avril 2023<\/a> (en visio)<\/p>\n\n\n\n<p><a href=\"https:\/\/drive.google.com\/file\/d\/10NktQXPi5iKaJVnl9hRjitH0OpRP_0DZ\/view?usp=sharing\">Compte&#8211;rendu &#8211; Conseil sup\u00e9rieur du 22 mars 2023<\/a><\/p>\n\n\n\n<p><a href=\"https:\/\/drive.google.com\/file\/d\/1ZLASYu6smV-887Hlaru7D9IhLzoYqt-i\/view?usp=sharing\">Compte-rendu &#8211; Conseil sup\u00e9rieur du 15 f\u00e9vrier 2023<\/a> (en visio)<\/p>\n\n\n\n<p><a href=\"https:\/\/drive.google.com\/file\/d\/1iQrMjuqFufk07WXB_WnO7M1vpWIu3YjL\/view?usp=sharing\">Compte-rendu &#8211; Conseil sup\u00e9rieur d\u00e9mat\u00e9rialis\u00e9<\/a> (du 9 au 11 janvier 2023)<\/p>\n\n\n\n<p><a href=\"https:\/\/drive.google.com\/file\/d\/1eqyq8iMDUE4oLzP90wE7U1QBTGHo5T8t\/view?usp=sharing\">Compte-rendu &#8211; Conseil sup\u00e9rieur du 8 d\u00e9cembre 2022<\/a><\/p>\n\n\n\n<p><a href=\"https:\/\/drive.google.com\/file\/d\/1LqIrVfiwHZEvAW2QO9IYWW3bi3PqiAe9\/view?usp=sharing\">Compte rendu&nbsp; &#8211; Conseil sup\u00e9rieur du 16 novembre 2022<\/a><\/p>\n\n\n\n<p><a href=\"https:\/\/drive.google.com\/file\/d\/1jLFS3ew_cFgjF27xRZxum3GKG4qhtx-p\/view?usp=sharing\">Compte rendu &#8211; Conseil sup\u00e9rieur du 5 octobre 2022<\/a><\/p>\n\n\n\n<p><a href=\"https:\/\/drive.google.com\/file\/d\/1pH8QDBKilKSNdImkPaCaVS5noLmVkXIP\/view?usp=sharing\">Compte rendu &#8211; Conseil sup\u00e9rieur du 7 juillet 2022, <\/a>dont <a href=\"https:\/\/sjfu.fr\/intranet\/actions-syndicales\/statut-et-remuneration\/concertation-sur-la-renovation-du-regime-indemnitaire\/communique-aux-adherents-sur-la-revalorisation-indemnitaire-a-la-suite-du-conseil-superieur-des-crtc-du-7-juillet-2022\/\">avis<\/a> sur le projet d&rsquo;arr\u00eat\u00e9 pris en application du d\u00e9cret n\u00b0 2017-1842 du 29 d\u00e9cembre 2017 relatif au r\u00e9gime indemnitaire des magistrats de CRTC, et pr\u00e9sentation des r\u00e9sultats pr\u00e9liminaires du questionnaire sur le tour ext\u00e9rieur pour l&rsquo;acc\u00e8s des magistrats de CRTC au grade de conseiller r\u00e9f\u00e9rendaire (<a href=\"https:\/\/drive.google.com\/file\/d\/19gmK6HmeiSbhCJrvzCmzFaBUxFnhK29t\/view?usp=sharing\">version compl\u00e9t\u00e9e<\/a> et \u00e9voqu\u00e9e au Conseil sup\u00e9rieur du 16 novembre 2022)<\/p>\n\n\n\n<p>Concernant l&rsquo;avis sur le projet de charte du temps et de la qualit\u00e9 de vie au travail, prenez \u00e9galement connaissance de ces <a href=\"https:\/\/sjfu.fr\/intranet\/actions-syndicales\/qualite-de-vie-au-travail\/\">pr\u00e9cisions du SJF<\/a>.<\/p>\n\n\n\n<p><a href=\"https:\/\/drive.google.com\/file\/d\/1bCpGOt8eAlKoe4b0B4oZec1Kh_Gg3Pvu\/view?usp=sharing\">Bref compte rendu &#8211; Conseil sup\u00e9rieur d\u00e9mat\u00e9rialis\u00e9 (15 au 17 juin 2022)<\/a><\/p>\n\n\n\n<p><a href=\"https:\/\/drive.google.com\/file\/d\/1yKAip3z7i8jGg1fduqnUas97GK2VFxuj\/view?usp=sharing\">Compte rendu &#8211; Conseil sup\u00e9rieur du 19 mai 2022<\/a><\/p>\n\n\n\n<p><a href=\"https:\/\/drive.google.com\/file\/d\/1ti9TKRiD55BNhvm1ReubxErS0OizCatl\/view?usp=sharing\">Compte rendu &#8211; Conseil sup\u00e9rieur du 24 mars 2022<\/a><\/p>\n\n\n\n<p><a href=\"https:\/\/drive.google.com\/file\/d\/1lNocSp2EAsZHN5YUzbfOe1ZMWzeFNKFE\/view?usp=sharing\">Compte rendu &#8211; Conseil sup\u00e9rieur du 17 f\u00e9vrier 2022<\/a><\/p>\n\n\n\n<p><a href=\"https:\/\/drive.google.com\/file\/d\/1CIvVIhWJyjd8Memgalvz9AjajUvDQ6ZC\/view?usp=sharing\">Compte rendu&nbsp; &#8211; Conseil sup\u00e9rieur du 2 d\u00e9cembre 2021<\/a><\/p>\n\n\n\n<p><a href=\"https:\/\/drive.google.com\/file\/d\/1kjuoTMeczMhNyUZLRSaPMFvxvQ5zdIyG\/view?usp=sharing\">Compte rendu&nbsp; &#8211; Conseil sup\u00e9rieur du 7 octobre 2021<\/a><\/p>\n\n\n\n<p><a href=\"https:\/\/drive.google.com\/file\/d\/14Zk75aRwZcd7tasfRYTnOLePA6Y5wB0H\/view?usp=sharing\">Compte rendu&nbsp; &#8211; Conseil sup\u00e9rieur du 8 juillet 2021<\/a><\/p>\n\n\n\n<p><a href=\"https:\/\/drive.google.com\/file\/d\/16tGLN6lV-AyvTtjgTDcrG4uvpBuiCy99\/view?usp=sharing\">Compte rendu&nbsp; &#8211; Conseil sup\u00e9rieur du 10 mai 2021<\/a><\/p>\n\n\n\n<p><a href=\"https:\/\/drive.google.com\/file\/d\/1ykdTINNjNw57w_loMxt26h_Xf-YCmXdq\/view?usp=sharing\">Compte rendu&nbsp; &#8211; Conseil sup\u00e9rieur du 21 avril 2021<\/a><\/p>\n\n\n\n<p><a href=\"https:\/\/drive.google.com\/file\/d\/1GfJ-YzXtDk-BRwYXKKXdNMmEZ9Jrehws\/view?usp=sharing\">Compte rendu&nbsp; &#8211; Conseil sup\u00e9rieur du 4 mars 2021<\/a><\/p>\n\n\n\n<p><a href=\"https:\/\/drive.google.com\/file\/d\/1AHsJjRJEw2hzAWB-TataoVnP6Hafyu-0\/view?usp=sharing\">Compte rendu&nbsp; &#8211; Conseil sup\u00e9rieur du 10 d\u00e9cembre 2020<\/a><\/p>\n\n\n\n<p><a href=\"https:\/\/drive.google.com\/file\/d\/1L77rPWxy8K1svHaBeyiepvjaj20jtK7u\/view?usp=sharing\">Ordre du jour &#8211; Conseil sup\u00e9rieur du 10 d\u00e9cembre 2020<\/a><\/p>\n\n\n\n<p><a href=\"https:\/\/drive.google.com\/file\/d\/1UOKOO6f9E6KRdTCTXCg0xC-vqIrFn49U\/view?usp=sharing\">Compte rendu &#8211; Conseil sup\u00e9rieur du 1er octobre 2020<\/a><\/p>\n\n\n\n<p><a href=\"https:\/\/drive.google.com\/file\/d\/1EcZgrMFvkd8diPdIzVnsL2-yfro1hMd3\/view?usp=sharing\">Ordre du jour &#8211; Conseil sup\u00e9rieur du 1er octobre 2020<\/a><\/p>\n\n\n\n<p><a href=\"https:\/\/drive.google.com\/file\/d\/1i0iL7jnyqNR3IziUwgg4_B4NZI7Ui506\/view?usp=sharing\">Compte rendu &#8211; Conseil sup\u00e9rieur du 24 juin 2020<\/a><\/p>\n\n\n\n<p><a href=\"https:\/\/drive.google.com\/open?id=1x7vPSdKnZwJxIcZvbFAakaKueHkDlVXF\">Compte rendu &#8211; Conseil sup\u00e9rieur du 5 mars 2020<\/a><\/p>\n\n\n\n<p><a href=\"https:\/\/drive.google.com\/open?id=1lr7DaKylCXd9-8nyGIADFUpfJoUUoEp0\">Compte rendu &#8211; Conseil sup\u00e9rieur du 3 octobre 2019<\/a><\/p>\n\n\n\n<p><a href=\"https:\/\/drive.google.com\/open?id=1B9LwJccKH51hFtYm5VwCJybuVm8hzP3h\">Ordre du jour &#8211; Conseil sup\u00e9rieur du 3 octobre 2019<\/a><\/p>\n\n\n\n<p><a href=\"https:\/\/drive.google.com\/open?id=1y8oFkRq5AsPYHKsy3tOCvw_5peI5EmR6\">Compte rendu &#8211; Conseil sup\u00e9rieur du 4 juillet 2019<\/a><\/p>\n\n\n\n<p><a href=\"https:\/\/drive.google.com\/open?id=1iQ9BsCFTME4I09WNbEtNei4edOkQmkUI\">Ordre du jour &#8211; Conseil sup\u00e9rieur du 4 juillet 2019<\/a><\/p>\n\n\n\n<p><a href=\"https:\/\/drive.google.com\/open?id=1UmxptuoiQ-KbaTEceFTh-3XrbXhAJmxB\">Ordre du jour &#8211; Conseil sup\u00e9rieur du 23 mai 2019<\/a> (s\u00e9ance d\u00e9materialis\u00e9e)<\/p>\n\n\n\n<p><a href=\"https:\/\/drive.google.com\/open?id=1zTha0ErETX-9H3Vy6qDsuZ7dPgzTsOF7\">Compte rendu &#8211; Conseil sup\u00e9rieur du 14 mars 2019<\/a><\/p>\n\n\n\n<p><a href=\"https:\/\/drive.google.com\/open?id=172yWmbeTj779uegHcBYgkTEjnvKTXceN\">Ordre du jour compl\u00e9mentaire &#8211; Conseil sup\u00e9rieur du 14 mars 2019<\/a><\/p>\n\n\n\n<p><a href=\"https:\/\/drive.google.com\/open?id=1rqmPOngknKOderFsJvCo8YFcPt2bZTDV\">Ordre du jour &#8211; Conseil sup\u00e9rieur du 14 mars 2019<\/a><\/p>\n\n\n\n<p><a href=\"https:\/\/drive.google.com\/open?id=1FbaswRxPaYNbaAPbZV6N1yG94qjoh5pW\">Compte rendu &#8211; Conseil sup\u00e9rieur du 23 janvier 2019<\/a><\/p>\n\n\n\n<p><a href=\"https:\/\/drive.google.com\/open?id=1E7BvHE7xErZb8pbD1XF04yVKmeG1dty-\">Ordre du jour &#8211; Conseil sup\u00e9rieur du 23 janvier 2019<\/a><\/p>\n\n\n\n<p><a href=\"https:\/\/drive.google.com\/open?id=1o9-qrBpH8dgs6JVUaheYOx47gBCddCEo\">Compte rendu &#8211; Conseil sup\u00e9rieur du 6 d\u00e9cembre 2018<\/a><\/p>\n\n\n\n<p><a href=\"https:\/\/drive.google.com\/open?id=1jCYmoG2MJ2j6PaREqbk6VYkED2ljvj0c\">Ordre du jour &#8211; Conseil sup\u00e9rieur du 6 d\u00e9cembre 2018<\/a><\/p>\n\n\n\n<p><a href=\"https:\/\/drive.google.com\/open?id=19d0eBB60q08XmvGlhU2SGzY0uS0aRHlH\">Compte-rendu &#8211; Conseil sup\u00e9rieur du 12 octobre 2018<\/a><\/p>\n\n\n\n<p><a href=\"https:\/\/drive.google.com\/open?id=1ay5kTfMzwLHMwLaRvq3B3ycuRrP2TqUY\">Ordre du jour &#8211; Conseil sup\u00e9rieur du 12 octobre 2018<\/a><\/p>\n\n\n\n<p><a href=\"https:\/\/drive.google.com\/open?id=1AkoI7GXEJupLGEd7ZaHXMrImqmoEut6_\">Compte-rendu &#8211; Conseil sup\u00e9rieur du 5 juillet 2018<\/a><\/p>\n\n\n\n<p><a href=\"https:\/\/drive.google.com\/open?id=1qMbljW3sGjOKrD95Sjp9P5FxtBruZ1wf\">Ordre du jour &#8211; Conseil sup\u00e9rieur du 5 juillet 2018<\/a><\/p>\n\n\n\n<p><a href=\"https:\/\/drive.google.com\/open?id=1LjCnVeecF80T6vdgmU0nKoRA0od1csqF\">Compte-rendu &#8211; Conseil sup\u00e9rieur du 31 mai 2018<\/a><\/p>\n\n\n\n<p><a href=\"https:\/\/drive.google.com\/open?id=1rMjoorfpyfWDT2HMntxNxhG2BBu-OtJf\">Ordre du jour &#8211; Conseil sup\u00e9rieur du 31 mai 2018<\/a><\/p>\n\n\n\n<p><a href=\"https:\/\/drive.google.com\/open?id=1plhxUFYLzYcImSFQxCsFveH6B2-NfLat\">Compte-rendu &#8211; Conseil sup\u00e9rieur du 15 mars 2018<\/a><\/p>\n\n\n\n<p><a href=\"https:\/\/drive.google.com\/open?id=1lrn5BW7stGBoVh8SZ2Ud7EYYOi9kwKY5\">Ordre du jour &#8211; Conseil sup\u00e9rieur du 15 mars 2018<\/a><\/p>\n\n\n\n<p><a href=\"https:\/\/drive.google.com\/open?id=1KDDtbWi_TdyDmjyazs8GHuQ6rBlLJXzs\">Ordre du jour &#8211; Conseil sup\u00e9rieur du 6 d\u00e9cembre 2017<\/a><\/p>\n\n\n\n<p><a href=\"https:\/\/drive.google.com\/file\/d\/0BwRWtKE4DOnAcHhlc01fSnRqb1U\/view?usp=sharing\" target=\"_blank\" rel=\"noopener noreferrer\">R\u00e9union du 25 octobre 2017<\/a><\/p>\n\n\n\n<p><a href=\"https:\/\/drive.google.com\/open?id=18vV_zE8V0A1aKzhhRvLg4t-ejh4C1b4Q\">Ordre du jour &#8211; Conseil sup\u00e9rieur du 25 octobre 2017<\/a><\/p>\n\n\n\n<p><a href=\"https:\/\/sjfu.fr\/intranet\/wp-content\/uploads\/2015\/11\/CR-CS-12072017.docx\">R\u00e9union du 12 juillet 2017<\/a><\/p>\n\n\n\n<p><a href=\"https:\/\/drive.google.com\/file\/d\/0BwRWtKE4DOnAdnNqOTNXakRaUGM\/view?usp=sharing\">R\u00e9union du 26 avril 2017<\/a><\/p>\n\n\n\n<p><a href=\"https:\/\/sjfu.fr\/intranet\/wp-content\/uploads\/2015\/11\/Compte-rendu-CS-2017-02-01.pdf\">R\u00e9union du 1er f\u00e9vrier 2017<\/a><\/p>\n\n\n\n<p><a href=\"https:\/\/drive.google.com\/file\/d\/0BwRWtKE4DOnAT3RxRDdiOUNPUFk\/view?usp=sharing\">R\u00e9union du 2 d\u00e9cembre 2016<\/a><\/p>\n\n\n\n<p><a href=\"https:\/\/drive.google.com\/file\/d\/0BwRWtKE4DOnAYjFqU09KQ0Zmanc\/view?usp=sharing\">R\u00e9union du 27 octobre 2016<\/a><\/p>\n\n\n\n<p><a href=\"https:\/\/drive.google.com\/file\/d\/0BwRWtKE4DOnANGF3ZmczUmZGZG8\/view?usp=sharing\">R\u00e9union du 15 septembre 2016<\/a><\/p>\n\n\n\n<p><a href=\"https:\/\/drive.google.com\/file\/d\/0BwRWtKE4DOnARGk1QzZzTF9pSXM\/view?usp=sharing\">R\u00e9union du 7 juillet 2016<\/a><\/p>\n\n\n\n<p><a href=\"https:\/\/drive.google.com\/file\/d\/0BwRWtKE4DOnAWVlyR3ZKWGNaZlE\/view?usp=sharing\">R\u00e9union du 19 mai 2016<\/a><\/p>\n\n\n\n<p><a href=\"https:\/\/drive.google.com\/file\/d\/0BwRWtKE4DOnAYVNRMnNoR3JUSU0\/view?usp=sharing\" target=\"_blank\" rel=\"noopener noreferrer\">R\u00e9union du 10 mars 2016<\/a><\/p>\n\n\n\n<p><a href=\"https:\/\/drive.google.com\/file\/d\/0BwRWtKE4DOnAZzZIeGpLVWE1OEU\/view?usp=sharing\" target=\"_blank\" rel=\"noopener noreferrer\">R\u00e9union du 9 d\u00e9cembre 2015<\/a><\/p>\n\n\n\n<p><a href=\"https:\/\/drive.google.com\/file\/d\/0BwRWtKE4DOnAcFc2eVpRdnNkQ28\/view?usp=sharing\" target=\"_blank\" rel=\"noopener noreferrer\">R\u00e9union du 20 novembre 2015<\/a><\/p>\n\n\n\n<p><a href=\"https:\/\/drive.google.com\/file\/d\/0BwRWtKE4DOnAYUQ4blUyekdja0E\/view?usp=sharing\" target=\"_blank\" rel=\"noopener noreferrer\">R\u00e9union du 16 octobre 2015<\/a><\/p>\n\n\n\n<p><a href=\"https:\/\/drive.google.com\/drive\/u\/0\/folders\/0BwRWtKE4DOnAZUZ2SGxvaTVoRkE\" target=\"_blank\" rel=\"noopener noreferrer\">R\u00e9union du 10 septembre 2015<\/a><\/p>\n\n\n\n<p><a href=\"https:\/\/drive.google.com\/file\/d\/0BwRWtKE4DOnAQmMwTlR1ZHNab28\/view?usp=sharing\" target=\"_blank\" rel=\"noopener noreferrer\">R\u00e9union du 1er juillet 2015<\/a><\/p>\n\n\n\n<p><a href=\"https:\/\/drive.google.com\/file\/d\/0BwRWtKE4DOnARnBuRmllMlhzbDg\/view?usp=sharing\" target=\"_blank\" rel=\"noopener noreferrer\">R\u00e9union du 13 mai 2015<\/a><\/p>\n\n\n\n<p><a href=\"https:\/\/drive.google.com\/file\/d\/0BwRWtKE4DOnAN2llV2lldXZzWEE\/view?usp=sharing\" target=\"_blank\" rel=\"noopener noreferrer\">R\u00e9union du 11 mars 2015<\/a><\/p>\n\n\n\n<p><a href=\"https:\/\/drive.google.com\/file\/d\/0BwRWtKE4DOnANFpDTi1MaVVjdGs\/view?usp=sharing\" target=\"_blank\" rel=\"noopener noreferrer\">R\u00e9union du 12 d\u00e9cembre 2014<\/a><\/p>\n","protected":false},"excerpt":{"rendered":"<p>Compte-rendu &#8211; Conseil sup\u00e9rieur du 30 mai 2024 Compte-rendu &#8211; Conseil sup\u00e9rieur du 22 avril 2024 Compte-rendu &#8211; Conseil sup\u00e9rieur du 13 mars 2024 Compte-rendu &#8211; Conseil sup\u00e9rieur du 31 janvier 2024 Compte-rendu &#8211; Conseil sup\u00e9rieur du 18 d\u00e9cembre 2023 (en visioconf\u00e9rence) Compte-rendu &#8211; Conseil sup\u00e9rieur du 7 d\u00e9cembre 2023<a href=\"https:\/\/sjfu.fr\/intranet\/fonctionnement-des-instances\/conseil-superieur\/prises-de-position-des-representants-elus\/\" class=\"read-more\">Read the Rest&#8230;<\/a><\/p>\n","protected":false},"author":1,"featured_media":0,"parent":52,"menu_order":1,"comment_status":"closed","ping_status":"closed","template":"","meta":{"footnotes":""},"class_list":["post-181","page","type-page","status-publish","hentry"],"_links":{"self":[{"href":"https:\/\/sjfu.fr\/intranet\/wp-json\/wp\/v2\/pages\/181","targetHints":{"allow":["GET"]}}],"collection":[{"href":"https:\/\/sjfu.fr\/intranet\/wp-json\/wp\/v2\/pages"}],"about":[{"href":"https:\/\/sjfu.fr\/intranet\/wp-json\/wp\/v2\/types\/page"}],"author":[{"embeddable":true,"href":"https:\/\/sjfu.fr\/intranet\/wp-json\/wp\/v2\/users\/1"}],"replies":[{"embeddable":true,"href":"https:\/\/sjfu.fr\/intranet\/wp-json\/wp\/v2\/comments?post=181"}],"version-history":[{"count":75,"href":"https:\/\/sjfu.fr\/intranet\/wp-json\/wp\/v2\/pages\/181\/revisions"}],"predecessor-version":[{"id":3729,"href":"https:\/\/sjfu.fr\/intranet\/wp-json\/wp\/v2\/pages\/181\/revisions\/3729"}],"up":[{"embeddable":true,"href":"https:\/\/sjfu.fr\/intranet\/wp-json\/wp\/v2\/pages\/52"}],"wp:attachment":[{"href":"https:\/\/sjfu.fr\/intranet\/wp-json\/wp\/v2\/media?parent=181"}],"curies":[{"name":"wp","href":"https:\/\/api.w.org\/{rel}","templated":true}]}}