{"id":1821,"date":"2017-05-05T11:34:22","date_gmt":"2017-05-05T10:34:22","guid":{"rendered":"http:\/\/sjfu.fr\/intranet\/?page_id=1821"},"modified":"2022-02-14T20:59:45","modified_gmt":"2022-02-14T19:59:45","slug":"livre-blanc","status":"publish","type":"page","link":"https:\/\/sjfu.fr\/intranet\/actions-syndicales\/livre-blanc\/","title":{"rendered":"Livre Blanc 2017 des juridictions financi\u00e8res"},"content":{"rendered":"<p>A l&rsquo;issue de leurs travaux en ateliers, les membres du syndicats, r\u00e9unis en congr\u00e8s, les 17 et 18 novembre 2017, ont d\u00e9cid\u00e9 de r\u00e9diger un livre blanc consacr\u00e9 \u00e0 l&rsquo;avenir des juridictions financi\u00e8res.<\/p>\n<p>Un livre blanc est un recueil d&rsquo;informations objectives et factuelles destin\u00e9 \u00e0 un public d\u00e9termin\u00e9 pour l&rsquo;amener \u00e0 prendre une d\u00e9cision sur un sujet particulier. Son usage officiel dans le domaine politique a \u00e9volu\u00e9 depuis son apparition dans les ann\u00e9es 1920. N\u00e9 du besoin d&rsquo;exprimer les intentions d&rsquo;un gouvernement dans un contexte pr\u00e9cis, il peut servir \u00e0 \u00e9tablir une mise au point de port\u00e9e g\u00e9n\u00e9rale ou \u00e0 rechercher un consensus dans un cadre sp\u00e9cifique. Il permet aussi \u00e0 des institutions priv\u00e9es ou publiques \u00e0 but non lucratif comme notre organisation syndicale\u00a0de publier un message officiel sous forme d&rsquo;\u00e9tat des lieux sur un domaine d&rsquo;int\u00e9r\u00eat public, \u00e0 savoir l&rsquo;avenir du contr\u00f4le l\u00e9gal des comptes et, partant, celui des juridictions financi\u00e8res.<\/p>\n<blockquote><p>Nous souhaitons que les juridictions financi\u00e8res prennent, dans leur ensemble, la mesure des changements intervenus et \u00e0 venir, de fa\u00e7on \u00e0 se doter, de fa\u00e7on pr\u00e9emptive, d\u2019un syst\u00e8me de management unifi\u00e9 en phase avec une vision \u00e0 long terme de leurs missions, de leurs activit\u00e9s et de leurs organisations.<\/p><\/blockquote>\n<p>\u00c9tabli sur la base d&rsquo;un diagnostic accept\u00e9 et partag\u00e9 par les adh\u00e9rents, ce livre blanc doit susciter\u00a0une\u00a0r\u00e9flexion collective sur les juridictions financi\u00e8res du XXI\u00e8me si\u00e8cle et\u00a0avan\u00e7ant un certain nombre de propositions concr\u00e8tes de r\u00e9forme, \u00e0 discuter avec les parties prenantes, notamment les \u00e9lus et les administrateurs territoriaux, mais il doit aussi\u00a0d\u00e9fendre les valeurs d&rsquo;ind\u00e9pendance, d&rsquo;int\u00e9grit\u00e9, d&rsquo;impartialit\u00e9 et de professionnalisme des magistrats financiers que promeut notre organisation syndicale.<\/p>\n<p>Les documents en cours de r\u00e9daction sont disponibles <a href=\"https:\/\/espacejf.ccomptes.fr\/congressjfu\/Documents\/Forms\/AllItems.aspx?RootFolder=%2Fcongressjfu%2FDocuments%2FLivre%20blanc&amp;FolderCTID=0x012000B4B001F62D991148B72ADD6351E4C03B&amp;View={5AD09EF3-E664-4128-A488-6643F1008778}\">ici<\/a>\u00a0ou en cliquant sur l&rsquo;icone \u00ab\u00a0Livre blanc\u00a0\u00bb ci-dessus.<\/p>\n<p>Retrouvez \u00e9galement les informations sur le Livre blanc sur le<a href=\"http:\/\/sjfu.fr\/index.php\/notre-syndicat\/orientations-syndicales\/\"> site internet du syndicat.<\/a><\/p>\n","protected":false},"excerpt":{"rendered":"<p>A l&rsquo;issue de leurs travaux en ateliers, les membres du syndicats, r\u00e9unis en congr\u00e8s, les 17 et 18 novembre 2017, ont d\u00e9cid\u00e9 de r\u00e9diger un livre blanc consacr\u00e9 \u00e0 l&rsquo;avenir des juridictions financi\u00e8res. Un livre blanc est un recueil d&rsquo;informations objectives et factuelles destin\u00e9 \u00e0 un public d\u00e9termin\u00e9 pour l&rsquo;amener<a href=\"https:\/\/sjfu.fr\/intranet\/actions-syndicales\/livre-blanc\/\" class=\"read-more\">Read the Rest&#8230;<\/a><\/p>\n","protected":false},"author":1,"featured_media":0,"parent":36,"menu_order":4,"comment_status":"closed","ping_status":"closed","template":"","meta":{"footnotes":""},"class_list":["post-1821","page","type-page","status-publish","hentry"],"_links":{"self":[{"href":"https:\/\/sjfu.fr\/intranet\/wp-json\/wp\/v2\/pages\/1821","targetHints":{"allow":["GET"]}}],"collection":[{"href":"https:\/\/sjfu.fr\/intranet\/wp-json\/wp\/v2\/pages"}],"about":[{"href":"https:\/\/sjfu.fr\/intranet\/wp-json\/wp\/v2\/types\/page"}],"author":[{"embeddable":true,"href":"https:\/\/sjfu.fr\/intranet\/wp-json\/wp\/v2\/users\/1"}],"replies":[{"embeddable":true,"href":"https:\/\/sjfu.fr\/intranet\/wp-json\/wp\/v2\/comments?post=1821"}],"version-history":[{"count":8,"href":"https:\/\/sjfu.fr\/intranet\/wp-json\/wp\/v2\/pages\/1821\/revisions"}],"predecessor-version":[{"id":3298,"href":"https:\/\/sjfu.fr\/intranet\/wp-json\/wp\/v2\/pages\/1821\/revisions\/3298"}],"up":[{"embeddable":true,"href":"https:\/\/sjfu.fr\/intranet\/wp-json\/wp\/v2\/pages\/36"}],"wp:attachment":[{"href":"https:\/\/sjfu.fr\/intranet\/wp-json\/wp\/v2\/media?parent=1821"}],"curies":[{"name":"wp","href":"https:\/\/api.w.org\/{rel}","templated":true}]}}