{"id":183,"date":"2015-11-14T15:22:17","date_gmt":"2015-11-14T14:22:17","guid":{"rendered":"http:\/\/sjfu.fr\/intranet\/?page_id=183"},"modified":"2024-03-05T20:45:47","modified_gmt":"2024-03-05T19:45:47","slug":"secretaires-de-section","status":"publish","type":"page","link":"https:\/\/sjfu.fr\/intranet\/fonctionnement-des-instances\/secretaires-de-section\/","title":{"rendered":"D\u00e9l\u00e9gu\u00e9s de section"},"content":{"rendered":"<p>Une section syndicale regroupe les adh\u00e9rents au sein de chaque juridiction financi\u00e8re. Elle est anim\u00e9e par des d\u00e9l\u00e9gu\u00e9s locaux d\u00e9sign\u00e9s par les adh\u00e9rents. Les d\u00e9l\u00e9gu\u00e9s sont les correspondants du bureau. Ils repr\u00e9sentent les adh\u00e9rents aupr\u00e8s du pr\u00e9sident de la juridiction, participent au Conseil national, diffusent les informations et documents transmis par le bureau, proc\u00e8dent au recouvrement des cotisations pay\u00e9es par ch\u00e8ques.<\/p>\n<p><em>\u00a0<\/em><em>Tableau \u00e0 jour<\/em><strong>\u00a0 au 5 mars 2024<br \/><\/strong><\/p>\n<table width=\"658\">\n<tbody>\n<tr>\n<td width=\"262\"><strong>C.R.T.C<\/strong><\/td>\n<td style=\"text-align: right;\" width=\"228\"><strong>D\u00e9l\u00e9gu\u00e9s locaux du SJF<\/strong><\/td>\n<td width=\"200\">\u00a0<\/td>\n<\/tr>\n<tr>\n<td width=\"262\"><strong>GRAND EST<\/strong><\/td>\n<td width=\"228\">BERTHELOT Christophe<\/td>\n<td width=\"200\">BERTRAND Juliette<\/td>\n<\/tr>\n<tr>\n<td width=\"262\"><strong>NOUVELLE-AQUITAINE<\/strong><\/td>\n<td width=\"228\">CERESA-FERRER MORA Laurence<\/td>\n<td width=\"200\">PIERRAT Arnaud<\/td>\n<\/tr>\n<tr>\n<td width=\"262\"><strong>AUVERGNE &#8211; RH\u00d4NE-ALPES<\/strong><\/td>\n<td width=\"228\">DEVAUX Charlotte<\/td>\n<td width=\"200\">\n<p>TWITCHELL Elliot<\/p>\n<\/td>\n<\/tr>\n<tr>\n<td width=\"262\"><strong>BOURGOGNE \u2013 FRANCHE-COMT\u00c9<\/strong><\/td>\n<td width=\"228\">LHIOUI-PERRIN L\u00e9a<\/td>\n<td width=\"200\">LEMONNIER Thibaut<\/td>\n<\/tr>\n<tr>\n<td width=\"262\"><strong>BRETAGNE<\/strong><\/td>\n<td width=\"228\">BOREL Emmannuelle<\/td>\n<td width=\"200\">ROCHE Thomas<\/td>\n<\/tr>\n<tr>\n<td width=\"262\"><strong>CENTRE \u2013 VAL DE LOIRE<\/strong><\/td>\n<td width=\"228\">ROSSET Faustine<\/td>\n<td width=\"200\">WAYSMAN Mathieu<\/td>\n<\/tr>\n<tr>\n<td width=\"262\"><strong>CORSE<\/strong><\/td>\n<td width=\"228\">BARRIERE Jacques<\/td>\n<\/tr>\n<tr>\n<td width=\"262\"><strong>\u00ceLE-DE-FRANCE<\/strong><\/td>\n<td width=\"228\">\u00a0<\/td>\n<td width=\"200\">\n<p>GILLET Bertrand,<\/p>\n<p>LY VAN LUONG Matthieu,<\/p>\n<p>VENDEVILLE Maxime<\/p>\n<p>CORTOT Florence<\/p>\n<p>MIDDIONE Nicolas<\/p>\n<p>FRONT Cl\u00e9ment<\/p>\n<\/td>\n<\/tr>\n<tr>\n<td width=\"262\"><strong>OCCITANIE<\/strong><\/td>\n<td width=\"228\">HEBERT J\u00e9r\u00e9my<\/td>\n<td width=\"200\">FOUQUE Nicolas-Rapha\u00ebl<\/td>\n<\/tr>\n<tr>\n<td width=\"262\"><strong>HAUTS-DE-FRANCE<\/strong><\/td>\n<td width=\"228\">DE SOLAN BETHMALE Olivier<\/td>\n<td width=\"200\">DEZITTER Arnaud<\/td>\n<\/tr>\n<tr>\n<td width=\"262\"><strong>PAYS-DE-LA-LOIRE<\/strong><\/td>\n<td width=\"228\">\n<p>FRUCHAUD Louis-Damien<\/p>\n<p>MANACH Caroline<\/p>\n<\/td>\n<\/tr>\n<tr>\n<td width=\"262\"><strong>NORMANDIE<\/strong><\/td>\n<td width=\"228\">CASES-DEGROISILLE C\u00e9cile<\/td>\n<td width=\"200\">BENNASR-MASSON Sabra<\/td>\n<\/tr>\n<tr>\n<td width=\"262\"><strong>PROVENCE-ALPES-C\u00d4TE D\u2019AZUR<\/strong><\/td>\n<td width=\"228\">CAVAILLIER Audrey<\/td>\n<td width=\"200\">BERIDOT Vincent<\/td>\n<\/tr>\n<tr>\n<td width=\"262\"><strong>COUR DES COMPTES<\/strong><\/td>\n<td width=\"228\">FRANCOIS Isabelle<\/td>\n<td width=\"200\">\n<p>CHAMPOMIER Jean-Michel<\/p>\n<\/td>\n<\/tr>\n<tr>\n<td width=\"262\"><strong>POLYN\u00c9SIE FRAN\u00c7AISE<\/strong><\/td>\n<td width=\"228\">ROMAN Brigitte<\/td>\n<\/tr>\n<tr>\n<td width=\"262\"><strong>GUADELOUPE-GUYANE-MARTINIQUE<\/strong><\/td>\n<td width=\"228\">FAOUZI Sabah-Nora<\/td>\n<td width=\"200\">SECK Herv\u00e9<\/td>\n<\/tr>\n<tr>\n<td width=\"262\"><strong>LA R\u00c9UNION et MAYOTTE<br \/><\/strong><\/td>\n<td width=\"228\">WUSTEFELD Sylvie<\/td>\n<td width=\"200\">ROUSSEAU J\u00e9r\u00f4me-Henri<\/td>\n<\/tr>\n<tr>\n<td width=\"262\"><strong>NOUVELLE-CAL\u00c9DONIE<\/strong><\/td>\n<td width=\"228\">FREEL Olivier<\/td>\n<td width=\"200\">\u00a0<\/td>\n<\/tr>\n<tr>\n<td width=\"262\"><strong>HONORAIRES<\/strong><\/td>\n<td width=\"228\">\u00a0<\/td>\n<td width=\"200\">\u00a0<\/td>\n<\/tr>\n<\/tbody>\n<\/table>\n\n\n<p><\/p>\n\n\n\n<p><\/p>\n","protected":false},"excerpt":{"rendered":"<p>Une section syndicale regroupe les adh\u00e9rents au sein de chaque juridiction financi\u00e8re. Elle est anim\u00e9e par des d\u00e9l\u00e9gu\u00e9s locaux d\u00e9sign\u00e9s par les adh\u00e9rents. Les d\u00e9l\u00e9gu\u00e9s sont les correspondants du bureau. Ils repr\u00e9sentent les adh\u00e9rents aupr\u00e8s du pr\u00e9sident de la juridiction, participent au Conseil national, diffusent les informations et documents transmis<a href=\"https:\/\/sjfu.fr\/intranet\/fonctionnement-des-instances\/secretaires-de-section\/\" class=\"read-more\">Read the Rest&#8230;<\/a><\/p>\n","protected":false},"author":2,"featured_media":0,"parent":2130,"menu_order":3,"comment_status":"closed","ping_status":"closed","template":"","meta":{"footnotes":""},"class_list":["post-183","page","type-page","status-publish","hentry"],"_links":{"self":[{"href":"https:\/\/sjfu.fr\/intranet\/wp-json\/wp\/v2\/pages\/183","targetHints":{"allow":["GET"]}}],"collection":[{"href":"https:\/\/sjfu.fr\/intranet\/wp-json\/wp\/v2\/pages"}],"about":[{"href":"https:\/\/sjfu.fr\/intranet\/wp-json\/wp\/v2\/types\/page"}],"author":[{"embeddable":true,"href":"https:\/\/sjfu.fr\/intranet\/wp-json\/wp\/v2\/users\/2"}],"replies":[{"embeddable":true,"href":"https:\/\/sjfu.fr\/intranet\/wp-json\/wp\/v2\/comments?post=183"}],"version-history":[{"count":50,"href":"https:\/\/sjfu.fr\/intranet\/wp-json\/wp\/v2\/pages\/183\/revisions"}],"predecessor-version":[{"id":3709,"href":"https:\/\/sjfu.fr\/intranet\/wp-json\/wp\/v2\/pages\/183\/revisions\/3709"}],"up":[{"embeddable":true,"href":"https:\/\/sjfu.fr\/intranet\/wp-json\/wp\/v2\/pages\/2130"}],"wp:attachment":[{"href":"https:\/\/sjfu.fr\/intranet\/wp-json\/wp\/v2\/media?parent=183"}],"curies":[{"name":"wp","href":"https:\/\/api.w.org\/{rel}","templated":true}]}}