{"id":193,"date":"2015-11-14T15:34:20","date_gmt":"2015-11-14T14:34:20","guid":{"rendered":"http:\/\/sjfu.fr\/intranet\/?page_id=193"},"modified":"2024-04-21T00:58:40","modified_gmt":"2024-04-20T23:58:40","slug":"membres-du-conseil-superieur","status":"publish","type":"page","link":"https:\/\/sjfu.fr\/intranet\/fonctionnement-des-instances\/conseil-superieur\/membres-du-conseil-superieur\/","title":{"rendered":"Vos \u00e9lus"},"content":{"rendered":"\n<p><em>Repr\u00e9sentants \u00e9lus au Conseil Sup\u00e9rieur des CRC en avril 2024<\/em> (<a href=\"https:\/\/www.legifrance.gouv.fr\/jorf\/id\/JORFTEXT000049447290\">liste <\/a>publi\u00e9e au Journal Officiel du 21 avril 2024).<\/p>\n\n\n\n<p>Vous pouvez contacter vos repr\u00e9sentants \u00e9lus \u00e0 l&rsquo;adresse suivante : <span style=\"color: #0000ff;\">representants@conseil-superieur.sjfu.fr<\/span><\/p>\n\n\n\n<h2 class=\"wp-block-heading\">Conseillers pr\u00e9sidents<\/h2>\n\n\n\n<figure class=\"wp-block-table\"><table><tbody><tr><td><strong>Membres titulaires :<\/strong><\/td><td>&nbsp;<\/td><\/tr><tr><td>Caroline Dupuis-Verbeke<\/td><td>Sylvain Huet<\/td><\/tr><tr><td><strong>Membres suppl\u00e9ants :<\/strong><\/td><td>&nbsp;<\/td><\/tr><tr><td>Catherine Accary-B\u00e9zard<\/td><td>Laurent Catinaud<\/td><\/tr><\/tbody><\/table><\/figure>\n\n\n\n<h2 class=\"wp-block-heading\">&nbsp;<\/h2>\n\n\n\n<h2 class=\"wp-block-heading\">Premiers conseillers<\/h2>\n\n\n\n<figure class=\"wp-block-table\"><table><tbody><tr><td><strong>Membres titulaires :<\/strong><\/td><td>&nbsp;<\/td><td>&nbsp;<\/td><\/tr><tr><td>Audrey Cavaillier<\/td><td>Marjorie Merliaud-Hubert<\/td><td>Marc Simon<\/td><\/tr><tr><td><strong>Membres suppl\u00e9ants :<\/strong><\/td><td>&nbsp;<\/td><td>&nbsp;<\/td><\/tr><tr><td>Sarah Birden<\/td><td>Antoine Gobin<\/td><td>J\u00e9r\u00e9my H\u00e9bert<\/td><\/tr><\/tbody><\/table><\/figure>\n\n\n\n<h2 class=\"wp-block-heading\">Conseillers<\/h2>\n\n\n\n<figure class=\"wp-block-table\"><table><tbody><tr><td><strong>Membre titulaire :<\/strong><\/td><td>&nbsp;<\/td><\/tr><tr><td>Vincent B\u00e9ridot<\/td><td><\/td><\/tr><tr><td><strong>Membre suppl\u00e9ant :<\/strong><\/td><td>&nbsp;<\/td><\/tr><tr><td>Charlotte Devaux<\/td><td><\/td><\/tr><\/tbody><\/table><\/figure>\n\n\n\n<h2 class=\"wp-block-heading\">&nbsp;<\/h2>\n\n\n\n<h2 class=\"wp-block-heading\">Minist\u00e8re public<\/h2>\n\n\n\n<figure class=\"wp-block-table\"><table><tbody><tr><td><strong>Membre titulaire :<\/strong><\/td><td>&nbsp;<\/td><\/tr><tr><td>Gr\u00e9gory Semet<\/td><td><\/td><\/tr><tr><td><strong>Membre suppl\u00e9ant :<\/strong><\/td><td>&nbsp;<\/td><\/tr><tr><td>Laurent Georges<\/td><td><\/td><\/tr><\/tbody><\/table><\/figure>\n","protected":false},"excerpt":{"rendered":"<p>Repr\u00e9sentants \u00e9lus au Conseil Sup\u00e9rieur des CRC en avril 2024 (liste publi\u00e9e au Journal Officiel du 21 avril 2024). Vous pouvez contacter vos repr\u00e9sentants \u00e9lus \u00e0 l&rsquo;adresse suivante : representants@conseil-superieur.sjfu.fr Conseillers pr\u00e9sidents Membres titulaires : &nbsp; Caroline Dupuis-Verbeke Sylvain Huet Membres suppl\u00e9ants : &nbsp; Catherine Accary-B\u00e9zard Laurent Catinaud &nbsp; Premiers<a href=\"https:\/\/sjfu.fr\/intranet\/fonctionnement-des-instances\/conseil-superieur\/membres-du-conseil-superieur\/\" class=\"read-more\">Read the Rest&#8230;<\/a><\/p>\n","protected":false},"author":2,"featured_media":0,"parent":52,"menu_order":0,"comment_status":"closed","ping_status":"closed","template":"","meta":{"footnotes":""},"class_list":["post-193","page","type-page","status-publish","hentry"],"_links":{"self":[{"href":"https:\/\/sjfu.fr\/intranet\/wp-json\/wp\/v2\/pages\/193","targetHints":{"allow":["GET"]}}],"collection":[{"href":"https:\/\/sjfu.fr\/intranet\/wp-json\/wp\/v2\/pages"}],"about":[{"href":"https:\/\/sjfu.fr\/intranet\/wp-json\/wp\/v2\/types\/page"}],"author":[{"embeddable":true,"href":"https:\/\/sjfu.fr\/intranet\/wp-json\/wp\/v2\/users\/2"}],"replies":[{"embeddable":true,"href":"https:\/\/sjfu.fr\/intranet\/wp-json\/wp\/v2\/comments?post=193"}],"version-history":[{"count":25,"href":"https:\/\/sjfu.fr\/intranet\/wp-json\/wp\/v2\/pages\/193\/revisions"}],"predecessor-version":[{"id":3723,"href":"https:\/\/sjfu.fr\/intranet\/wp-json\/wp\/v2\/pages\/193\/revisions\/3723"}],"up":[{"embeddable":true,"href":"https:\/\/sjfu.fr\/intranet\/wp-json\/wp\/v2\/pages\/52"}],"wp:attachment":[{"href":"https:\/\/sjfu.fr\/intranet\/wp-json\/wp\/v2\/media?parent=193"}],"curies":[{"name":"wp","href":"https:\/\/api.w.org\/{rel}","templated":true}]}}