{"id":195,"date":"2015-11-14T15:37:39","date_gmt":"2015-11-14T14:37:39","guid":{"rendered":"http:\/\/sjfu.fr\/intranet\/?page_id=195"},"modified":"2018-11-21T15:07:04","modified_gmt":"2018-11-21T14:07:04","slug":"reglement-interieur-du-conseil-superieur","status":"publish","type":"page","link":"https:\/\/sjfu.fr\/intranet\/fonctionnement-des-instances\/conseil-superieur\/reglement-interieur-du-conseil-superieur\/","title":{"rendered":"R\u00e9glement int\u00e9rieur du Conseil sup\u00e9rieur"},"content":{"rendered":"<p>Le r\u00e8glement int\u00e9rieur a \u00e9t\u00e9 r\u00e9cemment modifi\u00e9 \u00e0 la demande de vos \u00e9lus&#8230;<\/p>\n<h3><strong><a href=\"https:\/\/drive.google.com\/file\/d\/1nE0TZSy2FYPTmONGtfY_Fzhmmin9Nbir\/view\">R\u00e8glement int\u00e9rieur du Conseil sup\u00e9rieur<\/a>&nbsp;\u00e0 jour au 18 octobre 2018.<\/strong><\/h3>\n<p>&nbsp;<\/p>\n","protected":false},"excerpt":{"rendered":"<p>Le r\u00e8glement int\u00e9rieur a \u00e9t\u00e9 r\u00e9cemment modifi\u00e9 \u00e0 la demande de vos \u00e9lus&#8230; R\u00e8glement int\u00e9rieur du Conseil sup\u00e9rieur&nbsp;\u00e0 jour au 18 octobre 2018. &nbsp;<\/p>\n","protected":false},"author":2,"featured_media":0,"parent":52,"menu_order":2,"comment_status":"closed","ping_status":"closed","template":"","meta":{"footnotes":""},"class_list":["post-195","page","type-page","status-publish","hentry"],"_links":{"self":[{"href":"https:\/\/sjfu.fr\/intranet\/wp-json\/wp\/v2\/pages\/195","targetHints":{"allow":["GET"]}}],"collection":[{"href":"https:\/\/sjfu.fr\/intranet\/wp-json\/wp\/v2\/pages"}],"about":[{"href":"https:\/\/sjfu.fr\/intranet\/wp-json\/wp\/v2\/types\/page"}],"author":[{"embeddable":true,"href":"https:\/\/sjfu.fr\/intranet\/wp-json\/wp\/v2\/users\/2"}],"replies":[{"embeddable":true,"href":"https:\/\/sjfu.fr\/intranet\/wp-json\/wp\/v2\/comments?post=195"}],"version-history":[{"count":7,"href":"https:\/\/sjfu.fr\/intranet\/wp-json\/wp\/v2\/pages\/195\/revisions"}],"predecessor-version":[{"id":2593,"href":"https:\/\/sjfu.fr\/intranet\/wp-json\/wp\/v2\/pages\/195\/revisions\/2593"}],"up":[{"embeddable":true,"href":"https:\/\/sjfu.fr\/intranet\/wp-json\/wp\/v2\/pages\/52"}],"wp:attachment":[{"href":"https:\/\/sjfu.fr\/intranet\/wp-json\/wp\/v2\/media?parent=195"}],"curies":[{"name":"wp","href":"https:\/\/api.w.org\/{rel}","templated":true}]}}