{"id":198,"date":"2015-11-14T15:52:33","date_gmt":"2015-11-14T14:52:33","guid":{"rendered":"http:\/\/sjfu.fr\/intranet\/?page_id=198"},"modified":"2022-02-03T14:19:29","modified_gmt":"2022-02-03T13:19:29","slug":"droit-syndical","status":"publish","type":"page","link":"https:\/\/sjfu.fr\/intranet\/services\/droit-syndical\/","title":{"rendered":"Droit syndical"},"content":{"rendered":"<p>Le droit syndical est garanti aux magistrats\u00a0qui peuvent cr\u00e9er librement des organisations syndicales, y adh\u00e9rer et y exercer des mandats. Le SJF peut ainsi ester en justice, se pourvoir devant les juridictions comp\u00e9tentes contre les actes r\u00e9glementaires concernant le statut des magistrats\u00a0et contre les d\u00e9cisions individuelles portant atteinte aux int\u00e9r\u00eats collectifs du corps.<\/p>\n<p>Les syndicats de fonctionnaires repr\u00e9sentatifs au niveau national ont qualit\u00e9 pour participer, \u00e0 ce niveau, \u00a0\u00e0 des n\u00e9gociations relatives \u00e0 l&rsquo;\u00e9volution des r\u00e9mun\u00e9rations et du pouvoir d\u2019achat des agents publics avec les repr\u00e9sentants du Gouvernement, les repr\u00e9sentants des employeurs publics territoriaux et les repr\u00e9sentants des employeurs publics hospitaliers.<\/p>\n<p>Le SJF,\u00a0seul syndicat repr\u00e9sentatif de magistrats financiers au sein des juridictions financi\u00e8res, a\u00a0\u00e9galement qualit\u00e9 pour participer, avec le secr\u00e9tariat g\u00e9n\u00e9ral de la Cour des comptes, \u00e0 des n\u00e9gociations relatives \u00e0 certains th\u00e8mes (conditions et organisation du travail etc.), \u00e9num\u00e9r\u00e9s \u00e0 l\u2019article 8 bis de la loi n\u00b0 83-634 du 13 juillet 1983 portant droits et obligations des fonctionnaires.<\/p>\n<h3>Textes de r\u00e9f\u00e9rence<\/h3>\n<ul>\n<li><a href=\"http:\/\/www.legifrance.gouv.fr\/affichTexte.do?cidTexte=JORFTEXT000029965154&amp;dateTexte=&amp;categorieLien=id\">D\u00e9cret du 24 d\u00e9cembre 2014 relatif \u00e0 l&rsquo;exercice du droit syndical dans la fonction publique territoriale<\/a><\/li>\n<li><a href=\"http:\/\/circulaire.legifrance.gouv.fr\/pdf\/2014\/07\/cir_38489.pdf\">Circulaire du 3 juillet 2014 relative \u00e0 l&rsquo;exercice du droit syndical dans la fonction publique de l&rsquo;\u00c9tat<\/a><\/li>\n<li><a href=\"http:\/\/www.legifrance.gouv.fr\/affichTexte.do?cidTexte=JORFTEXT000028397625&amp;fastPos=1&amp;fastReqId=473158331&amp;categorieLien=cid&amp;oldAction=rechTexte\">D\u00e9cret du 23 d\u00e9cembre 2013 institue de nouveaux moyens en temps aux organisations syndicales si\u00e9geant au Conseil commun de la fonction publique<\/a><\/li>\n<\/ul>\n<ul>\n<li><a href=\"http:\/\/www.legifrance.gouv.fr\/affichTexte.do;jsessionid=C9DBC8FCA8D7F98D43BCE0E789AEE6E4.tpdjo12v_2?cidTexte=JORFTEXT000027482201&amp;dateTexte=20130607\">D\u00e9cret du 31 mai 2013, applicable \u00e0 la fonction publique d&rsquo;Etat, assouplit le dispositif des facilit\u00e9s en temps octroy\u00e9es aux organisations syndicales. Il \u00e9largit le droit \u00e0 autorisations sp\u00e9ciales\u00a0et permet la mutualisation des cr\u00e9dits de temps syndical<\/a>.<\/li>\n<li><a href=\"http:\/\/www.legifrance.gouv.fr\/affichTexte.do;jsessionid=9E5474BF87A800F96623EC4FD8BC76EF.tpdjo17v_1?cidTexte=JORFTEXT000025372339&amp;categorieLien=id\">D\u00e9cret du 16 f\u00e9vrier 2012 d\u00e9taille les droits et moyens des organisations syndicales de la fonction publique d&rsquo;\u00c9tat<\/a>.<\/li>\n<\/ul>\n<p><strong>L&rsquo;administration a d\u00e9clin\u00e9 et pr\u00e9cis\u00e9 ces textes pour les juridictions financi\u00e8res, le 16 juillet 2018 :<\/strong><\/p>\n<ul>\n<li>Par <a href=\"https:\/\/drive.google.com\/open?id=1ZKRhJbyJ_1urWTlOje9uWZglnmeASyy2\">une d\u00e9cision du Premier pr\u00e9sident<\/a> relative \u00e0 l&rsquo;usage syndical des technologies de l&rsquo;information et de la communication.<\/li>\n<li>Par <a href=\"https:\/\/drive.google.com\/open?id=10WEtQpjeYUbk_tuAFWx0QsswCezZpMze\">une note du Secr\u00e9taire g\u00e9n\u00e9ral<\/a>\u00a0relative \u00e0 l&rsquo;exercice du droit syndical.<\/li>\n<\/ul>\n<p>Le SJF a droit \u00e0 des d\u00e9charges syndicales annuelles pour certains membres de son bureau et repr\u00e9sentants au Conseil sup\u00e9rieur des CRTC (\u00e9quivalent \u00e0 1,3 ETP en 2018).<\/p>\n","protected":false},"excerpt":{"rendered":"<p>Le droit syndical est garanti aux magistrats\u00a0qui peuvent cr\u00e9er librement des organisations syndicales, y adh\u00e9rer et y exercer des mandats. Le SJF peut ainsi ester en justice, se pourvoir devant les juridictions comp\u00e9tentes contre les actes r\u00e9glementaires concernant le statut des magistrats\u00a0et contre les d\u00e9cisions individuelles portant atteinte aux int\u00e9r\u00eats<a href=\"https:\/\/sjfu.fr\/intranet\/services\/droit-syndical\/\" class=\"read-more\">Read the Rest&#8230;<\/a><\/p>\n","protected":false},"author":2,"featured_media":0,"parent":100,"menu_order":1,"comment_status":"closed","ping_status":"closed","template":"","meta":{"footnotes":""},"class_list":["post-198","page","type-page","status-publish","hentry"],"_links":{"self":[{"href":"https:\/\/sjfu.fr\/intranet\/wp-json\/wp\/v2\/pages\/198","targetHints":{"allow":["GET"]}}],"collection":[{"href":"https:\/\/sjfu.fr\/intranet\/wp-json\/wp\/v2\/pages"}],"about":[{"href":"https:\/\/sjfu.fr\/intranet\/wp-json\/wp\/v2\/types\/page"}],"author":[{"embeddable":true,"href":"https:\/\/sjfu.fr\/intranet\/wp-json\/wp\/v2\/users\/2"}],"replies":[{"embeddable":true,"href":"https:\/\/sjfu.fr\/intranet\/wp-json\/wp\/v2\/comments?post=198"}],"version-history":[{"count":10,"href":"https:\/\/sjfu.fr\/intranet\/wp-json\/wp\/v2\/pages\/198\/revisions"}],"predecessor-version":[{"id":3257,"href":"https:\/\/sjfu.fr\/intranet\/wp-json\/wp\/v2\/pages\/198\/revisions\/3257"}],"up":[{"embeddable":true,"href":"https:\/\/sjfu.fr\/intranet\/wp-json\/wp\/v2\/pages\/100"}],"wp:attachment":[{"href":"https:\/\/sjfu.fr\/intranet\/wp-json\/wp\/v2\/media?parent=198"}],"curies":[{"name":"wp","href":"https:\/\/api.w.org\/{rel}","templated":true}]}}