{"id":2100,"date":"2018-03-05T07:54:30","date_gmt":"2018-03-05T06:54:30","guid":{"rendered":"http:\/\/sjfu.fr\/intranet\/?page_id=2100"},"modified":"2018-11-25T13:37:52","modified_gmt":"2018-11-25T12:37:52","slug":"2016-2","status":"publish","type":"page","link":"https:\/\/sjfu.fr\/intranet\/actions-syndicales\/agenda-social\/2016-2\/","title":{"rendered":"Agenda 2016"},"content":{"rendered":"<p><a href=\"https:\/\/drive.google.com\/file\/d\/0BwRWtKE4DOnAaVFXNmdNYTdPUkk\/view?usp=sharing\"><img loading=\"lazy\" decoding=\"async\" class=\"aligncenter\" src=\"https:\/\/www.cfdt.fr\/upload\/docs\/image\/jpeg\/2013-08\/agenda_social_rea_581_191.jpg\" width=\"706\" height=\"232\"><\/a><\/p>\n<h2 style=\"text-align: center;\"><strong><a href=\"https:\/\/drive.google.com\/file\/d\/0BwRWtKE4DOnAaVFXNmdNYTdPUkk\/view?usp=sharing\">Calendrier 2016<\/a><\/strong><\/h2>\n<p><strong>Merci de ne pas diffuser ces documents \u00e0 quiconque, m\u00eame aux coll\u00e8gues syndiqu\u00e9s. Toute fuite d&rsquo;information est susceptible de nuire \u00e0 la n\u00e9gociation et donc aux int\u00e9r\u00eats des membres du corps. <\/strong><\/p>\n<p>Prenez connaissance de ces projets, posez des questions aux membres de la d\u00e9l\u00e9gation, mais veillez aussi \u00e0 ce que ces informations ne soient pas utilis\u00e9es par un tiers \u00e0 nos d\u00e9pends.<\/p>\n<h3><strong><a href=\"https:\/\/drive.google.com\/file\/d\/0BwRWtKE4DOnAVjN6UWZNNGVkVWM\/view?usp=sharing\">Protocole d&rsquo;accord relatif \u00e0 la r\u00e9novation du r\u00e9gime indemnitaire <\/a><\/strong><\/h3>\n<p><a href=\"https:\/\/drive.google.com\/file\/d\/0BwRWtKE4DOnANHdtOHBxb3h6RFE\/view?usp=sharing\">Comparaison de la version finale vis \u00e0 vis de la version pr\u00e9c\u00e9dente<\/a> (ci-dessous)<\/p>\n<p><strong><a href=\"https:\/\/drive.google.com\/file\/d\/0BwRWtKE4DOnAVHF6eE5Hb2pKRE0\/view?usp=sharing\">Projet de d\u00e9cret relatif \u00e0 la r\u00e9novation du r\u00e9gime indemnitaire<\/a><\/strong><\/p>\n<p><strong><a href=\"https:\/\/drive.google.com\/file\/d\/0BwRWtKE4DOnAeDVsYllTMHYzazQ\/view?usp=sharing\">Projet d&rsquo;arr\u00eat\u00e9 relatif \u00e0 la r\u00e9novation du r\u00e9gime indemnitaire<\/a><\/strong><\/p>\n<p><a href=\"https:\/\/drive.google.com\/file\/d\/0BwRWtKE4DOnANkdkVGZuaFNOOGM\/view?usp=sharing\">R\u00e9union du 9 novembre 2016 &#8211; Agenda social<\/a><\/p>\n<ul>\n<li><a href=\"https:\/\/drive.google.com\/file\/d\/0BwRWtKE4DOnAM1RpQ3hBN0pkSVE\/view?usp=sharing\">Projet de protocole d&rsquo;accord relatif \u00e0 la r\u00e9novation du r\u00e9gime indemnitaire du secr\u00e9tariat g\u00e9n\u00e9ral<\/a><\/li>\n<li><a href=\"https:\/\/drive.google.com\/file\/d\/0BwRWtKE4DOnAa1hqcXpnbzQ1SFU\/view?usp=sharing\">Contre-proposition de protocole d&rsquo;accord relatif \u00e0 la r\u00e9novation du r\u00e9gime indemnitaire du SJF<\/a><\/li>\n<li><a href=\"https:\/\/drive.google.com\/file\/d\/0BwRWtKE4DOnAX1RZVFJxQjlBUTA\/view?usp=sharing\">Projet d&rsquo;arr\u00eat\u00e9 relatif au t\u00e9l\u00e9travail du secr\u00e9tariat g\u00e9n\u00e9ral<\/a><\/li>\n<\/ul>\n<p><a href=\"https:\/\/drive.google.com\/file\/d\/0BwRWtKE4DOnAc2JLU2VzaGdvNzA\/view?usp=sharing\">R\u00e9union du 9 novembre 2016 &#8211; Sch\u00e9ma triennal de formation<\/a><\/p>\n<p><a href=\"https:\/\/drive.google.com\/file\/d\/0BwRWtKE4DOnAc3BNZFpuWEpGbHM\/view?usp=sharing\">R\u00e9union du 21 octobre 2016 &#8211; Agenda social<\/a><\/p>\n<p><a href=\"https:\/\/drive.google.com\/file\/d\/0BwRWtKE4DOnAZE1SSnhfWlVVOUU\/view?usp=sharing\">R\u00e9union du 20 octobre 2016 &#8211; Modifications du CJF-Volet M\u00e9tier<\/a><\/p>\n<p><a href=\"https:\/\/drive.google.com\/file\/d\/0BwRWtKE4DOnAOGpCTjl3UVZuU1k\/view?usp=sharing\">R\u00e9union du 16 juin 2016<\/a><\/p>\n<ul>\n<li><a href=\"https:\/\/drive.google.com\/file\/d\/0BwRWtKE4DOnAMXRSakFNdWtkWkU\/view?usp=sharing\">Projet d&rsquo;article L. 222-7<\/a><\/li>\n<li><a href=\"https:\/\/drive.google.com\/file\/d\/0BwRWtKE4DOnAcE9hNHU4U3pNaEE\/view?usp=sharing\">Projet de d\u00e9cret RI<\/a><\/li>\n<li><a href=\"https:\/\/drive.google.com\/file\/d\/0BwRWtKE4DOnAOFZ4QnB1SlUzNU0\/view?usp=sharing\">Projet d&rsquo;arr\u00eat\u00e9 RI<\/a><\/li>\n<li><a href=\"https:\/\/drive.google.com\/file\/d\/0BwRWtKE4DOnASzU5cUFoWDVNZGM\/view?usp=sharing\">Projet de support de l&rsquo;entretien professionnel<\/a><\/li>\n<\/ul>\n<p><a href=\"https:\/\/drive.google.com\/file\/d\/0BwRWtKE4DOnAWVc4b0dZWUY2MlE\/view?usp=sharing\">R\u00e9union du 9 mai 2016<\/a><\/p>\n","protected":false},"excerpt":{"rendered":"<p>Calendrier 2016 Merci de ne pas diffuser ces documents \u00e0 quiconque, m\u00eame aux coll\u00e8gues syndiqu\u00e9s. Toute fuite d&rsquo;information est susceptible de nuire \u00e0 la n\u00e9gociation et donc aux int\u00e9r\u00eats des membres du corps. Prenez connaissance de ces projets, posez des questions aux membres de la d\u00e9l\u00e9gation, mais veillez aussi \u00e0<a href=\"https:\/\/sjfu.fr\/intranet\/actions-syndicales\/agenda-social\/2016-2\/\" class=\"read-more\">Read the Rest&#8230;<\/a><\/p>\n","protected":false},"author":1,"featured_media":0,"parent":548,"menu_order":0,"comment_status":"closed","ping_status":"closed","template":"","meta":{"footnotes":""},"class_list":["post-2100","page","type-page","status-publish","hentry"],"_links":{"self":[{"href":"https:\/\/sjfu.fr\/intranet\/wp-json\/wp\/v2\/pages\/2100","targetHints":{"allow":["GET"]}}],"collection":[{"href":"https:\/\/sjfu.fr\/intranet\/wp-json\/wp\/v2\/pages"}],"about":[{"href":"https:\/\/sjfu.fr\/intranet\/wp-json\/wp\/v2\/types\/page"}],"author":[{"embeddable":true,"href":"https:\/\/sjfu.fr\/intranet\/wp-json\/wp\/v2\/users\/1"}],"replies":[{"embeddable":true,"href":"https:\/\/sjfu.fr\/intranet\/wp-json\/wp\/v2\/comments?post=2100"}],"version-history":[{"count":5,"href":"https:\/\/sjfu.fr\/intranet\/wp-json\/wp\/v2\/pages\/2100\/revisions"}],"predecessor-version":[{"id":2598,"href":"https:\/\/sjfu.fr\/intranet\/wp-json\/wp\/v2\/pages\/2100\/revisions\/2598"}],"up":[{"embeddable":true,"href":"https:\/\/sjfu.fr\/intranet\/wp-json\/wp\/v2\/pages\/548"}],"wp:attachment":[{"href":"https:\/\/sjfu.fr\/intranet\/wp-json\/wp\/v2\/media?parent=2100"}],"curies":[{"name":"wp","href":"https:\/\/api.w.org\/{rel}","templated":true}]}}