{"id":2103,"date":"2018-03-05T08:40:45","date_gmt":"2018-03-05T07:40:45","guid":{"rendered":"http:\/\/sjfu.fr\/intranet\/?page_id=2103"},"modified":"2018-12-05T13:48:19","modified_gmt":"2018-12-05T12:48:19","slug":"agenda-2018","status":"publish","type":"page","link":"https:\/\/sjfu.fr\/intranet\/actions-syndicales\/agenda-social\/agenda-2018\/","title":{"rendered":"Agenda 2018"},"content":{"rendered":"<p><strong><a href=\"https:\/\/sjfu.fr\/intranet\/wp-content\/uploads\/2018\/09\/agenda_social_rea_581_191.jpg\"><img loading=\"lazy\" decoding=\"async\" class=\"size-full wp-image-2429 aligncenter\" src=\"https:\/\/sjfu.fr\/intranet\/wp-content\/uploads\/2018\/09\/agenda_social_rea_581_191.jpg\" alt=\"\" width=\"581\" height=\"191\" srcset=\"https:\/\/sjfu.fr\/intranet\/wp-content\/uploads\/2018\/09\/agenda_social_rea_581_191.jpg 581w, https:\/\/sjfu.fr\/intranet\/wp-content\/uploads\/2018\/09\/agenda_social_rea_581_191-300x99.jpg 300w\" sizes=\"auto, (max-width: 581px) 100vw, 581px\" \/><\/a><\/strong><\/p>\n<p>&nbsp;<\/p>\n<p style=\"text-align: center;\"><strong><a href=\"https:\/\/drive.google.com\/open?id=1xq1XveFDQmQj5feTxJANZ47EL3aehcY3\">Bilan social 2017<\/a><\/strong><\/p>\n<p style=\"text-align: center;\"><strong><a href=\"https:\/\/drive.google.com\/open?id=1HA0m_LzZb8vThlzIwTI940UD1O_HNkBv\">Bilan social 2016<\/a><\/strong><\/p>\n<p>&nbsp;<\/p>\n<p><strong>Merci de ne pas diffuser les documents ci-apr\u00e8s. Toute fuite d\u2019information est susceptible de nuire aux n\u00e9gociations et donc aux int\u00e9r\u00eats des membres du corps<\/strong>.&nbsp;Prenez connaissance de ces projets, posez des questions aux membres du bureau, mais veillez aussi \u00e0 ce que ces informations ne soient pas utilis\u00e9es par un tiers \u00e0 nos d\u00e9pends.<\/p>\n<p>&nbsp;<\/p>\n<ul>\n<li>\n<h3><strong>22 novembre 2018 \u00e0 14h30 :&nbsp;<\/strong><\/h3>\n<\/li>\n<\/ul>\n<h3><a href=\"https:\/\/drive.google.com\/open?id=1aPaKxxwaQGPB7EWbeD5s7B82uwD_YA8t\">Compte-rendu<\/a><\/h3>\n<p>&nbsp;<\/p>\n<ul>\n<li>\n<h3><strong>13 juin 2018 \u00e0 14h30 :&nbsp;<\/strong><\/h3>\n<\/li>\n<\/ul>\n<p>&nbsp;<\/p>\n<p><a href=\"https:\/\/drive.google.com\/open?id=14oL4Wi6BXAKnq0cOC_r44lgy9kdVrcsE\">Synth\u00e8se &#8211; demande de r\u00e9novation de la grille indiciaire des magistrats de CRC<\/a><\/p>\n<p><a href=\"https:\/\/drive.google.com\/open?id=1p0r4KwC3XcdZa17Oq6A4I7sF3zrpkPMS\">Annexes<\/a><\/p>\n<p><a href=\"https:\/\/drive.google.com\/open?id=15xz2OMgnlDD0ucEfb8N7FVCKY24D_4S8\">Compte-rendu&nbsp;<\/a><\/p>\n<p><a href=\"https:\/\/drive.google.com\/open?id=1yyjy_cQy7x5KL4ImSt4B7UrwJG_2oA9P\">Grille indiciaire des magistrats de CRTC<\/a><\/p>\n<p><a href=\"https:\/\/drive.google.com\/open?id=1c3g3M-ATnwBCrzPHPReYs3QJM568W4Ch\">Note d&rsquo;ex\u00e9cution budg\u00e9taire 2017<\/a> &#8211; programme Juridictions Financi\u00e8res (164)<\/p>\n<p>&nbsp;<\/p>\n<ul>\n<li>\n<h3><strong>18 avril 2018 \u00e0 14h30 :&nbsp;<\/strong><\/h3>\n<\/li>\n<\/ul>\n<p>&nbsp;<\/p>\n<p><a href=\"https:\/\/drive.google.com\/open?id=1jmqocTm-igceURrz2blXQULUKg6G02pr\">Compte-rendu<\/a><\/p>\n<p><a href=\"https:\/\/drive.google.com\/open?id=1vWwCWNiG6La-V2XImYFudiV72nJqM4ll\">Note sur l&rsquo;all\u00e8gement de l&rsquo;obligation de r\u00e9sidence<\/a><\/p>\n<p><a href=\"https:\/\/drive.google.com\/open?id=1s0fJW0jF5RbTANNAyAtVagJMDZFV2kPX\">Monographie du corps des magistrats de CRTC<\/a><\/p>\n<p><a href=\"https:\/\/drive.google.com\/open?id=19R-aHYcx9eOFNejRHR6O7MEjCklMmxJy\">R\u00e9partition des magistrats par grade pour prime de rendement ancien syst\u00e8me (2017)<\/a><\/p>\n","protected":false},"excerpt":{"rendered":"<p>&nbsp; Bilan social 2017 Bilan social 2016 &nbsp; Merci de ne pas diffuser les documents ci-apr\u00e8s. Toute fuite d\u2019information est susceptible de nuire aux n\u00e9gociations et donc aux int\u00e9r\u00eats des membres du corps.&nbsp;Prenez connaissance de ces projets, posez des questions aux membres du bureau, mais veillez aussi \u00e0 ce que<a href=\"https:\/\/sjfu.fr\/intranet\/actions-syndicales\/agenda-social\/agenda-2018\/\" class=\"read-more\">Read the Rest&#8230;<\/a><\/p>\n","protected":false},"author":1,"featured_media":0,"parent":548,"menu_order":0,"comment_status":"closed","ping_status":"closed","template":"","meta":{"footnotes":""},"class_list":["post-2103","page","type-page","status-publish","hentry"],"_links":{"self":[{"href":"https:\/\/sjfu.fr\/intranet\/wp-json\/wp\/v2\/pages\/2103","targetHints":{"allow":["GET"]}}],"collection":[{"href":"https:\/\/sjfu.fr\/intranet\/wp-json\/wp\/v2\/pages"}],"about":[{"href":"https:\/\/sjfu.fr\/intranet\/wp-json\/wp\/v2\/types\/page"}],"author":[{"embeddable":true,"href":"https:\/\/sjfu.fr\/intranet\/wp-json\/wp\/v2\/users\/1"}],"replies":[{"embeddable":true,"href":"https:\/\/sjfu.fr\/intranet\/wp-json\/wp\/v2\/comments?post=2103"}],"version-history":[{"count":26,"href":"https:\/\/sjfu.fr\/intranet\/wp-json\/wp\/v2\/pages\/2103\/revisions"}],"predecessor-version":[{"id":2674,"href":"https:\/\/sjfu.fr\/intranet\/wp-json\/wp\/v2\/pages\/2103\/revisions\/2674"}],"up":[{"embeddable":true,"href":"https:\/\/sjfu.fr\/intranet\/wp-json\/wp\/v2\/pages\/548"}],"wp:attachment":[{"href":"https:\/\/sjfu.fr\/intranet\/wp-json\/wp\/v2\/media?parent=2103"}],"curies":[{"name":"wp","href":"https:\/\/api.w.org\/{rel}","templated":true}]}}