{"id":2132,"date":"2018-03-05T10:12:04","date_gmt":"2018-03-05T09:12:04","guid":{"rendered":"http:\/\/sjfu.fr\/intranet\/?page_id=2132"},"modified":"2024-06-10T19:32:52","modified_gmt":"2024-06-10T18:32:52","slug":"le-bureau","status":"publish","type":"page","link":"https:\/\/sjfu.fr\/intranet\/fonctionnement-des-instances\/le-bureau\/","title":{"rendered":"Bureau et conseil national"},"content":{"rendered":"<p><blockquote class=\"wp-embedded-content\" data-secret=\"ILuEu4Nnrc\"><a href=\"https:\/\/sjfu.fr\/index.php\/notre-syndicat\/le-bureau\/\">Le bureau et le conseil national<\/a><\/blockquote><iframe loading=\"lazy\" class=\"wp-embedded-content\" sandbox=\"allow-scripts\" security=\"restricted\" style=\"position: absolute; clip: rect(1px, 1px, 1px, 1px);\" title=\"\u00ab\u00a0Le bureau et le conseil national\u00a0\u00bb &#8212; Syndicat des Juridictions Financi\u00e8res\" src=\"https:\/\/sjfu.fr\/index.php\/notre-syndicat\/le-bureau\/embed\/#?secret=kG4kX2NvJv#?secret=ILuEu4Nnrc\" data-secret=\"ILuEu4Nnrc\" width=\"600\" height=\"338\" frameborder=\"0\" marginwidth=\"0\" marginheight=\"0\" scrolling=\"no\"><\/iframe><\/p>\n\n\n<p>Un conseil national s&rsquo;est r\u00e9uni le 10 juin 2024. Son ordre du jour \u00e9tait le suivant :<\/p>\n\n\n\n<ol class=\"wp-block-list\" start=\"0\">\n<li>Accueil<br>14h00<\/li>\n\n\n\n<li>Point sur les lignes directrices de gestion<br>14h05-14h30<\/li>\n\n\n\n<li>Point sur la r\u00e9forme du r\u00e9gime indemnitaire<br>14h30-15h00<\/li>\n\n\n\n<li>Suites du recours gracieux sur le d\u00e9cret du 1er f\u00e9vrier 2024<br>15h00-15h30<\/li>\n\n\n\n<li>Information sur la mise en oeuvre de la protection sociale compl\u00e9mentaire<br>15h30-16h00<\/li>\n\n\n\n<li>Actualit\u00e9 syndicale :<br>\u27a2 Congr\u00e8s 2024<br>\u27a2 Point sur les adh\u00e9sions 2024<br>16h00-16h30<\/li>\n<\/ol>\n\n\n\n<p>Auparavant, un conseil national, pr\u00e9c\u00e9d\u00e9 d&rsquo;un bureau national \u00e9largi, s&rsquo;est r\u00e9uni le 31 octobre 2023. Son ordre du jour \u00e9tait le suivant :<\/p>\n\n\n\n<ol class=\"wp-block-list\" start=\"1\">\n<li>Examen et avis sur&nbsp;:\n<ol class=\"wp-block-list\" start=\"1\" style=\"list-style-type:lower-alpha\">\n<li>le projet de modification des statuts<\/li>\n\n\n\n<li>le projet de modification du r\u00e8glement int\u00e9rieur<\/li>\n\n\n\n<li>le projet de r\u00e8glement de proc\u00e9dure pour ces deux modifications<\/li>\n<\/ol>\n<\/li>\n<\/ol>\n\n\n\n<ol class=\"wp-block-list\" start=\"2\">\n<li>\u00c9changes libres sur les retours des membres de vos sections quant aux chantiers pass\u00e9s ou en cours, et sur les orientations syndicales \u00e0 venir.<\/li>\n<\/ol>\n\n\n\n<p>Auparavant, un conseil national, suivi d&rsquo;un bureau national \u00e9largi, s&rsquo;est r\u00e9uni le 28 juin 2022. Retrouvez :<\/p>\n\n\n\n<ul class=\"wp-block-list\">\n<li>son <a href=\"https:\/\/drive.google.com\/file\/d\/1LwqTH_Zfjr46nHRNKf5S2XSow0L8yqPx\/view?usp=sharing\">ordre du jour<\/a><\/li>\n<\/ul>\n","protected":false},"excerpt":{"rendered":"<p>Un conseil national s&rsquo;est r\u00e9uni le 10 juin 2024. Son ordre du jour \u00e9tait le suivant : Auparavant, un conseil national, pr\u00e9c\u00e9d\u00e9 d&rsquo;un bureau national \u00e9largi, s&rsquo;est r\u00e9uni le 31 octobre 2023. Son ordre du jour \u00e9tait le suivant : Auparavant, un conseil national, suivi d&rsquo;un bureau national \u00e9largi, s&rsquo;est<a href=\"https:\/\/sjfu.fr\/intranet\/fonctionnement-des-instances\/le-bureau\/\" class=\"read-more\">Read the Rest&#8230;<\/a><\/p>\n","protected":false},"author":1,"featured_media":0,"parent":2130,"menu_order":2,"comment_status":"closed","ping_status":"closed","template":"","meta":{"footnotes":""},"class_list":["post-2132","page","type-page","status-publish","hentry"],"_links":{"self":[{"href":"https:\/\/sjfu.fr\/intranet\/wp-json\/wp\/v2\/pages\/2132","targetHints":{"allow":["GET"]}}],"collection":[{"href":"https:\/\/sjfu.fr\/intranet\/wp-json\/wp\/v2\/pages"}],"about":[{"href":"https:\/\/sjfu.fr\/intranet\/wp-json\/wp\/v2\/types\/page"}],"author":[{"embeddable":true,"href":"https:\/\/sjfu.fr\/intranet\/wp-json\/wp\/v2\/users\/1"}],"replies":[{"embeddable":true,"href":"https:\/\/sjfu.fr\/intranet\/wp-json\/wp\/v2\/comments?post=2132"}],"version-history":[{"count":9,"href":"https:\/\/sjfu.fr\/intranet\/wp-json\/wp\/v2\/pages\/2132\/revisions"}],"predecessor-version":[{"id":3737,"href":"https:\/\/sjfu.fr\/intranet\/wp-json\/wp\/v2\/pages\/2132\/revisions\/3737"}],"up":[{"embeddable":true,"href":"https:\/\/sjfu.fr\/intranet\/wp-json\/wp\/v2\/pages\/2130"}],"wp:attachment":[{"href":"https:\/\/sjfu.fr\/intranet\/wp-json\/wp\/v2\/media?parent=2132"}],"curies":[{"name":"wp","href":"https:\/\/api.w.org\/{rel}","templated":true}]}}