{"id":214,"date":"2015-11-14T18:01:01","date_gmt":"2015-11-14T17:01:01","guid":{"rendered":"http:\/\/sjfu.fr\/intranet\/?page_id=214"},"modified":"2018-03-05T13:26:11","modified_gmt":"2018-03-05T12:26:11","slug":"ressources-documentaires","status":"publish","type":"page","link":"https:\/\/sjfu.fr\/intranet\/services\/ressources-documentaires\/","title":{"rendered":"Ressources documentaires"},"content":{"rendered":"<p><em>Rapports publics sur le gestion des ressources humaines dans la fonction publique:<\/em><\/p>\n<ul>\n<li><em><a href=\"http:\/\/www.fonction-publique.gouv.fr\/rapport-sur-pensions-de-retraite-de-la-fonction-publique\">Rapport sur les pensions de retraite de la Fonction publique<\/a><\/em><\/li>\n<li><em><a href=\"http:\/\/www.fonction-publique.gouv.fr\/rapport-sur-letat-de-la-fonction-publique-et-remunerations\">Rapport sur l\u2019\u00e9tat de la Fonction publique et les r\u00e9mun\u00e9rations<\/a><\/em><\/li>\n<li><em><a href=\"http:\/\/www.ladocumentationfrancaise.fr\/rapports-publics\/154000326-developper-et-perenniser-l-apprentissage-dans-la-fonction-publique\" target=\"_blank\">D\u00e9velopper et p\u00e9renniser l&rsquo;apprentissage dans la fonction publique (Rapport Jacky\u00a0 Richard, mai 2015)<\/a><\/em><\/li>\n<li><strong><em><a href=\"http:\/\/www.ladocumentationfrancaise.fr\/var\/storage\/rapports-publics\/154000023.pdf\" target=\"_blank\">Renouer la confiance publique, (Rapport Jean-Louis Nadal, pr\u00e9sident de la HATVP, janvier 2015)<\/a><\/em><\/strong><\/li>\n<li><em><a href=\"http:\/\/www.ladocumentationfrancaise.fr\/rapports-publics\/144000747-la-medecine-de-prevention-dans-les-trois-fonctions-publiques?xtor=EPR-526\">La m\u00e9decine de pr\u00e9vention dans les trois fonctions publiques (rapport IGA, IGAENR et IGAS &#8211; septembre 2014)<\/a><\/em><\/li>\n<li><strong><em><a href=\"http:\/\/www.ladocumentationfrancaise.fr\/var\/storage\/rapports-publics\/144000531\/0000.pdf\" target=\"_blank\">L\u2019encadrement sup\u00e9rieur et dirigeant de l\u2019\u00c9tat (rapport IGA, CGEDD, CGEFI &#8211; juillet 2014)<\/a><\/em><\/strong><\/li>\n<li><em><a href=\"http:\/\/www.ladocumentationfrancaise.fr\/var\/storage\/rapports-publics\/144000232\/0000.pdf\">Les d\u00e9rogations accord\u00e9es \u00e0 certains \u00e9tablissements publics administratifs en mati\u00e8re de recrutement d&rsquo;agents non titulaires (Cont\u00f4le g\u00e9n\u00e9ral \u00e9conomique et financier &#8211; IGAS &#8211; IGA &#8211; juillet 2012)<\/a><\/em><\/li>\n<li><em><a href=\"http:\/\/www.ladocumentationfrancaise.fr\/var\/storage\/rapports-publics\/144000160\/0000.pdf\">Les freins non financiers au d\u00e9veloppement de l&rsquo;apprentissage (Rapport IGAS, IGA, IGAENR, IGEN &#8211; f\u00e9vrier 2014)<\/a><\/em><\/li>\n<li><strong><em><a href=\"http:\/\/www.fonction-publique.gouv.fr\/files\/files\/publications\/rapports-missionnes\/rapport-Pecheur-2013.pdf\">Rapport sur la fonction publique (Rapport P\u00eacheur, octobre 2013)<\/a><\/em><\/strong><\/li>\n<li><em><a href=\"http:\/\/www.ladocumentationfrancaise.fr\/rapports-publics\/134000710-affectation-et-mobilite-des-fonctionnaires-sur-le-territoire\">Affectation et mobilit\u00e9 des fonctionnaires sur le territoire (IGF, IGA, IGAS &#8211; octobre 2013)<\/a><\/em><\/li>\n<li><em><a href=\"http:\/\/www.assemblee-nationale.fr\/14\/rap-info\/i0435.asp\">Rapport d&rsquo;information sur la mise en \u0153uvre des conclusions du rapport d\u2019information (n\u00b0 4019) du 1er d\u00e9cembre 2011 sur l\u2019\u00e9valuation de la r\u00e9vision g\u00e9n\u00e9rale des politiques publiques (RGPP) et pr\u00e9sent\u00e9 par MM. Fran\u00e7ois Cornut-Gentille et Christian Eckert (novembre 2012)<\/a><\/em><\/li>\n<li><em><a href=\"http:\/\/www.ladocumentationfrancaise.fr\/rapports-publics\/124000520-bilan-de-la-rgpp-et-conditions-de-reussite-d-une-nouvelle-politique-de-reforme-de-l-etat\">Bilan de la RGPP et conditions de r\u00e9ussite d&rsquo;une nouvelle politique de r\u00e9forme de l&rsquo;\u00c9tat : rapport de\u00a0l&rsquo;Inspection g\u00e9n\u00e9rale de l&rsquo;administration, de l&rsquo;Inspection g\u00e9n\u00e9rale des finances et de l&rsquo;Inspection g\u00e9n\u00e9rale des affaires sociales remis au Premier ministre (septembre 2012)<\/a><\/em><\/li>\n<li><em><a href=\"http:\/\/www.ladocumentationfrancaise.fr\/rapports-publics\/124000118-la-gestion-des-ages-de-la-vie-dans-la-fonction-publique-pour-une-administration\">La gestion des \u00e2ges de la vie dans la fonction publique. (Rapport\u00a0Brindeau, 2012)<\/a><\/em><\/li>\n<li><em><a href=\"http:\/\/www.ladocumentationfrancaise.fr\/rapports-publics\/124000076-la-formation-initiale-des-fonctionnaires-de-l-etat-dans-les-ecoles-du-service-public?xtor=EPR-526\">La formation initiale des fonctionnaires de l&rsquo;\u00c9tat dans les \u00e9coles de service public (janvier 2012)<\/a><\/em><\/li>\n<li><em><a href=\"http:\/\/www.ladocumentationfrancaise.fr\/rapports-publics\/114000421\/index.shtml\">Rapport sur les Perspectives de d\u00e9veloppement du t\u00e9l\u00e9travail dans la fonction publique (CGIET, juillet 2011)<\/a><\/em><\/li>\n<li><em><a href=\"http:\/\/www.ladocumentationfrancaise.fr\/rapports-publics\/114000123\/index.shtml\">L&rsquo;\u00e9galit\u00e9 professionnelle homme-femme dans la fonction publique (Rapport Gu\u00e9got, janvier 2011)<\/a><\/em><\/li>\n<li><em><a title=\"http:\/\/www.ladocumentationfrancaise.fr\/rapports-publics\/104000078\/index.shtml, nouvelle fen\u00eatre\" href=\"http:\/\/www.ladocumentationfrancaise.fr\/rapports-publics\/104000078\/index.shtml\" target=\"_blank\">Am\u00e9lioration de la relation num\u00e9rique \u00e0 l\u2019usager &#8211; Rapport issu des travaux du groupe Experts Num\u00e9riques (Rapport Riester, f\u00e9vrier 2010)<\/a><\/em><\/li>\n<li><em><a title=\"http:\/\/www.ladocumentationfrancaise.fr\/rapports-publics\/094000504\/index.shtml, nouvelle fen\u00eatre\" href=\"http:\/\/www.ladocumentationfrancaise.fr\/rapports-publics\/094000504\/index.shtml\" target=\"_blank\">D\u00e9velopper les formations en alternance dans le secteur public (Rapport au Premier ministre par Laurent H\u00e9nart, octobre 2009)<\/a><\/em><\/li>\n<li><em><a title=\"http:\/\/www.ladocumentationfrancaise.fr\/rapports-publics\/094000247\/index.shtml, nouvelle fen\u00eatre\" href=\"http:\/\/www.ladocumentationfrancaise.fr\/rapports-publics\/094000247\/index.shtml\" target=\"_blank\">L&rsquo;int\u00e9ressement collectif dans la fonction publique (Rapport de Michel Diefenbacher, mai 2009)<\/a><\/em><\/li>\n<li><em><a title=\"http:\/\/www.ladocumentationfrancaise.fr\/rapports-publics\/094000080\/index.shtml, nouvelle fen\u00eatre\" href=\"http:\/\/www.ladocumentationfrancaise.fr\/rapports-publics\/094000080\/index.shtml\" target=\"_blank\">Propositions pour une r\u00e9forme de la formation des agents de l&rsquo;\u00c9tat (Rapport Le Bris, d\u00e9cembre 2008)<\/a><\/em><\/li>\n<li><em><a title=\"http:\/\/www.ladocumentationfrancaise.fr\/rapports-publics\/084000483\/index.shtml, nouvelle fen\u00eatre\" href=\"http:\/\/www.ladocumentationfrancaise.fr\/rapports-publics\/084000483\/index.shtml\" target=\"_blank\">L&rsquo;organisation et au pilotage des recrutements au sein de la fonction publique (Rapport Dorne-Corraze, 2008)<\/a><\/em><\/li>\n<li><strong><em><a title=\"http:\/\/www.ladocumentationfrancaise.fr\/rapports-publics\/084000231\/index.shtml, nouvelle fen\u00eatre\" href=\"http:\/\/www.ladocumentationfrancaise.fr\/rapports-publics\/084000231\/index.shtml\" target=\"_blank\">Livre blanc sur l&rsquo;avenir de la fonction publique : faire des services publics et de la fonction publique des atouts pour la France (Rapport Silicani, 2008)<\/a><\/em><\/strong><\/li>\n<li><em><a title=\"http:\/\/www.ladocumentationfrancaise.fr\/rapports-publics\/084000100\/index.shtml, nouvelle fen\u00eatre\" href=\"http:\/\/www.ladocumentationfrancaise.fr\/rapports-publics\/084000100\/index.shtml\" target=\"_blank\">Rapport sur le contenu des concours d&rsquo;acc\u00e8s \u00e0 la fonction publique de l&rsquo;\u00c9tat (Rapport Desforges, 2008)<\/a><\/em><\/li>\n<li><em><a title=\"http:\/\/www.ladocumentationfrancaise.fr\/rapports-publics\/074000474\/index.shtml, nouvelle fen\u00eatre\" href=\"http:\/\/www.ladocumentationfrancaise.fr\/rapports-publics\/074000474\/index.shtml\" target=\"_blank\">Formation continue des agents de la fonction publique de l&rsquo;\u00c9tat (2007)<\/a><\/em><\/li>\n<li><em><a title=\"http:\/\/www.ladocumentationfrancaise.fr\/rapports-publics\/064000345\/index.shtml, nouvelle fen\u00eatre\" href=\"http:\/\/www.ladocumentationfrancaise.fr\/rapports-publics\/064000345\/index.shtml\" target=\"_blank\">La formation aux enjeux europ\u00e9ens des fonctionnaires et agents publics (Rapport r\u00e9dig\u00e9 par Ralph Dassa &#8211; Mars 2006)<\/a><\/em><\/li>\n<li><em><a href=\"http:\/\/www.fonction-publique.gouv.fr\/files\/files\/publications\/hors_collections\/rapport-lacambre-2006.pdf\">Co\u00fbt et organisation de la gestion des ressources humaines dans l&rsquo;administration : rapport d&rsquo;enqu\u00eate et conclusions du Comit\u00e9 sur le co\u00fbt et le rendement des services publics (Rapport Lacambre &#8211; Janvier 2006)\u00a0<\/a><\/em><\/li>\n<li><em><a title=\"http:\/\/www.ladocumentationfrancaise.fr\/rapports-publics\/054000104\/index.shtml, nouvelle fen\u00eatre\" href=\"http:\/\/www.ladocumentationfrancaise.fr\/rapports-publics\/054000104\/index.shtml\" target=\"_blank\">Renouvellement d\u00e9mographique de la fonction publique de l\u2019\u00c9tat, vers une int\u00e9gration prioritaire des Fran\u00e7ais issus de l\u2019immigration, par Gw\u00e9na\u00eble Calv\u00e8s, 2005<\/a><\/em><\/li>\n<li><em><a href=\"http:\/\/www.ladocumentationfrancaise.fr\/rapports-publics\/044000632-rapport-sur-la-diversite-dans-la-fonction-publique\">Rapport sur la diversit\u00e9 dans la fonction publique (Rapport Versini, d\u00e9cembre 2004)<\/a><\/em><\/li>\n<li><em><a title=\"http:\/\/www.ladocumentationfrancaise.fr\/rapports-publics\/044000528\/index.shtml, nouvelle fen\u00eatre\" href=\"http:\/\/www.ladocumentationfrancaise.fr\/rapports-publics\/044000528\/index.shtml\" target=\"_blank\">D\u00e9centraliser et g\u00e9rer : l\u2019action publique territoriale et les logiques de l\u2019emploi public, par Nicole de Montricher, Pierre Le Lidec, 2004<\/a><\/em><\/li>\n<li><em><a title=\"http:\/\/www.ladocumentationfrancaise.fr\/rapports-publics\/034000018\/index.shtml, nouvelle fen\u00eatre\" href=\"http:\/\/www.ladocumentationfrancaise.fr\/rapports-publics\/034000018\/index.shtml\" target=\"_blank\">Performances institutionnelles et traditions civiques compar\u00e9es aux Pays-Bas et en France par A. Bevort,\u00a02002<\/a><\/em><\/li>\n<\/ul>\n<p>&nbsp;<\/p>\n<p>&nbsp;<\/p>\n","protected":false},"excerpt":{"rendered":"<p>Rapports publics sur le gestion des ressources humaines dans la fonction publique: Rapport sur les pensions de retraite de la Fonction publique Rapport sur l\u2019\u00e9tat de la Fonction publique et les r\u00e9mun\u00e9rations D\u00e9velopper et p\u00e9renniser l&rsquo;apprentissage dans la fonction publique (Rapport Jacky\u00a0 Richard, mai 2015) Renouer la confiance publique, (Rapport<a href=\"https:\/\/sjfu.fr\/intranet\/services\/ressources-documentaires\/\" class=\"read-more\">Read the Rest&#8230;<\/a><\/p>\n","protected":false},"author":2,"featured_media":0,"parent":100,"menu_order":10,"comment_status":"closed","ping_status":"closed","template":"","meta":{"footnotes":""},"class_list":["post-214","page","type-page","status-publish","hentry"],"_links":{"self":[{"href":"https:\/\/sjfu.fr\/intranet\/wp-json\/wp\/v2\/pages\/214","targetHints":{"allow":["GET"]}}],"collection":[{"href":"https:\/\/sjfu.fr\/intranet\/wp-json\/wp\/v2\/pages"}],"about":[{"href":"https:\/\/sjfu.fr\/intranet\/wp-json\/wp\/v2\/types\/page"}],"author":[{"embeddable":true,"href":"https:\/\/sjfu.fr\/intranet\/wp-json\/wp\/v2\/users\/2"}],"replies":[{"embeddable":true,"href":"https:\/\/sjfu.fr\/intranet\/wp-json\/wp\/v2\/comments?post=214"}],"version-history":[{"count":7,"href":"https:\/\/sjfu.fr\/intranet\/wp-json\/wp\/v2\/pages\/214\/revisions"}],"predecessor-version":[{"id":251,"href":"https:\/\/sjfu.fr\/intranet\/wp-json\/wp\/v2\/pages\/214\/revisions\/251"}],"up":[{"embeddable":true,"href":"https:\/\/sjfu.fr\/intranet\/wp-json\/wp\/v2\/pages\/100"}],"wp:attachment":[{"href":"https:\/\/sjfu.fr\/intranet\/wp-json\/wp\/v2\/media?parent=214"}],"curies":[{"name":"wp","href":"https:\/\/api.w.org\/{rel}","templated":true}]}}