{"id":2419,"date":"2018-09-16T15:25:10","date_gmt":"2018-09-16T14:25:10","guid":{"rendered":"http:\/\/sjfu.fr\/intranet\/?page_id=2419"},"modified":"2022-02-03T15:28:00","modified_gmt":"2022-02-03T14:28:00","slug":"gestion-previsionnelle-des-effectifs","status":"publish","type":"page","link":"https:\/\/sjfu.fr\/intranet\/services\/gestion-previsionnelle-des-effectifs\/","title":{"rendered":"Gestion pr\u00e9visionnelle des effectifs et perspectives d&rsquo;int\u00e9gration des d\u00e9tach\u00e9s"},"content":{"rendered":"<p><strong>La gestion pr\u00e9visionnelle des effectifs et l&rsquo;\u00e9tat des postes vacants ou susceptibles de l&rsquo;\u00eatre sont communiqu\u00e9s \u00e0 vos repr\u00e9sentants lors de chaque Conseil sup\u00e9rieur. Nous les mettons en ligne pour votre parfaite information, accompagn\u00e9s le cas \u00e9ch\u00e9ant d&rsquo;analyses produites par le Bureau.<\/strong><\/p>\n<h4><a href=\"https:\/\/drive.google.com\/file\/d\/1nDXwr9rWNfQ1QkrrabGvZN1ufG54CuDQ\/view?usp=sharing\">Recensement et perspectives d&rsquo;int\u00e9gration des d\u00e9tach\u00e9s 2021-2023 (f\u00e9vrier 2021)<\/a><\/h4>\n<p><a href=\"https:\/\/drive.google.com\/file\/d\/1WbG3DsYAdjvQu4tBhmpUKAXDTzLJQubn\/view?usp=sharing\">Effectif pr\u00e9visionnel au 1er octobre 2020<\/a><\/p>\n<p><a href=\"https:\/\/drive.google.com\/file\/d\/1OWAPwrzbOdd-AkWr8wlHkUvVxkA34nyY\/view?usp=sharing\">Effectif pr\u00e9visionnel au 1er juillet 2020<\/a><\/p>\n<p><a href=\"https:\/\/drive.google.com\/open?id=1cjGf728ywKyrFZe48RvZqvMwQd9Ot6oy\">Perspectives d&rsquo;int\u00e9gration des d\u00e9tach\u00e9s (mars 2020)<\/a><\/p>\n<p><a href=\"https:\/\/drive.google.com\/open?id=1zvO1yTtxln_JpcTAIMC_5P-QIE7L-bEP\">Effectif pr\u00e9visionnel au 5 mars 2020<\/a><\/p>\n<p><a href=\"https:\/\/drive.google.com\/open?id=1nMOLuxuw2UPfW7gQzoDrJkyp_s0kTb8V\">Effectif pr\u00e9visionnel au 3 octobre 2019<\/a><\/p>\n<p><a href=\"https:\/\/drive.google.com\/open?id=1oBIxG420xyXfJ6O-jCpwZ3IEJqr6is60\">Effectif pr\u00e9visionnel au 4 juillet 2019<\/a><\/p>\n<p><a href=\"https:\/\/drive.google.com\/open?id=1udx-EzetlIA7JYhgxNIIJbyfPp9P6EM-\">Perspectives d&rsquo;int\u00e9gration des d\u00e9tach\u00e9s (mars 2019)<\/a><\/p>\n<p><a href=\"https:\/\/drive.google.com\/open?id=1a8SerB8pDKUfBTUUTIvqcf3grL8uV786\">Effectif pr\u00e9visionnel au 14 mars 2019<\/a><\/p>\n<p><a href=\"https:\/\/drive.google.com\/open?id=1a8SerB8pDKUfBTUUTIvqcf3grL8uV786\">Effectif pr\u00e9visionnel au 1er janvier 2019 (post mutations)<\/a><\/p>\n<p><a href=\"https:\/\/drive.google.com\/open?id=14zg8MxvseMS79yzZtOHRX24bhC6kVsMB\">Effectif pr\u00e9visionnel au 31 d\u00e9cembre 2018<\/a><\/p>\n<p><a href=\"https:\/\/drive.google.com\/open?id=1ZRcMZmOasfV1GvCmqUiVljMXZ9nvNmG-\">Effectif pr\u00e9visionnel au 1er juillet 2018<\/a><\/p>\n<p><a href=\"https:\/\/drive.google.com\/open?id=1kjjEhS6wjXYzYF3KvPvl1lVnHPVBeLhq\">Effectif pr\u00e9visionnel au 31 mai 2018<\/a><\/p>\n<p><a href=\"https:\/\/drive.google.com\/open?id=1G09DcpbOtuDZ9fi0_DqsUWY29fgaLJ3J\">Perspectives d&rsquo;int\u00e9gration des d\u00e9tach\u00e9s (mars 2018)<\/a><\/p>\n<p><a href=\"https:\/\/drive.google.com\/open?id=1HveTxEWNUD_BuDnhEb0DMns6jNVTkNcQ\">Effectif pr\u00e9visionnel au 15 mars 2018<\/a><\/p>\n<p><a href=\"https:\/\/drive.google.com\/open?id=1ip1ojKJVvY7tZMiOI4ZcnOFIUSq4G1Ia\">Effectif pr\u00e9visionnel au 31 d\u00e9cembre 2017<\/a><\/p>\n","protected":false},"excerpt":{"rendered":"<p>La gestion pr\u00e9visionnelle des effectifs et l&rsquo;\u00e9tat des postes vacants ou susceptibles de l&rsquo;\u00eatre sont communiqu\u00e9s \u00e0 vos repr\u00e9sentants lors de chaque Conseil sup\u00e9rieur. Nous les mettons en ligne pour votre parfaite information, accompagn\u00e9s le cas \u00e9ch\u00e9ant d&rsquo;analyses produites par le Bureau. Recensement et perspectives d&rsquo;int\u00e9gration des d\u00e9tach\u00e9s 2021-2023 (f\u00e9vrier<a href=\"https:\/\/sjfu.fr\/intranet\/services\/gestion-previsionnelle-des-effectifs\/\" class=\"read-more\">Read the Rest&#8230;<\/a><\/p>\n","protected":false},"author":1,"featured_media":0,"parent":100,"menu_order":1,"comment_status":"closed","ping_status":"closed","template":"","meta":{"footnotes":""},"class_list":["post-2419","page","type-page","status-publish","hentry"],"_links":{"self":[{"href":"https:\/\/sjfu.fr\/intranet\/wp-json\/wp\/v2\/pages\/2419","targetHints":{"allow":["GET"]}}],"collection":[{"href":"https:\/\/sjfu.fr\/intranet\/wp-json\/wp\/v2\/pages"}],"about":[{"href":"https:\/\/sjfu.fr\/intranet\/wp-json\/wp\/v2\/types\/page"}],"author":[{"embeddable":true,"href":"https:\/\/sjfu.fr\/intranet\/wp-json\/wp\/v2\/users\/1"}],"replies":[{"embeddable":true,"href":"https:\/\/sjfu.fr\/intranet\/wp-json\/wp\/v2\/comments?post=2419"}],"version-history":[{"count":18,"href":"https:\/\/sjfu.fr\/intranet\/wp-json\/wp\/v2\/pages\/2419\/revisions"}],"predecessor-version":[{"id":3261,"href":"https:\/\/sjfu.fr\/intranet\/wp-json\/wp\/v2\/pages\/2419\/revisions\/3261"}],"up":[{"embeddable":true,"href":"https:\/\/sjfu.fr\/intranet\/wp-json\/wp\/v2\/pages\/100"}],"wp:attachment":[{"href":"https:\/\/sjfu.fr\/intranet\/wp-json\/wp\/v2\/media?parent=2419"}],"curies":[{"name":"wp","href":"https:\/\/api.w.org\/{rel}","templated":true}]}}