{"id":2733,"date":"2018-12-19T14:50:13","date_gmt":"2018-12-19T13:50:13","guid":{"rendered":"http:\/\/sjfu.fr\/intranet\/?page_id=2733"},"modified":"2023-11-18T20:59:26","modified_gmt":"2023-11-18T19:59:26","slug":"rapports-dactivite","status":"publish","type":"page","link":"https:\/\/sjfu.fr\/intranet\/actions-syndicales\/rapports-dactivite\/","title":{"rendered":"Rapports annuels d&rsquo;activit\u00e9 du SJF"},"content":{"rendered":"<p>Le pr\u00e9sident du SJF pr\u00e9sente chaque ann\u00e9e devant le Congr\u00e8s un rapport moral.\u00a0Ce rapport retrace l&rsquo;action du syndicat au cours de l&rsquo;ann\u00e9e \u00e9coul\u00e9e et constitue \u00e9galement un rapport d&rsquo;activit\u00e9.<\/p>\n<h2><strong><a href=\"https:\/\/drive.google.com\/file\/d\/18eiRovTk1lafmt0lFu-ZnpWdqMPt_QsN\/view?usp=sharing\">Rapport d&rsquo;activit\u00e9 2023<\/a><\/strong><\/h2>\n<p><a href=\"https:\/\/drive.google.com\/file\/d\/1lTxwQEmkX1NZ50fnPI03o4LqUo1chY1Q\/view\">Rapport d&rsquo;activit\u00e9 2022<\/a><\/p>\n<p><a href=\"https:\/\/drive.google.com\/file\/d\/1bY2HuBlo-YGaniqLaUKJ470NYUEKfw26\/view?usp=sharing\">Rapport d&rsquo;activit\u00e9 2021<\/a><\/p>\n<p><a href=\"https:\/\/drive.google.com\/file\/d\/1FTF47uA54ipKzJ-cZcCzMa6vTIjPV6_4\/view?usp=sharing\">Rapport d&rsquo;activit\u00e9 2020<\/a><\/p>\n<p><a href=\"https:\/\/drive.google.com\/open?id=1N17mIoIgO77SwkuVwSUJdf-vkqMOze7v\">Rapport d&rsquo;activit\u00e9 2019<\/a><\/p>\n<p><a href=\"https:\/\/drive.google.com\/open?id=1Tm_5VOfoz5cV8484_Z01__RAqUlVYQen\">Rapport d&rsquo;activit\u00e9 2018<\/a><\/p>\n<p><a href=\"https:\/\/drive.google.com\/file\/d\/1_zfAwUDEksFx_m_ea27knjNedxXkNjtJ\/view?usp=sharing\">Rapport d&rsquo;activit\u00e9 2017<\/a><\/p>\n<p><a href=\"https:\/\/drive.google.com\/open?id=0BwRWtKE4DOnAaVJQanVtejlRMTA\">Rapport d&rsquo;activit\u00e9 2016<\/a><\/p>\n<p><a href=\"https:\/\/drive.google.com\/open?id=0BwRWtKE4DOnAVm9Dd0ZxNFJvNU0\">Rapport d&rsquo;activit\u00e9 2015<\/a><\/p>\n","protected":false},"excerpt":{"rendered":"<p>Le pr\u00e9sident du SJF pr\u00e9sente chaque ann\u00e9e devant le Congr\u00e8s un rapport moral.\u00a0Ce rapport retrace l&rsquo;action du syndicat au cours de l&rsquo;ann\u00e9e \u00e9coul\u00e9e et constitue \u00e9galement un rapport d&rsquo;activit\u00e9. Rapport d&rsquo;activit\u00e9 2023 Rapport d&rsquo;activit\u00e9 2022 Rapport d&rsquo;activit\u00e9 2021 Rapport d&rsquo;activit\u00e9 2020 Rapport d&rsquo;activit\u00e9 2019 Rapport d&rsquo;activit\u00e9 2018 Rapport d&rsquo;activit\u00e9 2017<a href=\"https:\/\/sjfu.fr\/intranet\/actions-syndicales\/rapports-dactivite\/\" class=\"read-more\">Read the Rest&#8230;<\/a><\/p>\n","protected":false},"author":1,"featured_media":0,"parent":36,"menu_order":0,"comment_status":"closed","ping_status":"closed","template":"","meta":{"footnotes":""},"class_list":["post-2733","page","type-page","status-publish","hentry"],"_links":{"self":[{"href":"https:\/\/sjfu.fr\/intranet\/wp-json\/wp\/v2\/pages\/2733","targetHints":{"allow":["GET"]}}],"collection":[{"href":"https:\/\/sjfu.fr\/intranet\/wp-json\/wp\/v2\/pages"}],"about":[{"href":"https:\/\/sjfu.fr\/intranet\/wp-json\/wp\/v2\/types\/page"}],"author":[{"embeddable":true,"href":"https:\/\/sjfu.fr\/intranet\/wp-json\/wp\/v2\/users\/1"}],"replies":[{"embeddable":true,"href":"https:\/\/sjfu.fr\/intranet\/wp-json\/wp\/v2\/comments?post=2733"}],"version-history":[{"count":11,"href":"https:\/\/sjfu.fr\/intranet\/wp-json\/wp\/v2\/pages\/2733\/revisions"}],"predecessor-version":[{"id":3650,"href":"https:\/\/sjfu.fr\/intranet\/wp-json\/wp\/v2\/pages\/2733\/revisions\/3650"}],"up":[{"embeddable":true,"href":"https:\/\/sjfu.fr\/intranet\/wp-json\/wp\/v2\/pages\/36"}],"wp:attachment":[{"href":"https:\/\/sjfu.fr\/intranet\/wp-json\/wp\/v2\/media?parent=2733"}],"curies":[{"name":"wp","href":"https:\/\/api.w.org\/{rel}","templated":true}]}}